{"id":8974,"date":"2024-08-19T20:51:45","date_gmt":"2024-08-19T18:51:45","guid":{"rendered":"https:\/\/antcube.shop\/product\/abstandshalter-fur-32mm-rohr\/"},"modified":"2026-01-12T12:38:28","modified_gmt":"2026-01-12T11:38:28","slug":"tavtarto-32-mm-es-csohoz","status":"publish","type":"product","link":"https:\/\/antcube.shop\/hu\/termek\/tavtarto-32-mm-es-csohoz\/","title":{"rendered":"T\u00e1vol\u00edt\u00f3 32 mm-es cs\u0151h\u00f6z"},"content":{"rendered":"<p><strong>A term\u00e9k m\u00e9retei:<\/strong> 49x14x8mm (t\u00e1vtart\u00f3)<\/p>\n<p><strong>Anyag:<\/strong> akril\u00fcveg, rug\u00f3ac\u00e9l<\/p>\n<p><strong>Sz\u00edn:<\/strong> feh\u00e9r, ac\u00e9lsz\u00fcrke<\/p>\n<p><strong>Tartalom:<\/strong><br \/>\n1x t\u00e1vtart\u00f3<br \/>\n1x bilincs tart\u00f3 - rug\u00f3ac\u00e9l 32 mm-es bilincshez<br \/>\n2x csavar \u00e9s tipli a falra szerel\u00e9shez<br \/>\n1x kis csavar a bilincs tart\u00f3j\u00e1nak a t\u00e1vtart\u00f3hoz val\u00f3 r\u00f6gz\u00edt\u00e9s\u00e9hez<\/p>\n<p><strong>Le\u00edr\u00e1s:<\/strong><br \/>\nT\u00e1vol\u00edt\u00f3k az akrilcs\u00f6vek falhoz r\u00f6gz\u00edt\u00e9s\u00e9hez. Ezeket az\u00e9rt fejlesztett\u00fck ki, hogy akrilcs\u00f6veken kereszt\u00fcl \u00f6sszekapcsolhassuk fali ar\u00e9n\u00e1inkat \u00e9s fali farmjainkat egym\u00e1ssal vagy m\u00e1s elemekkel. Ez \u00e1thidalja a fal \u00e9s az akrilcs\u00f6vek k\u00f6z\u00f6tti r\u00e9st, \u00e9s lehet\u0151v\u00e9 teszi az akrilcs\u00f6vek biztons\u00e1gos, szil\u00e1rd \u00e9s optikailag vonz\u00f3 r\u00f6gz\u00edt\u00e9s\u00e9t bilincstart\u00f3kkal.<\/p>\n<p><strong>Megjegyz\u00e9s:<\/strong><br \/>\nK\u00fcl\u00f6n\u00e1ll\u00f3 r\u00e9szekben sz\u00e1ll\u00edtjuk, \u00e9s Phillips csavarh\u00faz\u00f3val kell r\u00f6gz\u00edteni.<br \/>\nA t\u00e1vtart\u00f3 mindk\u00e9t oldal\u00e1n v\u00e9kony v\u00e9d\u0151f\u00f3li\u00e1k vannak. Ezeket egyszer\u0171en h\u00fazzuk le.<\/p>\n<p><strong>R\u00f6gz\u00edt\u00e9s:<\/strong><br \/>\nA 2 \"S6\" faldug\u00f3 falba t\u00f6rt\u00e9n\u0151 r\u00f6gz\u00edt\u00e9s\u00e9hez egy 6 mm-es f\u00far\u00f3fejjel ell\u00e1tott f\u00far\u00f3ra van sz\u00fcks\u00e9g (f\u00e1b\u00f3l, k\u0151b\u0151l vagy f\u00e9mb\u0151l, anyagt\u00f3l f\u00fcgg\u0151en).<br \/>\nA falba 40 mm m\u00e9ly lyukakat kell f\u00farni, hogy a 6x30 mm-es d\u00fcbeleket a 4,5x40 mm-es csavarokkal s\u00fcllyeszteni lehessen.<br \/>\n<strong>\u00d6sszeszerel\u00e9shez sz\u00fcks\u00e9ges:<\/strong><br \/>\n- V\u00edzm\u00e9rt\u00e9k<br \/>\n- Ragaszt\u00f3szalag, hogy ne kelljen megjel\u00f6lni az alatta l\u00e9v\u0151 falat.<br \/>\n- Phillips csavarh\u00faz\u00f3<br \/>\n- F\u00far\u00f3\/f\u00far\u00f3g\u00e9p a falt\u00f3l f\u00fcgg\u0151en<br \/>\n- 6 mm-es f\u00far\u00f3sz\u00e1r (fa, k\u0151 vagy f\u00e9m, a fel\u00fclett\u0151l f\u00fcgg\u0151en)<\/p>","protected":false},"excerpt":{"rendered":"<p>A term\u00e9k m\u00e9retei: Anyag: akril\u00fcveg, rug\u00f3ac\u00e9l Sz\u00edn: feh\u00e9r, ac\u00e9lsz\u00fcrke Tartalom: 49x19x8mm (t\u00e1vtart\u00f3): 1x t\u00e1vtart\u00f3 1x szor\u00edt\u00f3tart\u00f3 - rug\u00f3ac\u00e9l 50mm-es 2x csavar \u00e9s d\u00fcbel a falra szerel\u00e9shez 2x kis csavar a szor\u00edt\u00f3tart\u00f3 r\u00f6gz\u00edt\u00e9s\u00e9hez a t\u00e1vtart\u00f3hoz Le\u00edr\u00e1s: 1 db: T\u00e1vol\u00edt\u00f3k az akrilcs\u00f6vek falhoz r\u00f6gz\u00edt\u00e9s\u00e9hez. Ezeket az\u00e9rt fejlesztett\u00e9k ki, hogy","protected":false},"featured_media":8991,"comment_status":"open","ping_status":"closed","template":"","meta":{"_acf_changed":false,"content-type":"","_monsterinsights_skip_tracking":false,"_monsterinsights_sitenote_active":false,"_monsterinsights_sitenote_note":"","_monsterinsights_sitenote_category":0},"product_brand":[],"product_cat":[345,119,120],"product_tag":[],"class_list":{"0":"post-8974","1":"product","2":"type-product","3":"status-publish","4":"has-post-thumbnail","6":"product_cat-pipe-connectors","7":"product_cat-formicarium-components","8":"product_cat-hoses","10":"first","11":"instock","12":"taxable","13":"shipping-taxable","14":"purchasable","15":"product-type-simple"},"acf":[],"aioseo_notices":[],"jetpack_sharing_enabled":true,"_links":{"self":[{"href":"https:\/\/antcube.shop\/hu\/wp-json\/wp\/v2\/product\/8974","targetHints":{"allow":["GET"]}}],"collection":[{"href":"https:\/\/antcube.shop\/hu\/wp-json\/wp\/v2\/product"}],"about":[{"href":"https:\/\/antcube.shop\/hu\/wp-json\/wp\/v2\/types\/product"}],"replies":[{"embeddable":true,"href":"https:\/\/antcube.shop\/hu\/wp-json\/wp\/v2\/comments?post=8974"}],"wp:featuredmedia":[{"embeddable":true,"href":"https:\/\/antcube.shop\/hu\/wp-json\/wp\/v2\/media\/8991"}],"wp:attachment":[{"href":"https:\/\/antcube.shop\/hu\/wp-json\/wp\/v2\/media?parent=8974"}],"wp:term":[{"taxonomy":"product_brand","embeddable":true,"href":"https:\/\/antcube.shop\/hu\/wp-json\/wp\/v2\/product_brand?post=8974"},{"taxonomy":"product_cat","embeddable":true,"href":"https:\/\/antcube.shop\/hu\/wp-json\/wp\/v2\/product_cat?post=8974"},{"taxonomy":"product_tag","embeddable":true,"href":"https:\/\/antcube.shop\/hu\/wp-json\/wp\/v2\/product_tag?post=8974"}],"curies":[{"name":"wp","href":"https:\/\/api.w.org\/{rel}","templated":true}]}}