{"id":8970,"date":"2024-08-19T20:48:32","date_gmt":"2024-08-19T18:48:32","guid":{"rendered":"https:\/\/antcube.shop\/product\/wand-formicarien-set\/"},"modified":"2026-03-04T17:24:31","modified_gmt":"2026-03-04T16:24:31","slug":"falra-szerelheto-formikarium-keszlet","status":"publish","type":"product","link":"https:\/\/antcube.shop\/hu\/termek\/falra-szerelheto-formikarium-keszlet\/","title":{"rendered":"Falra szerelhet\u0151 formik\u00e1rium k\u00e9szlet"},"content":{"rendered":"<p><strong>Tartalmazza:<\/strong><br \/>\n1x falra szerelhet\u0151 hangya ar\u00e9na - 30x15x15<br \/>\n1x falra szerelhet\u0151 hangyafarm - L - 30\u00d730 - \u00fcveg<br \/>\n1x hangya ar\u00e9na keret 30\u00d715<br \/>\n1x hangya ar\u00e9na 30\u00d715<\/p>\n<p>3x cs\u0151csatlakoz\u00f3 krist\u00e1lytiszta 20mm-es cs\u0151h\u00f6z - L<br \/>\n1x cs\u0151csatlakoz\u00f3 krist\u00e1lytiszta 20mm-es cs\u0151h\u00f6z - I<br \/>\n1x medencek\u00f6t\u0151 3\/4\" - 20mm - krist\u00e1lytiszta<br \/>\n1x hangyacs\u0151 - krist\u00e1lytiszta 20mm (3x3cm \u00e9s 1x30cm)<br \/>\n1x t\u00e1vtart\u00f3 20 mm-es bilincs tart\u00f3val<br \/>\n1x r\u00e1csz\u00e1r\u00f3 sapka - 16mm - rozsdamentes ac\u00e9l<br \/>\n2x Grid insert acrylic &#8211; 50 mm with sealing ring<br \/>\n1x Grid insert acrylic &#8211; 27 mm with sealing ring<br \/>\n1x formicarium anya 3\/4 h\u00fcvelyk - krist\u00e1lytiszta<br \/>\n8x gumibet\u00e9t a f\u00far\u00f3lyukak v\u00e9delm\u00e9re<br \/>\n8x al\u00e1t\u00e9t<br \/>\n8x csavarokkal \u00e9s d\u00fcbelekkel egy\u00fctt<\/p>\n<p><strong>Le\u00edr\u00e1s:<\/strong><br \/>\nEzt a falra szerelhet\u0151 formik\u00e1riumk\u00e9szletet falra szerel\u00e9sre fejlesztett\u00e9k ki, \u00e9s k\u00f6nnyen felszerelhet\u0151 fa- \u00e9s k\u0151falakra. Mind az ar\u00e9na, mind a hangyafarm teljesen \u00e1tl\u00e1tsz\u00f3, \u00edgy a f\u00e9szek j\u00f3l l\u00e1that\u00f3. A hangy\u00e1k f\u00e9szkel\u0151anyagak\u00e9nt homok \u00e9s agyag, vagy a hozz\u00e1 ill\u0151 parafa vagy Digfix f\u00e9szekbet\u00e9tek egyike haszn\u00e1lhat\u00f3. A hangyafarm \u00e9s az ar\u00e9na \u00f6sszekapcsol\u00e1s\u00e1hoz m\u00e9retre v\u00e1gott akrilcs\u00f6veket mell\u00e9kelt\u00fcnk a k\u00e9szlethez. A falhoz val\u00f3 r\u00f6gz\u00edt\u00e9shez sz\u00fcks\u00e9ges csavarokat \u00e9s d\u00fcbeleket szint\u00e9n tartalmazza a k\u00e9szlet.<\/p>\n<p><strong>Telep\u00edt\u00e9si utas\u00edt\u00e1sok:<\/strong><\/p>\n<p><strong>Az \u00fcveglap mint h\u00e1ts\u00f3 fal miatt az alatta l\u00e9v\u0151 falnak teljesen egyenesnek kell lennie.<\/strong><br \/>\nA 8 \"S6\" d\u00fcbel falba r\u00f6gz\u00edt\u00e9s\u00e9hez sz\u00fcks\u00e9g van egy 6 mm-es f\u00far\u00f3fejjel ell\u00e1tott f\u00far\u00f3ra (fa, k\u0151 vagy f\u00e9m, anyagt\u00f3l f\u00fcgg\u0151en). A falba 45 mm m\u00e9ly lyukakat kell f\u00farni a 6x30 mm-es d\u00fcbelek s\u00fcllyeszt\u00e9s\u00e9hez a 4,5x40 mm-es csavarokkal.<br \/>\n<strong>\u00d6sszeszerel\u00e9shez sz\u00fcks\u00e9ges:<\/strong><br \/>\n- v\u00edzm\u00e9rt\u00e9k<br \/>\n- Ragaszt\u00f3szalag, hogy ne kelljen az alatta l\u00e9v\u0151 falon jel\u00f6lni.<br \/>\n- Phillips csavarh\u00faz\u00f3<br \/>\n- F\u00far\u00f3\/f\u00far\u00f3g\u00e9p a falt\u00f3l f\u00fcgg\u0151en<br \/>\n- 6 mm-es f\u00far\u00f3sz\u00e1r (fa, k\u0151 vagy f\u00e9m, a fel\u00fclett\u0151l f\u00fcgg\u0151en)<br \/>\n- Az is hasznos, ha egy pap\u00edrlapr\u00f3l sablont k\u00e9sz\u00edt a f\u00far\u00f3lyukakhoz. Egyszer\u0171en helyezze a h\u00e1ts\u00f3 fal al\u00e1, \u00e9s jel\u00f6lje be a lyukakat.<\/p>\n<p><strong>A hangyafarm r\u00e9szletei:<\/strong><br \/>\nM\u00e9retek (LxH):<br \/>\nH\u00e1ts\u00f3 fal (6 mm vastag): 400x293mm<\/p>\n<p>K\u00fcls\u0151 (h\u00e1tlap n\u00e9lk\u00fcl)<br \/>\n334x28x296mm<\/p>\n<p>Bel\u00fcl<br \/>\n284x20x290 mm<\/p>\n<p><strong>Anyag:<\/strong><br \/>\nFloat \u00fcveg<\/p>\n<p><strong>sz\u00edn:<\/strong><br \/>\nkrist\u00e1lytiszta<\/p>\n<p><strong>A hangya ar\u00e9na r\u00e9szletei:<\/strong><br \/>\nM\u00e9retek (LxBxH):<br \/>\nH\u00e1ts\u00f3 fal (6 mm): 400x150mm<\/p>\n<p>Ar\u00e9na (h\u00e1ts\u00f3 fal n\u00e9lk\u00fcl): 300x146x150mm<\/p>\n<p><strong>anyag:<\/strong><br \/>\nFloat \u00fcveg<\/p>\n<p><strong>Sz\u00edn:<\/strong><br \/>\nkrist\u00e1lytiszta<\/p>\n<p><strong>M\u00e9retek (LxBxH):<\/strong><br \/>\nH\u00e1ts\u00f3 fal (6 mm): 400x150mm<\/p>\n<p>Arena (h\u00e1tlap n\u00e9lk\u00fcl): 300x146x150mm<\/p>\n<p><strong>anyag:<\/strong><br \/>\nFloat \u00fcveg<\/p>\n<p><strong>Sz\u00edn:<\/strong><br \/>\nkrist\u00e1lytiszta<\/p>\n<p><strong>Megjegyz\u00e9sek a gy\u00e1rt\u00e1shoz<\/strong><br \/>\nAz \u00fcveg m\u00e9retre v\u00e1g\u00e1sa a DIN 1249 szabv\u00e1ny szerint t\u00f6rt\u00e9nik, +\/- 1 mm-es t\u0171r\u00e9ssel. A rendk\u00edv\u00fcl kis hangyafajok eset\u00e9ben kieg\u00e9sz\u00edt\u0151 kit\u00f6r\u00e9sv\u00e9delemre van sz\u00fcks\u00e9g.<br \/>\nMivel term\u00e9keinket k\u00e9zzel gy\u00e1rtjuk, a legnagyobb gondoss\u00e1g ellen\u00e9re is el\u0151fordulhatnak minim\u00e1lis elt\u00e9r\u00e9sek.<\/p>\n<p><strong>Megjegyz\u00e9s a gazdas\u00e1gr\u00f3l<\/strong><br \/>\n<strong>A t\u00f6ml\u0151k csatlakoztat\u00e1sakor vagy elt\u00e1vol\u00edt\u00e1sakor vegye figyelembe a k\u00f6vetkez\u0151ket:<\/strong><br \/>\nHa a cs\u0151 nagyon nehezen illeszkedik a csatlakoz\u00f3aljzatra, az aljzatot enyh\u00e9n be kell d\u00f6rzs\u00f6lni egy csepp kit\u00f6r\u00e9sv\u00e9d\u0151 olajjal vagy porral. A t\u00f6ml\u0151t ezut\u00e1n csavar\u00f3 vagy csavar\u00f3 mozdulatokkal kell a csatlakoz\u00f3aljzatra tolni an\u00e9lk\u00fcl, hogy a csatlakoz\u00f3aljzatot fel-le mozdulatokkal meger\u0151ltetn\u00e9nk. Ugyanez vonatkozik a t\u00f6ml\u0151k mez\u0151gazdas\u00e1gi csatlakoz\u00f3aljzatb\u00f3l t\u00f6rt\u00e9n\u0151 elt\u00e1vol\u00edt\u00e1s\u00e1ra is. K\u00e9rj\u00fck, ne h\u00fazza le egyszer\u0171en!<\/p>","protected":false},"excerpt":{"rendered":"<p>Ez a k\u00e9szlet 21 r\u00e9szb\u0151l \u00e1ll<\/p>\n<p>M\u00e9ret: <span style=\"color: #0000ff;\"><strong>L<\/strong> <\/span><\/p>","protected":false},"featured_media":8995,"comment_status":"open","ping_status":"closed","template":"","meta":{"_acf_changed":false,"content-type":"","_monsterinsights_skip_tracking":false,"_monsterinsights_sitenote_active":false,"_monsterinsights_sitenote_note":"","_monsterinsights_sitenote_category":0},"product_brand":[],"product_cat":[257,73,86],"product_tag":[],"class_list":{"0":"post-8970","1":"product","2":"type-product","3":"status-publish","4":"has-post-thumbnail","6":"product_cat-new-innovatve-products","7":"product_cat-starter-sets","8":"product_cat-formicariums","10":"first","11":"instock","12":"taxable","13":"shipping-taxable","14":"purchasable","15":"product-type-simple"},"acf":[],"aioseo_notices":[],"jetpack_sharing_enabled":true,"_links":{"self":[{"href":"https:\/\/antcube.shop\/hu\/wp-json\/wp\/v2\/product\/8970","targetHints":{"allow":["GET"]}}],"collection":[{"href":"https:\/\/antcube.shop\/hu\/wp-json\/wp\/v2\/product"}],"about":[{"href":"https:\/\/antcube.shop\/hu\/wp-json\/wp\/v2\/types\/product"}],"replies":[{"embeddable":true,"href":"https:\/\/antcube.shop\/hu\/wp-json\/wp\/v2\/comments?post=8970"}],"wp:featuredmedia":[{"embeddable":true,"href":"https:\/\/antcube.shop\/hu\/wp-json\/wp\/v2\/media\/8995"}],"wp:attachment":[{"href":"https:\/\/antcube.shop\/hu\/wp-json\/wp\/v2\/media?parent=8970"}],"wp:term":[{"taxonomy":"product_brand","embeddable":true,"href":"https:\/\/antcube.shop\/hu\/wp-json\/wp\/v2\/product_brand?post=8970"},{"taxonomy":"product_cat","embeddable":true,"href":"https:\/\/antcube.shop\/hu\/wp-json\/wp\/v2\/product_cat?post=8970"},{"taxonomy":"product_tag","embeddable":true,"href":"https:\/\/antcube.shop\/hu\/wp-json\/wp\/v2\/product_tag?post=8970"}],"curies":[{"name":"wp","href":"https:\/\/api.w.org\/{rel}","templated":true}]}}