{"id":8969,"date":"2024-08-19T20:48:04","date_gmt":"2024-08-19T18:48:04","guid":{"rendered":"https:\/\/antcube.shop\/product\/wand-ameisenarena-30x15x30\/"},"modified":"2026-04-09T14:37:42","modified_gmt":"2026-04-09T12:37:42","slug":"fali-hangya-arena-30x15x30","status":"publish","type":"product","link":"https:\/\/antcube.shop\/hu\/termek\/fali-hangya-arena-30x15x30\/","title":{"rendered":"Fali hangya ar\u00e9na - 30x15x30"},"content":{"rendered":"<p><strong>M\u00e9retek (LxH):<\/strong><br \/>\nH\u00e1ts\u00f3 fal (6 mm): 400x300mm<\/p>\n<p><strong>Arena ( h\u00e1tlap n\u00e9lk\u00fcl):<\/strong> 300x146x300mm<\/p>\n<p><strong>Anyag:<\/strong><br \/>\nFloat \u00fcveg<\/p>\n<p><strong>Sz\u00edn:<\/strong><br \/>\nkrist\u00e1lytiszta<\/p>\n<p><strong>Tartalom:<\/strong><br \/>\n1x fali hangya ar\u00e9na - 30x15x30<br \/>\n4x gumibet\u00e9t a f\u00far\u00f3lyukak v\u00e9delm\u00e9re<br \/>\n4x al\u00e1t\u00e9t a f\u00far\u00f3lyukakhoz<br \/>\n4x dug\u00f3k \u00e9s csavarok<\/p>\n<p><strong>Csatlakoz\u00e1s:<\/strong><br \/>\n<strong>FIGYELEM 4x dug\u00f3\/r\u00e1csbet\u00e9t\/csatlakoz\u00f3 (sz\u00fcks\u00e9g szerint) az oldals\u00f3 50 mm-es lyukakhoz nem tartozik a sz\u00e1ll\u00edt\u00e1si terjedelemhez.<\/strong><br \/>\n2x 50 mm-es lyuk az alj\u00e1n (a lyuk k\u00f6zepe 4 cm-re az als\u00f3 peremt\u0151l)<br \/>\n2x 50 mm-es lyuk a tetej\u00e9n (a lyuk k\u00f6zepe 4 cm-re a fels\u0151 peremt\u0151l)<\/p>\n<p><strong>Le\u00edr\u00e1s:<\/strong><br \/>\nEzt a hangyaar\u00e9n\u00e1t falra szerelhet\u0151v\u00e9 fejlesztett\u00e9k ki, \u00e9s k\u00f6nnyen felszerelhet\u0151 fa- \u00e9s k\u0151falakra. Tov\u00e1bbi hangyafarmok \u00e9s ar\u00e9n\u00e1k csatlakoztathat\u00f3k az oldal\u00e1n l\u00e9v\u0151 50 mm-es lyukakon kereszt\u00fcl. Csatlakoz\u00e1sk\u00e9nt vagy t\u00f6ml\u0151, vagy \u00e1tl\u00e1tsz\u00f3 akrilcs\u0151 haszn\u00e1lhat\u00f3. A fali hangyaar\u00e9n\u00e1hoz illeszked\u0151 fali hangyafarmot is k\u00edn\u00e1lunk.<br \/>\nA hozz\u00e1 tartoz\u00f3 Ant ar\u00e9na 30\u00d715 fedelet \u00e9s Ant ar\u00e9na 30\u00d715 keretet k\u00fcl\u00f6n kell megrendelni.<\/p>\n<p><strong>Telep\u00edt\u00e9si utas\u00edt\u00e1sok:<\/strong><br \/>\n<strong>Az \u00fcveglap mint h\u00e1ts\u00f3 fal miatt az alatta l\u00e9v\u0151 falnak teljesen egyenesnek kell lennie.<\/strong><br \/>\nA 4 \"S6\" d\u00fcbel falba r\u00f6gz\u00edt\u00e9s\u00e9hez sz\u00fcks\u00e9g van egy 6 mm-es f\u00far\u00f3sz\u00e1rral ell\u00e1tott f\u00far\u00f3ra (fa, k\u0151 vagy f\u00e9m, anyagt\u00f3l f\u00fcgg\u0151en).<br \/>\nA falba 45 mm m\u00e9ly lyukakat kell f\u00farni a 6x30 mm-es d\u00fcbelek s\u00fcllyeszt\u00e9s\u00e9hez a 4,5x40 mm-es csavarokkal.<br \/>\n<strong>\u00d6sszeszerel\u00e9shez sz\u00fcks\u00e9ges:<\/strong><br \/>\n- v\u00edzm\u00e9rt\u00e9k<br \/>\n- Ragaszt\u00f3szalag, hogy ne kelljen az alatta l\u00e9v\u0151 falon jel\u00f6lni.<br \/>\n- Phillips csavarh\u00faz\u00f3<br \/>\n- F\u00far\u00f3\/f\u00far\u00f3g\u00e9p a falt\u00f3l f\u00fcgg\u0151en<br \/>\n- 6 mm-es f\u00far\u00f3sz\u00e1r (fa, k\u0151 vagy f\u00e9m, a fel\u00fclett\u0151l f\u00fcgg\u0151en)<br \/>\n- Az is hasznos, ha egy pap\u00edrlapr\u00f3l sablont k\u00e9sz\u00edt a f\u00far\u00f3lyukakhoz. Egyszer\u0171en helyezze a h\u00e1ts\u00f3 fal al\u00e1, \u00e9s jel\u00f6lje be a lyukakat.<\/p>\n<p><strong>Megjegyz\u00e9sek a gy\u00e1rt\u00e1shoz<\/strong><br \/>\nAz \u00fcveg v\u00e1g\u00e1sa a DIN 1249 szabv\u00e1ny szerint t\u00f6rt\u00e9nik, +\/;- 1 mm t\u0171r\u00e9ssel. A rendk\u00edv\u00fcl kis hangyafajok eset\u00e9ben tov\u00e1bbi hangyakijut\u00e1s elleni v\u00e9delem elengedhetetlen.<br \/>\nMivel term\u00e9keinket k\u00e9zzel gy\u00e1rtjuk, a legnagyobb gondoss\u00e1g ellen\u00e9re is el\u0151fordulhatnak minim\u00e1lis elt\u00e9r\u00e9sek.<\/p>\n<p><strong>Megjegyz\u00e9s a gazdas\u00e1gr\u00f3l<\/strong><br \/>\nA t\u00f6ml\u0151k csatlakoztat\u00e1sakor vagy elt\u00e1vol\u00edt\u00e1sakor vegye figyelembe a k\u00f6vetkez\u0151ket:<br \/>\nHa a cs\u0151 nagyon nehezen illeszkedik a csatlakoz\u00f3aljzatra, az aljzatot enyh\u00e9n be kell d\u00f6rzs\u00f6lni egy csepp kit\u00f6r\u00e9sv\u00e9d\u0151 olajjal vagy porral. A t\u00f6ml\u0151t ezut\u00e1n csavar\u00f3 vagy csavar\u00f3 mozdulatokkal kell a csatlakoz\u00f3aljzatra tolni an\u00e9lk\u00fcl, hogy a csatlakoz\u00f3aljzatot fel-le mozdulatokkal meger\u0151ltetn\u00e9nk. Ugyanez vonatkozik a t\u00f6ml\u0151k mez\u0151gazdas\u00e1gi csatlakoz\u00f3aljzatb\u00f3l t\u00f6rt\u00e9n\u0151 elt\u00e1vol\u00edt\u00e1s\u00e1ra is. K\u00e9rj\u00fck, ne h\u00fazza le egyszer\u0171en!<\/p>","protected":false},"excerpt":{"rendered":"<p>Csatlakoz\u00e1s: 50 mm<\/p>","protected":false},"featured_media":9001,"comment_status":"open","ping_status":"closed","template":"","meta":{"_acf_changed":false,"content-type":"","_monsterinsights_skip_tracking":false,"_monsterinsights_sitenote_active":false,"_monsterinsights_sitenote_note":"","_monsterinsights_sitenote_category":0},"product_brand":[],"product_cat":[257,85,86],"product_tag":[],"class_list":{"0":"post-8969","1":"product","2":"type-product","3":"status-publish","4":"has-post-thumbnail","6":"product_cat-new-innovatve-products","7":"product_cat-ant-arenas","8":"product_cat-formicariums","10":"first","11":"instock","12":"taxable","13":"shipping-taxable","14":"purchasable","15":"product-type-simple"},"acf":[],"aioseo_notices":[],"jetpack_sharing_enabled":true,"_links":{"self":[{"href":"https:\/\/antcube.shop\/hu\/wp-json\/wp\/v2\/product\/8969","targetHints":{"allow":["GET"]}}],"collection":[{"href":"https:\/\/antcube.shop\/hu\/wp-json\/wp\/v2\/product"}],"about":[{"href":"https:\/\/antcube.shop\/hu\/wp-json\/wp\/v2\/types\/product"}],"replies":[{"embeddable":true,"href":"https:\/\/antcube.shop\/hu\/wp-json\/wp\/v2\/comments?post=8969"}],"wp:featuredmedia":[{"embeddable":true,"href":"https:\/\/antcube.shop\/hu\/wp-json\/wp\/v2\/media\/9001"}],"wp:attachment":[{"href":"https:\/\/antcube.shop\/hu\/wp-json\/wp\/v2\/media?parent=8969"}],"wp:term":[{"taxonomy":"product_brand","embeddable":true,"href":"https:\/\/antcube.shop\/hu\/wp-json\/wp\/v2\/product_brand?post=8969"},{"taxonomy":"product_cat","embeddable":true,"href":"https:\/\/antcube.shop\/hu\/wp-json\/wp\/v2\/product_cat?post=8969"},{"taxonomy":"product_tag","embeddable":true,"href":"https:\/\/antcube.shop\/hu\/wp-json\/wp\/v2\/product_tag?post=8969"}],"curies":[{"name":"wp","href":"https:\/\/api.w.org\/{rel}","templated":true}]}}