{"id":8968,"date":"2024-08-19T20:47:21","date_gmt":"2024-08-19T18:47:21","guid":{"rendered":"https:\/\/antcube.shop\/product\/wand-ameisenfarm-l-30x30-glas\/"},"modified":"2026-01-12T12:39:31","modified_gmt":"2026-01-12T11:39:31","slug":"fali-hangya-farm-l-30x30-uveg","status":"publish","type":"product","link":"https:\/\/antcube.shop\/hu\/termek\/fali-hangya-farm-l-30x30-uveg\/","title":{"rendered":"Fali hangyafarm - L - 30\u00d730 - \u00fcveg"},"content":{"rendered":"<p><strong>M\u00e9retek (LxH):<\/strong><br \/>\nH\u00e1ts\u00f3 fal (6 mm vastag) : 400x293mm<\/p>\n<p>K\u00fcls\u0151 (h\u00e1tlap n\u00e9lk\u00fcl)<br \/>\n334x28x296mm<\/p>\n<p>Bel\u00fcl<br \/>\n284x20x290 mm<\/p>\n<p><strong>Anyag:<\/strong><br \/>\nFloat \u00fcveg<\/p>\n<p><strong>Sz\u00edn:<\/strong><br \/>\nkrist\u00e1lytiszta<\/p>\n<p><strong>Tartalom:<\/strong><br \/>\nFali hangyafarm - L - 30\u00d730 - \u00fcveg<br \/>\n1x fed\u0151 hangyafarm<br \/>\n4x gumibet\u00e9t a f\u00far\u00f3lyukak v\u00e9delm\u00e9re<br \/>\n4x al\u00e1t\u00e9t a f\u00far\u00f3lyukakhoz<br \/>\n4x dug\u00f3k \u00e9s csavarok<\/p>\n<p><strong>Csatlakoz\u00e1s:<\/strong><br \/>\n2x 14\/16\/18\/20 x 20mm-es foglalat<\/p>\n<p>A 14\/10-es t\u00f6ml\u0151 szil\u00e1rdan be van dugva a 14 mm-es aljzatba.<br \/>\nA 20\/16-os t\u00f6ml\u0151 szil\u00e1rdan r\u00f6gz\u00edtve van az els\u0151 16 mm-es l\u00e9pcs\u0151fokhoz<\/p>\n<p><strong>Le\u00edr\u00e1s:<\/strong><br \/>\nEzt a hangyafarmot falra szerelhet\u0151v\u00e9 fejlesztett\u00e9k ki, \u00e9s k\u00f6nnyen felszerelhet\u0151 fa- \u00e9s k\u0151falakra. Teljesen \u00e1tl\u00e1tsz\u00f3, \u00e9s j\u00f3 r\u00e1l\u00e1t\u00e1st biztos\u00edt a f\u00e9szekbe. A hangy\u00e1k f\u00e9szkel\u0151anyagak\u00e9nt homok \u00e9s agyag, vagy a paraf\u00e1b\u00f3l vagy Digfixb\u0151l k\u00e9sz\u00fclt, hozz\u00e1 ill\u0151 f\u00e9szekbet\u00e9tek egyike haszn\u00e1lhat\u00f3. Ezenk\u00edv\u00fcl az oldals\u00f3 csatlakoz\u00f3aljzatokhoz vagy egy t\u00f6ml\u0151, vagy egy \u00e1tl\u00e1tsz\u00f3 akrilcs\u0151, vagy a \"hangyal\u00e9pcs\u0151\" csatlakoztathat\u00f3. A fali hangyafarmhoz illeszked\u0151 30\u00d715 vagy 30\u00d730 m\u00e9ret\u0171 fali hangyaar\u00e9n\u00e1kat is k\u00edn\u00e1lunk.<\/p>\n<p><strong>Telep\u00edt\u00e9si utas\u00edt\u00e1sok:<\/strong><br \/>\n<strong>Az \u00fcveglap mint h\u00e1ts\u00f3 fal miatt az alatta l\u00e9v\u0151 falnak teljesen egyenesnek kell lennie.<\/strong><br \/>\nA 4 \"S6\" d\u00fcbel falba r\u00f6gz\u00edt\u00e9s\u00e9hez sz\u00fcks\u00e9g van egy 6 mm-es f\u00far\u00f3sz\u00e1rral ell\u00e1tott f\u00far\u00f3ra (fa, k\u0151 vagy f\u00e9m, anyagt\u00f3l f\u00fcgg\u0151en).<br \/>\nA falba 45 mm m\u00e9ly lyukakat kell f\u00farni a 6x30 mm-es d\u00fcbelek s\u00fcllyeszt\u00e9s\u00e9hez a 4,5x40 mm-es csavarokkal.<br \/>\n<strong>\u00d6sszeszerel\u00e9shez sz\u00fcks\u00e9ges:<\/strong><br \/>\n- v\u00edzm\u00e9rt\u00e9k<br \/>\n- Ragaszt\u00f3szalag, hogy ne kelljen az alatta l\u00e9v\u0151 falon jel\u00f6lni.<br \/>\n- Phillips csavarh\u00faz\u00f3<br \/>\n- F\u00far\u00f3\/f\u00far\u00f3g\u00e9p a falt\u00f3l f\u00fcgg\u0151en<br \/>\n- 6 mm-es f\u00far\u00f3sz\u00e1r (fa, k\u0151 vagy f\u00e9m, a fel\u00fclett\u0151l f\u00fcgg\u0151en)<br \/>\n- Az is hasznos, ha egy pap\u00edrlapr\u00f3l sablont k\u00e9sz\u00edt a f\u00far\u00f3lyukakhoz. Egyszer\u0171en helyezze a h\u00e1ts\u00f3 fal al\u00e1, \u00e9s jel\u00f6lje be a lyukakat.<\/p>\n<p><strong>Megjegyz\u00e9sek a gy\u00e1rt\u00e1shoz<\/strong><br \/>\nAz \u00fcveg v\u00e1g\u00e1sa a DIN 1249 szabv\u00e1ny szerint t\u00f6rt\u00e9nik, +\/;- 1 mm t\u0171r\u00e9ssel. A rendk\u00edv\u00fcl kis hangyafajok eset\u00e9ben tov\u00e1bbi hangyakijut\u00e1s elleni v\u00e9delem elengedhetetlen.<br \/>\nMivel term\u00e9keinket k\u00e9zzel gy\u00e1rtjuk, a legnagyobb gondoss\u00e1g ellen\u00e9re is el\u0151fordulhatnak minim\u00e1lis elt\u00e9r\u00e9sek.<\/p>\n<p><strong>Megjegyz\u00e9s a gazdas\u00e1gr\u00f3l<\/strong><br \/>\nA t\u00f6ml\u0151k csatlakoztat\u00e1sakor vagy elt\u00e1vol\u00edt\u00e1sakor vegye figyelembe a k\u00f6vetkez\u0151ket:<br \/>\nHa a cs\u0151 nagyon nehezen illeszkedik a csatlakoz\u00f3aljzatra, az aljzatot enyh\u00e9n be kell d\u00f6rzs\u00f6lni egy csepp kit\u00f6r\u00e9sv\u00e9d\u0151 olajjal vagy porral. A t\u00f6ml\u0151t ezut\u00e1n csavar\u00f3 vagy csavar\u00f3 mozdulatokkal kell a csatlakoz\u00f3aljzatra tolni an\u00e9lk\u00fcl, hogy a csatlakoz\u00f3aljzatot fel-le mozdulatokkal meger\u0151ltetn\u00e9nk. Ugyanez vonatkozik a t\u00f6ml\u0151k mez\u0151gazdas\u00e1gi csatlakoz\u00f3aljzatb\u00f3l t\u00f6rt\u00e9n\u0151 elt\u00e1vol\u00edt\u00e1s\u00e1ra is. K\u00e9rj\u00fck, ne h\u00fazza le egyszer\u0171en!<\/p>","protected":false},"excerpt":{"rendered":"<p>Csatlakoz\u00e1s: 14\/16 x 20mm; lemez t\u00e1vols\u00e1g: 2x 14\/16 x 20mm; lemez t\u00e1vols\u00e1g: 2x 14\/16 x 20mm; lemez t\u00e1vols\u00e1g: 2x 14\/16 x 20mm: Bel\u00fcl 20mm<\/p>\n<p>M\u00e9ret: <span style=\"color: #0000ff;\"><strong>L<\/strong> <\/span><\/p>","protected":false},"featured_media":8997,"comment_status":"open","ping_status":"closed","template":"","meta":{"_acf_changed":false,"content-type":"","_monsterinsights_skip_tracking":false,"_monsterinsights_sitenote_active":false,"_monsterinsights_sitenote_note":"","_monsterinsights_sitenote_category":0},"product_brand":[],"product_cat":[257,80,83,86],"product_tag":[],"class_list":{"0":"post-8968","1":"product","2":"type-product","3":"status-publish","4":"has-post-thumbnail","6":"product_cat-new-innovatve-products","7":"product_cat-antfarms","8":"product_cat-antfarms-l","9":"product_cat-formicariums","11":"first","12":"instock","13":"taxable","14":"shipping-taxable","15":"purchasable","16":"product-type-simple"},"acf":[],"aioseo_notices":[],"jetpack_sharing_enabled":true,"_links":{"self":[{"href":"https:\/\/antcube.shop\/hu\/wp-json\/wp\/v2\/product\/8968","targetHints":{"allow":["GET"]}}],"collection":[{"href":"https:\/\/antcube.shop\/hu\/wp-json\/wp\/v2\/product"}],"about":[{"href":"https:\/\/antcube.shop\/hu\/wp-json\/wp\/v2\/types\/product"}],"replies":[{"embeddable":true,"href":"https:\/\/antcube.shop\/hu\/wp-json\/wp\/v2\/comments?post=8968"}],"wp:featuredmedia":[{"embeddable":true,"href":"https:\/\/antcube.shop\/hu\/wp-json\/wp\/v2\/media\/8997"}],"wp:attachment":[{"href":"https:\/\/antcube.shop\/hu\/wp-json\/wp\/v2\/media?parent=8968"}],"wp:term":[{"taxonomy":"product_brand","embeddable":true,"href":"https:\/\/antcube.shop\/hu\/wp-json\/wp\/v2\/product_brand?post=8968"},{"taxonomy":"product_cat","embeddable":true,"href":"https:\/\/antcube.shop\/hu\/wp-json\/wp\/v2\/product_cat?post=8968"},{"taxonomy":"product_tag","embeddable":true,"href":"https:\/\/antcube.shop\/hu\/wp-json\/wp\/v2\/product_tag?post=8968"}],"curies":[{"name":"wp","href":"https:\/\/api.w.org\/{rel}","templated":true}]}}