{"id":8853,"date":"2024-08-01T15:35:42","date_gmt":"2024-08-01T13:35:42","guid":{"rendered":"https:\/\/antcube.shop\/product\/bundle-offer-pseudoneoponera-rufipes\/"},"modified":"2025-10-19T16:10:44","modified_gmt":"2025-10-19T14:10:44","slug":"csomagajanlat-pseudoneoponera-rufipes","status":"publish","type":"product","link":"https:\/\/antcube.shop\/hu\/termek\/csomagajanlat-pseudoneoponera-rufipes\/","title":{"rendered":"Aj\u00e1nlatcsomag - Pseudoneoponera rufipes"},"content":{"rendered":"<p><span data-text-color=\"secondary\"><strong>Csomagaj\u00e1nlat egy Pseudoneoponera rufipes hangyakol\u00f3ni\u00e1val (kir\u00e1lyn\u0151 11-25 dolgoz\u00f3val + k\u00f6lt\u00e9s)<\/strong><\/span><\/p>\n<p><span data-text-color=\"alert\"><strong>Csak a k\u00e9szlet erej\u00e9ig.<\/strong><\/span><\/p>\n<p><span data-text-color=\"alert\"><strong>Sz\u00e1ll\u00edt\u00e1s csak GO! \u00fatj\u00e1n lehets\u00e9ges N\u00e9metorsz\u00e1gon bel\u00fcl.<\/strong><\/span><\/p>\n<p><strong>Minden, amire egy Pseudoneoponera rufipes hangyakol\u00f3ni\u00e1hoz sz\u00fcks\u00e9ge van:<\/strong><br \/>\nEz a csomag tartalmaz mindent, amire sz\u00fcks\u00e9ge van ahhoz, hogy a Pseudoneoponera rufipes kol\u00f3nia sikeresen \u00e1tv\u00e9szelje az els\u0151 n\u00e9h\u00e1ny h\u00f3napot. Rugalmasan b\u0151v\u00edthet\u0151, \u00e9s t\u00f6bb \u00e9ven kereszt\u00fcl tesztelt\u00fck ezzel a hangyafajjal.<\/p>\n<p><strong>Hangyafaj Pseudoneoponera rufipes:<\/strong><br \/>\nA Pseudoneoponera rufipes egy nagytest\u0171 hangyafaj D\u00e9lkelet-\u00c1zsi\u00e1b\u00f3l. Ott \u00e1ltal\u00e1ban agyagos talajon, n\u00e9ha f\u00e1kon is f\u00e9szkel. Mivel a tr\u00f3pusi ter\u00fcletekr\u0151l sz\u00e1rmaznak, nem alszanak t\u00e9li \u00e1lmot. Telepeik maxim\u00e1lis m\u00e9rete el\u00e9ri a t\u00f6bb sz\u00e1z egyedet, de \u00e1ltal\u00e1ban nem t\u00f6bb mint 200.<\/p>\n<p>Nappal viszonylag lomh\u00e1nak t\u0171nnek, mivel \u00e9jszaka \u00e9s sz\u00fcrk\u00fcletben akt\u00edvabbak. Azonban nappal is akt\u00edvak, \u00e9s csendes viselked\u00e9s\u00fck k\u00fcl\u00f6nleges \u00e9lm\u00e9nny\u00e9 teszi megfigyel\u00e9s\u00fcket. V\u00e9dekez\u00e9si mechanizmusk\u00e9nt habszer\u0171 v\u00e9dekez\u0151 v\u00e1lad\u00e9kkal bor\u00edtj\u00e1k be ellens\u00e9geiket.<\/p>\n<p><strong>A Pseudoneoponera rufipes f\u00e9szke:<\/strong><br \/>\nMivel D\u00e9lkelet-\u00c1zsia tr\u00f3pusi es\u0151erdeiben a vadonban \u00e1ltal\u00e1ban agyagos talajon f\u00e9szkelnek, mi egy XL hangyafarmot v\u00e1lasztottunk, ahol es\u0151erdei talaj van.<\/p>\n<p><strong>A Pseudoneoponera rufipes t\u00e1pl\u00e1l\u00e9ka:<\/strong><br \/>\nEbben a k\u00e9szletben eg\u00e9szben feh\u00e9r\u00edtett t\u00fccsk\u00f6ket \u00e9s m\u00e9zharmat-kever\u00e9ket adunk eledelk\u00e9nt. Mindkett\u0151t nagyon j\u00f3l elfogadja a Pseudoneoponera rufipes, \u00e9s a benn\u00fck tal\u00e1lhat\u00f3 t\u00e1panyagoknak k\u00f6sz\u00f6nhet\u0151en t\u00e1mogatj\u00e1k a kol\u00f3nia term\u00e9szetes \u00e9s pozit\u00edv fejl\u0151d\u00e9s\u00e9t.<\/p>\n<p><strong>A Pseudoneoponera rufipes sz\u00e1m\u00e1ra az optim\u00e1lis \u00e9ghajlati felt\u00e9telek a k\u00f6vetkez\u0151k:<\/strong><br \/>\nP\u00e1ratartalom:<br \/>\nAr\u00e9na: 60 - 70% F\u00e9szkek ter\u00fclete: 60 - 80%<br \/>\nH\u0151m\u00e9rs\u00e9klet:<br \/>\nAr\u00e9na: 21 - 30\u00b0C F\u00e9szkel\u0151hely: 24 - 28\u00b0C<\/p>\n<p><strong>Tartalom:<\/strong><br \/>\n1x Pseudoneoponera rufipes (kir\u00e1lyn\u0151 + 11-25 dolgoz\u00f3 + k\u00f6lt\u00e9s)<\/p>\n<p>1x m\u00e9zharmat mix (HT) - ut\u00e1nt\u00f6lt\u0151 csomag 10ml<br \/>\n1x eg\u00e9sz feh\u00e9r\u00edtett t\u00fccs\u00f6k 10g<br \/>\n1x ar\u00e9na \u00e1llv\u00e1ny 20\u00d720<br \/>\n1x formicarium alap - 20\u00d76<\/p>\n<p>1x ANTCUBE - Ar\u00e9na 20x20x10 - lapos<br \/>\n1x ANTCUBE - Hangyafarm - L - 20\u00d720 - f\u00fcgg\u0151legesen \u00e1ll\u00edtva<br \/>\n1x hangya ar\u00e9na keret 20\u00d720<br \/>\n1x hangya ar\u00e9na bor\u00edt\u00e1s 20\u00d720<br \/>\n4x r\u00f6gz\u00edt\u00e9si pont az ar\u00e9na fedel\u00e9hez<\/p>\n<p>1x 0.5 m \u00e1tl\u00e1tsz\u00f3 t\u00f6ml\u0151 20\/16 mm<br \/>\n2x medencet\u00f6ml\u0151 csatlakoz\u00f3 27 mm -14,16,20 mm - \u00e1tl\u00e1tsz\u00f3<br \/>\n1x \u00f6ntapad\u00f3 bilincsek - \u00e1tl\u00e1tsz\u00f3 2 db.<br \/>\n2x ANTCUBE - V\u00f6r\u00f6s f\u00f3lia 20\u00d720 - sz\u0171r\u0151<\/p>\n<p>2x aljzat - es\u0151erd\u0151 - 1 kg<br \/>\n1x fot\u00f3 h\u00e1tlap - es\u0151erd\u0151 - 20\u00d710<\/p>\n<p>2x r\u00e1csbet\u00e9t - 50mm - rozsdamentes ac\u00e9l<br \/>\n2x r\u00e1csbet\u00e9t - 27mm - rozsdamentes ac\u00e9l<\/p>\n<p>Mini termo higrom\u00e9ter anal\u00f3g - kijelz\u0151 - akaszt\u00e1s<br \/>\n1x rug\u00f3ac\u00e9l csipesz sz\u00e9les - puha<br \/>\n1x m\u0171anyag csipesz standard<br \/>\n1x m\u0171anyag pipetta 3ml<br \/>\n1x Hangya kit\u00f6r\u00e9s elleni v\u00e9d\u0151olaj 10ml<br \/>\n1x Iv\u00f3cs\u0151 2ml - 360 fokban<br \/>\n1x t\u00e1l \u00e1tl\u00e1tsz\u00f3 1\u00d720 - szivacs<br \/>\n1x iv\u00f3v\u00e1ly\u00fa \u00e1tl\u00e1tsz\u00f3 20ml - szivacs<br \/>\n1x K\u00e9zi nagy\u00edt\u00f3 - 2x - 30mm<br \/>\n1x hab ablakt\u00f6rl\u0151 150x18x2.5mm<\/p>\n<p><strong>Le\u00edr\u00e1s:<\/strong><br \/>\nA Pseudoneoponera rufipes sz\u00e1m\u00e1ra k\u00e9sz\u00fclt b\u0151v\u00edthet\u0151 indul\u00f3 k\u00e9szlet nemcsak az optim\u00e1lisan kialak\u00edtott formik\u00e1riumot, hanem a hangyafaj tart\u00e1s\u00e1hoz sz\u00fcks\u00e9ges tartoz\u00e9kokat is tartalmazza. Az \"itat\u00f3 tiszta 20ml - szivacs\" a v\u00edzhez, az \"itat\u00f3 2ml - 360 fokos\" a m\u00e9zharmatkever\u00e9khez val\u00f3.<\/p>\n<p><span data-text-color=\"alert\"><strong>Fontos:<\/strong><\/span> Haszn\u00e1lat el\u0151tt nedves\u00edtse meg az aljzatot, hogy a kever\u00e9k meg tudjon k\u00f6t\u0151dni \u00e9s szil\u00e1rdan meg tudjon \u00e1llni a hangyafarmon. Ezenk\u00edv\u00fcl a sz\u00e1raz \u00e9s poros szubsztr\u00e1t elz\u00e1rhatja a hangy\u00e1k l\u00e9gutakat, \u00e9s legrosszabb esetben az \u00e1llatok megfulladhatnak.<\/p>\n<p><strong>Megjegyz\u00e9sek a gy\u00e1rt\u00e1shoz<\/strong><br \/>\nAz \u00fcveg m\u00e9retre v\u00e1g\u00e1sa a DIN 1249 szabv\u00e1ny szerint t\u00f6rt\u00e9nik, +\/- 1 mm-es t\u0171r\u00e9ssel. A rendk\u00edv\u00fcl kis hangyafajok eset\u00e9ben kieg\u00e9sz\u00edt\u0151 kit\u00f6r\u00e9sv\u00e9delemre van sz\u00fcks\u00e9g.<\/p>\n<p><strong>Megjegyz\u00e9s a blans\u00edrozott t\u00fccsk\u00f6kr\u0151l:<\/strong><br \/>\nA feh\u00e9r\u00edtett t\u00fccsk\u00f6kkel k\u00f6nnyen biztos\u00edthatja hangy\u00e1i sz\u00e1m\u00e1ra a frissen tart\u00f3s\u00edtott feh\u00e9rjet\u00e1pl\u00e1l\u00e9kot an\u00e9lk\u00fcl, hogy \u00e9l\u0151 rovarokat kellene etetnie. A benne l\u00e9v\u0151 t\u00fccsk\u00f6ket (Acheta domesticus) k\u00edm\u00e9letesen blans\u00edroztuk, hogy a t\u00e1p\u00e9rt\u00e9kek, az \u00edz \u00e9s az aroma megmaradjon. Ezen k\u00edv\u00fcl a rovarok kitinh\u00e9ja is megpuhult \u00edgy, hogy k\u00f6nnyebben em\u00e9szthet\u0151 legyen. A kollag\u00e9nfeh\u00e9rj\u00e9k k\u00f6t\u00e9seit felbontj\u00e1k, hogy a hangy\u00e1k jobban hasznos\u00edthass\u00e1k azokat. A konzerv Acheta domesticus ugyanolyan t\u00e1p\u00e9rt\u00e9k\u0171, mint az \u00e9l\u0151 t\u00fccs\u00f6k, de k\u00f6nnyebben em\u00e9szthet\u0151.<\/p>\n<p>A feh\u00e9r\u00edtett t\u00fccsk\u00f6k nem alkalmasak olyan hangyafajok vad\u00e1szat\u00e1ra, amelyek \u00e9l\u0151 t\u00e1pl\u00e1l\u00e9kot ig\u00e9nyelnek (pl. ponerines (nagy hangy\u00e1k), mint a Harpegnathos vagy Odontomachus).<\/p>\n<p><strong>Tov\u00e1bbi el\u0151ny\u00f6k:<\/strong><br \/>\nGarant\u00e1ltan atkamentes<br \/>\nAdagolhat\u00f3<br \/>\nSteriliz\u00e1lt \u00e9s v\u00e1kuumozott<br \/>\nAdal\u00e9kanyagok n\u00e9lk\u00fcl<br \/>\nT\u00fccsk\u00f6k fenntarthat\u00f3, tiszt\u00e1n \u00f6kol\u00f3giai teny\u00e9szt\u00e9sb\u0151l sz\u00e1rmaz\u00f3, szerves hullad\u00e9kkal t\u00e1pl\u00e1lt t\u00fccsk\u00f6k.<\/p>\n<p><strong>K\u00e9rj\u00fck, vegye figyelembe:<\/strong><br \/>\nFelbont\u00e1s ut\u00e1n a h\u0171t\u0151szekr\u00e9nyben k\u00f6r\u00fclbel\u00fcl n\u00e9gy napig eltarthat\u00f3. Fagyasztva hosszabb ideig eltarthat\u00f3.<\/p>\n<p><strong>Megjegyz\u00e9s a m\u00e9zharmattal kapcsolatban:<\/strong><br \/>\nTartalom: 10 ml<br \/>\nEz egy term\u00e9szetes term\u00e9k, amelyet laborat\u00f3riumunkban v\u00e9gzett kiterjedt tesztek ut\u00e1n finom\u00edtottunk, \u00e9s a hangy\u00e1k \u00e1ltal nagyon j\u00f3l elfogadott t\u00e1pl\u00e1l\u00e9kk\u00e1 fejlesztett\u00fcnk. Ennek oka, hogy a feldolgozatlan m\u00e9zharmatm\u00e9zet koncentr\u00e1lt eredeti form\u00e1j\u00e1ban a hangy\u00e1k \u00e9s anyagcser\u00e9j\u00fck nem fogadj\u00e1k el j\u00f3l.<br \/>\nM\u00e9zharmatunkat Bulg\u00e1ria szennyezetlen, vad hegyi erdeiben gy\u0171jt\u00f6tt\u00fck. A m\u00e9zharmat csak nagyon korl\u00e1tozott ideig, ny\u00e1ron k\u00f6r\u00fclbel\u00fcl k\u00e9t h\u00f3napig terem. Ez\u00e9rt nagyon ritka. Az erd\u0151k saj\u00e1tos talajtulajdons\u00e1gai \u00e9s az \u00e9ghajlat miatt a f\u00e1k leveleiben alapvet\u0151 t\u00e1panyagok rakt\u00e1roz\u00f3dnak el, amelyeket a lev\u00e9ltetvek vesznek fel. Ez teszi ezt a m\u00e9zharmatkever\u00e9ket olyan k\u00edv\u00e1natoss\u00e1 a hangy\u00e1k sz\u00e1m\u00e1ra.<\/p>\n<p><strong>Alkalmaz\u00e1s:<\/strong><br \/>\nAz \u00e9lelmiszer mennyis\u00e9g\u00e9t k\u00f6r\u00fclbel\u00fcl 3 napon bel\u00fcl kell elfogyasztani.<\/p>\n<p><strong>Le\u00edr\u00e1s:<\/strong><br \/>\nA m\u00e9zharmatot, a vir\u00e1gm\u00e9zzel ellent\u00e9tben, a n\u00f6v\u00e9nyeket sz\u00edvogat\u00f3 rovarok, p\u00e9ld\u00e1ul a lev\u00e9ltetvek v\u00e1lad\u00e9k\u00e1b\u00f3l nyerik. A m\u00e9zharmat sz\u00e1mos rovar, p\u00e9ld\u00e1ul hangy\u00e1k, m\u00e9hek \u00e9s dong\u00f3k kedvelt t\u00e1pl\u00e1l\u00e9kforr\u00e1sa. A m\u00e9hek \u00e9s a poszm\u00e9hek a k\u00fcl\u00f6nb\u00f6z\u0151 f\u00e1k leveleir\u0151l vagy t\u0171ir\u0151l nyalj\u00e1k le. A hangy\u00e1k, p\u00e9ld\u00e1ul a Lasius niger sz\u00f3 szerint megtartj\u00e1k a lev\u00e9ltetveket. Meg is v\u00e9dik \u0151ket a ragadoz\u00f3kt\u00f3l, \u00e9s friss hajt\u00e1sokhoz viszik \u0151ket.<\/p>\n<p>A m\u00e9zharmat k\u00fcl\u00f6n\u00f6sen n\u00e9pszer\u0171 a hangy\u00e1k k\u00f6r\u00e9ben, mivel n\u00e9mileg elt\u00e9r\u0151 \u00f6sszet\u00e9tel\u0171. A m\u00e9zharmatban a f\u0151 cukrok a szachar\u00f3z \u00e9s a frukt\u00f3z, de kisebb mennyis\u00e9gben megtal\u00e1lhat\u00f3 benne a malt\u00f3z, a trehal\u00f3z, a melezit\u00f3z, a raffin\u00f3z \u00e9s m\u00e1s oligoszacharidok is. A cukor \u00e9s a v\u00edz mellett a m\u00e9zharmat esszenci\u00e1lis aminosavakat, \u00e1sv\u00e1nyi anyagokat, nyomelemeket, adenozinokat, foszf\u00e1tokat \u00e9s egy\u00e9b \u00f6sszetev\u0151ket, p\u00e9ld\u00e1ul vitaminokat is tartalmaz.<\/p>\n<p><strong>Haszn\u00e1lja:<\/strong><br \/>\nM\u00e9zev\u0151 hangyafajok (Meliphagidae) eset\u00e9ben<br \/>\nEz egy kieg\u00e9sz\u00edt\u0151 takarm\u00e1ny<br \/>\nAz \u00e1llatoknak felk\u00edn\u00e1lhat\u00f3, ahogyan az ell\u00e1t\u00e1st kapj\u00e1k. Mivel a nedvess\u00e9g hat\u00e1s\u00e1ra a cukorkoncentr\u00e1ci\u00f3 cs\u00f6kken, \u00e9s erjed\u00e9si folyamat indul be, a takarm\u00e1nyt 3 naponta ki kell cser\u00e9lni. \u00dajb\u00f3li felhaszn\u00e1l\u00e1s el\u0151tt alaposan tiszt\u00edtsa meg az etet\u0151t\u00e1lat\/cs\u00f6vet.<br \/>\nA felbontott csomagot a lej\u00e1rati id\u0151 lej\u00e1rt\u00e1ig szorosan z\u00e1rva kell tartani.<\/p>\n<p><strong>T\u00e1pl\u00e1lkoz\u00e1si inform\u00e1ci\u00f3 100 g-ra vet\u00edtve:<\/strong><br \/>\nkb. 2,7 % zs\u00edrok<br \/>\namelyb\u0151l tel\u00edtett kb. 0,45 %<br \/>\nkb. 95 % sz\u00e9nhidr\u00e1tok<br \/>\nebb\u0151l kb. 71 % cukor<br \/>\nkb. 2,85% feh\u00e9rje<\/p>\n<p>\u00c1sv\u00e1nyi anyagok (k\u00e1lium, kalcium, r\u00e9z, vas, n\u00e1trium, magn\u00e9zium, foszfor, cink \u00e9s egy\u00e9b nyomelemek). Aminosavak (prolin, leucin, fenilalanin, alanin, hisztidin, izoleucin, glutaminsav, arginin, aszparaginsav stb.) Szerves savak Enzimek (fermentumok)Arom\u00e1k Inhibinek (antibakteri\u00e1lis anyagok) Vir\u00e1gok Vir\u00e1gpor.<\/p>\n<p><strong>T\u00e1rol\u00e1s:<\/strong><br \/>\nA takarm\u00e1ny min\u0151s\u00e9g\u00e9nek biztos\u00edt\u00e1sa \u00e9rdek\u00e9ben a takarm\u00e1nyt s\u00f6t\u00e9t \u00e9s sz\u00e1raz helyen kell t\u00e1rolni.<\/p>\n<p><strong>Megjegyz\u00e9s:<\/strong><br \/>\nKieg\u00e9sz\u00edt\u0151 takarm\u00e1ny m\u00e9zev\u0151 hangy\u00e1k sz\u00e1m\u00e1ra.<br \/>\nAz \u00f6sszet\u00e9telt, az analitikai \u00f6sszetev\u0151ket, a min\u0151s\u00e9gmeg\u0151rz\u00e9si id\u0151t \u00e9s a t\u00e9telsz\u00e1mot l\u00e1sd a betegt\u00e1j\u00e9koztat\u00f3ban.<\/p>\n<p>Inform\u00e1ci\u00f3s forr\u00f3dr\u00f3t +49 30 439703870<\/p>\n<p><strong>Felel\u0151s \u00e1llateg\u00e9szs\u00e9g\u00fcgyi \u00e9s \u00e9lelmiszer-fel\u00fcgyeleti hat\u00f3s\u00e1g:<\/strong><br \/>\nSteglitz \u00e1llatorvosi rendel\u0151<br \/>\nK\u00f6nigin-Luise-Str. 92<br \/>\n14195 Berlin<\/p>","protected":false},"excerpt":{"rendered":"<p>A k\u00e9szlet 35 r\u00e9szb\u0151l \u00e1ll<\/p>","protected":false},"featured_media":8855,"comment_status":"open","ping_status":"closed","template":"","meta":{"_acf_changed":false,"content-type":"","_monsterinsights_skip_tracking":false,"_monsterinsights_sitenote_active":false,"_monsterinsights_sitenote_note":"","_monsterinsights_sitenote_category":0},"product_brand":[],"product_cat":[355,73],"product_tag":[],"class_list":{"0":"post-8853","1":"product","2":"type-product","3":"status-publish","4":"has-post-thumbnail","6":"product_cat-bundle-offers","7":"product_cat-starter-sets","8":"product_shipping_class-germany-only","10":"first","11":"outofstock","12":"taxable","13":"shipping-taxable","14":"purchasable","15":"product-type-simple"},"acf":[],"aioseo_notices":[],"jetpack_sharing_enabled":true,"_links":{"self":[{"href":"https:\/\/antcube.shop\/hu\/wp-json\/wp\/v2\/product\/8853","targetHints":{"allow":["GET"]}}],"collection":[{"href":"https:\/\/antcube.shop\/hu\/wp-json\/wp\/v2\/product"}],"about":[{"href":"https:\/\/antcube.shop\/hu\/wp-json\/wp\/v2\/types\/product"}],"replies":[{"embeddable":true,"href":"https:\/\/antcube.shop\/hu\/wp-json\/wp\/v2\/comments?post=8853"}],"wp:featuredmedia":[{"embeddable":true,"href":"https:\/\/antcube.shop\/hu\/wp-json\/wp\/v2\/media\/8855"}],"wp:attachment":[{"href":"https:\/\/antcube.shop\/hu\/wp-json\/wp\/v2\/media?parent=8853"}],"wp:term":[{"taxonomy":"product_brand","embeddable":true,"href":"https:\/\/antcube.shop\/hu\/wp-json\/wp\/v2\/product_brand?post=8853"},{"taxonomy":"product_cat","embeddable":true,"href":"https:\/\/antcube.shop\/hu\/wp-json\/wp\/v2\/product_cat?post=8853"},{"taxonomy":"product_tag","embeddable":true,"href":"https:\/\/antcube.shop\/hu\/wp-json\/wp\/v2\/product_tag?post=8853"}],"curies":[{"name":"wp","href":"https:\/\/api.w.org\/{rel}","templated":true}]}}