{"id":8718,"date":"2024-07-22T15:43:52","date_gmt":"2024-07-22T13:43:52","guid":{"rendered":"https:\/\/antcube.shop\/product\/bonsai-tree-deko\/"},"modified":"2026-01-20T18:00:36","modified_gmt":"2026-01-20T17:00:36","slug":"bonsai-fa-deko","status":"publish","type":"product","link":"https:\/\/antcube.shop\/hu\/termek\/bonsai-fa-deko\/","title":{"rendered":"Bonsai-fa"},"content":{"rendered":"<p>M\u00e9ret \/ magass\u00e1g 20 cm-t\u0151l 28 cm-ig<br \/>\n\u00c1tm\u00e9r\u0151 ~ 10 cm -20 cm, ide\u00e1lis 30x30x30 cm \u00e9s nagyobb ar\u00e9n\u00e1khoz.<br \/>\nA s\u00faly 250 \u00e9s 400 gramm k\u00f6z\u00f6tt v\u00e1ltozik.<\/p>\n<p>Bonsai f\u00e1nk ide\u00e1lis d\u00edsze a formik\u00e1rium\u00e1nak. Szabadon \u00e1ll\u00f3 f\u00f3rik\u00e1riumban \u00e9s term\u00e9szetesen be\u00fcltetett viv\u00e1riumokban egyar\u00e1nt haszn\u00e1lhat\u00f3. Mivel a hangy\u00e1k elb\u00fajhatnak a bonsai alatt vagy benne, javasoljuk, hogy csak akkor haszn\u00e1lja, ha a hangyakol\u00f3nia m\u00e1r bek\u00f6lt\u00f6z\u00f6tt a f\u00e9szk\u00e9be. Ellenkez\u0151 esetben el\u0151fordulhat, hogy f\u00e9szkel\u0151helyk\u00e9nt ezt r\u00e9szes\u00edtik el\u0151nyben, \u00e9s \u00d6n szem el\u0151l t\u00e9veszti a f\u00e9szket.<\/p>\n<p><strong>FIGYELEM:<\/strong> K\u00e9rj\u00fck, ne helyezze nagyon p\u00e1r\u00e1s formicaria (t\u00f6bb mint 60% p\u00e1ratartalom). A bonsai elkezdhet pen\u00e9szedni. Nagyon j\u00f3 szell\u0151z\u00e9s mellett a bonsai elhelyezhet\u0151 p\u00e1r\u00e1sabb formik\u00e1ri\u00e1ban is.<\/p>\n<p><span data-text-color=\"alert\"><strong>FONTOS MEGJEGYZ\u00c9S A CIKKEL KAPCSOLATBAN:<\/strong><\/span><br \/>\nMivel ez egy term\u00e9szetes term\u00e9k \/ egyedi, az itt l\u00e1that\u00f3 k\u00e9pek nem teljesen azonosak azzal, amit kapni fog. A mini fa, valamint a k\u0151b\u00e1nyai pala alaplemez m\u00e9rete, alakja \u00e9s sz\u00edne k\u00f6z\u00f6tt elt\u00e9r\u00e9sek lesznek. Csak az elem maxim\u00e1lis magass\u00e1g\u00e1ra v\u00e1llalunk garanci\u00e1t.<\/p>\n<p>A term\u00e9k megrendel\u00e9s\u00e9vel \u00d6n elfogadja \u00e9s beleegyezik a term\u00e9k m\u00e9ret\u00e9nek, alakj\u00e1nak \u00e9s sz\u00edn\u00e9nek a v\u00e1s\u00e1rl\u00e1s id\u0151pontj\u00e1ban fenn\u00e1ll\u00f3 lehets\u00e9ges elt\u00e9r\u00e9seibe.<\/p>","protected":false},"excerpt":{"rendered":"<p>M\u00e9retek: 20-28 cm magas<\/p>","protected":false},"featured_media":8721,"comment_status":"open","ping_status":"closed","template":"","meta":{"_acf_changed":false,"content-type":"","_monsterinsights_skip_tracking":false,"_monsterinsights_sitenote_active":false,"_monsterinsights_sitenote_note":"","_monsterinsights_sitenote_category":0},"product_brand":[],"product_cat":[95,98],"product_tag":[],"class_list":{"0":"post-8718","1":"product","2":"type-product","3":"status-publish","4":"has-post-thumbnail","6":"product_cat-accessories-for-ants","7":"product_cat-decoration","9":"first","10":"outofstock","11":"taxable","12":"shipping-taxable","13":"purchasable","14":"product-type-simple"},"acf":[],"aioseo_notices":[],"jetpack_sharing_enabled":true,"_links":{"self":[{"href":"https:\/\/antcube.shop\/hu\/wp-json\/wp\/v2\/product\/8718","targetHints":{"allow":["GET"]}}],"collection":[{"href":"https:\/\/antcube.shop\/hu\/wp-json\/wp\/v2\/product"}],"about":[{"href":"https:\/\/antcube.shop\/hu\/wp-json\/wp\/v2\/types\/product"}],"replies":[{"embeddable":true,"href":"https:\/\/antcube.shop\/hu\/wp-json\/wp\/v2\/comments?post=8718"}],"wp:featuredmedia":[{"embeddable":true,"href":"https:\/\/antcube.shop\/hu\/wp-json\/wp\/v2\/media\/8721"}],"wp:attachment":[{"href":"https:\/\/antcube.shop\/hu\/wp-json\/wp\/v2\/media?parent=8718"}],"wp:term":[{"taxonomy":"product_brand","embeddable":true,"href":"https:\/\/antcube.shop\/hu\/wp-json\/wp\/v2\/product_brand?post=8718"},{"taxonomy":"product_cat","embeddable":true,"href":"https:\/\/antcube.shop\/hu\/wp-json\/wp\/v2\/product_cat?post=8718"},{"taxonomy":"product_tag","embeddable":true,"href":"https:\/\/antcube.shop\/hu\/wp-json\/wp\/v2\/product_tag?post=8718"}],"curies":[{"name":"wp","href":"https:\/\/api.w.org\/{rel}","templated":true}]}}