{"id":8717,"date":"2024-07-22T15:37:55","date_gmt":"2024-07-22T13:37:55","guid":{"rendered":"https:\/\/antcube.shop\/product\/bundle-offer-harpegnathos-venator\/"},"modified":"2026-03-04T16:55:50","modified_gmt":"2026-03-04T15:55:50","slug":"csomagajanlat-harpegnathos-venator","status":"publish","type":"product","link":"https:\/\/antcube.shop\/hu\/termek\/csomagajanlat-harpegnathos-venator\/","title":{"rendered":"Aj\u00e1nlatcsomag - Harpegnathos venator"},"content":{"rendered":"<p><span data-text-color=\"secondary\"><strong>Csomagaj\u00e1nlat egy Harpegnathos venator hangyakol\u00f3ni\u00e1val (kir\u00e1lyn\u0151 11-25 dolgoz\u00f3val + k\u00f6lt\u00e9s)<\/strong><\/span><\/p>\n<p><span data-text-color=\"alert\"><strong>Csak a k\u00e9szlet erej\u00e9ig. <\/strong><\/span><\/p>\n<p><span data-text-color=\"alert\"><strong>Sz\u00e1ll\u00edt\u00e1s csak GO! \u00fatj\u00e1n lehets\u00e9ges N\u00e9metorsz\u00e1gon bel\u00fcl.<\/strong><\/span><\/p>\n<p>1x Harpegnathos venator kir\u00e1lyn\u0151 + 11-25 dolgoz\u00f3 + k\u00f6lt\u00e9s<\/p>\n<p>1x Ytong f\u00e9szek - 40\u00d720 ar\u00e9n\u00e1val<br \/>\n1x \u00fcvegk\u00e1d 40\u00d720<br \/>\n1x formicarium p\u00e1rna - 40x20cm<br \/>\n1x piros fed\u0151lap 20\u00d720 - v\u00edzszintes<\/p>\n<p>1x agyagfest\u00e9k - b\u00e9zs - 100ml<br \/>\n1x aljzat - es\u0151erd\u0151 - 1kg<br \/>\n1x Formicarium granul\u00e1tum 200 ml - fekete<br \/>\n1x fot\u00f3 h\u00e1tlap - es\u0151erd\u0151 - 20\u00d710<\/p>\n<p>2x Grid insert acrylic &#8211; 50 mm with sealing ring<br \/>\n1x Grid insert acrylic &#8211; 27 mm with sealing ring<\/p>\n<p>1x T\u00fccs\u00f6klekv\u00e1r 25g<br \/>\n1x Honeydew Mix (HT) - ut\u00e1nt\u00f6lt\u0151 csomag 10ml<\/p>\n<p>1x drinking clear 5ml &#8211; sponge<br \/>\n1x Feeding dish white rectangle &#8211; 3 compartments<br \/>\n1x Drinking trough 2ml &#8211; 360 Degrees<\/p>\n<p>1x Foil thermometer Display<\/p>\n<p>1x Hangya v\u00e9delmi olaj 10ml<br \/>\n1x Csipesz rug\u00f3ac\u00e9l - sz\u00e9les - puha<br \/>\n1x Csipesz m\u0171anyag \u00e1tl\u00e1tsz\u00f3<br \/>\n1x m\u0171anyag pipetta 3ml<br \/>\n1x k\u00e9zi nagy\u00edt\u00f3 - 2x - 30mm<br \/>\n1x habszivacs ablakt\u00f6rl\u0151 150x18x2,5mm<\/p>\n<p><strong>Hangyafaj Harpegnathos venator:<\/strong><br \/>\nA Harpegnathos venator egy nagyon sz\u00e9p \u00e9s nagyon nagy hangyafaj D\u00e9lkelet-\u00c1zsi\u00e1b\u00f3l. F\u0151leg \u00e9jszaka akt\u00edvak, de a lak\u00e1sban \u00e1ltal\u00e1ban alacsonyabb f\u00e9nyer\u0151ss\u00e9g miatt nappal is akt\u00edvak. Ez a hangyafaj kb. 8-10 cm-t tud ugrani, h\u00e1trafel\u00e9 j\u00e1rni \u00e9s nagyon j\u00f3 l\u00e1t\u00e1ssal rendelkezik. Profilb\u00f3l n\u00e9zve az \u00e1llkapcsok szablyafog alak\u00faak. Vad\u00e1szat k\u00f6zben \u00e9rdekes viselked\u00e9st tan\u00fas\u00edtanak, amikor t\u00e1mad\u00e1s el\u0151tt a gasztron\u00f3mia cs\u00f3v\u00e1j\u00e1t r\u00e1ngatj\u00e1k.<\/p>\n<p>Etetheti \u0151ket cukor-m\u00e9z oldattal, m\u00e9zzel \u00e9s feh\u00e9rjet\u00e1ppal, vagy lehet\u0151leg kis \u00e9l\u0151 rovarokkal, p\u00e9ld\u00e1ul t\u00fccs\u00f6kkel \u00e9s gy\u00fcm\u00f6lcslegyekkel. A Harpegnathos venator nagyon kifejezett vad\u00e1szati viselked\u00e9ssel rendelkezik, ez\u00e9rt sokkal jobban elfogadja az \u00e9l\u0151 t\u00e1pl\u00e1l\u00e9kot.<\/p>\n<p>Az ar\u00e9na p\u00e1ratartalm\u00e1t \u00e9s h\u0151m\u00e9rs\u00e9klet\u00e9t legfeljebb kiss\u00e9 kell n\u00f6velni, de a f\u00e9szeknek mindig nedvesnek kell lenni\u00fck. Az \u00e1llatok a f\u00e9szekben a k\u00fcl\u00f6nb\u00f6z\u0151 nedvess\u00e9g\u0171 ter\u00fcleteket r\u00e9szes\u00edtik el\u0151nyben.<\/p>\n<p>Az el\u0151re gy\u00e1rtott kamr\u00e1kat \u00e9s j\u00e1ratokat k\u00f6zvetlen\u00fcl a kol\u00f3nia haszn\u00e1lhatja. Az Ytong f\u00e9szek a mell\u00e9kelt t\u00e1lca seg\u00edts\u00e9g\u00e9vel k\u00f6nnyen nedves\u00edthet\u0151. Egyszer\u0171en \u00f6nts\u00f6n egy kis vizet a t\u00e1lc\u00e1ba, \u00e9s v\u00e1rja meg, am\u00edg az Ytong k\u0151 mag\u00e1t\u00f3l felsz\u00edvja a vizet.<\/p>\n<p><strong>Inform\u00e1ci\u00f3k az Ytong f\u00e9szekr\u0151l ar\u00e9n\u00e1val:<\/strong><br \/>\nTartalmazza:<br \/>\nAnyag: p\u00f3rusbeton, \u00fcveg, PMMA m\u0171anyag \u00e9s PVC.<\/p>\n<p><strong>Csatlakoz\u00e1s:<\/strong> 1x 14mm ny\u00edl\u00e1s; 1x 27mm ny\u00edl\u00e1s<\/p>\n<p><strong>Tartalom:<\/strong><br \/>\n1x p\u00f3rusbetonblokk 40x20x5 cm, 20 mm m\u00e9ly kamr\u00e1kkal.<br \/>\n1x 40\u00d720 cm-es \u00fcveglap 50 mm-es ny\u00edl\u00e1ssal \u00e9s egy 20\u00d720 cm-es ar\u00e9na.<br \/>\n1x hangya ar\u00e9na keret 20\u00d720<br \/>\n1x hangya ar\u00e9na bor\u00edt\u00e1s 20\u00d720<br \/>\n1x 50mm-es gy\u0171r\u0171 27mm-es ny\u00edl\u00e1ssal<br \/>\n1x formicarium dug\u00f3 13mm<br \/>\n2x formicarium dug\u00f3 27mm<br \/>\n2x 50mm-es formicarium dug\u00f3k<\/p>\n<p>V\u00edzmegtart\u00f3 tulajdons\u00e1gai miatt az anyag j\u00f3l alkalmas hangy\u00e1k tart\u00e1s\u00e1ra. Sz\u00e1mos f\u00f6ldben f\u00e9szkel\u0151 faj tart\u00e1s\u00e1ra haszn\u00e1lhat\u00f3 sz\u00e1raz \u00e9s nedves \u00e9l\u0151helyeken egyar\u00e1nt. A hangyafajt\u00f3l f\u00fcgg\u0151en c\u00e9lszer\u0171 a kamr\u00e1k alj\u00e1t agyagfest\u00e9kkel \u00e9s f\u00f6ldes aljzattal bor\u00edtani. Egyes fajok \u00edgy jobban \u00e9rzik magukat, a Ponerinae fajoknak p\u00e9ld\u00e1ul talajra van sz\u00fcks\u00e9g\u00fck ahhoz, hogy l\u00e1rv\u00e1ik megfelel\u0151en beb\u00e1boz\u00f3dhassanak. Mivel ez a f\u00e9szek m\u00e1r tartalmaz egy ar\u00e9n\u00e1t, teljes formik\u00e1riumrendszerk\u00e9nt haszn\u00e1lhat\u00f3.<\/p>\n<p><strong>Megjegyz\u00e9s:<\/strong><br \/>\nAnnak \u00e9rdek\u00e9ben, hogy a f\u00e9szek ter\u00fclet\u00e9nek nedves\u00edt\u00e9se ut\u00e1n ne sziv\u00e1rogjon ki a v\u00edz az Ytongb\u00f3l, \u00e9s ne gy\u0171lj\u00f6n \u00f6ssze az alatta l\u00e9v\u0151 b\u00fator fel\u00fclet\u00e9n, illetve a durva anyag ne karcolja meg a fel\u00fcleteket, aj\u00e1nljuk az Ytong f\u00e9szkekhez a hozz\u00e1 ill\u0151 \u00fcvegt\u00e1lc\u00e1k egyik\u00e9t. Ezek v\u00edz\u00e1ll\u00f3ak, \u00e9s hat\u00e9konyan v\u00e9dik az alatta l\u00e9v\u0151 fel\u00fcleteket a v\u00edz \u00e9s a karcol\u00e1sok okozta k\u00e1rokt\u00f3l.<\/p>\n<p><strong>Haszn\u00e1lja:<\/strong><br \/>\nM - L m\u00e9ret\u0171 hangyafajok eset\u00e9ben<br \/>\nA p\u00f3rusbeton nagyon t\u00f6r\u00e9keny \u00e9s t\u00f6r\u00e9keny anyag. Ez\u00e9rt nem lehet megakad\u00e1lyozni, hogy a sarkok \u00e9s \u00e9lek a gy\u00e1rt\u00e1s sor\u00e1n let\u00f6rjenek \u00e9s kiss\u00e9 egyenetlenn\u00e9 v\u00e1ljanak. Emiatt az Ytong f\u00e9szkek nem alkalmasak a nagyon kicsi, S m\u00e9ret\u0171 hangyafajok sz\u00e1m\u00e1ra, mivel ezek a fajok k\u00f6nnyen kit\u00f6rhetnek.<\/p>\n<p><span data-text-color=\"alert\"><strong>Fontos:<\/strong><\/span> Haszn\u00e1lat el\u0151tt nedves\u00edtse meg az aljzatot, hogy a kever\u00e9k meg tudjon k\u00f6t\u0151dni \u00e9s szil\u00e1rdan meg tudjon \u00e1llni a hangyafarmon. Ha az aljzat t\u00fal sz\u00e1raz \u00e9s poros, az elz\u00e1rhatja a hangy\u00e1k l\u00e9gz\u0151szerveit is, \u00e9s legrosszabb esetben fullad\u00e1shoz vezethet.<\/p>\n<p><strong>Aj\u00e1nl\u00e1s:<\/strong> Javasoljuk a 2 mm magas aljzatr\u00e9teget, hogy az \u00e1llatok ne tudj\u00e1k be\u00e1sni magukat az ar\u00e9n\u00e1ba, hanem ink\u00e1bb az erre a c\u00e9lra biztos\u00edtott tany\u00e1t haszn\u00e1lj\u00e1k. Javasoljuk tov\u00e1bb\u00e1, hogy a farmon l\u00e9v\u0151 f\u00e9szkel\u0151anyagot (homok\/agyag, Digfix stb.) egy helyen enyh\u00e9n sz\u00farjuk ki, hogy az \u00e1llatok sz\u00e1m\u00e1ra megk\u00f6nny\u00edts\u00fck az \u00e1s\u00e1st.<\/p>\n<p><strong>Megjegyz\u00e9sek a gy\u00e1rt\u00e1shoz<\/strong><br \/>\nAz \u00fcveg m\u00e9retre v\u00e1g\u00e1sa a DIN 1249 szabv\u00e1ny szerint t\u00f6rt\u00e9nik, +\/- 1 mm-es t\u0171r\u00e9ssel. A rendk\u00edv\u00fcl kis hangyafajok eset\u00e9ben kieg\u00e9sz\u00edt\u0151 kit\u00f6r\u00e9sv\u00e9delemre van sz\u00fcks\u00e9g.<\/p>\n<p><strong>Megjegyz\u00e9s Agyagfest\u00e9k:<\/strong><\/p>\n<p><strong>Le\u00edr\u00e1s:<\/strong> Ez a kever\u00e9k nem m\u00e9rgez\u0151 \u00e9s viszonylag v\u00edz\u00e1ll\u00f3 vakolaton \u00e9s betonon, de egy\u00e9bk\u00e9nt v\u00edzben old\u00f3dik.<\/p>\n<p><strong>Haszn\u00e1lati utas\u00edt\u00e1s:<\/strong><br \/>\nEz a kever\u00e9k haszn\u00e1latra k\u00e9sz, \u00e9s ecsettel azonnal felhordhat\u00f3 vakolatra vagy p\u00f3rusbetonra.<br \/>\n100 ml elegend\u0151 kb. 1\/4 m\u00b2 p\u00f3rusbetonhoz vagy 1\/2 m\u00b2 vakolathoz.<br \/>\nNedves \u00e1llapotban a fel\u00fcletet meg lehet sz\u00f3rni p\u00e9ld\u00e1ul homokkal, hogy m\u00e9g term\u00e9szetesebb hat\u00e1st \u00e9rj\u00fcnk el.<\/p>","protected":false},"excerpt":{"rendered":"<p>Csatlakoz\u00e1s: 1x14mm 1x27mm<br \/>\nM\u00e9ret: <strong><span style=\"color: #339966;\">M<\/span><\/strong><strong> &#8211; <span style=\"color: #0000ff;\">L<\/span><\/strong><\/p>","protected":false},"featured_media":8720,"comment_status":"open","ping_status":"closed","template":"","meta":{"_acf_changed":false,"content-type":"","_monsterinsights_skip_tracking":false,"_monsterinsights_sitenote_active":false,"_monsterinsights_sitenote_note":"","_monsterinsights_sitenote_category":0},"product_brand":[],"product_cat":[355,73],"product_tag":[],"class_list":{"0":"post-8717","1":"product","2":"type-product","3":"status-publish","4":"has-post-thumbnail","6":"product_cat-bundle-offers","7":"product_cat-starter-sets","8":"product_shipping_class-germany-only","10":"first","11":"outofstock","12":"taxable","13":"shipping-taxable","14":"purchasable","15":"product-type-simple"},"acf":[],"aioseo_notices":[],"jetpack_sharing_enabled":true,"_links":{"self":[{"href":"https:\/\/antcube.shop\/hu\/wp-json\/wp\/v2\/product\/8717","targetHints":{"allow":["GET"]}}],"collection":[{"href":"https:\/\/antcube.shop\/hu\/wp-json\/wp\/v2\/product"}],"about":[{"href":"https:\/\/antcube.shop\/hu\/wp-json\/wp\/v2\/types\/product"}],"replies":[{"embeddable":true,"href":"https:\/\/antcube.shop\/hu\/wp-json\/wp\/v2\/comments?post=8717"}],"wp:featuredmedia":[{"embeddable":true,"href":"https:\/\/antcube.shop\/hu\/wp-json\/wp\/v2\/media\/8720"}],"wp:attachment":[{"href":"https:\/\/antcube.shop\/hu\/wp-json\/wp\/v2\/media?parent=8717"}],"wp:term":[{"taxonomy":"product_brand","embeddable":true,"href":"https:\/\/antcube.shop\/hu\/wp-json\/wp\/v2\/product_brand?post=8717"},{"taxonomy":"product_cat","embeddable":true,"href":"https:\/\/antcube.shop\/hu\/wp-json\/wp\/v2\/product_cat?post=8717"},{"taxonomy":"product_tag","embeddable":true,"href":"https:\/\/antcube.shop\/hu\/wp-json\/wp\/v2\/product_tag?post=8717"}],"curies":[{"name":"wp","href":"https:\/\/api.w.org\/{rel}","templated":true}]}}