{"id":8518,"date":"2024-06-10T10:41:37","date_gmt":"2024-06-10T08:41:37","guid":{"rendered":"https:\/\/antcube.shop\/product\/poster\/"},"modified":"2025-09-30T10:22:23","modified_gmt":"2025-09-30T08:22:23","slug":"poszter-anatomia","status":"publish","type":"product","link":"https:\/\/antcube.shop\/hu\/termek\/poszter-anatomia\/","title":{"rendered":"Poszter anat\u00f3mia"},"content":{"rendered":"<p>M\u00fazeumi min\u0151s\u00e9g\u0171, vastag matt pap\u00edrra k\u00e9sz\u00fclt poszterek. Adjon csod\u00e1latos hangs\u00falyt szob\u00e1j\u00e1nak \u00e9s irod\u00e1j\u00e1nak ezekkel a poszterekkel, amelyek minden k\u00f6rnyezetet feldobnak.<\/p>\n<p>- Pap\u00edrvastags\u00e1g: 10,3 mil<br \/>\n- Pap\u00edr s\u00falya: 189 g\/m\u00b2<br \/>\n- Opacit\u00e1s: 94%<br \/>\n- ISO f\u00e9nyer\u0151: 104%<br \/>\n- A pap\u00edr Jap\u00e1nb\u00f3l sz\u00e1rmazik<\/p>\n<p>Ez a term\u00e9k kifejezetten az \u00d6n sz\u00e1m\u00e1ra k\u00e9sz\u00fcl, amint leadja a megrendel\u00e9st, ez\u00e9rt kicsit hosszabb ideig tart, mire kisz\u00e1ll\u00edtjuk \u00d6nnek. A term\u00e9kek ig\u00e9ny szerinti gy\u00e1rt\u00e1sa a nagy t\u00e9telben t\u00f6rt\u00e9n\u0151 gy\u00e1rt\u00e1s helyett seg\u00edt cs\u00f6kkenteni a t\u00faltermel\u00e9st, ez\u00e9rt k\u00f6sz\u00f6nj\u00fck, hogy \u00e1tgondolt v\u00e1s\u00e1rl\u00e1si d\u00f6nt\u00e9st hozt\u00e1l!<\/p>","protected":false},"excerpt":{"rendered":"<p>M\u00fazeumi min\u0151s\u00e9g\u0171, vastag matt pap\u00edrra k\u00e9sz\u00fclt poszterek. Adjon csod\u00e1latos hangs\u00falyt szob\u00e1j\u00e1nak \u00e9s irod\u00e1j\u00e1nak ezekkel a poszterekkel, amelyek minden k\u00f6rnyezetet feldobnak. - Pap\u00edrvastags\u00e1g: 10,3 mil - Pap\u00edrs\u00faly: 189 g\/m\u00b2 - Opacit\u00e1s: 94% - ISO-f\u00e9nyer\u0151: 104% - A pap\u00edr Jap\u00e1nb\u00f3l sz\u00e1rmazik Ez a term\u00e9k kifejezetten a","protected":false},"featured_media":8523,"comment_status":"open","ping_status":"closed","template":"","meta":{"_acf_changed":false,"content-type":"","_monsterinsights_skip_tracking":false,"_monsterinsights_sitenote_active":false,"_monsterinsights_sitenote_note":"","_monsterinsights_sitenote_category":0},"product_brand":[],"product_cat":[245],"product_tag":[],"class_list":{"0":"post-8518","1":"product","2":"type-product","3":"status-publish","4":"has-post-thumbnail","6":"product_cat-merchandise","8":"first","9":"instock","10":"taxable","11":"shipping-taxable","12":"purchasable","13":"product-type-variable"},"acf":[],"aioseo_notices":[],"jetpack_sharing_enabled":true,"_links":{"self":[{"href":"https:\/\/antcube.shop\/hu\/wp-json\/wp\/v2\/product\/8518","targetHints":{"allow":["GET"]}}],"collection":[{"href":"https:\/\/antcube.shop\/hu\/wp-json\/wp\/v2\/product"}],"about":[{"href":"https:\/\/antcube.shop\/hu\/wp-json\/wp\/v2\/types\/product"}],"replies":[{"embeddable":true,"href":"https:\/\/antcube.shop\/hu\/wp-json\/wp\/v2\/comments?post=8518"}],"wp:featuredmedia":[{"embeddable":true,"href":"https:\/\/antcube.shop\/hu\/wp-json\/wp\/v2\/media\/8523"}],"wp:attachment":[{"href":"https:\/\/antcube.shop\/hu\/wp-json\/wp\/v2\/media?parent=8518"}],"wp:term":[{"taxonomy":"product_brand","embeddable":true,"href":"https:\/\/antcube.shop\/hu\/wp-json\/wp\/v2\/product_brand?post=8518"},{"taxonomy":"product_cat","embeddable":true,"href":"https:\/\/antcube.shop\/hu\/wp-json\/wp\/v2\/product_cat?post=8518"},{"taxonomy":"product_tag","embeddable":true,"href":"https:\/\/antcube.shop\/hu\/wp-json\/wp\/v2\/product_tag?post=8518"}],"curies":[{"name":"wp","href":"https:\/\/api.w.org\/{rel}","templated":true}]}}