{"id":8185,"date":"2024-06-10T10:28:06","date_gmt":"2024-06-10T08:28:06","guid":{"rendered":"https:\/\/antcube.shop\/product\/boxer-briefs\/"},"modified":"2024-12-12T11:08:38","modified_gmt":"2024-12-12T10:08:38","slug":"boxeralso","status":"publish","type":"product","link":"https:\/\/antcube.shop\/hu\/termek\/boxeralso\/","title":{"rendered":"Boxer als\u00f3nadr\u00e1g"},"content":{"rendered":"<p>Ezek a boxerals\u00f3k puha \u00e9s rugalmas anyagb\u00f3l k\u00e9sz\u00fcltek, amely eg\u00e9sz nap biztos\u00edtja a k\u00e9nyelmet. A boxerals\u00f3nak nincs h\u00e1ts\u00f3 varr\u00e1sa, \u00e9s b\u00e9lelt els\u0151 tasakkal rendelkezik az extra k\u00e9nyelem \u00e9s t\u00e1mogat\u00e1s \u00e9rdek\u00e9ben. <\/p>\n<p>- 95% poli\u00e9szter, 5% elaszt\u00e1n (a sz\u00f6vet \u00f6sszet\u00e9tele 1%-enk\u00e9nt v\u00e1ltozhat).<br \/>\n- K\u00f6z\u00e9pmagasan<br \/>\n- B\u00e9lelt els\u0151 tasak a tov\u00e1bbi t\u00e1mogat\u00e1s\u00e9rt<br \/>\n- 4 cm sz\u00e9les, rugalmas, sz\u00f6vetbor\u00edt\u00e1s\u00fa der\u00e9kp\u00e1nt<br \/>\n- L\u00e1bk\u00f6z\u00e9p panel <br \/>\n- Overlock \u00e9s coverstitch <br \/>\n- Nincs h\u00e1ts\u00f3 varr\u00e1s az extra k\u00e9nyelem\u00e9rt<br \/>\n- Litv\u00e1ni\u00e1b\u00f3l sz\u00e1rmaz\u00f3 \u00fcres term\u00e9k\u00f6sszetev\u0151k az EU-ban<br \/>\n- Mexik\u00f3ban az USA-b\u00f3l \u00e9s K\u00edn\u00e1b\u00f3l sz\u00e1rmaz\u00f3 \u00fcres term\u00e9kalkatr\u00e9szek Mexik\u00f3ban<\/p>","protected":false},"excerpt":{"rendered":"<p>Ezek a boxerals\u00f3k puha \u00e9s rugalmas anyagb\u00f3l k\u00e9sz\u00fcltek, amely eg\u00e9sz nap biztos\u00edtja a k\u00e9nyelmet. A boxerals\u00f3nak nincs h\u00e1ts\u00f3 varr\u00e1sa, \u00e9s b\u00e9lelt els\u0151 tasakkal rendelkezik az extra k\u00e9nyelem \u00e9s t\u00e1mogat\u00e1s \u00e9rdek\u00e9ben. - 95% poli\u00e9szter, 5% elaszt\u00e1n (az anyag\u00f6sszet\u00e9tel 1%-enk\u00e9nt v\u00e1ltozhat) - K\u00f6z\u00e9pmagas\u00edtott szab\u00e1svonal - B\u00e9lelt el\u00fcls\u0151 tasak a tov\u00e1bbi k\u00e9nyelem\u00e9rt.","protected":false},"featured_media":8195,"comment_status":"open","ping_status":"closed","template":"","meta":{"_acf_changed":false,"content-type":"","_monsterinsights_skip_tracking":false,"_monsterinsights_sitenote_active":false,"_monsterinsights_sitenote_note":"","_monsterinsights_sitenote_category":0},"product_brand":[],"product_cat":[245],"product_tag":[],"class_list":{"0":"post-8185","1":"product","2":"type-product","3":"status-publish","4":"has-post-thumbnail","6":"product_cat-merchandise","8":"first","9":"instock","10":"taxable","11":"shipping-taxable","12":"purchasable","13":"product-type-variable"},"acf":[],"aioseo_notices":[],"jetpack_sharing_enabled":true,"_links":{"self":[{"href":"https:\/\/antcube.shop\/hu\/wp-json\/wp\/v2\/product\/8185","targetHints":{"allow":["GET"]}}],"collection":[{"href":"https:\/\/antcube.shop\/hu\/wp-json\/wp\/v2\/product"}],"about":[{"href":"https:\/\/antcube.shop\/hu\/wp-json\/wp\/v2\/types\/product"}],"replies":[{"embeddable":true,"href":"https:\/\/antcube.shop\/hu\/wp-json\/wp\/v2\/comments?post=8185"}],"wp:featuredmedia":[{"embeddable":true,"href":"https:\/\/antcube.shop\/hu\/wp-json\/wp\/v2\/media\/8195"}],"wp:attachment":[{"href":"https:\/\/antcube.shop\/hu\/wp-json\/wp\/v2\/media?parent=8185"}],"wp:term":[{"taxonomy":"product_brand","embeddable":true,"href":"https:\/\/antcube.shop\/hu\/wp-json\/wp\/v2\/product_brand?post=8185"},{"taxonomy":"product_cat","embeddable":true,"href":"https:\/\/antcube.shop\/hu\/wp-json\/wp\/v2\/product_cat?post=8185"},{"taxonomy":"product_tag","embeddable":true,"href":"https:\/\/antcube.shop\/hu\/wp-json\/wp\/v2\/product_tag?post=8185"}],"curies":[{"name":"wp","href":"https:\/\/api.w.org\/{rel}","templated":true}]}}