{"id":8070,"date":"2024-06-07T18:24:40","date_gmt":"2024-06-07T16:24:40","guid":{"rendered":"https:\/\/antcube.shop\/product\/unisex-t-shirt\/"},"modified":"2024-12-12T11:08:49","modified_gmt":"2024-12-12T10:08:49","slug":"unisex-polo","status":"publish","type":"product","link":"https:\/\/antcube.shop\/hu\/termek\/unisex-polo\/","title":{"rendered":"Unisex p\u00f3l\u00f3"},"content":{"rendered":"<p>Ez a p\u00f3l\u00f3 minden, amir\u0151l \u00e1lmodt\u00e1l, \u00e9s m\u00e9g ann\u00e1l is t\u00f6bb. Puha \u00e9s k\u00f6nny\u0171 \u00e9rz\u00e9s, a megfelel\u0151 m\u00e9rt\u00e9k\u0171 sztreccsel. K\u00e9nyelmes \u00e9s mindenki sz\u00e1m\u00e1ra h\u00edzelg\u0151. <\/p>\n<p>- 100% f\u00e9s\u00fclt \u00e9s gy\u0171r\u0171sfonott pamut (a Heather sz\u00ednek poli\u00e9sztert tartalmaznak).<br \/>\n- Sz\u00f6vet s\u00falya: 4,2 oz.\/yd.\u00b2 (142 g\/m\u00b2)<br \/>\n- El\u0151re zsugor\u00edtott sz\u00f6vet<br \/>\n- Oldalvarrott szerkezet<br \/>\n- V\u00e1llt\u00f3l-v\u00e1llig tart\u00f3 szalagoz\u00e1s<br \/>\n- Nicaragu\u00e1b\u00f3l, Mexik\u00f3b\u00f3l, Hondurasb\u00f3l vagy az USA-b\u00f3l sz\u00e1rmaz\u00f3 \u00fcres term\u00e9k.<\/p>\n<p>Ez a term\u00e9k kifejezetten az \u00d6n sz\u00e1m\u00e1ra k\u00e9sz\u00fcl, amint leadja a megrendel\u00e9st, ez\u00e9rt kicsit hosszabb ideig tart, mire kisz\u00e1ll\u00edtjuk \u00d6nnek. A term\u00e9kek ig\u00e9ny szerinti gy\u00e1rt\u00e1sa a nagy t\u00e9telben t\u00f6rt\u00e9n\u0151 gy\u00e1rt\u00e1s helyett seg\u00edt cs\u00f6kkenteni a t\u00faltermel\u00e9st, ez\u00e9rt k\u00f6sz\u00f6nj\u00fck, hogy \u00e1tgondolt v\u00e1s\u00e1rl\u00e1si d\u00f6nt\u00e9st hozt\u00e1l!<\/p>","protected":false},"excerpt":{"rendered":"<p>Ez a p\u00f3l\u00f3 minden, amir\u0151l \u00e1lmodt\u00e1l, \u00e9s m\u00e9g ann\u00e1l is t\u00f6bb. Puha \u00e9s k\u00f6nny\u0171 \u00e9rz\u00e9s, a megfelel\u0151 m\u00e9rt\u00e9k\u0171 sztreccsel. K\u00e9nyelmes \u00e9s mindenki sz\u00e1m\u00e1ra h\u00edzelg\u0151. - 100% f\u00e9s\u00fclt \u00e9s gy\u0171r\u0171sfon\u00e1s\u00fa pamut (a Heather sz\u00ednek poli\u00e9sztert tartalmaznak) - Sz\u00f6vets\u00faly: 4,2 oz.\/yd.\u00b2 (142 g\/m\u00b2) - El\u0151re \u00f6sszemosott anyag - Oldalvarr\u00e1sos kialak\u00edt\u00e1s - V\u00e1llt\u00f3l v\u00e1llig szalagoz\u00e1s - \u00dcres term\u00e9k.","protected":false},"featured_media":8150,"comment_status":"open","ping_status":"closed","template":"","meta":{"_acf_changed":false,"content-type":"","_monsterinsights_skip_tracking":false,"_monsterinsights_sitenote_active":false,"_monsterinsights_sitenote_note":"","_monsterinsights_sitenote_category":0},"product_brand":[],"product_cat":[245],"product_tag":[],"class_list":{"0":"post-8070","1":"product","2":"type-product","3":"status-publish","4":"has-post-thumbnail","6":"product_cat-merchandise","8":"first","9":"instock","10":"taxable","11":"shipping-taxable","12":"purchasable","13":"product-type-variable"},"acf":[],"aioseo_notices":[],"jetpack_sharing_enabled":true,"_links":{"self":[{"href":"https:\/\/antcube.shop\/hu\/wp-json\/wp\/v2\/product\/8070","targetHints":{"allow":["GET"]}}],"collection":[{"href":"https:\/\/antcube.shop\/hu\/wp-json\/wp\/v2\/product"}],"about":[{"href":"https:\/\/antcube.shop\/hu\/wp-json\/wp\/v2\/types\/product"}],"replies":[{"embeddable":true,"href":"https:\/\/antcube.shop\/hu\/wp-json\/wp\/v2\/comments?post=8070"}],"wp:featuredmedia":[{"embeddable":true,"href":"https:\/\/antcube.shop\/hu\/wp-json\/wp\/v2\/media\/8150"}],"wp:attachment":[{"href":"https:\/\/antcube.shop\/hu\/wp-json\/wp\/v2\/media?parent=8070"}],"wp:term":[{"taxonomy":"product_brand","embeddable":true,"href":"https:\/\/antcube.shop\/hu\/wp-json\/wp\/v2\/product_brand?post=8070"},{"taxonomy":"product_cat","embeddable":true,"href":"https:\/\/antcube.shop\/hu\/wp-json\/wp\/v2\/product_cat?post=8070"},{"taxonomy":"product_tag","embeddable":true,"href":"https:\/\/antcube.shop\/hu\/wp-json\/wp\/v2\/product_tag?post=8070"}],"curies":[{"name":"wp","href":"https:\/\/api.w.org\/{rel}","templated":true}]}}