{"id":7997,"date":"2024-06-07T18:17:29","date_gmt":"2024-06-07T16:17:29","guid":{"rendered":"https:\/\/antcube.shop\/product\/unisex-hoodie\/"},"modified":"2024-12-12T11:08:58","modified_gmt":"2024-12-12T10:08:58","slug":"unisex-kapucnis-pulover","status":"publish","type":"product","link":"https:\/\/antcube.shop\/hu\/termek\/unisex-kapucnis-pulover\/","title":{"rendered":"Unisex kapucnis pul\u00f3ver"},"content":{"rendered":"<p>Mindenkinek sz\u00fcks\u00e9ge van egy k\u00e9nyelmes kapucnis pul\u00f3verre, amiben \u00f6sszeg\u00f6mb\u00f6ly\u00f6dhet, ez\u00e9rt v\u00e1lasszon egyet, ami puha, sima \u00e9s st\u00edlusos. T\u00f6k\u00e9letes v\u00e1laszt\u00e1s a h\u0171v\u00f6sebb est\u00e9kre!<\/p>\n<p>- 50% el\u0151zsugor\u00edtott pamut, 50% poli\u00e9szter<br \/>\n- Sz\u00f6vet s\u00falya: 8,0 oz\/yd\u00b2 (271,25 g\/m\u00b2)<br \/>\n- L\u00e9gsugaras fonal, puha tapint\u00e1s\u00fa \u00e9s cs\u00f6kkentett pillinggel<br \/>\n- Dupla b\u00e9l\u00e9s\u0171 kapucni megfelel\u0151 h\u00faz\u00f3zsin\u00f3rral<br \/>\n- Negyedr\u00e9szben elford\u00edtott test, hogy elker\u00fclje a k\u00f6z\u00e9pen l\u00e9v\u0151 gy\u0171r\u0151d\u00e9st.<br \/>\n- 1 \u00d7 1 sportos, bord\u00e1s, k\u00f6t\u00f6tt mandzsett\u00e1k \u00e9s der\u00e9kp\u00e1nt spandexszel<br \/>\n- El\u00fcls\u0151 zseb<br \/>\n- Dupla t\u0171vel varrott gall\u00e9r, v\u00e1llak, h\u00f3nalj, mandzsetta \u00e9s szeg\u00e9ly.<br \/>\n- Bangladesb\u0151l, Nicaragu\u00e1b\u00f3l, Hondurasb\u00f3l vagy El Salvadorb\u00f3l sz\u00e1rmaz\u00f3 \u00fcres term\u00e9k.<\/p>\n<p>Ez a term\u00e9k kifejezetten az \u00d6n sz\u00e1m\u00e1ra k\u00e9sz\u00fcl, amint leadja a megrendel\u00e9st, ez\u00e9rt kicsit hosszabb ideig tart, mire kisz\u00e1ll\u00edtjuk \u00d6nnek. A term\u00e9kek ig\u00e9ny szerinti gy\u00e1rt\u00e1sa a nagy t\u00e9telben t\u00f6rt\u00e9n\u0151 gy\u00e1rt\u00e1s helyett seg\u00edt cs\u00f6kkenteni a t\u00faltermel\u00e9st, ez\u00e9rt k\u00f6sz\u00f6nj\u00fck, hogy \u00e1tgondolt v\u00e1s\u00e1rl\u00e1si d\u00f6nt\u00e9st hozt\u00e1l!<\/p>","protected":false},"excerpt":{"rendered":"<p>Mindenkinek sz\u00fcks\u00e9ge van egy k\u00e9nyelmes kapucnis pul\u00f3verre, amiben \u00f6sszeg\u00f6mb\u00f6ly\u00f6dhet, ez\u00e9rt v\u00e1lasszon egyet, ami puha, sima \u00e9s st\u00edlusos. T\u00f6k\u00e9letes v\u00e1laszt\u00e1s a h\u0171v\u00f6sebb est\u00e9kre! - 50% el\u0151meleg\u00edtett pamut, 50% poli\u00e9szter - Sz\u00f6vets\u00faly: 8,0 oz\/yd\u00b2 (271,25 g\/m\u00b2) - L\u00e9gsugaras fonal puha tapint\u00e1s\u00fa \u00e9s kev\u00e9sb\u00e9 pillinges - Dupla b\u00e9l\u00e9s\u0171 kapucni, hozz\u00e1 ill\u0151 kapucnival.","protected":false},"featured_media":8060,"comment_status":"open","ping_status":"closed","template":"","meta":{"_acf_changed":false,"content-type":"","_monsterinsights_skip_tracking":false,"_monsterinsights_sitenote_active":false,"_monsterinsights_sitenote_note":"","_monsterinsights_sitenote_category":0},"product_brand":[],"product_cat":[245],"product_tag":[],"class_list":{"0":"post-7997","1":"product","2":"type-product","3":"status-publish","4":"has-post-thumbnail","6":"product_cat-merchandise","8":"first","9":"instock","10":"taxable","11":"shipping-taxable","12":"purchasable","13":"product-type-variable"},"acf":[],"aioseo_notices":[],"jetpack_sharing_enabled":true,"_links":{"self":[{"href":"https:\/\/antcube.shop\/hu\/wp-json\/wp\/v2\/product\/7997","targetHints":{"allow":["GET"]}}],"collection":[{"href":"https:\/\/antcube.shop\/hu\/wp-json\/wp\/v2\/product"}],"about":[{"href":"https:\/\/antcube.shop\/hu\/wp-json\/wp\/v2\/types\/product"}],"replies":[{"embeddable":true,"href":"https:\/\/antcube.shop\/hu\/wp-json\/wp\/v2\/comments?post=7997"}],"wp:featuredmedia":[{"embeddable":true,"href":"https:\/\/antcube.shop\/hu\/wp-json\/wp\/v2\/media\/8060"}],"wp:attachment":[{"href":"https:\/\/antcube.shop\/hu\/wp-json\/wp\/v2\/media?parent=7997"}],"wp:term":[{"taxonomy":"product_brand","embeddable":true,"href":"https:\/\/antcube.shop\/hu\/wp-json\/wp\/v2\/product_brand?post=7997"},{"taxonomy":"product_cat","embeddable":true,"href":"https:\/\/antcube.shop\/hu\/wp-json\/wp\/v2\/product_cat?post=7997"},{"taxonomy":"product_tag","embeddable":true,"href":"https:\/\/antcube.shop\/hu\/wp-json\/wp\/v2\/product_tag?post=7997"}],"curies":[{"name":"wp","href":"https:\/\/api.w.org\/{rel}","templated":true}]}}