{"id":7942,"date":"2024-05-29T15:42:05","date_gmt":"2024-05-29T13:42:05","guid":{"rendered":"https:\/\/antcube.shop\/product\/rote-abdeckplatte-20x20-liegend\/"},"modified":"2026-04-05T10:26:16","modified_gmt":"2026-04-05T08:26:16","slug":"piros-fedolap-20x20","status":"publish","type":"product","link":"https:\/\/antcube.shop\/hu\/termek\/piros-fedolap-20x20\/","title":{"rendered":"Piros fed\u0151lap 20\u00d720 - v\u00edzszintes"},"content":{"rendered":"<p><strong>M\u00e9retek:<\/strong> 180 x 180 mm,<br \/>\n<strong>Vastags\u00e1g:<\/strong> 3 mm<br \/>\n56 mm-es lyukgy\u0171r\u0171 k\u00fcls\u0151 m\u00e9rete - 33 mm-es lyuk bels\u0151 m\u00e9rete<\/p>\n<p><strong>Anyag:<\/strong> PMMA<\/p>\n<p><strong>Sz\u00edn:<\/strong> s\u00f6t\u00e9tv\u00f6r\u00f6s, \u00e1tl\u00e1tsz\u00f3<\/p>\n<p><strong>Tartalom:<\/strong> 1 db.<\/p>\n<p><strong>Le\u00edr\u00e1s:<\/strong> A piros, v\u00edzszintes, \u00e1tl\u00e1tsz\u00f3 fed\u0151lap arra szolg\u00e1l, hogy a hangy\u00e1knak f\u00f6ldalatti \u00e9rz\u00e9st adjon. Ez\u00e9rt javasoljuk, hogy ezt a term\u00e9ket legal\u00e1bb r\u00e9szben a f\u00e9szek ter\u00fclet\u00e9n haszn\u00e1ljuk. A fed\u0151lapon kereszt\u00fcl m\u00e9g a f\u00e9szekben l\u00e9v\u0151 hangy\u00e1kat is l\u00e1thatja.<\/p>","protected":false},"excerpt":{"rendered":"<p>M\u00e9retek: Vastags\u00e1g: 180 x 180 mm: Anyag: 3 mm 56 mm-es lyukgy\u0171r\u0171 k\u00fcls\u0151 m\u00e9rete - 33 mm-es lyuk bels\u0151 m\u00e9rete Anyag: 56 mm-es lyukgy\u0171r\u0171 k\u00fcls\u0151 m\u00e9rete - 33 mm-es lyuk bels\u0151 m\u00e9rete: PMMA Sz\u00edn: s\u00f6t\u00e9tv\u00f6r\u00f6s, \u00e1tl\u00e1tsz\u00f3 Tartalom: PMMA, PMMA, PMMA, PMMA, PMMA, PMMA, PMMA: 1 db.  A piros \u00e1tl\u00e1tsz\u00f3 fed\u0151lap - v\u00edzszintes, arra szolg\u00e1l, hogy a hangy\u00e1knak f\u00f6ldalatti \u00e9rz\u00e9st adjon. Ez\u00e9rt javasoljuk, hogy ezt a term\u00e9ket legal\u00e1bb r\u00e9szben a","protected":false},"featured_media":7945,"comment_status":"open","ping_status":"closed","template":"","meta":{"_acf_changed":false,"content-type":"","_monsterinsights_skip_tracking":false,"_monsterinsights_sitenote_active":false,"_monsterinsights_sitenote_note":"","_monsterinsights_sitenote_category":0},"product_brand":[],"product_cat":[119,239],"product_tag":[],"class_list":{"0":"post-7942","1":"product","2":"type-product","3":"status-publish","4":"has-post-thumbnail","6":"product_cat-formicarium-components","7":"product_cat-useful-additions","9":"first","10":"instock","11":"taxable","12":"shipping-taxable","13":"purchasable","14":"product-type-simple"},"acf":[],"aioseo_notices":[],"jetpack_sharing_enabled":true,"_links":{"self":[{"href":"https:\/\/antcube.shop\/hu\/wp-json\/wp\/v2\/product\/7942","targetHints":{"allow":["GET"]}}],"collection":[{"href":"https:\/\/antcube.shop\/hu\/wp-json\/wp\/v2\/product"}],"about":[{"href":"https:\/\/antcube.shop\/hu\/wp-json\/wp\/v2\/types\/product"}],"replies":[{"embeddable":true,"href":"https:\/\/antcube.shop\/hu\/wp-json\/wp\/v2\/comments?post=7942"}],"wp:featuredmedia":[{"embeddable":true,"href":"https:\/\/antcube.shop\/hu\/wp-json\/wp\/v2\/media\/7945"}],"wp:attachment":[{"href":"https:\/\/antcube.shop\/hu\/wp-json\/wp\/v2\/media?parent=7942"}],"wp:term":[{"taxonomy":"product_brand","embeddable":true,"href":"https:\/\/antcube.shop\/hu\/wp-json\/wp\/v2\/product_brand?post=7942"},{"taxonomy":"product_cat","embeddable":true,"href":"https:\/\/antcube.shop\/hu\/wp-json\/wp\/v2\/product_cat?post=7942"},{"taxonomy":"product_tag","embeddable":true,"href":"https:\/\/antcube.shop\/hu\/wp-json\/wp\/v2\/product_tag?post=7942"}],"curies":[{"name":"wp","href":"https:\/\/api.w.org\/{rel}","templated":true}]}}