{"id":7590,"date":"2024-04-04T16:24:13","date_gmt":"2024-04-04T14:24:13","guid":{"rendered":"https:\/\/antcube.shop\/product\/thermo-hygrometer-analog-display-43mm-hangend\/"},"modified":"2026-04-13T10:49:00","modified_gmt":"2026-04-13T08:49:00","slug":"ho-es-nedvessegmero-analog-kijelzovel-43mm-akasztva","status":"publish","type":"product","link":"https:\/\/antcube.shop\/hu\/termek\/ho-es-nedvessegmero-analog-kijelzovel-43mm-akasztva\/","title":{"rendered":"H\u0151m\u00e9rs\u00e9klet- higrom\u00e9ter anal\u00f3g - kijelz\u0151 - 43mm - akaszt\u00f3s"},"content":{"rendered":"<p><strong>M\u00e9retek:<\/strong> 73mm x 63mm, 20mm m\u00e9ly<\/p>\n<p><strong>Anyag:<\/strong> f\u00e9m \/ akril<\/p>\n<p><strong>Sz\u00edn:<\/strong> f\u00e9m, ez\u00fcst \/ \u00e1tl\u00e1tsz\u00f3<\/p>\n<p><strong>Tartalom:<\/strong> 1x h\u0151m\u00e9r\u0151 anal\u00f3g f\u00e9m - 43mm, 1x akril \u00fcvegtart\u00f3 a m\u00e9r\u0151m\u0171szer sz\u00e1m\u00e1ra - 73x59mm, 1x akril \u00fcveg alap - 73x20mm, 2x \u00e1tl\u00e1tsz\u00f3 ragaszt\u00f3p\u00e1rna - 30x20mm.<\/p>\n<p><strong>Le\u00edr\u00e1s:<\/strong><br \/>\nA k\u00e9szlet egy f\u00e9mb\u0151l k\u00e9sz\u00fclt anal\u00f3g h\u0151m\u00e9r\u0151b\u0151l \u00e9s higrom\u00e9terb\u0151l (43 mm) \u00e1ll, amely egy akril \u00fcveglapba (73x59 mm) van behelyezve. A kijelz\u0151t k\u00e9t \u00e1tl\u00e1tsz\u00f3 ragaszt\u00f3p\u00e1rna seg\u00edts\u00e9g\u00e9vel r\u00f6gz\u00edtj\u00fck, amelyekkel az alapot (73x20mm) fej f\u00f6l\u00f6tt ar\u00e9naburkolatokhoz vagy keretekhez r\u00f6gz\u00edthetj\u00fck.<\/p>\n<p><strong>Fontos:<\/strong><br \/>\nA m\u00e9r\u0151eszk\u00f6z h\u00e1tulj\u00e1t szabadon kell tartani, k\u00fcl\u00f6nben m\u00e9r\u00e9si hib\u00e1k l\u00e9phetnek fel.<\/p>\n<p><strong>Pontoss\u00e1gi h\u0151m\u00e9r\u0151:<\/strong> +\/- 2\u00b0C , +\/- 4\u00b0F<br \/>\n<strong>Pontoss\u00e1gm\u00e9r\u0151 higrom\u00e9ter:<\/strong> +\/- 5%<\/p>","protected":false},"excerpt":{"rendered":"<p>H\u0151m\u00e9r\u0151 \u00e9s higrom\u00e9ter k\u00e9szlet f\u00e9mb\u0151l (43mm) akril \u00fcveglapba (73x63mm) illesztve.<\/p>","protected":false},"featured_media":7580,"comment_status":"open","ping_status":"closed","template":"","meta":{"_acf_changed":false,"content-type":"","_monsterinsights_skip_tracking":false,"_monsterinsights_sitenote_active":false,"_monsterinsights_sitenote_note":"","_monsterinsights_sitenote_category":0},"product_brand":[],"product_cat":[359,119],"product_tag":[],"class_list":{"0":"post-7590","1":"product","2":"type-product","3":"status-publish","4":"has-post-thumbnail","6":"product_cat-light-heat-humidity","7":"product_cat-formicarium-components","9":"first","10":"instock","11":"taxable","12":"shipping-taxable","13":"purchasable","14":"product-type-simple"},"acf":[],"aioseo_notices":[],"jetpack_sharing_enabled":true,"_links":{"self":[{"href":"https:\/\/antcube.shop\/hu\/wp-json\/wp\/v2\/product\/7590","targetHints":{"allow":["GET"]}}],"collection":[{"href":"https:\/\/antcube.shop\/hu\/wp-json\/wp\/v2\/product"}],"about":[{"href":"https:\/\/antcube.shop\/hu\/wp-json\/wp\/v2\/types\/product"}],"replies":[{"embeddable":true,"href":"https:\/\/antcube.shop\/hu\/wp-json\/wp\/v2\/comments?post=7590"}],"wp:featuredmedia":[{"embeddable":true,"href":"https:\/\/antcube.shop\/hu\/wp-json\/wp\/v2\/media\/7580"}],"wp:attachment":[{"href":"https:\/\/antcube.shop\/hu\/wp-json\/wp\/v2\/media?parent=7590"}],"wp:term":[{"taxonomy":"product_brand","embeddable":true,"href":"https:\/\/antcube.shop\/hu\/wp-json\/wp\/v2\/product_brand?post=7590"},{"taxonomy":"product_cat","embeddable":true,"href":"https:\/\/antcube.shop\/hu\/wp-json\/wp\/v2\/product_cat?post=7590"},{"taxonomy":"product_tag","embeddable":true,"href":"https:\/\/antcube.shop\/hu\/wp-json\/wp\/v2\/product_tag?post=7590"}],"curies":[{"name":"wp","href":"https:\/\/api.w.org\/{rel}","templated":true}]}}