{"id":7589,"date":"2024-04-04T16:24:06","date_gmt":"2024-04-04T14:24:06","guid":{"rendered":"https:\/\/antcube.shop\/product\/mini-thermo-hygrometer-analog-metall-43mm\/"},"modified":"2026-04-15T09:42:42","modified_gmt":"2026-04-15T07:42:42","slug":"mini-termo-higrometer-analog-fem-43mm","status":"publish","type":"product","link":"https:\/\/antcube.shop\/hu\/termek\/mini-termo-higrometer-analog-fem-43mm\/","title":{"rendered":"Mini h\u0151m\u00e9r\u0151 anal\u00f3g f\u00e9m - 43mm"},"content":{"rendered":"<p><strong>M\u00e9ret:<\/strong> 43mm (40mm-es lyukhoz)<\/p>\n<p><strong>Anyag \/ sz\u00edn:<\/strong> f\u00e9m, ez\u00fcst<\/p>\n<p><strong>M\u00e9r\u00e9s:<\/strong><\/p>\n<p><strong>H\u0151m\u00e9r\u0151:<\/strong> -20 \u00e9s +50\u00b0C \/ -10 \u00e9s +130\u00b0F k\u00f6z\u00f6tt<br \/>\n<strong>Pontoss\u00e1g:<\/strong> +\/- 2\u00b0C , +\/- 4\u00b0F<\/p>\n<p><strong>Hidrom\u00e9ter:<\/strong> 0 \u00e9s 100% k\u00f6z\u00f6tt<br \/>\n<strong>Pontoss\u00e1g:<\/strong> +\/- 5%<\/p>\n<p><strong>Le\u00edr\u00e1s:<\/strong><br \/>\nAnal\u00f3g termo\/higrom\u00e9ter, amely k\u00fcl\u00f6n\u00f6sen alkalmas a nagyon kicsi formik\u00e1ri\u00e1khoz.<\/p>\n<p><strong>Megjegyz\u00e9s:<\/strong><br \/>\nA h\u00e1toldalon l\u00e9v\u0151 m\u00e9r\u0151eszk\u00f6z\u00f6knek szabadon kell maradniuk, k\u00fcl\u00f6nben m\u00e9r\u00e9si hib\u00e1k l\u00e9phetnek fel.<\/p>","protected":false},"excerpt":{"rendered":"<p>M\u00e9ret: 43mm (40mm-es lyukhoz) Anyag \/ sz\u00edn: f\u00e9m, ez\u00fcst M\u00e9ret: 43mm (40mm-es lyukhoz): H\u0151m\u00e9r\u0151: -20 \u00e9s +50\u00b0C \/ -10 \u00e9s +130\u00b0F k\u00f6z\u00f6tt: H\u0151m\u00e9r\u0151: 0 \u00e9s 100% pontoss\u00e1g: +\/- 2\u00b0C , +\/- 4\u00b0F H\u0151m\u00e9rs\u00e9kletm\u00e9r\u0151: 0 \u00e9s 100% pontoss\u00e1g: +\/- 2\u00b0C , +\/- 4\u00b0F pontoss\u00e1g: +\/- 2\u00b0C , +\/- 4\u00b0F pontoss\u00e1g: 0 \u00e9s 100% pontoss\u00e1g: +\/- 2\u00b0C , +\/- 4\u00b0F  Anal\u00f3g termo\/hygrom\u00e9ter, amely k\u00fcl\u00f6n\u00f6sen alkalmas a nagyon kicsi formik\u00e1ri\u00e1khoz. Megjegyz\u00e9s: A h\u00e1toldalon l\u00e9v\u0151 m\u00e9r\u0151m\u0171szereknek szabadon kell maradniuk, k\u00fcl\u00f6nben a m\u00e9r\u00e9st","protected":false},"featured_media":7581,"comment_status":"open","ping_status":"closed","template":"","meta":{"_acf_changed":false,"content-type":"","_monsterinsights_skip_tracking":false,"_monsterinsights_sitenote_active":false,"_monsterinsights_sitenote_note":"","_monsterinsights_sitenote_category":0},"product_brand":[],"product_cat":[359,119],"product_tag":[],"class_list":{"0":"post-7589","1":"product","2":"type-product","3":"status-publish","4":"has-post-thumbnail","6":"product_cat-light-heat-humidity","7":"product_cat-formicarium-components","9":"first","10":"instock","11":"taxable","12":"shipping-taxable","13":"purchasable","14":"product-type-simple"},"acf":[],"aioseo_notices":[],"jetpack_sharing_enabled":true,"_links":{"self":[{"href":"https:\/\/antcube.shop\/hu\/wp-json\/wp\/v2\/product\/7589","targetHints":{"allow":["GET"]}}],"collection":[{"href":"https:\/\/antcube.shop\/hu\/wp-json\/wp\/v2\/product"}],"about":[{"href":"https:\/\/antcube.shop\/hu\/wp-json\/wp\/v2\/types\/product"}],"replies":[{"embeddable":true,"href":"https:\/\/antcube.shop\/hu\/wp-json\/wp\/v2\/comments?post=7589"}],"wp:featuredmedia":[{"embeddable":true,"href":"https:\/\/antcube.shop\/hu\/wp-json\/wp\/v2\/media\/7581"}],"wp:attachment":[{"href":"https:\/\/antcube.shop\/hu\/wp-json\/wp\/v2\/media?parent=7589"}],"wp:term":[{"taxonomy":"product_brand","embeddable":true,"href":"https:\/\/antcube.shop\/hu\/wp-json\/wp\/v2\/product_brand?post=7589"},{"taxonomy":"product_cat","embeddable":true,"href":"https:\/\/antcube.shop\/hu\/wp-json\/wp\/v2\/product_cat?post=7589"},{"taxonomy":"product_tag","embeddable":true,"href":"https:\/\/antcube.shop\/hu\/wp-json\/wp\/v2\/product_tag?post=7589"}],"curies":[{"name":"wp","href":"https:\/\/api.w.org\/{rel}","templated":true}]}}