{"id":7588,"date":"2024-04-04T16:18:04","date_gmt":"2024-04-04T14:18:04","guid":{"rendered":"https:\/\/antcube.shop\/product\/saugnapfhalter-16mm-2-stk\/"},"modified":"2026-04-13T09:29:41","modified_gmt":"2026-04-13T07:29:41","slug":"tapadokorong-tarto-16mm","status":"publish","type":"product","link":"https:\/\/antcube.shop\/hu\/termek\/tapadokorong-tarto-16mm\/","title":{"rendered":"Tapad\u00f3korong tart\u00f3 16mm - 2 db."},"content":{"rendered":"<p><strong>Tartalom:<\/strong><br \/>\n2x tapad\u00f3korongos r\u00f6gz\u00edt\u00e9s 16mm<\/p>\n<p><strong>Le\u00edr\u00e1s:<\/strong><br \/>\nFog\u00f3tart\u00f3 16 mm-es \u00e9s 18 mm-es k\u00e9mcs\u00f6vekhez.<br \/>\nHaszn\u00e1lhat\u00f3 f\u00e9szekcs\u00f6vek \/ k\u00e9mcs\u00f6vek r\u00f6gz\u00edt\u00e9s\u00e9re a formicaria \u00fcveg\u00e9hez vagy a megfelel\u0151 m\u00e9ret\u0171 t\u00f6ml\u0151k r\u00f6gz\u00edt\u00e9s\u00e9re.<\/p>","protected":false},"excerpt":{"rendered":"<p>Tartalom: Le\u00edr\u00e1s: 2x tapad\u00f3korongos r\u00f6gz\u00edt\u00e9s 16mm: 16mm \u00e9s 18mm-es k\u00e9mcs\u00f6vekhez. Haszn\u00e1lhat\u00f3 f\u00e9szekcs\u00f6vek \/ k\u00e9mcs\u00f6vek r\u00f6gz\u00edt\u00e9s\u00e9hez a form\u00e1z\u00f3 \u00fcveghez vagy a megfelel\u0151 m\u00e9ret\u0171 t\u00f6ml\u0151k r\u00f6gz\u00edt\u00e9s\u00e9hez.<\/p>","protected":false},"featured_media":7585,"comment_status":"open","ping_status":"closed","template":"","meta":{"_acf_changed":false,"content-type":"","_monsterinsights_skip_tracking":false,"_monsterinsights_sitenote_active":false,"_monsterinsights_sitenote_note":"","_monsterinsights_sitenote_category":0},"product_brand":[],"product_cat":[119,239,237],"product_tag":[],"class_list":{"0":"post-7588","1":"product","2":"type-product","3":"status-publish","4":"has-post-thumbnail","6":"product_cat-formicarium-components","7":"product_cat-useful-additions","8":"product_cat-tools","10":"first","11":"instock","12":"taxable","13":"shipping-taxable","14":"purchasable","15":"product-type-simple"},"acf":[],"aioseo_notices":[],"jetpack_sharing_enabled":true,"_links":{"self":[{"href":"https:\/\/antcube.shop\/hu\/wp-json\/wp\/v2\/product\/7588","targetHints":{"allow":["GET"]}}],"collection":[{"href":"https:\/\/antcube.shop\/hu\/wp-json\/wp\/v2\/product"}],"about":[{"href":"https:\/\/antcube.shop\/hu\/wp-json\/wp\/v2\/types\/product"}],"replies":[{"embeddable":true,"href":"https:\/\/antcube.shop\/hu\/wp-json\/wp\/v2\/comments?post=7588"}],"wp:featuredmedia":[{"embeddable":true,"href":"https:\/\/antcube.shop\/hu\/wp-json\/wp\/v2\/media\/7585"}],"wp:attachment":[{"href":"https:\/\/antcube.shop\/hu\/wp-json\/wp\/v2\/media?parent=7588"}],"wp:term":[{"taxonomy":"product_brand","embeddable":true,"href":"https:\/\/antcube.shop\/hu\/wp-json\/wp\/v2\/product_brand?post=7588"},{"taxonomy":"product_cat","embeddable":true,"href":"https:\/\/antcube.shop\/hu\/wp-json\/wp\/v2\/product_cat?post=7588"},{"taxonomy":"product_tag","embeddable":true,"href":"https:\/\/antcube.shop\/hu\/wp-json\/wp\/v2\/product_tag?post=7588"}],"curies":[{"name":"wp","href":"https:\/\/api.w.org\/{rel}","templated":true}]}}