{"id":7502,"date":"2024-04-04T11:27:29","date_gmt":"2024-04-04T09:27:29","guid":{"rendered":"https:\/\/antcube.shop\/product\/folien-thermometer-arena\/"},"modified":"2026-04-02T09:54:51","modified_gmt":"2026-04-02T07:54:51","slug":"folia-homero-arena","status":"publish","type":"product","link":"https:\/\/antcube.shop\/hu\/termek\/folia-homero-arena\/","title":{"rendered":"F\u00f3li\u00e1s h\u0151m\u00e9r\u0151 - ar\u00e9na"},"content":{"rendered":"<p><strong>M\u00e9ret:<\/strong> 30mm x 36,5mm<\/p>\n<p><strong>M\u00e9r\u00e9si tartom\u00e1ny:<\/strong> +12\u00b0C \u00e9s +34\u00b0C k\u00f6z\u00f6tt<\/p>\n<p><strong>Pontoss\u00e1g:<\/strong> +\/- 1\u00b0C<\/p>\n<p><strong>Le\u00edr\u00e1s:<\/strong><br \/>\nF\u00f3li\u00e1s h\u0151m\u00e9r\u0151, amely bel\u00fclr\u0151l r\u00f6gz\u00edthet\u0151 a hangyaar\u00e9na\/formic\u00e1rium \u00fcveg\u00e9re. A f\u00f3lia alatt a h\u00e1toldalon ragaszt\u00f3fel\u00fclet.<\/p>\n<p><strong>A h\u0151m\u00e9rs\u00e9klet leolvas\u00e1s\u00e1hoz:<\/strong><br \/>\nA z\u00f6ld ter\u00fclet az aktu\u00e1lis h\u0151m\u00e9rs\u00e9kletet mutatja.<br \/>\nHa a piros ter\u00fclet j\u00f3l l\u00e1that\u00f3, vonjon le 0,5\u00b0C-ot.<br \/>\nAdjunk hozz\u00e1 0,5\u00b0C-ot, ha a k\u00e9k ter\u00fclet j\u00f3l l\u00e1that\u00f3.<\/p>","protected":false},"excerpt":{"rendered":"<p>M\u00e9r\u00e9si tartom\u00e1ny: +\u00b0C \u00e9s +34\u00b0C k\u00f6z\u00f6tt<\/p>","protected":false},"featured_media":7592,"comment_status":"open","ping_status":"closed","template":"","meta":{"_acf_changed":false,"content-type":"","_monsterinsights_skip_tracking":false,"_monsterinsights_sitenote_active":false,"_monsterinsights_sitenote_note":"","_monsterinsights_sitenote_category":0},"product_brand":[],"product_cat":[359,119,239],"product_tag":[],"class_list":{"0":"post-7502","1":"product","2":"type-product","3":"status-publish","4":"has-post-thumbnail","6":"product_cat-light-heat-humidity","7":"product_cat-formicarium-components","8":"product_cat-useful-additions","10":"first","11":"instock","12":"taxable","13":"shipping-taxable","14":"purchasable","15":"product-type-simple"},"acf":[],"aioseo_notices":[],"jetpack_sharing_enabled":true,"_links":{"self":[{"href":"https:\/\/antcube.shop\/hu\/wp-json\/wp\/v2\/product\/7502","targetHints":{"allow":["GET"]}}],"collection":[{"href":"https:\/\/antcube.shop\/hu\/wp-json\/wp\/v2\/product"}],"about":[{"href":"https:\/\/antcube.shop\/hu\/wp-json\/wp\/v2\/types\/product"}],"replies":[{"embeddable":true,"href":"https:\/\/antcube.shop\/hu\/wp-json\/wp\/v2\/comments?post=7502"}],"wp:featuredmedia":[{"embeddable":true,"href":"https:\/\/antcube.shop\/hu\/wp-json\/wp\/v2\/media\/7592"}],"wp:attachment":[{"href":"https:\/\/antcube.shop\/hu\/wp-json\/wp\/v2\/media?parent=7502"}],"wp:term":[{"taxonomy":"product_brand","embeddable":true,"href":"https:\/\/antcube.shop\/hu\/wp-json\/wp\/v2\/product_brand?post=7502"},{"taxonomy":"product_cat","embeddable":true,"href":"https:\/\/antcube.shop\/hu\/wp-json\/wp\/v2\/product_cat?post=7502"},{"taxonomy":"product_tag","embeddable":true,"href":"https:\/\/antcube.shop\/hu\/wp-json\/wp\/v2\/product_tag?post=7502"}],"curies":[{"name":"wp","href":"https:\/\/api.w.org\/{rel}","templated":true}]}}