{"id":7501,"date":"2024-04-04T11:27:23","date_gmt":"2024-04-04T09:27:23","guid":{"rendered":"https:\/\/antcube.shop\/product\/ant-maze-20x20-l\/"},"modified":"2026-03-30T18:32:02","modified_gmt":"2026-03-30T16:32:02","slug":"hangyalabirintus-20x20-l","status":"publish","type":"product","link":"https:\/\/antcube.shop\/hu\/termek\/hangyalabirintus-20x20-l\/","title":{"rendered":"Hangyalabirintus 20\u00d720 - L"},"content":{"rendered":"<p><strong>M\u00e9retek:<\/strong><br \/>\n190x250x36mm <strong>\u00fatvonal magass\u00e1ga:<\/strong> 20mm <strong>\u00fat sz\u00e9less\u00e9ge:<\/strong> 10mm-15mm<\/p>\n<p><strong>Anyag:<\/strong> akril\u00fcveg<\/p>\n<p><strong>Sz\u00edn:<\/strong> krist\u00e1lytiszta, \u00e1tl\u00e1tsz\u00f3<\/p>\n<p><strong>Tartalom:<\/strong><br \/>\n1x Ant Maze L hangyalabirintus 5x \u00e1tcs\u00fasztathat\u00f3 szab\u00e1lyoz\u00f3val<\/p>\n<p><strong>Csatlakoz\u00e1s:<\/strong> 2x 16mm-es csatlakoz\u00f3aljzat 20\/16mm-es t\u00f6ml\u0151h\u00f6z<\/p>\n<p><strong>Le\u00edr\u00e1s:<\/strong> T\u00f6bb r\u00e9teg\u0171 panelekb\u0151l \u00e1ll\u00f3 hangyalabirintus lapos formicarium. A hangyalabirintus t\u00f6ml\u0151k\u00f6n kereszt\u00fcl b\u0151v\u00edthet\u0151, vagy a be\u00e9p\u00edtett csatlakoz\u00f3aljzatok seg\u00edts\u00e9g\u00e9vel hangyaar\u00e9n\u00e1hoz csatlakoztathat\u00f3. Az \u00f6t be\u00e9p\u00edtett cs\u00faszka seg\u00edts\u00e9g\u00e9vel a hangy\u00e1k k\u00fcl\u00f6nb\u00f6z\u0151 utakat nyithatnak vagy z\u00e1rhatnak be a labirintusban. Ez haszn\u00e1lhat\u00f3 p\u00e9ld\u00e1ul oktat\u00e1si int\u00e9zm\u00e9nyekben v\u00e9gzett k\u00eds\u00e9rletekhez, vagy otthon is megfigyelhet\u0151, hogyan tal\u00e1lj\u00e1k meg a hangy\u00e1k az \u00fatjukat, \u00e9s hogyan alkalmazkodnak a hirtelen v\u00e1ltoz\u00f3 \u00fatvonalakhoz, p\u00e9ld\u00e1ul a t\u00e1pl\u00e1lkoz\u00f3helyekre.<\/p>\n<p><strong>Megjegyz\u00e9s:<\/strong> El\u0151fordulhatnak 0,5 mm-es h\u00e9zagok.<\/p>\n<p><strong>Megjegyz\u00e9s a csatlakoz\u00f3aljzatokr\u00f3l<\/strong><br \/>\nA t\u00f6ml\u0151k csatlakoztat\u00e1sakor vagy elt\u00e1vol\u00edt\u00e1sakor vegye figyelembe a k\u00f6vetkez\u0151ket:<br \/>\nHa a cs\u0151 nagyon nehezen illeszkedik a csatlakoz\u00f3aljzatra, az aljzatot enyh\u00e9n be kell d\u00f6rzs\u00f6lni egy csepp kit\u00f6r\u00e9sv\u00e9d\u0151 olajjal vagy porral. A t\u00f6ml\u0151t ezut\u00e1n csavar\u00f3 vagy csavar\u00f3 mozdulatokkal kell a csatlakoz\u00f3aljzatra tolni an\u00e9lk\u00fcl, hogy a csatlakoz\u00f3aljzatot fel-le mozdulatokkal meger\u0151ltetn\u00e9nk. Ugyanez vonatkozik a t\u00f6ml\u0151k mez\u0151gazdas\u00e1gi csatlakoz\u00f3aljzatb\u00f3l t\u00f6rt\u00e9n\u0151 elt\u00e1vol\u00edt\u00e1s\u00e1ra is. K\u00e9rj\u00fck, ne h\u00fazza le egyszer\u0171en!<\/p>","protected":false},"excerpt":{"rendered":"<p>Csatlakoz\u00e1s: 16mm<\/p>","protected":false},"featured_media":7603,"comment_status":"open","ping_status":"closed","template":"","meta":{"_acf_changed":false,"content-type":"","_monsterinsights_skip_tracking":false,"_monsterinsights_sitenote_active":false,"_monsterinsights_sitenote_note":"","_monsterinsights_sitenote_category":0},"product_brand":[],"product_cat":[257,119,239,91],"product_tag":[],"class_list":{"0":"post-7501","1":"product","2":"type-product","3":"status-publish","4":"has-post-thumbnail","6":"product_cat-new-innovatve-products","7":"product_cat-formicarium-components","8":"product_cat-useful-additions","9":"product_cat-formicarium-modules","11":"first","12":"instock","13":"taxable","14":"shipping-taxable","15":"purchasable","16":"product-type-simple"},"acf":[],"aioseo_notices":[],"jetpack_sharing_enabled":true,"_links":{"self":[{"href":"https:\/\/antcube.shop\/hu\/wp-json\/wp\/v2\/product\/7501","targetHints":{"allow":["GET"]}}],"collection":[{"href":"https:\/\/antcube.shop\/hu\/wp-json\/wp\/v2\/product"}],"about":[{"href":"https:\/\/antcube.shop\/hu\/wp-json\/wp\/v2\/types\/product"}],"replies":[{"embeddable":true,"href":"https:\/\/antcube.shop\/hu\/wp-json\/wp\/v2\/comments?post=7501"}],"wp:featuredmedia":[{"embeddable":true,"href":"https:\/\/antcube.shop\/hu\/wp-json\/wp\/v2\/media\/7603"}],"wp:attachment":[{"href":"https:\/\/antcube.shop\/hu\/wp-json\/wp\/v2\/media?parent=7501"}],"wp:term":[{"taxonomy":"product_brand","embeddable":true,"href":"https:\/\/antcube.shop\/hu\/wp-json\/wp\/v2\/product_brand?post=7501"},{"taxonomy":"product_cat","embeddable":true,"href":"https:\/\/antcube.shop\/hu\/wp-json\/wp\/v2\/product_cat?post=7501"},{"taxonomy":"product_tag","embeddable":true,"href":"https:\/\/antcube.shop\/hu\/wp-json\/wp\/v2\/product_tag?post=7501"}],"curies":[{"name":"wp","href":"https:\/\/api.w.org\/{rel}","templated":true}]}}