{"id":7498,"date":"2024-04-04T11:21:26","date_gmt":"2024-04-04T09:21:26","guid":{"rendered":"https:\/\/antcube.shop\/product\/formicarienmutter-3-4-zoll-glasklar\/"},"modified":"2026-04-15T12:17:45","modified_gmt":"2026-04-15T10:17:45","slug":"formicarium-anya-3-4-inch-uveg-atlatszo","status":"publish","type":"product","link":"https:\/\/antcube.shop\/hu\/termek\/formicarium-anya-3-4-inch-uveg-atlatszo\/","title":{"rendered":"Formicarium anya 3\/4 inch - \u00fcveg \u00e1tl\u00e1tsz\u00f3"},"content":{"rendered":"<p><strong>Tartalom:<\/strong> 1x ellenanya<\/p>\n<p><strong>Sz\u00edn:<\/strong> tiszta \u00fcveg<\/p>\n<p><strong>Anyag:<\/strong> m\u0171anyag<\/p>\n<p><strong>Le\u00edr\u00e1s:<\/strong> Ezzel az ellenany\u00e1val r\u00f6gz\u00edtheti a csavaros adaptereket (3\/4\u2033).<\/p>","protected":false},"excerpt":{"rendered":"<p>Tartalom: Anyag: m\u0171anyag Le\u00edr\u00e1s: 1x ellenany\u00e1t Sz\u00edn: \u00fcveg \u00e1tl\u00e1tsz\u00f3 Anyag: m\u0171anyag: Ezzel az ellenany\u00e1val r\u00f6gz\u00edtheti az illeszked\u0151 csavaros adaptereket ( 1 1\/2\")<\/p>","protected":false},"featured_media":7516,"comment_status":"open","ping_status":"closed","template":"","meta":{"_acf_changed":false,"content-type":"","_monsterinsights_skip_tracking":false,"_monsterinsights_sitenote_active":false,"_monsterinsights_sitenote_note":"","_monsterinsights_sitenote_category":0},"product_brand":[],"product_cat":[257,345,119,121],"product_tag":[],"class_list":{"0":"post-7498","1":"product","2":"type-product","3":"status-publish","4":"has-post-thumbnail","6":"product_cat-new-innovatve-products","7":"product_cat-pipe-connectors","8":"product_cat-formicarium-components","9":"product_cat-connectors","11":"first","12":"instock","13":"taxable","14":"shipping-taxable","15":"purchasable","16":"product-type-simple"},"acf":[],"aioseo_notices":[],"jetpack_sharing_enabled":true,"_links":{"self":[{"href":"https:\/\/antcube.shop\/hu\/wp-json\/wp\/v2\/product\/7498","targetHints":{"allow":["GET"]}}],"collection":[{"href":"https:\/\/antcube.shop\/hu\/wp-json\/wp\/v2\/product"}],"about":[{"href":"https:\/\/antcube.shop\/hu\/wp-json\/wp\/v2\/types\/product"}],"replies":[{"embeddable":true,"href":"https:\/\/antcube.shop\/hu\/wp-json\/wp\/v2\/comments?post=7498"}],"wp:featuredmedia":[{"embeddable":true,"href":"https:\/\/antcube.shop\/hu\/wp-json\/wp\/v2\/media\/7516"}],"wp:attachment":[{"href":"https:\/\/antcube.shop\/hu\/wp-json\/wp\/v2\/media?parent=7498"}],"wp:term":[{"taxonomy":"product_brand","embeddable":true,"href":"https:\/\/antcube.shop\/hu\/wp-json\/wp\/v2\/product_brand?post=7498"},{"taxonomy":"product_cat","embeddable":true,"href":"https:\/\/antcube.shop\/hu\/wp-json\/wp\/v2\/product_cat?post=7498"},{"taxonomy":"product_tag","embeddable":true,"href":"https:\/\/antcube.shop\/hu\/wp-json\/wp\/v2\/product_tag?post=7498"}],"curies":[{"name":"wp","href":"https:\/\/api.w.org\/{rel}","templated":true}]}}