{"id":7497,"date":"2024-04-04T11:21:20","date_gmt":"2024-04-04T09:21:20","guid":{"rendered":"https:\/\/antcube.shop\/product\/beckenverbinder-1-1-2-zu-50mm-glasklar\/"},"modified":"2026-04-20T09:58:12","modified_gmt":"2026-04-20T07:58:12","slug":"medencekoto-1-1-2-50-mm-es-uvegre-atlatszo","status":"publish","type":"product","link":"https:\/\/antcube.shop\/hu\/termek\/medencekoto-1-1-2-50-mm-es-uvegre-atlatszo\/","title":{"rendered":"Medencek\u00f6t\u0151 1 1\/2\" - 50mm - \u00fcveg \u00e1tl\u00e1tsz\u00f3"},"content":{"rendered":"<p><span data-text-color=\"alert\"><strong>Figyelem!<\/strong> <\/span>a r\u00f6gz\u00edt\u00e9shez sz\u00fcks\u00e9ges any\u00e1t k\u00fcl\u00f6n kell megrendelni<\/p>\n<p><strong>Mennyis\u00e9g:<\/strong> 1 db<\/p>\n<p><strong>Sz\u00edn:<\/strong> glasclear<\/p>\n<p><strong>Anyag:<\/strong> M\u0171anyag<\/p>\n<p><strong>Le\u00edr\u00e1s:<\/strong> Ez az 1 1\/2\"-os medencecs\u0151csatlakoz\u00f3 50 mm-es lyukba \u00e9s 50 mm-es cs\u0151 k\u00fcls\u0151 \u00e1tm\u00e9r\u0151j\u0171 cs\u0151re illeszkedik.<\/p>","protected":false},"excerpt":{"rendered":"<p>Figyelem: a r\u00f6gz\u00edt\u00e9shez sz\u00fcks\u00e9ges any\u00e1t k\u00fcl\u00f6n kell rendelni Mennyis\u00e9g: Anyag: 1 db Sz\u00edn: glasclear Anyag: 1 db: Anyag: m\u0171anyag: Ez az 1 1\/2\"-os medencecs\u0151csatlakoz\u00f3 50 mm-es furatba \u00e9s 50 mm-es cs\u0151 k\u00fcls\u0151 \u00e1tm\u00e9r\u0151j\u0171 cs\u0151re illeszkedik.<\/p>","protected":false},"featured_media":7512,"comment_status":"open","ping_status":"closed","template":"","meta":{"_acf_changed":false,"content-type":"","_monsterinsights_skip_tracking":false,"_monsterinsights_sitenote_active":false,"_monsterinsights_sitenote_note":"","_monsterinsights_sitenote_category":0},"product_brand":[],"product_cat":[257,345,119,121],"product_tag":[],"class_list":{"0":"post-7497","1":"product","2":"type-product","3":"status-publish","4":"has-post-thumbnail","6":"product_cat-new-innovatve-products","7":"product_cat-pipe-connectors","8":"product_cat-formicarium-components","9":"product_cat-connectors","11":"first","12":"instock","13":"taxable","14":"shipping-taxable","15":"purchasable","16":"product-type-simple"},"acf":[],"aioseo_notices":[],"jetpack_sharing_enabled":true,"_links":{"self":[{"href":"https:\/\/antcube.shop\/hu\/wp-json\/wp\/v2\/product\/7497","targetHints":{"allow":["GET"]}}],"collection":[{"href":"https:\/\/antcube.shop\/hu\/wp-json\/wp\/v2\/product"}],"about":[{"href":"https:\/\/antcube.shop\/hu\/wp-json\/wp\/v2\/types\/product"}],"replies":[{"embeddable":true,"href":"https:\/\/antcube.shop\/hu\/wp-json\/wp\/v2\/comments?post=7497"}],"wp:featuredmedia":[{"embeddable":true,"href":"https:\/\/antcube.shop\/hu\/wp-json\/wp\/v2\/media\/7512"}],"wp:attachment":[{"href":"https:\/\/antcube.shop\/hu\/wp-json\/wp\/v2\/media?parent=7497"}],"wp:term":[{"taxonomy":"product_brand","embeddable":true,"href":"https:\/\/antcube.shop\/hu\/wp-json\/wp\/v2\/product_brand?post=7497"},{"taxonomy":"product_cat","embeddable":true,"href":"https:\/\/antcube.shop\/hu\/wp-json\/wp\/v2\/product_cat?post=7497"},{"taxonomy":"product_tag","embeddable":true,"href":"https:\/\/antcube.shop\/hu\/wp-json\/wp\/v2\/product_tag?post=7497"}],"curies":[{"name":"wp","href":"https:\/\/api.w.org\/{rel}","templated":true}]}}