{"id":7495,"date":"2024-04-04T11:21:06","date_gmt":"2024-04-04T09:21:06","guid":{"rendered":"https:\/\/antcube.shop\/product\/beckenverbinder-3-4-zu-20mm-glasklar\/"},"modified":"2026-04-05T21:18:19","modified_gmt":"2026-04-05T19:18:19","slug":"medencekoto-3-4-20mm-es-uvegre-atlatszo","status":"publish","type":"product","link":"https:\/\/antcube.shop\/hu\/termek\/medencekoto-3-4-20mm-es-uvegre-atlatszo\/","title":{"rendered":"Medence csatlakoz\u00f3 3\/4\" - 20mm - \u00fcveg \u00e1tl\u00e1tsz\u00f3"},"content":{"rendered":"<p><span data-text-color=\"alert\"><strong>Figyelem!<\/strong> <\/span>a r\u00f6gz\u00edt\u00e9shez sz\u00fcks\u00e9ges any\u00e1t k\u00fcl\u00f6n kell megrendelni<\/p>\n<p><strong>Mennyis\u00e9g:<\/strong> 1 db<\/p>\n<p><strong>Sz\u00edn:<\/strong> glasclear<\/p>\n<p><strong>Anyag:<\/strong> M\u0171anyag<\/p>\n<p><strong>Le\u00edr\u00e1s:<\/strong> Ez a medencecs\u0151csatlakoz\u00f3 3\/4\" 27 mm-es lyukba \u00e9s 20 mm-es cs\u0151 k\u00fcls\u0151 \u00e1tm\u00e9r\u0151j\u0171 cs\u0151re illeszkedik.<\/p>","protected":false},"excerpt":{"rendered":"<p>Figyelem: a r\u00f6gz\u00edt\u00e9shez sz\u00fcks\u00e9ges any\u00e1t k\u00fcl\u00f6n kell rendelni Mennyis\u00e9g: Anyag: 1 db Sz\u00edn: glasclear Anyag: 1 db: Anyag: m\u0171anyag: Ez a medenc\u00e9s cs\u0151csatlakoz\u00f3 3\/4\" 27 mm-es furatba \u00e9s 20 mm-es cs\u0151 k\u00fcls\u0151 \u00e1tm\u00e9r\u0151j\u0171 cs\u0151re illeszkedik.<\/p>","protected":false},"featured_media":7510,"comment_status":"open","ping_status":"closed","template":"","meta":{"_acf_changed":false,"content-type":"","_monsterinsights_skip_tracking":false,"_monsterinsights_sitenote_active":false,"_monsterinsights_sitenote_note":"","_monsterinsights_sitenote_category":0},"product_brand":[],"product_cat":[257,345,119,121],"product_tag":[],"class_list":{"0":"post-7495","1":"product","2":"type-product","3":"status-publish","4":"has-post-thumbnail","6":"product_cat-new-innovatve-products","7":"product_cat-pipe-connectors","8":"product_cat-formicarium-components","9":"product_cat-connectors","11":"first","12":"instock","13":"taxable","14":"shipping-taxable","15":"purchasable","16":"product-type-simple"},"acf":[],"aioseo_notices":[],"jetpack_sharing_enabled":true,"_links":{"self":[{"href":"https:\/\/antcube.shop\/hu\/wp-json\/wp\/v2\/product\/7495","targetHints":{"allow":["GET"]}}],"collection":[{"href":"https:\/\/antcube.shop\/hu\/wp-json\/wp\/v2\/product"}],"about":[{"href":"https:\/\/antcube.shop\/hu\/wp-json\/wp\/v2\/types\/product"}],"replies":[{"embeddable":true,"href":"https:\/\/antcube.shop\/hu\/wp-json\/wp\/v2\/comments?post=7495"}],"wp:featuredmedia":[{"embeddable":true,"href":"https:\/\/antcube.shop\/hu\/wp-json\/wp\/v2\/media\/7510"}],"wp:attachment":[{"href":"https:\/\/antcube.shop\/hu\/wp-json\/wp\/v2\/media?parent=7495"}],"wp:term":[{"taxonomy":"product_brand","embeddable":true,"href":"https:\/\/antcube.shop\/hu\/wp-json\/wp\/v2\/product_brand?post=7495"},{"taxonomy":"product_cat","embeddable":true,"href":"https:\/\/antcube.shop\/hu\/wp-json\/wp\/v2\/product_cat?post=7495"},{"taxonomy":"product_tag","embeddable":true,"href":"https:\/\/antcube.shop\/hu\/wp-json\/wp\/v2\/product_tag?post=7495"}],"curies":[{"name":"wp","href":"https:\/\/api.w.org\/{rel}","templated":true}]}}