{"id":6739,"date":"2023-12-12T15:09:04","date_gmt":"2023-12-12T14:09:04","guid":{"rendered":"https:\/\/antcube.shop\/product\/ameisenarena-abdeckung-60x30\/"},"modified":"2026-04-04T06:34:10","modified_gmt":"2026-04-04T04:34:10","slug":"hangya-arena-60x30","status":"publish","type":"product","link":"https:\/\/antcube.shop\/hu\/termek\/hangya-arena-60x30\/","title":{"rendered":"Hangya ar\u00e9na 60\u00d730"},"content":{"rendered":"<p><strong>M\u00e9retek (LxBxH):<\/strong> 60x30x0,4 cm<\/p>\n<p><strong>Anyag:<\/strong> Float \u00fcveg<\/p>\n<p><strong>Sz\u00edn:<\/strong> \u00e1tl\u00e1tsz\u00f3 \/ \u00e1tl\u00e1tsz\u00f3<\/p>\n<p><strong>Tartalom:<\/strong><br \/>\n1x Hangya ar\u00e9na fed\u00e9l<br \/>\n1x r\u00f6gz\u00edt\u00e9si pontok 4 db.<\/p>\n<p><strong>Le\u00edr\u00e1s:<\/strong><br \/>\n\u00dcvegfed\u00e9l a hangyaar\u00e9na sz\u00e1m\u00e1ra menek\u00fcl\u00e9s elleni v\u00e9delemk\u00e9nt<\/p>\n<p><strong>Hogyan kell haszn\u00e1lni:<\/strong><br \/>\nAz \u00fcvegb\u0151l k\u00e9sz\u00fclt hangyaar\u00e9na-burkolat a hangyaar\u00e9n\u00e1ra helyezhet\u0151 menek\u00fcl\u00e9si v\u00e9delemk\u00e9nt \u00e9s a kl\u00edma szab\u00e1lyoz\u00e1s\u00e1ra.<br \/>\nAz 50 mm-es ny\u00edl\u00e1sokba k\u00fcl\u00f6nb\u00f6z\u0151 kl\u00edmavez\u00e9rl\u0151 modulok illeszthet\u0151k, pl. szell\u0151z\u0151r\u00e1csok, vil\u00e1g\u00edt\u00e1s vagy p\u00e1r\u00e1s\u00edt\u00e1s.<br \/>\nAnnak \u00e9rdek\u00e9ben, hogy a hangy\u00e1k ne tudjanak kisz\u00f6kni a ny\u00edl\u00e1sokon kereszt\u00fcl, a lyukak k\u00f6r\u00fcli aljzatra kit\u00f6r\u00e9sg\u00e1tl\u00f3t (olajat, port vagy lakkot) kell felvinni.<\/p>\n<p><strong>Megjegyz\u00e9s:<\/strong><br \/>\nMivel a t\u00e1rgy \u00fcvegb\u0151l k\u00e9sz\u00fclt, \u00e9s ez\u00e9rt t\u00f6r\u00e9keny, nagyon \u00f3vatosan kell vele b\u00e1nni.<\/p>","protected":false},"excerpt":{"rendered":"<p>\u00dcvegfed\u00e9l\/fed\u00e9l a hangyaar\u00e9na sz\u00e1m\u00e1ra menek\u00fcl\u00e9s elleni v\u00e9delemk\u00e9nt<\/p>","protected":false},"featured_media":6730,"comment_status":"open","ping_status":"closed","template":"","meta":{"_acf_changed":false,"content-type":"","_monsterinsights_skip_tracking":false,"_monsterinsights_sitenote_active":false,"_monsterinsights_sitenote_note":"","_monsterinsights_sitenote_category":0},"product_brand":[],"product_cat":[91,92],"product_tag":[],"class_list":{"0":"post-6739","1":"product","2":"type-product","3":"status-publish","4":"has-post-thumbnail","6":"product_cat-formicarium-modules","7":"product_cat-arena-cover","9":"first","10":"instock","11":"taxable","12":"shipping-taxable","13":"purchasable","14":"product-type-simple"},"acf":[],"aioseo_notices":[],"jetpack_sharing_enabled":true,"_links":{"self":[{"href":"https:\/\/antcube.shop\/hu\/wp-json\/wp\/v2\/product\/6739","targetHints":{"allow":["GET"]}}],"collection":[{"href":"https:\/\/antcube.shop\/hu\/wp-json\/wp\/v2\/product"}],"about":[{"href":"https:\/\/antcube.shop\/hu\/wp-json\/wp\/v2\/types\/product"}],"replies":[{"embeddable":true,"href":"https:\/\/antcube.shop\/hu\/wp-json\/wp\/v2\/comments?post=6739"}],"wp:featuredmedia":[{"embeddable":true,"href":"https:\/\/antcube.shop\/hu\/wp-json\/wp\/v2\/media\/6730"}],"wp:attachment":[{"href":"https:\/\/antcube.shop\/hu\/wp-json\/wp\/v2\/media?parent=6739"}],"wp:term":[{"taxonomy":"product_brand","embeddable":true,"href":"https:\/\/antcube.shop\/hu\/wp-json\/wp\/v2\/product_brand?post=6739"},{"taxonomy":"product_cat","embeddable":true,"href":"https:\/\/antcube.shop\/hu\/wp-json\/wp\/v2\/product_cat?post=6739"},{"taxonomy":"product_tag","embeddable":true,"href":"https:\/\/antcube.shop\/hu\/wp-json\/wp\/v2\/product_tag?post=6739"}],"curies":[{"name":"wp","href":"https:\/\/api.w.org\/{rel}","templated":true}]}}