{"id":6737,"date":"2023-12-12T15:03:25","date_gmt":"2023-12-12T14:03:25","guid":{"rendered":"https:\/\/antcube.shop\/product\/antcube-starter-set-fur-weberameisen-gros\/"},"modified":"2026-04-01T13:28:16","modified_gmt":"2026-04-01T11:28:16","slug":"indulo-keszlet-szovohangyakhoz-nagymeretu","status":"publish","type":"product","link":"https:\/\/antcube.shop\/hu\/termek\/indulo-keszlet-szovohangyakhoz-nagymeretu\/","title":{"rendered":"ANTCUBE - Starter szett sz\u00f6v\u0151hangy\u00e1knak - nagym\u00e9ret\u0171"},"content":{"rendered":"<p><span data-text-color=\"alert\"><strong>Sz\u00e1ll\u00edt\u00e1s csak a palett\u00e1n t\u00f6rt\u00e9n\u0151 tov\u00e1bb\u00edt\u00e1ssal lehets\u00e9ges.<\/strong><\/span><\/p>\n<p><strong>Tartalom:<\/strong><br \/>\n1x ANTCUBE Arena 30x30x60 tol\u00f3ajt\u00f3val<br \/>\n1x hangya ar\u00e9na keret 30\u00d730<br \/>\n1x hangya ar\u00e9na 30\u00d730<br \/>\n1x r\u00f6gz\u00edt\u00e9si pont az ar\u00e9na burkolat\u00e1hoz (4db.)<\/p>\n<p>1x keret tol\u00f3ajt\u00f3hoz<br \/>\n0,5 literes permetez\u0151 palack - s\u00e1rgar\u00e9z f\u00fav\u00f3ka<br \/>\n1x Fot\u00f3 h\u00e1tfal - es\u0151erd\u0151 - 30\u00d760 - magas<br \/>\n1x Formicarium alap 30\u00d730 cm<br \/>\n1x aljzat es\u0151erd\u0151 1 kg<\/p>\n<p>5x Grid insert acrylic &#8211; 50 mm with sealing ring<br \/>\n1x drinking clear 5ml &#8211; sponge<br \/>\n1x Feeding dish white rectangle &#8211; 3 compartments<br \/>\n1x Drinking trough 2ml &#8211; 360 Degrees<br \/>\n1x rug\u00f3ac\u00e9l csipesz sz\u00e9les - puha<br \/>\n1x m\u0171anyag csipesz standard<br \/>\n1x Hangya kit\u00f6r\u00e9s elleni v\u00e9d\u0151olaj<br \/>\n1x k\u00e9zi nagy\u00edt\u00f3 - 2x - 30mm<br \/>\n1x habszivacs ablakt\u00f6rl\u0151 150x18x2,5mm<\/p>\n<p><strong>Can be ordered with shipping by forwarding agent on pallet in our second store ANTCUBE:<\/strong><\/p>\n<blockquote class=\"wp-embedded-content\" data-secret=\"OWgk0U6RxI\"><p><a href=\"https:\/\/antcube.shop\/product\/starter-set-for-weaver-ants-large\/\">ANTCUBE - Starter szett sz\u00f6v\u0151hangy\u00e1knak - nagym\u00e9ret\u0171<\/a><\/p><\/blockquote>\n<p><iframe loading=\"lazy\" class=\"wp-embedded-content\" sandbox=\"allow-scripts\" security=\"restricted\" style=\"position: absolute; visibility: hidden;\" title=\"&#8222;ANTCUBE &#8211; Starter set for weaver ants &#8211; large&#8220; &#8211; ANTCUBE\" src=\"https:\/\/antcube.shop\/product\/starter-set-for-weaver-ants-large\/embed\/#?secret=wA9rHSrKI4#?secret=OWgk0U6RxI\" data-secret=\"OWgk0U6RxI\" width=\"600\" height=\"338\" frameborder=\"0\" marginwidth=\"0\" marginheight=\"0\" scrolling=\"no\"><\/iframe><\/p>\n<p><strong>Le\u00edr\u00e1s:<\/strong><br \/>\nEz a b\u0151v\u00edthet\u0151, kifejezetten a k\u00fcl\u00f6nb\u00f6z\u0151 sz\u00f6v\u0151hangyafajok, p\u00e9ld\u00e1ul a Polyrhachis spec. vagy az Oecophylla spec. sz\u00e1m\u00e1ra k\u00e9sz\u00fclt indul\u00f3 k\u00e9szlet nemcsak az optim\u00e1lisan kialak\u00edtott formik\u00e1riumot tartalmazza, hanem a hangyafajok tart\u00e1s\u00e1hoz sz\u00fcks\u00e9ges tartoz\u00e9kokat is.<\/p>\n<p>The sliding door in the front (opening 150x200mm) facilitates the work in the formicarium, even with large colonies or planting of the formicarium with a host plant for example Oecophylla smaragdina. Additional formicariums can be connected via the two 50mm holes on the side. The stainless steel grid inserts provide good ventilation and are robust against mechanical impact. If necessary, the humidity can be increased with the spray bottle. The drinker clear 5ml &#8211; sponge is intended for the supply of fresh water, the drinker 2ml &#8211; 360 degrees for honey or sugar solution.<\/p>\n<p><strong>Fontos: <\/strong>Haszn\u00e1lat el\u0151tt nedves\u00edtse meg az aljzatot, hogy a kever\u00e9k \u00f6ssze tudjon k\u00f6tni \u00e9s szil\u00e1rdan meg tudjon \u00e1llni a hangyafarmon. Ezenk\u00edv\u00fcl a t\u00fal sz\u00e1raz \u00e9s poros szubsztr\u00e1t a hangy\u00e1k l\u00e9gz\u0151szerveinek elz\u00e1r\u00f3d\u00e1s\u00e1hoz vezethet, \u00e9s legrosszabb esetben az \u00e1llatok megfulladnak.<\/p>\n<p><strong>Fontos megjegyz\u00e9s a tol\u00f3ajt\u00f3kerettel kapcsolatban:<\/strong><br \/>\nA keret k\u00f6nnyen r\u00f6gz\u00edthet\u0151 a tol\u00f3ajt\u00f3 s\u00ednj\u00e9hez r\u00f6gz\u00edtett csavarokhoz. Ehhez \u00f3vatosan laz\u00edtsa meg <strong>csak<\/strong> a belsej\u00e9ben l\u00e9v\u0151 di\u00f3f\u00e9l\u00e9k. Egy kis Phillips csavarh\u00faz\u00f3ra (keresztfejes csavarh\u00faz\u00f3) van sz\u00fcks\u00e9g. Rakja \u00f6ssze a keretet, \u00e9s akassza fel bel\u00fcl a csavarokra. Ezut\u00e1n \u00f3vatosan r\u00f6gz\u00edtse vissza az any\u00e1kat \u00e9s <strong>under no circumstances turn too tightly<\/strong>, otherwise the glass may be damaged.<\/p>\n<p><u><strong>Megjegyz\u00e9sek a gy\u00e1rt\u00e1shoz<\/strong><\/u><br \/>\nAz \u00fcveget a DIN 1249 szabv\u00e1ny szerint v\u00e1gj\u00e1k, +\/- 1 mm-es t\u0171r\u00e9ssel. A rendk\u00edv\u00fcl kis hangyafajok eset\u00e9ben tov\u00e1bbi kit\u00f6r\u00e9sv\u00e9delem sz\u00fcks\u00e9ges.<\/p>","protected":false},"excerpt":{"rendered":"<p>The set consists of 22 parts.<br \/>\nM\u00e9ret: <span style=\"color: #ed1c24;\"><strong>XL<\/strong><\/span><\/p>","protected":false},"featured_media":6710,"comment_status":"open","ping_status":"closed","template":"","meta":{"_acf_changed":false,"content-type":"","_monsterinsights_skip_tracking":false,"_monsterinsights_sitenote_active":false,"_monsterinsights_sitenote_note":"","_monsterinsights_sitenote_category":0},"product_brand":[],"product_cat":[354,73],"product_tag":[],"class_list":{"0":"post-6737","1":"product","2":"type-product","3":"status-publish","4":"has-post-thumbnail","6":"product_cat-starter-sets-for-weaver-ants","7":"product_cat-starter-sets","8":"product_shipping_class-forwarding-on-pallet","10":"first","11":"outofstock","12":"taxable","13":"shipping-taxable","14":"purchasable","15":"product-type-simple"},"acf":[],"aioseo_notices":[],"jetpack_sharing_enabled":true,"_links":{"self":[{"href":"https:\/\/antcube.shop\/hu\/wp-json\/wp\/v2\/product\/6737","targetHints":{"allow":["GET"]}}],"collection":[{"href":"https:\/\/antcube.shop\/hu\/wp-json\/wp\/v2\/product"}],"about":[{"href":"https:\/\/antcube.shop\/hu\/wp-json\/wp\/v2\/types\/product"}],"replies":[{"embeddable":true,"href":"https:\/\/antcube.shop\/hu\/wp-json\/wp\/v2\/comments?post=6737"}],"wp:featuredmedia":[{"embeddable":true,"href":"https:\/\/antcube.shop\/hu\/wp-json\/wp\/v2\/media\/6710"}],"wp:attachment":[{"href":"https:\/\/antcube.shop\/hu\/wp-json\/wp\/v2\/media?parent=6737"}],"wp:term":[{"taxonomy":"product_brand","embeddable":true,"href":"https:\/\/antcube.shop\/hu\/wp-json\/wp\/v2\/product_brand?post=6737"},{"taxonomy":"product_cat","embeddable":true,"href":"https:\/\/antcube.shop\/hu\/wp-json\/wp\/v2\/product_cat?post=6737"},{"taxonomy":"product_tag","embeddable":true,"href":"https:\/\/antcube.shop\/hu\/wp-json\/wp\/v2\/product_tag?post=6737"}],"curies":[{"name":"wp","href":"https:\/\/api.w.org\/{rel}","templated":true}]}}