{"id":6736,"date":"2023-12-12T15:03:19","date_gmt":"2023-12-12T14:03:19","guid":{"rendered":"https:\/\/antcube.shop\/product\/antcube-arena-30x30x60-mit-schiebetur\/"},"modified":"2026-03-17T08:11:00","modified_gmt":"2026-03-17T07:11:00","slug":"antcube-arena-30x30x60-toloajtoval","status":"publish","type":"product","link":"https:\/\/antcube.shop\/hu\/termek\/antcube-arena-30x30x60-toloajtoval\/","title":{"rendered":"ANTCUBE Arena 30x30x60 tol\u00f3ajt\u00f3val"},"content":{"rendered":"<p><span data-text-color=\"alert\"><strong>Sz\u00e1ll\u00edt\u00e1s csak a palett\u00e1n t\u00f6rt\u00e9n\u0151 tov\u00e1bb\u00edt\u00e1ssal lehets\u00e9ges.<\/strong><\/span><\/p>\n<p>ANTCUBE Arena 30x30x60 cm tol\u00f3ajt\u00f3val \u00e9s 2x 50 mm-es lyukkal.<\/p>\n<p><strong>M\u00e9retek:<\/strong> 300 x 300 x 600 mm; 4 mm vastags\u00e1g\u00fa \u00fcveg.<br \/>\n<strong>Anyag:<\/strong> \u00fasztatott \u00fcveg<br \/>\n<strong>Csatlakoz\u00e1s:<\/strong> 2x furat 50 mm<\/p>\n<p><strong>El\u00fcls\u0151 ny\u00edl\u00e1s (tol\u00f3ajt\u00f3):<\/strong> 150\u00d7200 mm<\/p>\n<p><strong>Le\u00edr\u00e1s:<\/strong> A tol\u00f3ajt\u00f3s ANTCUBE Arena 30x30x60-as ANTCUBE Arena-t \u00fagy tervezt\u00fck, hogy teljes formik\u00e1riumokban is k\u00e9nyelmesen m\u0171k\u00f6dj\u00f6n. K\u00fcl\u00f6n\u00f6sen hasznos formik\u00e1riumk\u00e9nt a sz\u00f6v\u0151hangy\u00e1k (Polyrhachis \u00e9s Oeacophylla) sz\u00e1m\u00e1ra, mivel szeretnek magasra \u00e9p\u00edtkezni, vagy gazdan\u00f6v\u00e9nyt ig\u00e9nyelnek. A hagyom\u00e1nyos 30x30x60-as ar\u00e9n\u00e1inkban neh\u00e9z lehet p\u00e9ld\u00e1ul az \u00e1llatok hullad\u00e9k\u00e1t elt\u00e1vol\u00edtani a formik\u00e1rium alj\u00e1n. Ebben a speci\u00e1lisan erre a c\u00e9lra kialak\u00edtott medenc\u00e9ben ez m\u00e1r nem jelent probl\u00e9m\u00e1t. Az Acromyrmex vagy Atta lev\u00e9lv\u00e1g\u00f3 hangy\u00e1k etet\u0151medenc\u00e9ihez is nagyon praktikus a tol\u00f3ajt\u00f3, mert a n\u00f6v\u00e9nyi maradv\u00e1nyok \u00e9s egy\u00e9b hullad\u00e9kok k\u00e9nyelmesen elhelyezhet\u0151k. Ezenk\u00edv\u00fcl a k\u00fcl\u00f6n kaphat\u00f3 tol\u00f3ajt\u00f3keret (cikksz\u00e1m: 1005648) haszn\u00e1lhat\u00f3 az \u00e1llatok munka k\u00f6zbeni sz\u00f6k\u00e9s\u00e9nek megakad\u00e1lyoz\u00e1s\u00e1ra. A norm\u00e1l fels\u0151 ny\u00edl\u00e1shoz k\u00fcl\u00f6n kaphat\u00f3 a 30\u00d730-as kit\u00f6r\u00e9sv\u00e9delmi keret \u00e9s a 30\u00d730-as ar\u00e9naburkolat is.<\/p>\n<p><strong>Megjegyz\u00e9s:<\/strong> Az \u00fcveg v\u00e1g\u00e1sa a DIN 1249 szabv\u00e1ny szerint t\u00f6rt\u00e9nik, +\/- 1 mm-es t\u0171r\u00e9ssel. A rendk\u00edv\u00fcl kis hangyafajok eset\u00e9ben tov\u00e1bbi kit\u00f6r\u00e9sv\u00e9delemre van sz\u00fcks\u00e9g.<\/p>","protected":false},"excerpt":{"rendered":"<p><strong>Csatlakoz\u00e1s:<\/strong> 2x furat 50 mm<\/p>","protected":false},"featured_media":6727,"comment_status":"open","ping_status":"closed","template":"","meta":{"_acf_changed":false,"content-type":"","_monsterinsights_skip_tracking":false,"_monsterinsights_sitenote_active":false,"_monsterinsights_sitenote_note":"","_monsterinsights_sitenote_category":0},"product_brand":[],"product_cat":[85,86],"product_tag":[],"class_list":{"0":"post-6736","1":"product","2":"type-product","3":"status-publish","4":"has-post-thumbnail","6":"product_cat-ant-arenas","7":"product_cat-formicariums","8":"product_shipping_class-forwarding-on-pallet","10":"first","11":"instock","12":"taxable","13":"shipping-taxable","14":"purchasable","15":"product-type-simple"},"acf":[],"aioseo_notices":[],"jetpack_sharing_enabled":true,"_links":{"self":[{"href":"https:\/\/antcube.shop\/hu\/wp-json\/wp\/v2\/product\/6736","targetHints":{"allow":["GET"]}}],"collection":[{"href":"https:\/\/antcube.shop\/hu\/wp-json\/wp\/v2\/product"}],"about":[{"href":"https:\/\/antcube.shop\/hu\/wp-json\/wp\/v2\/types\/product"}],"replies":[{"embeddable":true,"href":"https:\/\/antcube.shop\/hu\/wp-json\/wp\/v2\/comments?post=6736"}],"wp:featuredmedia":[{"embeddable":true,"href":"https:\/\/antcube.shop\/hu\/wp-json\/wp\/v2\/media\/6727"}],"wp:attachment":[{"href":"https:\/\/antcube.shop\/hu\/wp-json\/wp\/v2\/media?parent=6736"}],"wp:term":[{"taxonomy":"product_brand","embeddable":true,"href":"https:\/\/antcube.shop\/hu\/wp-json\/wp\/v2\/product_brand?post=6736"},{"taxonomy":"product_cat","embeddable":true,"href":"https:\/\/antcube.shop\/hu\/wp-json\/wp\/v2\/product_cat?post=6736"},{"taxonomy":"product_tag","embeddable":true,"href":"https:\/\/antcube.shop\/hu\/wp-json\/wp\/v2\/product_tag?post=6736"}],"curies":[{"name":"wp","href":"https:\/\/api.w.org\/{rel}","templated":true}]}}