{"id":6668,"date":"2023-12-05T14:03:20","date_gmt":"2023-12-05T13:03:20","guid":{"rendered":"https:\/\/antcube.shop\/product\/arena-hochstand-20x20cm\/"},"modified":"2026-04-10T14:36:17","modified_gmt":"2026-04-10T12:36:17","slug":"arena-magas-allvany-20x20cm","status":"publish","type":"product","link":"https:\/\/antcube.shop\/hu\/termek\/arena-magas-allvany-20x20cm\/","title":{"rendered":"Arena magas \u00e1llv\u00e1ny 20x20cm"},"content":{"rendered":"<div class=\"tab-body active\">\n<p><strong>M\u00e9retek:<\/strong> 20x20x10<\/p>\n<p><strong>Anyag: <\/strong>PMMA<\/p>\n<p><strong>Sz\u00edn: <\/strong>krist\u00e1lytiszta, \u00e1ttetsz\u0151, \u00e1tl\u00e1tsz\u00f3<\/p>\n<p><strong>Tartalom:<\/strong><br \/>\n4x magas \u00e1llv\u00e1nyalapzat<br \/>\n2x el\u00f6l \u00e9s h\u00e1tul log\u00f3val<br \/>\n2x oldals\u00f3 r\u00e9sz log\u00f3 n\u00e9lk\u00fcl<\/p>\n<p><strong>Megjegyz\u00e9s:<\/strong> Az alkatr\u00e9szeket k\u00e9szletk\u00e9nt vagy plug-in rendszerk\u00e9nt sz\u00e1ll\u00edtjuk. Ragaszt\u00e1s nem sz\u00fcks\u00e9ges.<\/p>\n<p><span data-text-color=\"alert\"><strong>FIGYELEM:<\/strong><\/span> K\u00e9rj\u00fck, \u00f3vatosan szerelje \u00f6ssze az alkatr\u00e9szeket, mivel egyes csatlakoz\u00e1sok \u00e9rz\u00e9kenyek.<\/p>\n<p><strong>Le\u00edr\u00e1s:<\/strong> A hangyaar\u00e9na magas \u00e1llv\u00e1nyt az\u00e9rt fejlesztett\u00e9k ki, hogy az ANTCUBE hangyaar\u00e9n\u00e1kat a hangyafarmok csatlakoz\u00e1si magass\u00e1g\u00e1nak megfelel\u0151 magass\u00e1gban lehessen elhelyezni. Ez lehet\u0151v\u00e9 teszi, hogy a hangyafarm \u00e9s a hangyaar\u00e9na k\u00f6z\u00f6tti \u00f6sszek\u00f6ttet\u00e9sk\u00e9nt egy r\u00f6videbb cs\u0151darabbal sokkal helytakar\u00e9kosabban lehessen haszn\u00e1lni a formik\u00e1riumot. Lehet\u0151v\u00e9 teszi azt is, hogy krist\u00e1lytiszta akril hangyacs\u00f6veinket haszn\u00e1lhassuk \u00f6sszek\u00f6ttet\u00e9sk\u00e9nt an\u00e9lk\u00fcl, hogy k\u00f6ny\u00f6kkel kellene dolgoznunk.<\/p>\n<p><strong>Alkalmaz\u00e1s:<\/strong> a hangya ar\u00e9na sz\u00e1m\u00e1ra <strong>alapter\u00fclet 20x20cm<\/strong><\/p>\n<\/div>","protected":false},"excerpt":{"rendered":"<p>20x20cm alapter\u00fclet\u0171 hangya ar\u00e9n\u00e1hoz<\/p>","protected":false},"featured_media":6586,"comment_status":"open","ping_status":"closed","template":"","meta":{"_acf_changed":false,"content-type":"","_monsterinsights_skip_tracking":false,"_monsterinsights_sitenote_active":false,"_monsterinsights_sitenote_note":"","_monsterinsights_sitenote_category":0},"product_brand":[],"product_cat":[119,239],"product_tag":[],"class_list":{"0":"post-6668","1":"product","2":"type-product","3":"status-publish","4":"has-post-thumbnail","6":"product_cat-formicarium-components","7":"product_cat-useful-additions","9":"first","10":"instock","11":"taxable","12":"shipping-taxable","13":"purchasable","14":"product-type-simple"},"acf":[],"aioseo_notices":[],"jetpack_sharing_enabled":true,"_links":{"self":[{"href":"https:\/\/antcube.shop\/hu\/wp-json\/wp\/v2\/product\/6668","targetHints":{"allow":["GET"]}}],"collection":[{"href":"https:\/\/antcube.shop\/hu\/wp-json\/wp\/v2\/product"}],"about":[{"href":"https:\/\/antcube.shop\/hu\/wp-json\/wp\/v2\/types\/product"}],"replies":[{"embeddable":true,"href":"https:\/\/antcube.shop\/hu\/wp-json\/wp\/v2\/comments?post=6668"}],"wp:featuredmedia":[{"embeddable":true,"href":"https:\/\/antcube.shop\/hu\/wp-json\/wp\/v2\/media\/6586"}],"wp:attachment":[{"href":"https:\/\/antcube.shop\/hu\/wp-json\/wp\/v2\/media?parent=6668"}],"wp:term":[{"taxonomy":"product_brand","embeddable":true,"href":"https:\/\/antcube.shop\/hu\/wp-json\/wp\/v2\/product_brand?post=6668"},{"taxonomy":"product_cat","embeddable":true,"href":"https:\/\/antcube.shop\/hu\/wp-json\/wp\/v2\/product_cat?post=6668"},{"taxonomy":"product_tag","embeddable":true,"href":"https:\/\/antcube.shop\/hu\/wp-json\/wp\/v2\/product_tag?post=6668"}],"curies":[{"name":"wp","href":"https:\/\/api.w.org\/{rel}","templated":true}]}}