{"id":6663,"date":"2023-12-05T13:39:04","date_gmt":"2023-12-05T12:39:04","guid":{"rendered":"https:\/\/antcube.shop\/product\/transparente-klebe-pads-3x2cm-8st\/"},"modified":"2026-03-20T13:42:48","modified_gmt":"2026-03-20T12:42:48","slug":"atlatszo-ontapados-betetek-3x2cm","status":"publish","type":"product","link":"https:\/\/antcube.shop\/hu\/termek\/atlatszo-ontapados-betetek-3x2cm\/","title":{"rendered":"\u00c1tl\u00e1tsz\u00f3 ragaszt\u00f3p\u00e1rna 4db."},"content":{"rendered":"<p><strong>M\u00e9retek:<\/strong> 5,2 x1,5 mm<\/p>\n<p><strong>Sz\u00edn:<\/strong> \u00e1tl\u00e1tsz\u00f3 \/ tejszer\u0171<\/p>\n<p><strong>Anyag:<\/strong> PVC<\/p>\n<p><strong>Ingatlan:<\/strong> er\u0151s ragaszt\u00f3 mindk\u00e9t oldalon<\/p>\n<p><strong>Le\u00edr\u00e1s:<\/strong> Ide\u00e1lis a sima fel\u00fclet\u0171 t\u00e1rgyak r\u00f6gz\u00edt\u00e9s\u00e9hez a Formicariumban. Mint p\u00e9ld\u00e1ul. Thermohidrom\u00e9ter, dekor\u00e1ci\u00f3, platformok stb.<\/p>","protected":false},"excerpt":{"rendered":"<p>M\u00e9retek: Sz\u00edn: \u00e1tl\u00e1tsz\u00f3 \/ tejes Anyag: 5,2 x1,5 mm: Anyag: PVC Tulajdons\u00e1g: mindk\u00e9t oldalon er\u0151s ragaszt\u00f3anyag Le\u00edr\u00e1s: A term\u00e9k sz\u00edne: PVC: Ide\u00e1lis a sima fel\u00fclet\u0171 t\u00e1rgyak r\u00f6gz\u00edt\u00e9s\u00e9hez a Formicariumban. Ilyenek pl. Termo higrom\u00e9ter, dekor\u00e1ci\u00f3, emelv\u00e9nyek stb.<\/p>","protected":false},"featured_media":6667,"comment_status":"open","ping_status":"closed","template":"","meta":{"_acf_changed":false,"content-type":"","_monsterinsights_skip_tracking":false,"_monsterinsights_sitenote_active":false,"_monsterinsights_sitenote_note":"","_monsterinsights_sitenote_category":0},"product_brand":[],"product_cat":[359,119],"product_tag":[],"class_list":{"0":"post-6663","1":"product","2":"type-product","3":"status-publish","4":"has-post-thumbnail","6":"product_cat-light-heat-humidity","7":"product_cat-formicarium-components","9":"first","10":"instock","11":"taxable","12":"shipping-taxable","13":"purchasable","14":"product-type-simple"},"acf":[],"aioseo_notices":[],"jetpack_sharing_enabled":true,"_links":{"self":[{"href":"https:\/\/antcube.shop\/hu\/wp-json\/wp\/v2\/product\/6663","targetHints":{"allow":["GET"]}}],"collection":[{"href":"https:\/\/antcube.shop\/hu\/wp-json\/wp\/v2\/product"}],"about":[{"href":"https:\/\/antcube.shop\/hu\/wp-json\/wp\/v2\/types\/product"}],"replies":[{"embeddable":true,"href":"https:\/\/antcube.shop\/hu\/wp-json\/wp\/v2\/comments?post=6663"}],"wp:featuredmedia":[{"embeddable":true,"href":"https:\/\/antcube.shop\/hu\/wp-json\/wp\/v2\/media\/6667"}],"wp:attachment":[{"href":"https:\/\/antcube.shop\/hu\/wp-json\/wp\/v2\/media?parent=6663"}],"wp:term":[{"taxonomy":"product_brand","embeddable":true,"href":"https:\/\/antcube.shop\/hu\/wp-json\/wp\/v2\/product_brand?post=6663"},{"taxonomy":"product_cat","embeddable":true,"href":"https:\/\/antcube.shop\/hu\/wp-json\/wp\/v2\/product_cat?post=6663"},{"taxonomy":"product_tag","embeddable":true,"href":"https:\/\/antcube.shop\/hu\/wp-json\/wp\/v2\/product_tag?post=6663"}],"curies":[{"name":"wp","href":"https:\/\/api.w.org\/{rel}","templated":true}]}}