{"id":6631,"date":"2023-12-04T15:12:05","date_gmt":"2023-12-04T14:12:05","guid":{"rendered":"https:\/\/antcube.shop\/product\/klebeklammern-transparent-2-stk\/"},"modified":"2026-04-03T01:07:08","modified_gmt":"2026-04-02T23:07:08","slug":"ontapados-klipszek-atlatszo-2-db","status":"publish","type":"product","link":"https:\/\/antcube.shop\/hu\/termek\/ontapados-klipszek-atlatszo-2-db\/","title":{"rendered":"Ragaszt\u00f3 klipszek - \u00e1tl\u00e1tsz\u00f3 2 db."},"content":{"rendered":"<p><strong>M\u00e9retek:<\/strong> 24 x 13 mm<br \/>\n<strong>Anyag:<\/strong> Akril<br \/>\n<strong>Mennyis\u00e9g:<\/strong> 2 darab<\/p>\n<p><strong>Le\u00edr\u00e1s:<\/strong> \u00c1tl\u00e1tsz\u00f3 m\u0171anyag klipszek ragaszt\u00f3fel\u00fclettel. T\u00f6k\u00e9letes piros f\u00f3li\u00e1ink \u00e9s f\u0171t\u0151sz\u0151nyegeink r\u00f6gz\u00edt\u00e9s\u00e9hez hangyafarmjaink elej\u00e9re vagy h\u00e1tulj\u00e1ra. A f\u0171t\u0151sz\u0151nyegeket \u00edgy nem kell szil\u00e1rdan a hangyafarm h\u00e1tulj\u00e1ra ragasztani, \u00e9s sz\u00fcks\u00e9g szerint r\u00f6gz\u00edthet\u0151k. Az \u00e1tl\u00e1tsz\u00f3 anyagnak k\u00f6sz\u00f6nhet\u0151en az optika nem zavarja.<\/p>\n<p><strong>Sz\u00edn:<\/strong> \u00e1tl\u00e1tsz\u00f3<\/p>","protected":false},"excerpt":{"rendered":"<p>M\u00e9retek: Anyag: 24 x 13 mm: Anyag: akril Mennyis\u00e9g: 2 db Le\u00edr\u00e1s: A term\u00e9k m\u00e9rete: 1,5 mm, vastags\u00e1g: 1,5 mm: \u00c1tl\u00e1tsz\u00f3 m\u0171anyag klipszek ragaszt\u00f3fel\u00fclettel. T\u00f6k\u00e9letes piros f\u00f3li\u00e1ink \u00e9s f\u0171t\u0151sz\u0151nyegeink r\u00f6gz\u00edt\u00e9s\u00e9hez hangyafarmjaink elej\u00e9re vagy h\u00e1tulj\u00e1ra. A f\u0171t\u0151sz\u0151nyegeket \u00edgy nem kell szil\u00e1rdan a hangyafarm h\u00e1tulj\u00e1ra ragasztani, \u00e9s lehet","protected":false},"featured_media":6628,"comment_status":"open","ping_status":"closed","template":"","meta":{"_acf_changed":false,"content-type":"","_monsterinsights_skip_tracking":false,"_monsterinsights_sitenote_active":false,"_monsterinsights_sitenote_note":"","_monsterinsights_sitenote_category":0},"product_brand":[],"product_cat":[359,119,239],"product_tag":[],"class_list":{"0":"post-6631","1":"product","2":"type-product","3":"status-publish","4":"has-post-thumbnail","6":"product_cat-light-heat-humidity","7":"product_cat-formicarium-components","8":"product_cat-useful-additions","10":"first","11":"instock","12":"taxable","13":"shipping-taxable","14":"purchasable","15":"product-type-simple"},"acf":[],"aioseo_notices":[],"jetpack_sharing_enabled":true,"_links":{"self":[{"href":"https:\/\/antcube.shop\/hu\/wp-json\/wp\/v2\/product\/6631","targetHints":{"allow":["GET"]}}],"collection":[{"href":"https:\/\/antcube.shop\/hu\/wp-json\/wp\/v2\/product"}],"about":[{"href":"https:\/\/antcube.shop\/hu\/wp-json\/wp\/v2\/types\/product"}],"replies":[{"embeddable":true,"href":"https:\/\/antcube.shop\/hu\/wp-json\/wp\/v2\/comments?post=6631"}],"wp:featuredmedia":[{"embeddable":true,"href":"https:\/\/antcube.shop\/hu\/wp-json\/wp\/v2\/media\/6628"}],"wp:attachment":[{"href":"https:\/\/antcube.shop\/hu\/wp-json\/wp\/v2\/media?parent=6631"}],"wp:term":[{"taxonomy":"product_brand","embeddable":true,"href":"https:\/\/antcube.shop\/hu\/wp-json\/wp\/v2\/product_brand?post=6631"},{"taxonomy":"product_cat","embeddable":true,"href":"https:\/\/antcube.shop\/hu\/wp-json\/wp\/v2\/product_cat?post=6631"},{"taxonomy":"product_tag","embeddable":true,"href":"https:\/\/antcube.shop\/hu\/wp-json\/wp\/v2\/product_tag?post=6631"}],"curies":[{"name":"wp","href":"https:\/\/api.w.org\/{rel}","templated":true}]}}