{"id":6581,"date":"2023-12-04T13:54:37","date_gmt":"2023-12-04T12:54:37","guid":{"rendered":"https:\/\/antcube.shop\/product\/humidity-control-ii-timer\/"},"modified":"2026-04-02T12:12:11","modified_gmt":"2026-04-02T10:12:11","slug":"paratartalom-szabalyozo-ii-idozito","status":"publish","type":"product","link":"https:\/\/antcube.shop\/hu\/termek\/paratartalom-szabalyozo-ii-idozito\/","title":{"rendered":"P\u00e1ratartalomszab\u00e1lyoz\u00f3 II + id\u0151z\u00edt\u0151"},"content":{"rendered":"<p><strong>Le\u00edr\u00e1s:<\/strong> A Humidity Control 2 egy olyan digit\u00e1lis higroszt\u00e1t, amely nem hagy k\u00edv\u00e1nnival\u00f3t maga ut\u00e1n, r\u00e1ad\u00e1sul p\u00e9ld\u00e1tlan \u00e1ron.<br \/>\nK\u00e9t \u00e1ramk\u00f6rrel rendelkezik, amelyek k\u00fcl\u00f6nb\u00f6z\u0151 be\u00e1ll\u00edt\u00e1sokat tesznek lehet\u0151v\u00e9 nappalra \u00e9s \u00e9jszak\u00e1ra. A k\u00e9sz\u00fcl\u00e9kbe egy val\u00f3s idej\u0171 \u00f3ra van be\u00e9p\u00edtve, \u00edgy a nappal \u00e9s \u00e9jszaka k\u00f6z\u00f6tti v\u00e1lt\u00e1s rugalmasan az id\u0151n kereszt\u00fcl t\u00f6rt\u00e9nik. Egy id\u0151z\u00edt\u0151 is be\u00e9p\u00edt\u00e9sre ker\u00fclt, \u00edgy az \u00f3r\u00e1n kereszt\u00fcl k\u00e9t BE\/KIKAPCSOL\u00c1SI id\u0151 \u00e1ll\u00edthat\u00f3 be. A legkisebb id\u0151tartam egy perc.<br \/>\nTov\u00e1bbi funkci\u00f3k k\u00f6z\u00e9 tartozik a riaszt\u00e1si funkci\u00f3 (vizu\u00e1lis \u00e9s hangjelz\u00e9s), a p\u00e1r\u00e1s\u00edt\u00f3 \u00fczemm\u00f3dr\u00f3l p\u00e1r\u00e1tlan\u00edt\u00f3 \u00fczemm\u00f3dra val\u00f3 \u00e1tkapcsol\u00e1s lehet\u0151s\u00e9ge, pl. ventil\u00e1torral val\u00f3 haszn\u00e1lat eset\u00e9n, valamint a higroszt\u00e1t kapcsol\u00e1si m\u00f3dj\u00e1nak befoly\u00e1sol\u00e1si lehet\u0151s\u00e9ge. Meghat\u00e1rozhat\u00f3 az elt\u00e9r\u00e9s, amelyn\u00e9l a higroszt\u00e1t kapcsol. Itt p\u00e9ld\u00e1ul 15 \u00e9rt\u00e9ket v\u00e1laszthat, azaz a p\u00e1r\u00e1s\u00edt\u00f3 csak akkor kapcsol be, ha a m\u00e9rt p\u00e1ratartalom 15%-vel a be\u00e1ll\u00edtott \u00e9rt\u00e9k alatt van. Ez hasznos lehet, hogy a p\u00e1r\u00e1s\u00edt\u00f3 ne kapcsoljon be \u00e9s ki folyamatosan, mivel a p\u00e1ratartalom a term\u00e9szetben is ingadozik.<br \/>\nAz eszk\u00f6z\u00f6k Schuko csatlakoz\u00f3kon kereszt\u00fcl csatlakoznak. A maxim\u00e1lis kapcsol\u00e1si teljes\u00edtm\u00e9ny 1000W. A kijelz\u0151 folyamatosan mutatja a m\u00e9rt p\u00e1ratartalmat. A tartom\u00e1ny 1 \u00e9s 99% k\u00f6z\u00f6tt van.<\/p>\n<p>- K\u00e9t \u00e1ramk\u00f6r a k\u00fcl\u00f6nb\u00f6z\u0151 p\u00e1ratartalom be\u00e1ll\u00edt\u00e1sokhoz nappal \u00e9s \u00e9jszaka<br \/>\n- Val\u00f3s idej\u0171 \u00f3ra, a napszakokat az id\u0151 hat\u00e1rozza meg.<br \/>\n- Be\u00e9p\u00edtett id\u0151z\u00edt\u0151<br \/>\n- \u00c1lland\u00f3 p\u00e1ratartalom kijelz\u0151<br \/>\n- A k\u00e9sz\u00fcl\u00e9k \u00e1tkapcsolhat\u00f3 p\u00e1r\u00e1s\u00edt\u00e1s \u00e9s p\u00e1r\u00e1tlan\u00edt\u00e1s k\u00f6z\u00f6tt<br \/>\n- Riaszt\u00e1si funkci\u00f3 elt\u00e9r\u00e9s eset\u00e9n (1% \u00e9s 50% relat\u00edv p\u00e1ratartalom k\u00f6z\u00f6tt \u00e1ll\u00edthat\u00f3)<br \/>\n- Pontos t\u00e1v\u00e9rz\u00e9kel\u0151<br \/>\n- F\u00f6ldelt aljzatok<br \/>\n- Kapcsol\u00e1si kapacit\u00e1s max. 1000<\/p>","protected":false},"excerpt":{"rendered":"<p>Le\u00edr\u00e1s: A Humidity Control 2 egy olyan digit\u00e1lis higroszt\u00e1t, amely nem hagy k\u00edv\u00e1nnival\u00f3t maga ut\u00e1n, p\u00e9ld\u00e1tlan \u00e1ron. K\u00e9t \u00e1ramk\u00f6rrel rendelkezik, amelyek k\u00fcl\u00f6nb\u00f6z\u0151 be\u00e1ll\u00edt\u00e1sokat tesznek lehet\u0151v\u00e9 nappalra \u00e9s \u00e9jszak\u00e1ra. A k\u00e9sz\u00fcl\u00e9kbe egy val\u00f3s idej\u0171 \u00f3ra van be\u00e9p\u00edtve, \u00edgy a nappal \u00e9s \u00e9jszaka k\u00f6z\u00f6tti v\u00e1lt\u00e1s rugalmasan az id\u0151n kereszt\u00fcl t\u00f6rt\u00e9nik. Az id\u0151z\u00edt\u0151","protected":false},"featured_media":6602,"comment_status":"open","ping_status":"closed","template":"","meta":{"_acf_changed":false,"content-type":"","_monsterinsights_skip_tracking":false,"_monsterinsights_sitenote_active":false,"_monsterinsights_sitenote_note":"","_monsterinsights_sitenote_category":0},"product_brand":[],"product_cat":[359,119],"product_tag":[],"class_list":{"0":"post-6581","1":"product","2":"type-product","3":"status-publish","4":"has-post-thumbnail","6":"product_cat-light-heat-humidity","7":"product_cat-formicarium-components","9":"first","10":"instock","11":"taxable","12":"shipping-taxable","13":"purchasable","14":"product-type-simple"},"acf":[],"aioseo_notices":[],"jetpack_sharing_enabled":true,"_links":{"self":[{"href":"https:\/\/antcube.shop\/hu\/wp-json\/wp\/v2\/product\/6581","targetHints":{"allow":["GET"]}}],"collection":[{"href":"https:\/\/antcube.shop\/hu\/wp-json\/wp\/v2\/product"}],"about":[{"href":"https:\/\/antcube.shop\/hu\/wp-json\/wp\/v2\/types\/product"}],"replies":[{"embeddable":true,"href":"https:\/\/antcube.shop\/hu\/wp-json\/wp\/v2\/comments?post=6581"}],"wp:featuredmedia":[{"embeddable":true,"href":"https:\/\/antcube.shop\/hu\/wp-json\/wp\/v2\/media\/6602"}],"wp:attachment":[{"href":"https:\/\/antcube.shop\/hu\/wp-json\/wp\/v2\/media?parent=6581"}],"wp:term":[{"taxonomy":"product_brand","embeddable":true,"href":"https:\/\/antcube.shop\/hu\/wp-json\/wp\/v2\/product_brand?post=6581"},{"taxonomy":"product_cat","embeddable":true,"href":"https:\/\/antcube.shop\/hu\/wp-json\/wp\/v2\/product_cat?post=6581"},{"taxonomy":"product_tag","embeddable":true,"href":"https:\/\/antcube.shop\/hu\/wp-json\/wp\/v2\/product_tag?post=6581"}],"curies":[{"name":"wp","href":"https:\/\/api.w.org\/{rel}","templated":true}]}}