{"id":6580,"date":"2023-12-04T13:54:31","date_gmt":"2023-12-04T12:54:31","guid":{"rendered":"https:\/\/antcube.shop\/product\/thermo-control-pro-ii\/"},"modified":"2026-04-14T09:35:30","modified_gmt":"2026-04-14T07:35:30","slug":"thermo-control-pro-ii","status":"publish","type":"product","link":"https:\/\/antcube.shop\/hu\/termek\/thermo-control-pro-ii\/","title":{"rendered":"Thermo Control Pro II"},"content":{"rendered":"<p><strong>Le\u00edr\u00e1s:<\/strong> A Thermo Control PRO II a Thermo Control II tov\u00e1bbfejleszt\u00e9se. A f\u0151 k\u00fcl\u00f6nbs\u00e9g a val\u00f3s idej\u0171 \u00f3ra \u00e9s a k\u00e9t h\u0151m\u00e9rs\u00e9klet-k\u00f6r, \u00edgy k\u00fcl\u00f6nb\u00f6z\u0151 h\u0151m\u00e9rs\u00e9kleteket lehet be\u00e1ll\u00edtani nappalra \u00e9s \u00e9jszak\u00e1ra. A nappali\/\u00e9jszakai \u00fczemm\u00f3d k\u00f6z\u00f6tti v\u00e1lt\u00e1s id\u0151vez\u00e9relt.<br \/>\nA Thermo Control II k\u00e9sz\u00fcl\u00e9kkel ellent\u00e9tben az id\u0151z\u00edt\u0151n\u00e9l az id\u0151t percben lehet be\u00e1ll\u00edtani. K\u00e9t lehets\u00e9ges ON\/OFF id\u0151 van.<br \/>\nEzenk\u00edv\u00fcl a k\u00e9sz\u00fcl\u00e9k \u00e1tkapcsolhat\u00f3 f\u0171t\u00e9si \u00e9s h\u0171t\u00e9si \u00fczemm\u00f3d k\u00f6z\u00f6tt, p\u00e9ld\u00e1ul a ventil\u00e1torok m\u0171k\u00f6dtet\u00e9s\u00e9hez. A be\u00e1ll\u00edtott h\u0151m\u00e9rs\u00e9klet el\u00e9r\u00e9sekor a termoszt\u00e1t kikapcsol\u00e1s helyett bekapcsol.<br \/>\nA maxim\u00e1lis kapcsol\u00e1si teljes\u00edtm\u00e9ny 1000W. H\u0151m\u00e9rs\u00e9klet-tartom\u00e1ny 0-50\u00b0C k\u00f6z\u00f6tt.<\/p>\n<p>- K\u00e9t kapcsol\u00e1si \u00e1ramk\u00f6r a k\u00fcl\u00f6nb\u00f6z\u0151 nappali \u00e9s \u00e9jszakai be\u00e1ll\u00edt\u00e1sokhoz<br \/>\n- Val\u00f3s idej\u0171 \u00f3ra, a napszakokat az id\u0151 hat\u00e1rozza meg.<br \/>\n- Be\u00e9p\u00edtett id\u0151z\u00edt\u0151<br \/>\n- \u00c1lland\u00f3 h\u0151m\u00e9rs\u00e9klet kijelz\u0151<br \/>\n- \u00c1tkapcsolhat\u00f3 f\u0171t\u00e9si \u00e9s h\u0171t\u00e9si \u00fczemm\u00f3d k\u00f6z\u00f6tt<br \/>\n- Riaszt\u00e1si funkci\u00f3 elt\u00e9r\u00e9s eset\u00e9n (1\u00b0C \u00e9s 15\u00b0C k\u00f6z\u00f6tt \u00e1ll\u00edthat\u00f3)<br \/>\n- 2 m hossz\u00fa t\u00e1v\u00e9rz\u00e9kel\u0151, akv\u00e1riumokhoz is alkalmas<br \/>\n- F\u00f6ldelt aljzatok<br \/>\n- Kapcsol\u00e1si kapacit\u00e1s max. 1000 watt<\/p>\n<p>- Aj\u00e1nlott f\u0171t\u0151sz\u0151nyegekkel, f\u0171t\u0151k\u00e1belekkel, f\u0171t\u0151k\u00f6vekkel \u00e9s ker\u00e1mia sug\u00e1rz\u00f3 f\u0171t\u0151testekkel val\u00f3 haszn\u00e1latra a terr\u00e1rium t\u00falmeleged\u00e9s\u00e9nek megakad\u00e1lyoz\u00e1s\u00e1ra.<\/p>\n<p><strong>Weblink:<\/strong> http:\/\/www.antstore.net\/viewtopic.php?f=18&amp;p=108893<\/p>","protected":false},"excerpt":{"rendered":"<p>Le\u00edr\u00e1s: A Thermo Control PRO II a Thermo Control II tov\u00e1bbfejleszt\u00e9se. A f\u0151 k\u00fcl\u00f6nbs\u00e9g a val\u00f3s idej\u0171 \u00f3ra \u00e9s a k\u00e9t h\u0151m\u00e9rs\u00e9klet-k\u00f6r, \u00edgy k\u00fcl\u00f6nb\u00f6z\u0151 h\u0151m\u00e9rs\u00e9kleteket lehet be\u00e1ll\u00edtani nappalra \u00e9s \u00e9jszak\u00e1ra. A nappali\/\u00e9jszakai \u00fczemm\u00f3d k\u00f6z\u00f6tti v\u00e1lt\u00e1s id\u0151vez\u00e9relt. A Thermo Control II-vel ellent\u00e9tben az id\u0151 be\u00e1ll\u00edthat\u00f3.","protected":false},"featured_media":6600,"comment_status":"open","ping_status":"closed","template":"","meta":{"_acf_changed":false,"content-type":"","_monsterinsights_skip_tracking":false,"_monsterinsights_sitenote_active":false,"_monsterinsights_sitenote_note":"","_monsterinsights_sitenote_category":0},"product_brand":[],"product_cat":[359,119],"product_tag":[],"class_list":{"0":"post-6580","1":"product","2":"type-product","3":"status-publish","4":"has-post-thumbnail","6":"product_cat-light-heat-humidity","7":"product_cat-formicarium-components","9":"first","10":"instock","11":"taxable","12":"shipping-taxable","13":"purchasable","14":"product-type-simple"},"acf":[],"aioseo_notices":[],"jetpack_sharing_enabled":true,"_links":{"self":[{"href":"https:\/\/antcube.shop\/hu\/wp-json\/wp\/v2\/product\/6580","targetHints":{"allow":["GET"]}}],"collection":[{"href":"https:\/\/antcube.shop\/hu\/wp-json\/wp\/v2\/product"}],"about":[{"href":"https:\/\/antcube.shop\/hu\/wp-json\/wp\/v2\/types\/product"}],"replies":[{"embeddable":true,"href":"https:\/\/antcube.shop\/hu\/wp-json\/wp\/v2\/comments?post=6580"}],"wp:featuredmedia":[{"embeddable":true,"href":"https:\/\/antcube.shop\/hu\/wp-json\/wp\/v2\/media\/6600"}],"wp:attachment":[{"href":"https:\/\/antcube.shop\/hu\/wp-json\/wp\/v2\/media?parent=6580"}],"wp:term":[{"taxonomy":"product_brand","embeddable":true,"href":"https:\/\/antcube.shop\/hu\/wp-json\/wp\/v2\/product_brand?post=6580"},{"taxonomy":"product_cat","embeddable":true,"href":"https:\/\/antcube.shop\/hu\/wp-json\/wp\/v2\/product_cat?post=6580"},{"taxonomy":"product_tag","embeddable":true,"href":"https:\/\/antcube.shop\/hu\/wp-json\/wp\/v2\/product_tag?post=6580"}],"curies":[{"name":"wp","href":"https:\/\/api.w.org\/{rel}","templated":true}]}}