{"id":6579,"date":"2023-12-04T13:54:25","date_gmt":"2023-12-04T12:54:25","guid":{"rendered":"https:\/\/antcube.shop\/product\/thermo-control-ii-timer\/"},"modified":"2026-04-09T15:04:50","modified_gmt":"2026-04-09T13:04:50","slug":"thermo-control-ii-idozito","status":"publish","type":"product","link":"https:\/\/antcube.shop\/hu\/termek\/thermo-control-ii-idozito\/","title":{"rendered":"Thermo Control II + id\u0151z\u00edt\u0151"},"content":{"rendered":"<p><strong>Le\u00edr\u00e1s:<\/strong> A n\u00e9pszer\u0171 Thermo Control termoszt\u00e1tok ut\u00f3dmodellj\u00e9ben csak az \u00e1r eml\u00e9keztet egy bel\u00e9p\u0151szint\u0171 modellre.<br \/>\nA Thermo Control 2 egy digit\u00e1lis termoszt\u00e1t 0-50\u00b0C k\u00f6z\u00f6tti h\u0151m\u00e9rs\u00e9klet-tartom\u00e1nyban. Az \u00e1lland\u00f3 h\u0151m\u00e9rs\u00e9klet-kijelz\u0151nek k\u00f6sz\u00f6nhet\u0151en h\u0151m\u00e9r\u0151k\u00e9nt is funkcion\u00e1l.<br \/>\nA legfeljebb 1200 W \u00f6sszteljes\u00edtm\u00e9ny\u0171 f\u0171t\u0151testek Schuko csatlakoz\u00f3n kereszt\u00fcl csatlakoztathat\u00f3k. Egy m\u00e1sik Schuko csatlakoz\u00f3t egy be\u00e9p\u00edtett id\u0151z\u00edt\u0151 funkci\u00f3val vez\u00e9relhet\u00fcnk, amellyel p\u00e9ld\u00e1ul a vil\u00e1g\u00edt\u00e1s vagy a ventil\u00e1torok m\u0171k\u00f6d\u00e9si idej\u00e9t \u00e1ll\u00edthatjuk be. Az \u00e9rz\u00e9kel\u0151 leveg\u0151ben \u00e9s v\u00edzben t\u00f6rt\u00e9n\u0151 m\u00e9r\u00e9sekre alkalmas, \u00e9s a csatlakoz\u00f3hoz \u00e9s a t\u00e1pegys\u00e9ghez hasonl\u00f3an egy k\u00e1belen kereszt\u00fcl csatlakozik a termoszt\u00e1thoz.<br \/>\nA Thermo Control 2 emellett riaszt\u00e1si funkci\u00f3val is rendelkezik, amely vizu\u00e1lis \u00e9s hangjelz\u00e9ssel figyelmeztet, ha a h\u0151m\u00e9rs\u00e9klet meghaladja a k\u00edv\u00e1nt h\u0151m\u00e9rs\u00e9kletet, vagy az al\u00e1 cs\u00f6kken (az \u00e9rt\u00e9kek 1\u00b0C \u00e9s 5\u00b0C k\u00f6z\u00f6tt \u00e1ll\u00edthat\u00f3k be).<br \/>\nEgy olyan eszk\u00f6z, amely egyetlen terr\u00e1riumb\u00f3l sem hi\u00e1nyozhat!<\/p>\n<p>- K\u00fcl\u00f6n haszn\u00e1lhat\u00f3 id\u0151z\u00edt\u0151vel, pl. vil\u00e1g\u00edt\u00e1shoz vagy szell\u0151z\u00e9shez<br \/>\n- Riaszt\u00e1si funkci\u00f3 h\u0151m\u00e9rs\u00e9klet-elt\u00e9r\u00e9s eset\u00e9n (1\u00b0C \u00e9s 5\u00b0C k\u00f6z\u00f6tt \u00e1ll\u00edthat\u00f3)<br \/>\n- A m\u00e9rt h\u0151m\u00e9rs\u00e9klet kijelz\u00e9se<br \/>\n- 2 m hossz\u00fa t\u00e1v\u00e9rz\u00e9kel\u0151, akv\u00e1riumokhoz is alkalmas<br \/>\n- F\u00f6ldelt aljzatok<br \/>\n- 1200 watt kapcsol\u00e1si kapacit\u00e1s<\/p>\n<p>- Aj\u00e1nlott f\u0171t\u0151sz\u0151nyegekkel, f\u0171t\u0151k\u00e1belekkel, f\u0171t\u0151k\u00f6vekkel \u00e9s ker\u00e1mia sug\u00e1rz\u00f3 f\u0171t\u0151testekkel val\u00f3 haszn\u00e1latra a terr\u00e1rium t\u00falmeleged\u00e9s\u00e9nek megakad\u00e1lyoz\u00e1s\u00e1ra.<\/p>\n<p><strong>Weblink:<\/strong> http:\/\/www.antstore.net\/viewtopic.php?f=18&amp;p=108893<\/p>","protected":false},"excerpt":{"rendered":"<p>Le\u00edr\u00e1s: A n\u00e9pszer\u0171 Thermo Control termoszt\u00e1tok ut\u00f3dmodellj\u00e9ben csak az \u00e1r eml\u00e9keztet egy bel\u00e9p\u0151szint\u0171 modellre. A Thermo Control 2 egy digit\u00e1lis termoszt\u00e1t 0-50\u00b0C k\u00f6z\u00f6tti h\u0151m\u00e9rs\u00e9klet-tartom\u00e1nyban. Az \u00e1lland\u00f3 h\u0151m\u00e9rs\u00e9klet kijelz\u00e9snek k\u00f6sz\u00f6nhet\u0151en h\u0151m\u00e9r\u0151k\u00e9nt is funkcion\u00e1l. A f\u0171t\u0151testek maxim\u00e1lis \u00f6sszteljes\u00edtm\u00e9nye 1200 W lehet.","protected":false},"featured_media":6598,"comment_status":"open","ping_status":"closed","template":"","meta":{"_acf_changed":false,"content-type":"","_monsterinsights_skip_tracking":false,"_monsterinsights_sitenote_active":false,"_monsterinsights_sitenote_note":"","_monsterinsights_sitenote_category":0},"product_brand":[],"product_cat":[359,119],"product_tag":[],"class_list":{"0":"post-6579","1":"product","2":"type-product","3":"status-publish","4":"has-post-thumbnail","6":"product_cat-light-heat-humidity","7":"product_cat-formicarium-components","9":"first","10":"instock","11":"taxable","12":"shipping-taxable","13":"purchasable","14":"product-type-simple"},"acf":[],"aioseo_notices":[],"jetpack_sharing_enabled":true,"_links":{"self":[{"href":"https:\/\/antcube.shop\/hu\/wp-json\/wp\/v2\/product\/6579","targetHints":{"allow":["GET"]}}],"collection":[{"href":"https:\/\/antcube.shop\/hu\/wp-json\/wp\/v2\/product"}],"about":[{"href":"https:\/\/antcube.shop\/hu\/wp-json\/wp\/v2\/types\/product"}],"replies":[{"embeddable":true,"href":"https:\/\/antcube.shop\/hu\/wp-json\/wp\/v2\/comments?post=6579"}],"wp:featuredmedia":[{"embeddable":true,"href":"https:\/\/antcube.shop\/hu\/wp-json\/wp\/v2\/media\/6598"}],"wp:attachment":[{"href":"https:\/\/antcube.shop\/hu\/wp-json\/wp\/v2\/media?parent=6579"}],"wp:term":[{"taxonomy":"product_brand","embeddable":true,"href":"https:\/\/antcube.shop\/hu\/wp-json\/wp\/v2\/product_brand?post=6579"},{"taxonomy":"product_cat","embeddable":true,"href":"https:\/\/antcube.shop\/hu\/wp-json\/wp\/v2\/product_cat?post=6579"},{"taxonomy":"product_tag","embeddable":true,"href":"https:\/\/antcube.shop\/hu\/wp-json\/wp\/v2\/product_tag?post=6579"}],"curies":[{"name":"wp","href":"https:\/\/api.w.org\/{rel}","templated":true}]}}