{"id":6578,"date":"2023-12-04T13:54:19","date_gmt":"2023-12-04T12:54:19","guid":{"rendered":"https:\/\/antcube.shop\/product\/mini-thermo-hygrometer-digital-weis-selbstklebend\/"},"modified":"2026-04-04T11:44:15","modified_gmt":"2026-04-04T09:44:15","slug":"mini-termo-higrometer-digitalis-feher-ontapados","status":"publish","type":"product","link":"https:\/\/antcube.shop\/hu\/termek\/mini-termo-higrometer-digitalis-feher-ontapados\/","title":{"rendered":"Mini h\u0151m\u00e9r\u0151 digit\u00e1lis - feh\u00e9r - \u00f6ntapad\u00f3s - \u00f6ntapad\u00f3s"},"content":{"rendered":"<p><strong>M\u00e9r\u00e9si tartom\u00e1ny:<\/strong> -10 \u00e9s +60\u00b0C \/ 10% \u00e9s 99% k\u00f6z\u00f6tt<\/p>\n<p><strong>M\u00e9retek:<\/strong> 52 x39x15 mm<\/p>\n<p><strong>Le\u00edr\u00e1s:<\/strong><br \/>\nMax\/mini funkci\u00f3val, \u00e1llv\u00e1nnyal, LR 44-es gombelemmel.<\/p>\n<p><strong>Megjegyz\u00e9s:<\/strong><br \/>\nA lehet\u0151 legpontosabb m\u00e9r\u00e9si eredm\u00e9ny el\u00e9r\u00e9se \u00e9rdek\u00e9ben fontos, hogy a h\u00e1ts\u00f3 szell\u0151z\u0151ny\u00edl\u00e1sok ne legyenek elz\u00e1rva a r\u00f6gz\u00edt\u00e9ssel!<br \/>\nA k\u00e9sz\u00fcl\u00e9k r\u00f6gz\u00edt\u00e9sekor megfelel\u0151 menek\u00fcl\u00e9sv\u00e9delemmel gondoskodjon arr\u00f3l, hogy az \u00e1llatok ne \u00e9rhess\u00e9k el a k\u00e9sz\u00fcl\u00e9ket vagy a ragaszt\u00f3 r\u00f6gz\u00edt\u00e9s\u00e9t.<br \/>\nHa azonban fenn\u00e1ll ennek a vesz\u00e9lye, a r\u00f6gz\u00edt\u00e9shez az \u00e1tl\u00e1tsz\u00f3 ragaszt\u00f3bet\u00e9teket (cikksz\u00e1m: 1002314) kell haszn\u00e1lni.<\/p>\n<p><strong>WEEE Reg.:<\/strong> DE 78184127<\/p>\n<p><strong>Az \u00e1rtalmatlan\u00edt\u00e1ssal kapcsolatban l\u00e1sd az akkumul\u00e1torokra vonatkoz\u00f3 el\u0151\u00edr\u00e1sokat:<\/strong><\/p>\n<p><a href=\"https:\/\/www.antstore.net\/shop\/de\/info\/Batterieverordnung.html\" target=\"_blank\" rel=\"noopener\">https:\/\/www.antstore.net\/shop\/de\/info\/Batterieverordnung.html<\/a><\/p>","protected":false},"excerpt":{"rendered":"<p>M\u00e9r\u00e9si tartom\u00e1ny: -10 \u00e9s +60\u00b0C \/ 10 \u00e9s 99% k\u00f6z\u00f6tt , M\u00e9retek: -10 \u00e9s +60\u00b0C \/ 10 \u00e9s 99% k\u00f6z\u00f6tt: M\u00e9retek: 52 x 39 x 15 mm<\/p>","protected":false},"featured_media":6620,"comment_status":"open","ping_status":"closed","template":"","meta":{"_acf_changed":false,"content-type":"","_monsterinsights_skip_tracking":false,"_monsterinsights_sitenote_active":false,"_monsterinsights_sitenote_note":"","_monsterinsights_sitenote_category":0},"product_brand":[],"product_cat":[359,119,239],"product_tag":[],"class_list":{"0":"post-6578","1":"product","2":"type-product","3":"status-publish","4":"has-post-thumbnail","6":"product_cat-light-heat-humidity","7":"product_cat-formicarium-components","8":"product_cat-useful-additions","10":"first","11":"instock","12":"taxable","13":"shipping-taxable","14":"purchasable","15":"product-type-simple"},"acf":[],"aioseo_notices":[],"jetpack_sharing_enabled":true,"_links":{"self":[{"href":"https:\/\/antcube.shop\/hu\/wp-json\/wp\/v2\/product\/6578","targetHints":{"allow":["GET"]}}],"collection":[{"href":"https:\/\/antcube.shop\/hu\/wp-json\/wp\/v2\/product"}],"about":[{"href":"https:\/\/antcube.shop\/hu\/wp-json\/wp\/v2\/types\/product"}],"replies":[{"embeddable":true,"href":"https:\/\/antcube.shop\/hu\/wp-json\/wp\/v2\/comments?post=6578"}],"wp:featuredmedia":[{"embeddable":true,"href":"https:\/\/antcube.shop\/hu\/wp-json\/wp\/v2\/media\/6620"}],"wp:attachment":[{"href":"https:\/\/antcube.shop\/hu\/wp-json\/wp\/v2\/media?parent=6578"}],"wp:term":[{"taxonomy":"product_brand","embeddable":true,"href":"https:\/\/antcube.shop\/hu\/wp-json\/wp\/v2\/product_brand?post=6578"},{"taxonomy":"product_cat","embeddable":true,"href":"https:\/\/antcube.shop\/hu\/wp-json\/wp\/v2\/product_cat?post=6578"},{"taxonomy":"product_tag","embeddable":true,"href":"https:\/\/antcube.shop\/hu\/wp-json\/wp\/v2\/product_tag?post=6578"}],"curies":[{"name":"wp","href":"https:\/\/api.w.org\/{rel}","templated":true}]}}