{"id":6577,"date":"2023-12-04T13:54:13","date_gmt":"2023-12-04T12:54:13","guid":{"rendered":"https:\/\/antcube.shop\/product\/ameisenarena-nebler-gros\/"},"modified":"2026-04-24T14:25:11","modified_gmt":"2026-04-24T12:25:11","slug":"hangya-arena-kodkepzo-nagy","status":"publish","type":"product","link":"https:\/\/antcube.shop\/hu\/termek\/hangya-arena-kodkepzo-nagy\/","title":{"rendered":"Hangya ar\u00e9na - k\u00f6dk\u00e9pz\u0151 - nagy"},"content":{"rendered":"<p><strong>Tartalom:<\/strong><br \/>\n- Fogger<br \/>\n- Megfelel\u0151 dug\u00f3 lyukkal a t\u00f6ml\u0151nek a hangyaar\u00e9na fedel\u00e9hez val\u00f3 r\u00f6gz\u00edt\u00e9s\u00e9hez<br \/>\n- Hosszabb\u00edthat\u00f3 t\u00f6ml\u0151<\/p>\n<p><strong>Anyag:<\/strong> m\u0171anyag<\/p>\n<p><strong>Sz\u00edn:<\/strong> fekete<\/p>\n<p>M\u0171szaki r\u00e9szletek:<br \/>\nFesz\u00fclts\u00e9g: AC 120-240 V - 50\/60 Hz<br \/>\nK\u00e1bel hossza: 1,20 m<br \/>\nV\u00edztart\u00e1ly kapacit\u00e1sa: 4L<br \/>\nT\u00f6ml\u0151hossz: 40 \u00e9s 160 cm k\u00f6z\u00f6tt egyedileg meghosszabb\u00edthat\u00f3<br \/>\nK\u00f6dk\u00e9pz\u0151d\u00e9s: k\u00f6d: 150-300 ml\/h<br \/>\nMaxim\u00e1lis k\u00f6dk\u00e9pz\u00e9si magass\u00e1g: 2 m t\u00f6ml\u0151vel<br \/>\nzajmentes<\/p>\n<p>Le\u00edr\u00e1s:<br \/>\nA hangyaar\u00e9na nedves\u00edt\u00e9s\u00e9hez ez a k\u00f6dk\u00e9pz\u0151 k\u00f6zvetlen\u00fcl a hangyaar\u00e9na fedel\u00e9re csatlakoztathat\u00f3.<\/p>\n<p>&nbsp;<\/p>\n<p>&nbsp;<\/p>\n<p>Megjegyz\u00e9s: 20.01.2025 Term\u00e9kfriss\u00edt\u00e9s - \u00faj modell<\/p>","protected":false},"excerpt":{"rendered":"<p>Tartalom: - K\u00f6dk\u00e9pz\u0151 - Hozz\u00e1ill\u0151 dug\u00f3 22 mm-es lyukkal a t\u00f6ml\u0151nek a hangyaar\u00e9na fedel\u00e9re t\u00f6rt\u00e9n\u0151 r\u00f6gz\u00edt\u00e9s\u00e9hez - Hosszabb\u00edthat\u00f3 t\u00f6ml\u0151 Anyag: m\u0171anyag Sz\u00edn: fekete Technikai adatok: Fesz\u00fclts\u00e9g: AC 120-240 V - 50\/60 Hz K\u00e1bel hossza: 1,20 m V\u00edztart\u00e1ly kapacit\u00e1sa: 4L T\u00f6ml\u0151 hossza: egyedileg meghosszabb\u00edthat\u00f3 40 \u00e9s 160 cm k\u00f6z\u00f6tt K\u00f6dk\u00e9pz\u0151d\u00e9s: 150-300 ml\/h Maxim\u00e1lis [...]","protected":false},"featured_media":10944,"comment_status":"open","ping_status":"closed","template":"","meta":{"_acf_changed":false,"content-type":"","_monsterinsights_skip_tracking":false,"_monsterinsights_sitenote_active":false,"_monsterinsights_sitenote_note":"","_monsterinsights_sitenote_category":0},"product_brand":[],"product_cat":[359,119,239],"product_tag":[],"class_list":{"0":"post-6577","1":"product","2":"type-product","3":"status-publish","4":"has-post-thumbnail","6":"product_cat-light-heat-humidity","7":"product_cat-formicarium-components","8":"product_cat-useful-additions","10":"first","11":"instock","12":"taxable","13":"shipping-taxable","14":"purchasable","15":"product-type-simple"},"acf":[],"aioseo_notices":[],"jetpack_sharing_enabled":true,"_links":{"self":[{"href":"https:\/\/antcube.shop\/hu\/wp-json\/wp\/v2\/product\/6577","targetHints":{"allow":["GET"]}}],"collection":[{"href":"https:\/\/antcube.shop\/hu\/wp-json\/wp\/v2\/product"}],"about":[{"href":"https:\/\/antcube.shop\/hu\/wp-json\/wp\/v2\/types\/product"}],"replies":[{"embeddable":true,"href":"https:\/\/antcube.shop\/hu\/wp-json\/wp\/v2\/comments?post=6577"}],"wp:featuredmedia":[{"embeddable":true,"href":"https:\/\/antcube.shop\/hu\/wp-json\/wp\/v2\/media\/10944"}],"wp:attachment":[{"href":"https:\/\/antcube.shop\/hu\/wp-json\/wp\/v2\/media?parent=6577"}],"wp:term":[{"taxonomy":"product_brand","embeddable":true,"href":"https:\/\/antcube.shop\/hu\/wp-json\/wp\/v2\/product_brand?post=6577"},{"taxonomy":"product_cat","embeddable":true,"href":"https:\/\/antcube.shop\/hu\/wp-json\/wp\/v2\/product_cat?post=6577"},{"taxonomy":"product_tag","embeddable":true,"href":"https:\/\/antcube.shop\/hu\/wp-json\/wp\/v2\/product_tag?post=6577"}],"curies":[{"name":"wp","href":"https:\/\/api.w.org\/{rel}","templated":true}]}}