{"id":6576,"date":"2023-12-04T13:54:06","date_gmt":"2023-12-04T12:54:06","guid":{"rendered":"https:\/\/antcube.shop\/product\/ameisenarena-nebler-klein\/"},"modified":"2026-04-26T21:16:30","modified_gmt":"2026-04-26T19:16:30","slug":"hangya-arena-kodkepzo-kicsi","status":"publish","type":"product","link":"https:\/\/antcube.shop\/hu\/termek\/hangya-arena-kodkepzo-kicsi\/","title":{"rendered":"Hangya ar\u00e9na - k\u00f6dk\u00e9pz\u0151 - kicsi"},"content":{"rendered":"<p><strong>Tartalom:<\/strong><br \/>\n- Fogger<br \/>\n- Megfelel\u0151 dug\u00f3 lyukkal a t\u00f6ml\u0151nek a hangyaar\u00e9na fedel\u00e9hez val\u00f3 r\u00f6gz\u00edt\u00e9s\u00e9hez<br \/>\n- Hosszabb\u00edthat\u00f3 t\u00f6ml\u0151<\/p>\n<p><strong>Anyag:<\/strong> m\u0171anyag<\/p>\n<p><strong>Sz\u00edn:<\/strong> fekete\/feh\u00e9r<\/p>\n<p><strong>M\u0171szaki adatok:<\/strong><br \/>\nFesz\u00fclts\u00e9g: 230V<br \/>\nTeljes\u00edtm\u00e9ny: 15W (30ml\/h)<br \/>\nK\u00e1bel hossza: 1,40 m<br \/>\nV\u00edztart\u00e1ly kapacit\u00e1sa: 360ml<br \/>\nCsatlakoz\u00e1s: csatlakoz\u00f3: Euro dug\u00f3<br \/>\nT\u00f6ml\u0151 hossza: 60 cm -&gt; hosszabb\u00edthat\u00f3<\/p>\n<p><strong>Le\u00edr\u00e1s:<\/strong><br \/>\nA hangyaar\u00e9na p\u00e1r\u00e1s\u00edt\u00e1s\u00e1hoz ez a k\u00f6dk\u00e9pz\u0151 k\u00f6zvetlen\u00fcl a hangyaar\u00e9na fedel\u00e9be helyezhet\u0151.<br \/>\nA kis Ameisenarena k\u00f6dk\u00e9pz\u0151t kis terr\u00e1riumok p\u00e1r\u00e1s\u00edt\u00e1s\u00e1ra tervezt\u00e9k. Ebben a modellben a technol\u00f3gia sokkal egyszer\u0171bb\u00e9 v\u00e1lt, ami sokkal probl\u00e9mamentesebb m\u0171k\u00f6d\u00e9st tesz lehet\u0151v\u00e9. A vizet egy filcbet\u00e9t kapill\u00e1ris hat\u00e1sa r\u00e9v\u00e9n sz\u00edvja ki. Ez n\u00e9h\u00e1ny egyszer\u0171 l\u00e9p\u00e9ssel cser\u00e9lhet\u0151, amit higi\u00e9niai okokb\u00f3l rendszeresen meg kell tenni. A keletkez\u0151 k\u00f6d\u00f6t egy \u00f6tletes f\u00fav\u00f3kakialak\u00edt\u00e1s automatikusan a t\u00f6ml\u0151n kereszt\u00fcl ir\u00e1ny\u00edtja, k\u00fcl\u00f6n ventil\u00e1tor n\u00e9lk\u00fcl. Ez ism\u00e9t jelent\u0151sen cs\u00f6kkenti a hiba\u00e9rz\u00e9kenys\u00e9get. A k\u00f6dk\u00e9pz\u0151 kapacit\u00e1s kb. 30 ml\/h. A tart\u00e1ly maximum 360 ml-t tartalmaz. A Super Fog Nano II id\u0151z\u00edt\u0151vel vagy higroszt\u00e1ttal vez\u00e9relhet\u0151. A mozgathat\u00f3 \u00e9s meghosszabb\u00edthat\u00f3 t\u00f6ml\u0151nek k\u00f6sz\u00f6nhet\u0151en a Super Fog Nano II b\u00e1rmilyen terr\u00e1riumhoz igaz\u00edthat\u00f3. \u00dajdons\u00e1g, hogy a membr\u00e1nt mostant\u00f3l a v\u00e9gfelhaszn\u00e1l\u00f3 n\u00e9h\u00e1ny egyszer\u0171 l\u00e9p\u00e9ssel kicser\u00e9lheti. Minden m\u00e1s alkatr\u00e9sz is kaphat\u00f3 p\u00f3talkatr\u00e9szk\u00e9nt, \u00edgy a Super Fog Nano II fenntarthat\u00f3 eszk\u00f6zz\u00e9 v\u00e1lik.<\/p>\n<p><strong>Hack:<\/strong><br \/>\nHa hosszabb t\u00f6ml\u0151re van sz\u00fcks\u00e9g, a 20\/16 mm-es t\u00f6ml\u0151nk (Cikksz\u00e1m: 1000107) csatlakoztathat\u00f3 a k\u00f6dk\u00e9pz\u0151h\u00f6z. Sz\u00fcks\u00e9ge lesz tov\u00e1bb\u00e1 50 mm-es formicarium dug\u00f3kra 20 mm-es lyukkal (1005033 + 20 mm). Felh\u00edvjuk azonban a figyelmet arra, hogy min\u00e9l hosszabb a t\u00f6ml\u0151, ann\u00e1l kevesebb k\u00f6d jut a formic\u00e1riumba.<\/p>\n<p>&nbsp;<\/p>","protected":false},"excerpt":{"rendered":"<p>Tartalom: - K\u00f6dk\u00e9pz\u0151 - Hozz\u00e1ill\u0151 dug\u00f3 lyukkal a t\u00f6ml\u0151nek a hangyaar\u00e9na fedel\u00e9re val\u00f3 r\u00f6gz\u00edt\u00e9s\u00e9hez - Hosszabb\u00edthat\u00f3 t\u00f6ml\u0151 Anyag: m\u0171anyag Sz\u00edn: fekete\/feh\u00e9r M\u0171szaki adatok:  Hossz\u00fas\u00e1g: 60 cm -&gt; meghosszabb\u00edthat\u00f3 Le\u00edr\u00e1s: A t\u00f6ml\u0151 hossza: 60 cm -&gt; hosszabb\u00edthat\u00f3: A hangya p\u00e1r\u00e1s\u00edt\u00e1s\u00e1ra [...]","protected":false},"featured_media":6603,"comment_status":"open","ping_status":"closed","template":"","meta":{"_acf_changed":false,"content-type":"","_monsterinsights_skip_tracking":false,"_monsterinsights_sitenote_active":false,"_monsterinsights_sitenote_note":"","_monsterinsights_sitenote_category":0},"product_brand":[],"product_cat":[359,119],"product_tag":[],"class_list":{"0":"post-6576","1":"product","2":"type-product","3":"status-publish","4":"has-post-thumbnail","6":"product_cat-light-heat-humidity","7":"product_cat-formicarium-components","9":"first","10":"instock","11":"taxable","12":"shipping-taxable","13":"purchasable","14":"product-type-simple"},"acf":[],"aioseo_notices":[],"jetpack_sharing_enabled":true,"_links":{"self":[{"href":"https:\/\/antcube.shop\/hu\/wp-json\/wp\/v2\/product\/6576","targetHints":{"allow":["GET"]}}],"collection":[{"href":"https:\/\/antcube.shop\/hu\/wp-json\/wp\/v2\/product"}],"about":[{"href":"https:\/\/antcube.shop\/hu\/wp-json\/wp\/v2\/types\/product"}],"replies":[{"embeddable":true,"href":"https:\/\/antcube.shop\/hu\/wp-json\/wp\/v2\/comments?post=6576"}],"wp:featuredmedia":[{"embeddable":true,"href":"https:\/\/antcube.shop\/hu\/wp-json\/wp\/v2\/media\/6603"}],"wp:attachment":[{"href":"https:\/\/antcube.shop\/hu\/wp-json\/wp\/v2\/media?parent=6576"}],"wp:term":[{"taxonomy":"product_brand","embeddable":true,"href":"https:\/\/antcube.shop\/hu\/wp-json\/wp\/v2\/product_brand?post=6576"},{"taxonomy":"product_cat","embeddable":true,"href":"https:\/\/antcube.shop\/hu\/wp-json\/wp\/v2\/product_cat?post=6576"},{"taxonomy":"product_tag","embeddable":true,"href":"https:\/\/antcube.shop\/hu\/wp-json\/wp\/v2\/product_tag?post=6576"}],"curies":[{"name":"wp","href":"https:\/\/api.w.org\/{rel}","templated":true}]}}