{"id":6572,"date":"2023-12-04T11:34:48","date_gmt":"2023-12-04T10:34:48","guid":{"rendered":"https:\/\/antcube.shop\/product\/arena-vase-10x10cm-aus-glas\/"},"modified":"2026-03-30T10:30:50","modified_gmt":"2026-03-30T08:30:50","slug":"arena-vaza-10x10cm-uvegbol-keszult","status":"publish","type":"product","link":"https:\/\/antcube.shop\/hu\/termek\/arena-vaza-10x10cm-uvegbol-keszult\/","title":{"rendered":"Ar\u00e9na v\u00e1za 10x10cm \u00fcvegb\u0151l k\u00e9sz\u00fclt"},"content":{"rendered":"<p><strong>M\u00e9retek:<\/strong> 10\u00d710.4cm<\/p>\n<p><strong>Anyag:<\/strong> \u00fcveg, PMMA<\/p>\n<p><strong>Sz\u00edn:<\/strong> krist\u00e1lytiszta, \u00e1ttetsz\u0151, \u00e1tl\u00e1tsz\u00f3<\/p>\n<p><strong>Tartalom:<\/strong><br \/>\n1x \u00fcveg v\u00e1za 10x10cm<br \/>\n1x fed\u00e9l 10\u00d70.4cm<\/p>\n<p><strong>Le\u00edr\u00e1s:<\/strong> Az Arena Vase-t az Atta vagy Acromyrmex nemzets\u00e9gbe tartoz\u00f3 lev\u00e9lv\u00e1g\u00f3 hangya kol\u00f3ni\u00e1k etet\u00e9s\u00e9re fejlesztett\u00e9k ki. A levehet\u0151 akrilfedelet, amely lyukakkal \u00e9s ny\u00edl\u00e1sokkal rendelkezik a takarm\u00e1nyn\u00f6v\u00e9nyek \u00e1gainak elrendez\u00e9s\u00e9hez \u00e9s tart\u00e1s\u00e1hoz, egyszer\u0171en a v\u00e1z\u00e1ra kell helyezni. A v\u00e1za seg\u00edt abban, hogy a t\u00e1pl\u00e1l\u00e9kn\u00f6v\u00e9nyek hosszabb ideig frissek maradjanak, ugyanakkor a tart\u00e1lyban l\u00e9v\u0151 v\u00edz folyamatos p\u00e1rolg\u00e1sa r\u00e9v\u00e9n n\u00f6veli a p\u00e1ratartalmat a formik\u00e1riumban.<\/p>","protected":false},"excerpt":{"rendered":"<p>M\u00e9retek: Anyag: \u00fcveg, PMMA Sz\u00edn: krist\u00e1lytiszta, \u00e1ttetsz\u0151, \u00e1tl\u00e1tsz\u00f3: Le\u00edr\u00e1s: 1x \u00fcvegv\u00e1za 10x10cm 1x fed\u00e9l 10x0.4cm: Az Arena v\u00e1z\u00e1t az Atta vagy Acromyrmex nemzets\u00e9gbe tartoz\u00f3 lev\u00e9lv\u00e1g\u00f3 hangyakol\u00f3ni\u00e1k etet\u00e9s\u00e9re fejlesztett\u00e9k ki. A levehet\u0151 akrilfedelet, amely lyukakkal \u00e9s ny\u00edl\u00e1sokkal rendelkezik a takarm\u00e1nyn\u00f6v\u00e9nyek \u00e1gainak elrendez\u00e9s\u00e9hez \u00e9s tart\u00e1s\u00e1hoz, egyszer\u0171en r\u00e1 kell helyezni a","protected":false},"featured_media":6587,"comment_status":"open","ping_status":"closed","template":"","meta":{"_acf_changed":false,"content-type":"","_monsterinsights_skip_tracking":false,"_monsterinsights_sitenote_active":false,"_monsterinsights_sitenote_note":"","_monsterinsights_sitenote_category":0},"product_brand":[],"product_cat":[115,118],"product_tag":[],"class_list":{"0":"post-6572","1":"product","2":"type-product","3":"status-publish","4":"has-post-thumbnail","6":"product_cat-food-and-feeding","7":"product_cat-feeding-bowls","9":"first","10":"instock","11":"taxable","12":"shipping-taxable","13":"purchasable","14":"product-type-simple"},"acf":[],"aioseo_notices":[],"jetpack_sharing_enabled":true,"_links":{"self":[{"href":"https:\/\/antcube.shop\/hu\/wp-json\/wp\/v2\/product\/6572","targetHints":{"allow":["GET"]}}],"collection":[{"href":"https:\/\/antcube.shop\/hu\/wp-json\/wp\/v2\/product"}],"about":[{"href":"https:\/\/antcube.shop\/hu\/wp-json\/wp\/v2\/types\/product"}],"replies":[{"embeddable":true,"href":"https:\/\/antcube.shop\/hu\/wp-json\/wp\/v2\/comments?post=6572"}],"wp:featuredmedia":[{"embeddable":true,"href":"https:\/\/antcube.shop\/hu\/wp-json\/wp\/v2\/media\/6587"}],"wp:attachment":[{"href":"https:\/\/antcube.shop\/hu\/wp-json\/wp\/v2\/media?parent=6572"}],"wp:term":[{"taxonomy":"product_brand","embeddable":true,"href":"https:\/\/antcube.shop\/hu\/wp-json\/wp\/v2\/product_brand?post=6572"},{"taxonomy":"product_cat","embeddable":true,"href":"https:\/\/antcube.shop\/hu\/wp-json\/wp\/v2\/product_cat?post=6572"},{"taxonomy":"product_tag","embeddable":true,"href":"https:\/\/antcube.shop\/hu\/wp-json\/wp\/v2\/product_tag?post=6572"}],"curies":[{"name":"wp","href":"https:\/\/api.w.org\/{rel}","templated":true}]}}