{"id":6570,"date":"2023-12-04T11:34:35","date_gmt":"2023-12-04T10:34:35","guid":{"rendered":"https:\/\/antcube.shop\/product\/ameisen-treppenhaus-30cm\/"},"modified":"2026-03-16T11:29:00","modified_gmt":"2026-03-16T10:29:00","slug":"hangyalepcso-30cm","status":"publish","type":"product","link":"https:\/\/antcube.shop\/hu\/termek\/hangyalepcso-30cm\/","title":{"rendered":"Hangyal\u00e9pcs\u0151 30cm"},"content":{"rendered":"<p><strong>M\u00e9retek:<\/strong> 5x5x30cm<\/p>\n<p><strong>Anyag:<\/strong> PMMA<\/p>\n<p><strong>Sz\u00edn:<\/strong> krist\u00e1lytiszta, \u00e1ttetsz\u0151, \u00e1tl\u00e1tsz\u00f3<\/p>\n<p><strong>Tartalom:<\/strong><br \/>\n1x hangyal\u00e9pcs\u0151 30cm<br \/>\n2x akril lemez az opcion\u00e1lis falra szerel\u00e9shez<\/p>\n<p>1x p\u00e1rna hangyal\u00e9pcs\u0151h\u00f6z<\/p>\n<p><strong>Megjegyz\u00e9s: <\/strong>Az alkatr\u00e9szeket teljesen \u00f6sszeszerelt term\u00e9kk\u00e9nt sz\u00e1ll\u00edtjuk. A fali r\u00f6gz\u00edt\u00e9shez egyszer\u0171en laz\u00edtsa meg a fels\u0151 \u00e9s als\u00f3 akrilcsavarokat, \u00e9s vegye le az alapot. A k\u00e9t akrillemezt a csavarokkal 1x fel\u00fcl \u00e9s 1x alul r\u00f6gz\u00edtse vissza.<\/p>\n<p><strong>Csatlakoz\u00e1s:<\/strong> 2x t\u00f6ml\u0151 20\/16 mm (k\u00edv\u00fcl) vagy t\u00f6ml\u0151 14\/10 mm (bel\u00fcl) vagy 24\/20 (k\u00edv\u00fcl 2. csatlakoz\u00e1si fokozat)<\/p>\n<p><strong>Le\u00edr\u00e1s:<\/strong> A hangyal\u00e9pcs\u0151t arra haszn\u00e1lj\u00e1k, hogy \u00e1thidalj\u00e1k az ar\u00e9na \u00e9s a hangyafarm k\u00f6z\u00f6tti magass\u00e1got.<\/p>\n<p><strong>Alkalmaz\u00e1s:<\/strong> hangyafarmok eset\u00e9ben <strong>30x30cm vagy 60x30cm m\u00e9retben<\/strong><\/p>\n<p><span data-text-color=\"alert\"><strong>Fontos az akrilcs\u00f6vekkel val\u00f3 haszn\u00e1lathoz:<\/strong><\/span><br \/>\nA magass\u00e1g nem alkalmas a mi <strong>XL m\u00e9ret\u0171 hangyafarmok.<\/strong><br \/>\nA  oldalon.<strong> akrilcs\u00f6vekkel haszn\u00e1lhat\u00f3<\/strong> (pl. hangyacs\u0151 - krist\u00e1lytiszta 20mm - 1m cikksz\u00e1m: 1000320) t\u00f6ml\u0151k helyett, akkor \u00f6sszesen<strong> 3x a \"Cs\u0151csatlakoz\u00f3 krist\u00e1lytiszta 20mm - I\"<\/strong> (cikksz\u00e1m: 1005624). 1x a hangyafarm aljzathoz \u00e9s 2x a k\u00e9t l\u00e9pcs\u0151h\u00e1zi aljzathoz. A r\u00e9gi hangyafarmokn\u00e1l (minden 12\/2023 el\u0151tt v\u00e1s\u00e1rolt) ezen k\u00edv\u00fcl egy \"\u00e1tl\u00e1tsz\u00f3, rugalmas t\u00f6m\u00edt\u0151gy\u0171r\u0171t\" (cikksz\u00e1m: 1001437) kell a hangyafarm aljzatra tolni. Ellenkez\u0151 esetben a \"Krist\u00e1lytiszta cs\u0151csatlakoz\u00f3 20mm - I\" (cikksz\u00e1m: 1005624) t\u00fal laz\u00e1n \u00fcl a hangyafarm foglalat\u00e1n. Ezenk\u00edv\u00fcl, ha egy <strong>formicarium pad <\/strong>a hangyafarmhoz vagy -ar\u00e9n\u00e1hoz, akkor a l\u00e9pcs\u0151h\u00e1zhoz is egyet kell haszn\u00e1lni, mivel k\u00fcl\u00f6nben a l\u00e9pcs\u0151h\u00e1z aljzata \u00e9s a hangyafarm \u00e9s a hangyaar\u00e9na csatlakoz\u00f3i k\u00f6z\u00f6tt kisebb magass\u00e1gk\u00fcl\u00f6nbs\u00e9g lesz.<\/p>","protected":false},"excerpt":{"rendered":"<p>30x30cm vagy 60x30cm m\u00e9ret\u0171 hangyafarmokhoz<\/p>","protected":false},"featured_media":6585,"comment_status":"open","ping_status":"closed","template":"","meta":{"_acf_changed":false,"content-type":"","_monsterinsights_skip_tracking":false,"_monsterinsights_sitenote_active":false,"_monsterinsights_sitenote_note":"","_monsterinsights_sitenote_category":0},"product_brand":[],"product_cat":[345,119,121,120,239],"product_tag":[],"class_list":{"0":"post-6570","1":"product","2":"type-product","3":"status-publish","4":"has-post-thumbnail","6":"product_cat-pipe-connectors","7":"product_cat-formicarium-components","8":"product_cat-connectors","9":"product_cat-hoses","10":"product_cat-useful-additions","12":"first","13":"instock","14":"taxable","15":"shipping-taxable","16":"purchasable","17":"product-type-simple"},"acf":[],"aioseo_notices":[],"jetpack_sharing_enabled":true,"_links":{"self":[{"href":"https:\/\/antcube.shop\/hu\/wp-json\/wp\/v2\/product\/6570","targetHints":{"allow":["GET"]}}],"collection":[{"href":"https:\/\/antcube.shop\/hu\/wp-json\/wp\/v2\/product"}],"about":[{"href":"https:\/\/antcube.shop\/hu\/wp-json\/wp\/v2\/types\/product"}],"replies":[{"embeddable":true,"href":"https:\/\/antcube.shop\/hu\/wp-json\/wp\/v2\/comments?post=6570"}],"wp:featuredmedia":[{"embeddable":true,"href":"https:\/\/antcube.shop\/hu\/wp-json\/wp\/v2\/media\/6585"}],"wp:attachment":[{"href":"https:\/\/antcube.shop\/hu\/wp-json\/wp\/v2\/media?parent=6570"}],"wp:term":[{"taxonomy":"product_brand","embeddable":true,"href":"https:\/\/antcube.shop\/hu\/wp-json\/wp\/v2\/product_brand?post=6570"},{"taxonomy":"product_cat","embeddable":true,"href":"https:\/\/antcube.shop\/hu\/wp-json\/wp\/v2\/product_cat?post=6570"},{"taxonomy":"product_tag","embeddable":true,"href":"https:\/\/antcube.shop\/hu\/wp-json\/wp\/v2\/product_tag?post=6570"}],"curies":[{"name":"wp","href":"https:\/\/api.w.org\/{rel}","templated":true}]}}