{"id":6567,"date":"2023-12-04T11:34:15","date_gmt":"2023-12-04T10:34:15","guid":{"rendered":"https:\/\/antcube.shop\/product\/kornerfutter-media-100g\/"},"modified":"2026-04-13T09:29:47","modified_gmt":"2026-04-13T07:29:47","slug":"szemes-takarmany-alapanyag-100g","status":"publish","type":"product","link":"https:\/\/antcube.shop\/hu\/termek\/szemes-takarmany-alapanyag-100g\/","title":{"rendered":"Gabonat\u00e1panyag 100g"},"content":{"rendered":"<div class=\"tab-body active\">\n<p><strong>Tartalom:<\/strong> 100g<\/p>\n<p><span id=\"result_box\" class=\"long_text\" lang=\"en\"><strong>Le\u00edr\u00e1s:<\/strong> <\/span>K\u00f6zepes szemes- \u00e9s magkever\u00e9k szemev\u0151 hangy\u00e1k, p\u00e9ld\u00e1ul Messor, Pogonomyrmex \u00e9s Pheidole hangy\u00e1k kol\u00f3ni\u00e1inak teny\u00e9szt\u00e9s\u00e9hez.<br \/>\nA k\u00f6zegmagvak e kever\u00e9k\u00e9nek seg\u00edts\u00e9g\u00e9vel t\u00e1mogatj\u00e1k a n\u00f6veked\u00e9st.<br \/>\nTiszta term\u00e9szetes term\u00e9k mesters\u00e9ges adal\u00e9kanyagok n\u00e9lk\u00fcl. Rovarirt\u00f3 szerekt\u0151l mentes.<\/p>\n<p><strong>Megjegyz\u00e9s:<\/strong><br \/>\nA t\u00e1pcs\u0151 haszn\u00e1lat\u00e1hoz itt tal\u00e1lhat\u00f3: <a href=\"https:\/\/www.antstore.net\/shop\/images\/documents\/Anleitung-Ameisenfutterroehrchen.pdf\">Link<\/a><br \/>\ntakarm\u00e1nykieg\u00e9sz\u00edt\u0151 a gabonaf\u00e9l\u00e9ket fogyaszt\u00f3 hangy\u00e1k sz\u00e1m\u00e1ra.<br \/>\n\u00d6sszet\u00e9tel, analitikai \u00f6sszetev\u0151k, lej\u00e1rati id\u0151 \u00e9s a t\u00e9telsz\u00e1m, k\u00e9rj\u00fck, olvassa el a betegt\u00e1j\u00e9koztat\u00f3t.<\/p>\n<p>Inform\u00e1ci\u00f3s forr\u00f3dr\u00f3t +49 30 439703870<\/p>\n<p>Hozz\u00e1\u00e9rt\u0151 \u00e1llatorvos \u00e9s \u00e9lelmiszer-ellen\u0151rz\u00e9s:<br \/>\nVeterin\u00e4ramt Steglitz<br \/>\nK\u00f6nigin-Luise-Str. 92<br \/>\n14195 Berlin<\/p>\n<\/div>","protected":false},"excerpt":{"rendered":"<p>Kieg\u00e9sz\u00edt\u0151 takarm\u00e1ny<\/p>","protected":false},"featured_media":6625,"comment_status":"open","ping_status":"closed","template":"","meta":{"_acf_changed":false,"content-type":"","_monsterinsights_skip_tracking":false,"_monsterinsights_sitenote_active":false,"_monsterinsights_sitenote_note":"","_monsterinsights_sitenote_category":0},"product_brand":[],"product_cat":[115,116],"product_tag":[],"class_list":{"0":"post-6567","1":"product","2":"type-product","3":"status-publish","4":"has-post-thumbnail","6":"product_cat-food-and-feeding","7":"product_cat-food","9":"first","10":"instock","11":"taxable","12":"shipping-taxable","13":"purchasable","14":"product-type-simple"},"acf":[],"aioseo_notices":[],"jetpack_sharing_enabled":true,"_links":{"self":[{"href":"https:\/\/antcube.shop\/hu\/wp-json\/wp\/v2\/product\/6567","targetHints":{"allow":["GET"]}}],"collection":[{"href":"https:\/\/antcube.shop\/hu\/wp-json\/wp\/v2\/product"}],"about":[{"href":"https:\/\/antcube.shop\/hu\/wp-json\/wp\/v2\/types\/product"}],"replies":[{"embeddable":true,"href":"https:\/\/antcube.shop\/hu\/wp-json\/wp\/v2\/comments?post=6567"}],"wp:featuredmedia":[{"embeddable":true,"href":"https:\/\/antcube.shop\/hu\/wp-json\/wp\/v2\/media\/6625"}],"wp:attachment":[{"href":"https:\/\/antcube.shop\/hu\/wp-json\/wp\/v2\/media?parent=6567"}],"wp:term":[{"taxonomy":"product_brand","embeddable":true,"href":"https:\/\/antcube.shop\/hu\/wp-json\/wp\/v2\/product_brand?post=6567"},{"taxonomy":"product_cat","embeddable":true,"href":"https:\/\/antcube.shop\/hu\/wp-json\/wp\/v2\/product_cat?post=6567"},{"taxonomy":"product_tag","embeddable":true,"href":"https:\/\/antcube.shop\/hu\/wp-json\/wp\/v2\/product_tag?post=6567"}],"curies":[{"name":"wp","href":"https:\/\/api.w.org\/{rel}","templated":true}]}}