{"id":6564,"date":"2023-12-04T11:33:56","date_gmt":"2023-12-04T10:33:56","guid":{"rendered":"https:\/\/antcube.shop\/product\/schraub-adapter-50-auf-27-mm-bohrung\/"},"modified":"2026-04-05T20:47:15","modified_gmt":"2026-04-05T18:47:15","slug":"csavaros-adapter-50-27-mm-es-furathoz","status":"publish","type":"product","link":"https:\/\/antcube.shop\/hu\/termek\/csavaros-adapter-50-27-mm-es-furathoz\/","title":{"rendered":"Csavaros adapter 50-27 mm-es furathoz"},"content":{"rendered":"<p><strong>Tartalom:<\/strong><br \/>\n2x 59 x 2 mm-es akrilkorong 32 mm-es lyukkal<br \/>\n1x Akrilkorong 49 x 4mm, 27 mm-es lyukkal<br \/>\n2x \u00e1tl\u00e1tsz\u00f3 m\u0171anyag csavar M4<br \/>\n2x \u00e1tl\u00e1tsz\u00f3 anya M4<\/p>\n<p><strong>A term\u00e9k m\u00e9retei:<\/strong> 59 x 8 mm<\/p>\n<p><strong>Anyag:<\/strong> PMMA<\/p>\n<p><strong>Sz\u00edn:<\/strong> \u00e1tl\u00e1tsz\u00f3 \/ krist\u00e1lytiszta<\/p>\n<p><span data-text-color=\"alert\"><strong>FIGYELEM:<\/strong><\/span> csak a 27mm - 14, 20, 24mm - \u00e1tl\u00e1tsz\u00f3 medencet\u00f6ml\u0151 csatlakoz\u00f3inkhoz<\/p>\n<p><strong>Le\u00edr\u00e1s:<\/strong> Adapter 27 mm \u00e1tm\u00e9r\u0151j\u0171 elemek 50 mm-es furatokba t\u00f6rt\u00e9n\u0151 r\u00f6gz\u00edt\u00e9s\u00e9hez. A 27 mm-es dug\u00f3ink is illeszkednek az adapterbe.<\/p>\n<p>\u00cdgy lehet\u0151v\u00e9 teszi a 32 mm-es cs\u00f6vek, t\u00f6ml\u0151k vagy egy\u00e9b csatlakoz\u00f3elemek biztons\u00e1gos, szil\u00e1rd \u00e9s vizu\u00e1lisan vonz\u00f3 r\u00f6gz\u00edt\u00e9s\u00e9t.<\/p>\n<p><strong>Megjegyz\u00e9s:<\/strong> K\u00fcl\u00f6n\u00e1ll\u00f3 r\u00e9szekben sz\u00e1ll\u00edtj\u00e1k, \u00e9s Phillips csavarh\u00faz\u00f3val kell r\u00f6gz\u00edteni.<\/p>","protected":false},"excerpt":{"rendered":"<p>Tartalom: 32 mm-es lyukkal 1x Akrilkorong 49 x 4mm 27 mm-es lyukkal 2x \u00c1tl\u00e1tsz\u00f3 m\u0171anyag csavar M4 2x \u00c1tl\u00e1tsz\u00f3 anya M4 Term\u00e9k m\u00e9retei: 2x Akrilkorong 59 x 2mm 32 mm-es lyukkal 1x Akrilkorong 49 x 4mm 27 mm-es lyukkal 2x \u00c1tl\u00e1tsz\u00f3 m\u0171anyag csavar M4 2x \u00c1tl\u00e1tsz\u00f3 anya M4: Anyag: 59 x 8 mm: PMMA Sz\u00edn: \u00e1tl\u00e1tsz\u00f3 \/ krist\u00e1lytiszta FIGYELEM: csak a 27mm - 14, 20, 24mm-es medencet\u00f6ml\u0151 csatlakoz\u00f3inkhoz.","protected":false},"featured_media":6593,"comment_status":"open","ping_status":"closed","template":"","meta":{"_acf_changed":false,"content-type":"","_monsterinsights_skip_tracking":false,"_monsterinsights_sitenote_active":false,"_monsterinsights_sitenote_note":"","_monsterinsights_sitenote_category":0},"product_brand":[],"product_cat":[345,119,121,120],"product_tag":[],"class_list":{"0":"post-6564","1":"product","2":"type-product","3":"status-publish","4":"has-post-thumbnail","6":"product_cat-pipe-connectors","7":"product_cat-formicarium-components","8":"product_cat-connectors","9":"product_cat-hoses","11":"first","12":"instock","13":"taxable","14":"shipping-taxable","15":"purchasable","16":"product-type-simple"},"acf":[],"aioseo_notices":[],"jetpack_sharing_enabled":true,"_links":{"self":[{"href":"https:\/\/antcube.shop\/hu\/wp-json\/wp\/v2\/product\/6564","targetHints":{"allow":["GET"]}}],"collection":[{"href":"https:\/\/antcube.shop\/hu\/wp-json\/wp\/v2\/product"}],"about":[{"href":"https:\/\/antcube.shop\/hu\/wp-json\/wp\/v2\/types\/product"}],"replies":[{"embeddable":true,"href":"https:\/\/antcube.shop\/hu\/wp-json\/wp\/v2\/comments?post=6564"}],"wp:featuredmedia":[{"embeddable":true,"href":"https:\/\/antcube.shop\/hu\/wp-json\/wp\/v2\/media\/6593"}],"wp:attachment":[{"href":"https:\/\/antcube.shop\/hu\/wp-json\/wp\/v2\/media?parent=6564"}],"wp:term":[{"taxonomy":"product_brand","embeddable":true,"href":"https:\/\/antcube.shop\/hu\/wp-json\/wp\/v2\/product_brand?post=6564"},{"taxonomy":"product_cat","embeddable":true,"href":"https:\/\/antcube.shop\/hu\/wp-json\/wp\/v2\/product_cat?post=6564"},{"taxonomy":"product_tag","embeddable":true,"href":"https:\/\/antcube.shop\/hu\/wp-json\/wp\/v2\/product_tag?post=6564"}],"curies":[{"name":"wp","href":"https:\/\/api.w.org\/{rel}","templated":true}]}}