{"id":6563,"date":"2023-12-04T11:33:49","date_gmt":"2023-12-04T10:33:49","guid":{"rendered":"https:\/\/antcube.shop\/product\/schraub-adapter-50-auf-20-mm-bohrung\/"},"modified":"2026-03-30T12:22:11","modified_gmt":"2026-03-30T10:22:11","slug":"csavaros-adapter-50-20-mm-es-furatra","status":"publish","type":"product","link":"https:\/\/antcube.shop\/hu\/termek\/csavaros-adapter-50-20-mm-es-furatra\/","title":{"rendered":"Csavaros adapter 50-20 mm-es furathoz"},"content":{"rendered":"<p><strong>Tartalom:<\/strong><br \/>\n2x 59 x 2 mm-es akrilkorong 32 mm-es lyukkal<br \/>\n1x Akrilkorong 49 x 4mm, 20 mm-es lyukkal<br \/>\n2x \u00e1tl\u00e1tsz\u00f3 m\u0171anyag csavar any\u00e1val<\/p>\n<p><strong>A term\u00e9k m\u00e9retei:<\/strong> 59 x 8 mm<\/p>\n<p><strong>Anyag:<\/strong> PMMA, PP<\/p>\n<p><strong>Sz\u00edn:<\/strong> \u00e1tl\u00e1tsz\u00f3 \/ krist\u00e1lytiszta<\/p>\n<p><strong>Le\u00edr\u00e1s:<\/strong> Adapter 32 mm \u00e1tm\u00e9r\u0151j\u0171 elemek 50 mm-es furatokba t\u00f6rt\u00e9n\u0151 r\u00f6gz\u00edt\u00e9s\u00e9hez.<\/p>\n<p>\u00cdgy lehet\u0151v\u00e9 teszi a 32 mm-es cs\u00f6vek, t\u00f6ml\u0151k vagy egy\u00e9b csatlakoz\u00f3elemek biztons\u00e1gos, szil\u00e1rd \u00e9s vizu\u00e1lisan vonz\u00f3 r\u00f6gz\u00edt\u00e9s\u00e9t.<\/p>\n<p><strong>Megjegyz\u00e9s:<\/strong> K\u00fcl\u00f6n\u00e1ll\u00f3 r\u00e9szekben sz\u00e1ll\u00edtj\u00e1k, \u00e9s Phillips csavarh\u00faz\u00f3val kell r\u00f6gz\u00edteni.<\/p>","protected":false},"excerpt":{"rendered":"<p>Tartalom: 32 mm-es lyukkal 1x Akrilkorong 49 x 4 mm 32 mm-es lyukkal 2x \u00e1tl\u00e1tsz\u00f3 m\u0171anyag csavar any\u00e1val Term\u00e9k m\u00e9retei: 2x akrilkorong 59 x 2 mm 32 mm-es lyukkal: Anyag: 59 x 8 mm: Anyag: PMMA, PP Sz\u00edn: \u00e1tl\u00e1tsz\u00f3 \/ krist\u00e1lytiszta: Adapter 32 mm \u00e1tm\u00e9r\u0151j\u0171 elemek r\u00f6gz\u00edt\u00e9s\u00e9hez 50 mm-es furatokban. Lehet\u0151v\u00e9 teszi a","protected":false},"featured_media":6613,"comment_status":"open","ping_status":"closed","template":"","meta":{"_acf_changed":false,"content-type":"","_monsterinsights_skip_tracking":false,"_monsterinsights_sitenote_active":false,"_monsterinsights_sitenote_note":"","_monsterinsights_sitenote_category":0},"product_brand":[],"product_cat":[345,119,121,120],"product_tag":[],"class_list":{"0":"post-6563","1":"product","2":"type-product","3":"status-publish","4":"has-post-thumbnail","6":"product_cat-pipe-connectors","7":"product_cat-formicarium-components","8":"product_cat-connectors","9":"product_cat-hoses","11":"first","12":"instock","13":"taxable","14":"shipping-taxable","15":"purchasable","16":"product-type-simple"},"acf":[],"aioseo_notices":[],"jetpack_sharing_enabled":true,"_links":{"self":[{"href":"https:\/\/antcube.shop\/hu\/wp-json\/wp\/v2\/product\/6563","targetHints":{"allow":["GET"]}}],"collection":[{"href":"https:\/\/antcube.shop\/hu\/wp-json\/wp\/v2\/product"}],"about":[{"href":"https:\/\/antcube.shop\/hu\/wp-json\/wp\/v2\/types\/product"}],"replies":[{"embeddable":true,"href":"https:\/\/antcube.shop\/hu\/wp-json\/wp\/v2\/comments?post=6563"}],"wp:featuredmedia":[{"embeddable":true,"href":"https:\/\/antcube.shop\/hu\/wp-json\/wp\/v2\/media\/6613"}],"wp:attachment":[{"href":"https:\/\/antcube.shop\/hu\/wp-json\/wp\/v2\/media?parent=6563"}],"wp:term":[{"taxonomy":"product_brand","embeddable":true,"href":"https:\/\/antcube.shop\/hu\/wp-json\/wp\/v2\/product_brand?post=6563"},{"taxonomy":"product_cat","embeddable":true,"href":"https:\/\/antcube.shop\/hu\/wp-json\/wp\/v2\/product_cat?post=6563"},{"taxonomy":"product_tag","embeddable":true,"href":"https:\/\/antcube.shop\/hu\/wp-json\/wp\/v2\/product_tag?post=6563"}],"curies":[{"name":"wp","href":"https:\/\/api.w.org\/{rel}","templated":true}]}}