{"id":6562,"date":"2023-12-04T11:33:43","date_gmt":"2023-12-04T10:33:43","guid":{"rendered":"https:\/\/antcube.shop\/product\/bundle-offer-messor-structor\/"},"modified":"2026-03-04T17:11:29","modified_gmt":"2026-03-04T16:11:29","slug":"csomagajanlat-messor-structor","status":"publish","type":"product","link":"https:\/\/antcube.shop\/hu\/termek\/csomagajanlat-messor-structor\/","title":{"rendered":"Aj\u00e1nlatcsomag - Messor structor"},"content":{"rendered":"<p><span data-text-color=\"secondary\"><strong>Csomagaj\u00e1nlat, amely tartalmaz egy Messor structor hangyakol\u00f3ni\u00e1t (kir\u00e1lyn\u0151 11-25 dolgoz\u00f3val + k\u00f6lt\u00e9s), egy indul\u00f3 k\u00e9szletet Habitat Desert M egy m\u00e1sodik hangyafarmmal 20\u00d720 M, 3x formicarium p\u00e1rna \u00e9s egy \u00fcveg k\u00fcl\u00f6nleges eg\u00e9sz feh\u00e9r\u00edtett t\u00fccs\u00f6k 10g (nedves feh\u00e9rje).<\/strong><\/span><\/p>\n<p><span data-text-color=\"alert\"><strong>Csak a k\u00e9szlet erej\u00e9ig.<\/strong><\/span><\/p>\n<p><strong>Minden, amire egy Messor structor hangyakol\u00f3ni\u00e1hoz sz\u00fcks\u00e9ge van<\/strong><br \/>\nEz a csomag tartalmaz mindent, amire sz\u00fcks\u00e9ge van ahhoz, hogy a Messor structor kol\u00f3nia sikeresen \u00e1tv\u00e9szelje az els\u0151 n\u00e9h\u00e1ny h\u00f3napot. Rugalmasan b\u0151v\u00edthet\u0151, \u00e9s kifejezetten alkalmas a hangyatart\u00e1s kezd\u0151k sz\u00e1m\u00e1ra.<\/p>\n<p><strong>Messor structor hangyafajok<\/strong><br \/>\nA Messor structor egy granivor (szemev\u0151) hangyafaj. Els\u0151sorban D\u00e9l-Eur\u00f3p\u00e1ban \u00e9s a mediterr\u00e1n t\u00e9rs\u00e9gben, de K\u00f6z\u00e9p-Eur\u00f3p\u00e1ban is megtal\u00e1lhat\u00f3, \u00e9s elterjed\u00e9si ter\u00fclete eg\u00e9szen Ir\u00e1nig \u00e9s D\u00e9l-Oroszorsz\u00e1gig terjed. Ez az egyetlen Messor faj, amely N\u00e9metorsz\u00e1gban is megtal\u00e1lhat\u00f3. A dolgoz\u00f3k valamivel kisebbek, mint a Messor barbarus\u00e9, de a Messor structor hamarabb termel \u00fagynevezett major dolgoz\u00f3kat (legnagyobb dolgoz\u00f3i kaszt).<\/p>\n<p>B\u00e1r a Messor structor f\u0151k\u00e9nt a sztyepp\u00e9ken \u00e9l, egyes orsz\u00e1gokban vannak olyan popul\u00e1ci\u00f3k, amelyek ink\u00e1bb a hegyvid\u00e9ki r\u00e9gi\u00f3kban vagy ak\u00e1r vegyes erd\u0151kben otthonosan mozognak. Ez mutatja a faj nagyfok\u00fa alkalmazkod\u00f3k\u00e9pess\u00e9g\u00e9t. A Messor structor \u00e1ltal\u00e1ban polig\u00e9n kol\u00f3ni\u00e1kat alkot (t\u00f6bb kir\u00e1lyn\u0151 egy kol\u00f3ni\u00e1ban), de el\u0151fordul monog\u00e9n (kol\u00f3ni\u00e1nk\u00e9nt csak egy kir\u00e1lyn\u0151) is.<\/p>\n<p>A tud\u00f3sok m\u00e1r j\u00f3 ideje pr\u00f3b\u00e1lj\u00e1k kider\u00edteni, hogy a Messor structornak t\u00f6bb, k\u00fcl\u00f6nb\u00f6z\u0151 r\u00e9gi\u00f3kban el\u0151fordul\u00f3 alfaja is kialakulhatott-e a k\u00fcl\u00f6nb\u00f6z\u0151 kol\u00f3ni\u00e1k genetikai anyag\u00e1nak elemz\u00e9s\u00e9vel. Ezt azonban m\u00e9g nem siker\u00fclt egy\u00e9rtelm\u0171en tiszt\u00e1zni.<\/p>\n<p><strong>F\u00e9szek a Messor structor sz\u00e1m\u00e1ra<\/strong><br \/>\nA Messor structor a homokos talajon f\u00e9szkel. A legt\u00f6bb m\u00e1s Messor-fajjal ellent\u00e9tben azonban viszonylag rugalmas, \u00e9s n\u00e9ha f\u00e9szkelhet k\u00f6vek alatt vagy \u00e1rny\u00e9kos helyeken, f\u00f6ldesebb talajokon is.<\/p>\n<p><strong>\u00c9lelmiszer Messor structor sz\u00e1m\u00e1ra<\/strong><br \/>\nMint minden Messor faj, a Messor structor is f\u0151leg magvakkal t\u00e1pl\u00e1lkozik, amelyeket \u00f6sszegy\u0171jtenek, t\u00e1rolnak \u00e9s \u00fagynevezett hangyakeny\u00e9rr\u00e9 dolgoznak fel, amely \u00edgy hosszabb ideig eltarthat\u00f3, \u00e9s a kol\u00f3ni\u00e1k sz\u00e1m\u00e1ra \u00e1tv\u00e9szeli azokat az id\u0151szakokat, amikor a term\u00e9szetben kevesebb mag tal\u00e1lhat\u00f3. A feh\u00e9rj\u00e9t \u00e9lve \u00e9s holtan is elfogadj\u00e1k. A vadonban apr\u00f3 rovarokat \u00f6lnek meg, \u00e9s azokkal t\u00e1pl\u00e1lj\u00e1k fi\u00f3k\u00e1ikat. Cukoroldatot vagy m\u00e9zet csak akkor fogadnak el, ha a kol\u00f3nia nedvess\u00e9gig\u00e9ny\u00e9nek fedez\u00e9s\u00e9re nem \u00e1ll rendelkez\u00e9sre elegend\u0151 friss v\u00edz.<\/p>\n<p><strong>A Messor structor sz\u00e1m\u00e1ra az optim\u00e1lis \u00e9ghajlati felt\u00e9telek a k\u00f6vetkez\u0151k:<\/strong><br \/>\n<strong>P\u00e1ratartalom:<\/strong><br \/>\nAr\u00e9na: F\u00e9szek ter\u00fclete: 30 - 50%: 50 - 70%<br \/>\n<strong>H\u0151m\u00e9rs\u00e9klet:<\/strong><br \/>\nAr\u00e9na: 22 - 30\u00b0C F\u00e9szkel\u0151hely: 21- 27\u00b0C<\/p>\n<p><strong>Tartalom:<\/strong><\/p>\n<p>1x Messor structor hangyakol\u00f3nia (kir\u00e1lyn\u0151 + 11-25 dolgoz\u00f3 + k\u00f6lt\u00e9s)<br \/>\n1x T\u00fccs\u00f6klekv\u00e1r 25g<br \/>\n1x gabonat\u00e1p minor 100g<br \/>\n1x Formicarium p\u00e1rna - 20x20cm<br \/>\n2x Formicarium p\u00e1rna - 20x6cm<\/p>\n<p>1x ANTCUBE - ar\u00e9na 20x20x10 - lapos<br \/>\n1x hangya ar\u00e9na keret 20\u00d720<br \/>\n1x hangya ar\u00e9na bor\u00edt\u00e1s 20\u00d720<br \/>\n4x r\u00f6gz\u00edt\u00e9si pont az ar\u00e9na fedel\u00e9hez<br \/>\n2x ANTCUBE - hangyafarm - M - 20\u00d720 - \u00e1llva<\/p>\n<p>1x 1m cs\u0151 \u00e1tl\u00e1tsz\u00f3 14\/10 mm<br \/>\n2x ANTCUBE - V\u00f6r\u00f6s f\u00f3lia 20\u00d720 - sz\u0171r\u0151<br \/>\n2x \u00f6ntapad\u00f3s klipsz - \u00e1tl\u00e1tsz\u00f3 2 db.<br \/>\n1x aljzat - sivatag - 1kg<br \/>\n1x Formicarium granul\u00e1tum 200ml - b\u00e9zs sz\u00edn\u0171<\/p>\n<p>1x Grid cap &#8211; 10mm &#8211; stainless steel<br \/>\n2x Grid insert acrylic &#8211; 50 mm with sealing ring<br \/>\n1x Grid insert acrylic &#8211; 27 mm with sealing ring<\/p>\n<p>1x tart\u00e1ly t\u00f6ml\u0151csatlakoz\u00f3 27-14,16,20 mm - \u00e1tl\u00e1tsz\u00f3<br \/>\n2x Foil thermometer &#8211; farm<br \/>\n1x Foil thermometer Display<br \/>\n1x drinking clear 5ml &#8211; sponge<br \/>\n1x Feeding dish white rectangle &#8211; 3 compartments<br \/>\n1x Hangya menek\u00fcl\u00e9s elleni v\u00e9d\u0151olaj 10ml<br \/>\n1x Csipesz rug\u00f3ac\u00e9l - sz\u00e9les - puha<br \/>\n1x Csipesz m\u0171anyag \u00e1tl\u00e1tsz\u00f3<br \/>\n1x m\u0171anyag pipetta 3ml<br \/>\n1x k\u00e9zi nagy\u00edt\u00f3 - 2x - 30mm<br \/>\n1x habszivacs ablakt\u00f6rl\u0151 150x18x2,5mm<br \/>\n1x fot\u00f3 h\u00e1tlap - sivatag - 20\u00d710<\/p>\n<p>&nbsp;<\/p>\n<p><strong>Le\u00edr\u00e1s:<\/strong><br \/>\nEz a Starter Set Desert a Messor nemzets\u00e9g minden sivatagban, sztyepp\u00e9n vagy mediterr\u00e1n \u00e9ghajlaton \u00e9l\u0151 faj\u00e1hoz alkalmas. A k\u00e9t farm egyike a magok \u00e9s a hangyakeny\u00e9r t\u00e1rol\u00e1s\u00e1ra szolg\u00e1l, ez\u00e9rt teljesen sz\u00e1razon kell tartani, hogy a hangy\u00e1k \u00e1ltal ott t\u00e1rolt magok\/szemek ne cs\u00edr\u00e1zzanak vagy ne pen\u00e9szedjenek meg.<\/p>\n<p>A teljesen \u00e1tl\u00e1that\u00f3 farmon (f\u00e9szek) a \"szubsztr\u00e1t - sivatag\" a farm kit\u00f6lt\u00e9s\u00e9re szolg\u00e1l. Sz\u00fcks\u00e9g eset\u00e9n tov\u00e1bbi modulok csatlakoztathat\u00f3k a burkolaton l\u00e9v\u0151 50 mm-es lyukakon kereszt\u00fcl, pl. a k\u00fcl\u00f6n kaphat\u00f3 k\u00f6dk\u00e9pz\u0151k, ventil\u00e1torok vagy l\u00e1mp\u00e1k. Alternat\u00edvak\u00e9nt a ny\u00edl\u00e1sok lez\u00e1r\u00e1s\u00e1hoz megfelel\u0151 formicarium-dug\u00f3k is mell\u00e9kelve vannak. K\u00edv\u00e1ns\u00e1g szerint a formicarium nyitottan is m\u0171k\u00f6dtethet\u0151, ha egyszer\u0171en a levehet\u0151 keretet a tetej\u00e9re helyezi, \u00e9s a hangy\u00e1k menek\u00fcl\u00e9s\u00e9t megakad\u00e1lyoz\u00f3 olajat a peremre ken. A \"tiszta 20 ml-es itat\u00f3v\u00e1ly\u00fa - szivacs\" a v\u00edzhez, a \"2 ml-es \u00e9teladagol\u00f3 - adagolhat\u00f3\" a szemes eledelhez val\u00f3.<\/p>\n<p><strong>Fontos:<\/strong> Haszn\u00e1lat el\u0151tt nedves\u00edtse meg az aljzatot, hogy a kever\u00e9k meg tudjon k\u00f6t\u0151dni \u00e9s szil\u00e1rdan meg tudjon \u00e1llni a hangyafarmon. Ezenk\u00edv\u00fcl, ha az aljzat t\u00fal sz\u00e1raz \u00e9s poros, a hangy\u00e1k l\u00e9g\u00fatjai elz\u00e1r\u00f3dhatnak, \u00e9s legrosszabb esetben az \u00e1llatok megfulladhatnak.<\/p>\n<p><strong>Aj\u00e1nl\u00e1s:<\/strong> Javasoljuk a 2 mm magas aljzatr\u00e9teget, hogy az \u00e1llatok ne tudj\u00e1k be\u00e1sni magukat az ar\u00e9n\u00e1ba, hanem ink\u00e1bb az erre a c\u00e9lra biztos\u00edtott tany\u00e1t haszn\u00e1lj\u00e1k. Javasoljuk tov\u00e1bb\u00e1, hogy a farmon l\u00e9v\u0151 f\u00e9szkel\u0151anyagot (homok\/agyag, Digfix stb.) egy helyen enyh\u00e9n sz\u00farjuk ki, hogy az \u00e1llatok sz\u00e1m\u00e1ra megk\u00f6nny\u00edts\u00fck az \u00e1s\u00e1st.<\/p>\n<p><strong>Megjegyz\u00e9sek a gy\u00e1rt\u00e1shoz<\/strong><br \/>\nAz \u00fcveg m\u00e9retre v\u00e1g\u00e1sa a DIN 1249 szabv\u00e1ny szerint t\u00f6rt\u00e9nik, +\/- 1 mm-es t\u0171r\u00e9ssel. A rendk\u00edv\u00fcl kis hangyafajok eset\u00e9ben kieg\u00e9sz\u00edt\u0151 kit\u00f6r\u00e9sv\u00e9delemre van sz\u00fcks\u00e9g.<\/p>\n<p><strong>Megjegyz\u00e9sek a gazdas\u00e1gr\u00f3l<\/strong><br \/>\nA t\u00f6ml\u0151k csatlakoztat\u00e1sakor vagy elt\u00e1vol\u00edt\u00e1sakor vegye figyelembe a k\u00f6vetkez\u0151ket:<br \/>\nHa a cs\u0151 nagyon nehezen illeszkedik a csatlakoz\u00f3aljzatra, az aljzatot enyh\u00e9n be kell d\u00f6rzs\u00f6lni egy csepp kit\u00f6r\u00e9sv\u00e9d\u0151 olajjal vagy porral. A t\u00f6ml\u0151t ezut\u00e1n csavar\u00f3 vagy csavar\u00f3 mozdulatokkal kell a csatlakoz\u00f3aljzatra tolni an\u00e9lk\u00fcl, hogy a csatlakoz\u00f3aljzatot fel-le mozdulatokkal meger\u0151ltetn\u00e9nk. Ugyanez vonatkozik a t\u00f6ml\u0151k mez\u0151gazdas\u00e1gi csatlakoz\u00f3aljzatb\u00f3l t\u00f6rt\u00e9n\u0151 elt\u00e1vol\u00edt\u00e1s\u00e1ra is. K\u00e9rj\u00fck, ne h\u00fazza le egyszer\u0171en!<\/p>\n<p><strong>Jegyzetek a krikettdzsemborir\u00f3l:<\/strong><br \/>\nA feh\u00e9r\u00edtett t\u00fccsk\u00f6kkel k\u00f6nnyen biztos\u00edthatja hangy\u00e1i sz\u00e1m\u00e1ra a frissen tart\u00f3s\u00edtott feh\u00e9rjet\u00e1pl\u00e1l\u00e9kot an\u00e9lk\u00fcl, hogy \u00e9l\u0151 rovarokat kellene etetnie. A benne l\u00e9v\u0151 t\u00fccsk\u00f6ket (Acheta domesticus) k\u00edm\u00e9letesen blans\u00edroztuk, hogy a t\u00e1p\u00e9rt\u00e9kek, az \u00edz \u00e9s az aroma megmaradjon. Ezen k\u00edv\u00fcl a rovarok kitinh\u00e9ja is megpuhult \u00edgy, hogy k\u00f6nnyebben em\u00e9szthet\u0151 legyen. A kollag\u00e9nfeh\u00e9rj\u00e9k k\u00f6t\u00e9seit felbontj\u00e1k, hogy a hangy\u00e1k jobban hasznos\u00edthass\u00e1k azokat. A konzerv Acheta domesticus ugyanolyan t\u00e1p\u00e9rt\u00e9k\u0171, mint az \u00e9l\u0151 t\u00fccs\u00f6k, de k\u00f6nnyebben em\u00e9szthet\u0151.<\/p>\n<p>A Cricket Jam nem alkalmas olyan hangyafajok vad\u00e1szat\u00e1ra, amelyek \u00e9l\u0151 t\u00e1pl\u00e1l\u00e9kot ig\u00e9nyelnek (pl. ponerines (nagy hangy\u00e1k), mint a Harpegnathos vagy Odontomachus).<\/p>\n<p><strong>Tov\u00e1bbi el\u0151ny\u00f6k:<\/strong><br \/>\nGarant\u00e1ltan atkamentes<br \/>\nAdagolhat\u00f3 \u00e9s v\u00edzzel h\u00edg\u00edthat\u00f3<br \/>\nSteriliz\u00e1lt \u00e9s v\u00e1kuumcsomagolt<br \/>\nAdal\u00e9kanyagok n\u00e9lk\u00fcl<br \/>\nT\u00fccsk\u00f6k fenntarthat\u00f3, tiszt\u00e1n \u00f6kol\u00f3giai teny\u00e9szt\u00e9sb\u0151l sz\u00e1rmaz\u00f3, szerves hullad\u00e9kkal t\u00e1pl\u00e1lt t\u00fccsk\u00f6k.<\/p>\n<p><strong>Megjegyz\u00e9s:<\/strong><br \/>\nFelbont\u00e1s ut\u00e1n a h\u0171t\u0151szekr\u00e9nyben k\u00f6r\u00fclbel\u00fcl n\u00e9gy napig eltarthat\u00f3. Fagyasztva hosszabb ideig eltarthat\u00f3.<br \/>\nFigyelem! El\u0151sz\u00f6r adagoljon, majd fagyassza be.<\/p>","protected":false},"excerpt":{"rendered":"<p>A k\u00e9szlet 38 darabb\u00f3l \u00e1ll<\/p>\n<p>M\u00e9ret: <strong>M<\/strong><\/p>","protected":false},"featured_media":7134,"comment_status":"open","ping_status":"closed","template":"","meta":{"_acf_changed":false,"content-type":"","_monsterinsights_skip_tracking":false,"_monsterinsights_sitenote_active":false,"_monsterinsights_sitenote_note":"","_monsterinsights_sitenote_category":0},"product_brand":[],"product_cat":[355,353,73],"product_tag":[],"class_list":{"0":"post-6562","1":"product","2":"type-product","3":"status-publish","4":"has-post-thumbnail","6":"product_cat-bundle-offers","7":"product_cat-starter-sets-for-harvester-ants","8":"product_cat-starter-sets","10":"first","11":"instock","12":"taxable","13":"shipping-taxable","14":"purchasable","15":"product-type-simple"},"acf":[],"aioseo_notices":[],"jetpack_sharing_enabled":true,"_links":{"self":[{"href":"https:\/\/antcube.shop\/hu\/wp-json\/wp\/v2\/product\/6562","targetHints":{"allow":["GET"]}}],"collection":[{"href":"https:\/\/antcube.shop\/hu\/wp-json\/wp\/v2\/product"}],"about":[{"href":"https:\/\/antcube.shop\/hu\/wp-json\/wp\/v2\/types\/product"}],"replies":[{"embeddable":true,"href":"https:\/\/antcube.shop\/hu\/wp-json\/wp\/v2\/comments?post=6562"}],"wp:featuredmedia":[{"embeddable":true,"href":"https:\/\/antcube.shop\/hu\/wp-json\/wp\/v2\/media\/7134"}],"wp:attachment":[{"href":"https:\/\/antcube.shop\/hu\/wp-json\/wp\/v2\/media?parent=6562"}],"wp:term":[{"taxonomy":"product_brand","embeddable":true,"href":"https:\/\/antcube.shop\/hu\/wp-json\/wp\/v2\/product_brand?post=6562"},{"taxonomy":"product_cat","embeddable":true,"href":"https:\/\/antcube.shop\/hu\/wp-json\/wp\/v2\/product_cat?post=6562"},{"taxonomy":"product_tag","embeddable":true,"href":"https:\/\/antcube.shop\/hu\/wp-json\/wp\/v2\/product_tag?post=6562"}],"curies":[{"name":"wp","href":"https:\/\/api.w.org\/{rel}","templated":true}]}}