{"id":6561,"date":"2023-12-04T11:33:36","date_gmt":"2023-12-04T10:33:36","guid":{"rendered":"https:\/\/antcube.shop\/product\/bundle-offer-camponotus-barbaricus\/"},"modified":"2026-03-30T10:28:01","modified_gmt":"2026-03-30T08:28:01","slug":"csomagajanlat-camponotus-barbaricus","status":"publish","type":"product","link":"https:\/\/antcube.shop\/hu\/termek\/csomagajanlat-camponotus-barbaricus\/","title":{"rendered":"Csomagaj\u00e1nlat - Camponotus barbaricus"},"content":{"rendered":"<p><span data-text-color=\"secondary\"><strong>Csomagaj\u00e1nlat, amely tartalmaz egy Camponotus barbaricus hangyakol\u00f3ni\u00e1t (kir\u00e1lyn\u0151 5-10 dolgoz\u00f3val + k\u00f6lt\u00e9s), egy indul\u00f3 k\u00e9szletet Habitat Desert L, 2x formicarium p\u00e1rn\u00e1val, egy \u00fcveg k\u00fcl\u00f6nleges eg\u00e9szben feh\u00e9r\u00edtett t\u00fccsk\u00f6t (nedves feh\u00e9rje) \u00e9s egy 10ml-es m\u00e9zharmat kever\u00e9ket.<\/strong><\/span><\/p>\n<p><span data-text-color=\"alert\"><strong>Csak a k\u00e9szlet erej\u00e9ig.<\/strong><\/span><\/p>\n<p><strong>Minden, amire egy Camponotus barbaricus hangyakol\u00f3ni\u00e1hoz sz\u00fcks\u00e9ge van<\/strong><br \/>\nEz a csomag tartalmaz mindent, amire sz\u00fcks\u00e9ge van ahhoz, hogy egy Camponotus barbaricus kol\u00f3nia sikeresen \u00e1tv\u00e9szelje az els\u0151 n\u00e9h\u00e1ny h\u00f3napot. Rugalmasan b\u0151v\u00edthet\u0151, \u00e9s kifejezetten alkalmas a hangyatart\u00e1s kezd\u0151k sz\u00e1m\u00e1ra.<\/p>\n<p><strong>Hangyafajok Camponotus barbaricus<\/strong><br \/>\nA Camponotus barbaricus Eur\u00f3pa egyik legnagyobb hangyafaja. Portug\u00e1li\u00e1ban, Spanyolorsz\u00e1gban, Szic\u00edli\u00e1ban \u00e9s Eur\u00f3p\u00e1n k\u00edv\u00fcl Marokk\u00f3ban, Alg\u00e9ri\u00e1ban, Tun\u00e9zi\u00e1ban \u00e9s L\u00edbi\u00e1ban is megtal\u00e1lhat\u00f3. Telepei monog\u00e1mok (kol\u00f3ni\u00e1nk\u00e9nt csak egy kir\u00e1lyn\u0151), \u00e9s a legt\u00f6bb Camponotus fajhoz hasonl\u00f3an ez is er\u0151sen polimorf hangyafaj (\u00fagynevezett kasztokat, azaz kisebb \u00e9s nagyobb dolgoz\u00f3kat alkot).<\/p>\n<p>A vadonban ak\u00e1r t\u00f6bb 10 000 egyedb\u0151l \u00e1ll\u00f3 kol\u00f3ni\u00e1kat is alkothatnak. A Camponotus barbaricus agressz\u00edvan v\u00e9di f\u00e9szk\u00e9t \u00e9s vad\u00e1szter\u00fclet\u00e9t, \u00e9s m\u00e9ret\u00e9b\u0151l ad\u00f3d\u00f3an ezt igen sikeresen teszi. A majors\u00e1gok (a dolgoz\u00f3k legnagyobb kasztja) el\u00e9rik a 17 mm k\u00f6r\u00fcli m\u00e9retet.<\/p>\n<p><strong>Camponotus barbaricus f\u00e9szke<\/strong><br \/>\nA Camponotus barbaricus a homokos talajon f\u00e9szkel. A legt\u00f6bb Camponotus-fajjal ellent\u00e9tben ritk\u00e1n tal\u00e1lhat\u00f3 korhadt f\u00e1ban. A csomagban tal\u00e1lhat\u00f3 Desert Starter Set ez\u00e9rt t\u00f6k\u00e9letesen megfelel ennek a fajnak az ig\u00e9nyeihez.<\/p>\n<p><strong>A Camponotus barbaricus t\u00e1pl\u00e1l\u00e9ka<\/strong><br \/>\nA vadonban a Camponotus barbaricus els\u0151sorban rovarokkal \u00e9s m\u00e9zharmattal t\u00e1pl\u00e1lkozik. Ez\u00e9rt feh\u00e9r\u00edtett t\u00fccsk\u00f6ket feh\u00e9rjet\u00e1pl\u00e1l\u00e9kk\u00e9nt \u00e9s m\u00e9zharmatkever\u00e9ket is mell\u00e9kelt\u00fcnk ehhez a csomaghoz, hogy a hangy\u00e1knak a lehet\u0151 legjobban a fajnak megfelel\u0151 \u00e9trendet k\u00edn\u00e1lhassa.<\/p>\n<p><strong>A Camponotus barbaricus sz\u00e1m\u00e1ra az optim\u00e1lis \u00e9ghajlati felt\u00e9telek a k\u00f6vetkez\u0151k:<\/strong><br \/>\n<strong>P\u00e1ratartalom:<\/strong><br \/>\nAr\u00e9na: F\u00e9szek ter\u00fclete: 30 - 50%: 50 - 60%<br \/>\n<strong>H\u0151m\u00e9rs\u00e9klet:<\/strong><br \/>\nAr\u00e9na: 18 - 28\u00b0C F\u00e9szkel\u0151hely: 21 - 26\u00b0C<\/p>\n<p><strong>Tartalom:<\/strong><\/p>\n<p>1x Camponotus barbaricus (kir\u00e1lyn\u0151 1-4 dolgoz\u00f3val + k\u00f6lt\u00e9s)<br \/>\n1x T\u00fccs\u00f6klekv\u00e1r 25g<br \/>\n1x Honeydew mix (HT) - ut\u00e1nt\u00f6lt\u0151 csomag 10ml<br \/>\n1x Formicarium alap - 20x20cm<br \/>\n1x Formicarium alap - 20x6cm<\/p>\n<p>1x ANTCUBE - ar\u00e9na 20x20x10 - lapos<br \/>\n1x hangya ar\u00e9na keret 20\u00d720<br \/>\n1x hangya ar\u00e9na bor\u00edt\u00e1s 20\u00d720<br \/>\n4x r\u00f6gz\u00edt\u00e9si pont az ar\u00e9na fedel\u00e9hez<br \/>\n1x ANTCUBE - Hangyafarm - L - 20\u00d720 - f\u00fcgg\u0151legesen \u00e1ll\u00edtva<\/p>\n<p>1x 0,5 m-es cs\u0151 \u00e1tl\u00e1tsz\u00f3 20\/16 mm<br \/>\n1x ANTCUBE - Piros f\u00f3lia 20\u00d720 - sz\u0171r\u0151<br \/>\n1x \u00f6ntapad\u00f3s klipsz - \u00e1tl\u00e1tsz\u00f3 2 db.<br \/>\n1x aljzat - sivatag - 1kg<br \/>\n1x Formicarium granul\u00e1tum 200ml - b\u00e9zs sz\u00edn\u0171<\/p>\n<p>2x Grid insert acrylic &#8211; 50 mm with sealing ring<br \/>\n1x Grid insert acrylic &#8211; 27 mm with sealing ring<br \/>\n1x r\u00e1csos sapka - 16mm - rozsdamentes ac\u00e9l<\/p>\n<p>1x tart\u00e1ly t\u00f6ml\u0151csatlakoz\u00f3 27-14,16,20 mm - \u00e1tl\u00e1tsz\u00f3<br \/>\n1x Foil thermometer &#8211; farm<br \/>\n1x Foil thermometer Display<br \/>\n1x drinking clear 5ml &#8211; sponge<br \/>\n1x Feeding dish white rectangle &#8211; 3 compartments<br \/>\n1x Drinking trough 2ml &#8211; 360 Degrees<br \/>\n1x Hangya menek\u00fcl\u00e9s elleni v\u00e9d\u0151olaj 10ml<br \/>\n1x Csipesz rug\u00f3ac\u00e9l - sz\u00e9les - puha<br \/>\n1x Csipesz m\u0171anyag \u00e1tl\u00e1tsz\u00f3<br \/>\n1x m\u0171anyag pipetta 3ml<br \/>\n1x k\u00e9zi nagy\u00edt\u00f3 - 2x - 30mm<br \/>\n1x habszivacs ablakt\u00f6rl\u0151 150x18x2,5mm<br \/>\n1x fot\u00f3 h\u00e1tlap - sivatag - 20\u00d710<\/p>\n<p><strong>Le\u00edr\u00e1s:<\/strong><br \/>\nEz a sivatagi indul\u00f3 k\u00e9szlet minden sivatagban, sztyepp\u00e9n vagy mediterr\u00e1n \u00e9ghajlaton \u00e9l\u0151 hangyafajhoz alkalmas.<\/p>\n<p>A teljesen \u00e1tl\u00e1that\u00f3 farmon (f\u00e9szek) a \"Talaj - sivatag\" a farm felt\u00f6lt\u00e9s\u00e9re szolg\u00e1l. Sz\u00fcks\u00e9g eset\u00e9n tov\u00e1bbi modulok csatlakoztathat\u00f3k a burkolaton l\u00e9v\u0151 50 mm-es lyukakon kereszt\u00fcl, pl. a k\u00fcl\u00f6n kaphat\u00f3 k\u00f6dk\u00e9pz\u0151k, ventil\u00e1torok vagy l\u00e1mp\u00e1k. Alternat\u00edvak\u00e9nt a ny\u00edl\u00e1sok lez\u00e1r\u00e1s\u00e1hoz megfelel\u0151 formicarium-dug\u00f3k is mell\u00e9kelve vannak. K\u00edv\u00e1ns\u00e1gra a formicarium nyitottan is m\u0171k\u00f6dtethet\u0151, egyszer\u0171en felhelyezve a levehet\u0151 keretet \u00e9s a hangyasz\u00f6k\u00e9s elleni v\u00e9d\u0151olajat a peremre kenve. A \"Drinker 2ml - 360 fok\" a m\u00e9zharmatkever\u00e9khez, a \"Drinker clear 20ml - szivacs\" a v\u00edzhez, a \"Bowl clear 1\u00d720 - szivacs\" pedig a feh\u00e9rjet\u00e1phoz val\u00f3. A \"Mini thermo-hygrom\u00e9ter anal\u00f3g - kijelz\u0151 - l\u00f3g\u00f3\" a keretre vagy a fed\u00e9lre r\u00f6gz\u00edthet\u0151 \u00e9s a kl\u00edma\u00e9rt\u00e9keket mutatja.<\/p>\n<p><strong>Fontos:<\/strong> Haszn\u00e1lat el\u0151tt nedves\u00edtse meg az aljzatot, hogy a kever\u00e9k meg tudjon k\u00f6t\u0151dni \u00e9s szil\u00e1rdan meg tudjon \u00e1llni a hangyafarmon. Ezenk\u00edv\u00fcl, ha az aljzat t\u00fal sz\u00e1raz \u00e9s poros, a hangy\u00e1k l\u00e9g\u00fatjai elz\u00e1r\u00f3dhatnak, \u00e9s legrosszabb esetben az \u00e1llatok megfulladhatnak.<\/p>\n<p><strong>Aj\u00e1nl\u00e1s:<\/strong> Javasoljuk a 2 mm magas aljzatr\u00e9teget, hogy az \u00e1llatok ne tudj\u00e1k be\u00e1sni magukat az ar\u00e9n\u00e1ba, hanem ink\u00e1bb az erre a c\u00e9lra biztos\u00edtott tany\u00e1t haszn\u00e1lj\u00e1k. Javasoljuk tov\u00e1bb\u00e1, hogy a farmon l\u00e9v\u0151 f\u00e9szkel\u0151anyagot (homok\/agyag, Digfix stb.) egy helyen enyh\u00e9n sz\u00farjuk ki, hogy az \u00e1llatok sz\u00e1m\u00e1ra megk\u00f6nny\u00edts\u00fck az \u00e1s\u00e1st.<\/p>\n<p><strong>Megjegyz\u00e9sek a gy\u00e1rt\u00e1shoz<\/strong><br \/>\nAz \u00fcveg m\u00e9retre v\u00e1g\u00e1sa a DIN 1249 szabv\u00e1ny szerint t\u00f6rt\u00e9nik, +\/- 1 mm-es t\u0171r\u00e9ssel. A rendk\u00edv\u00fcl kis hangyafajok eset\u00e9ben kieg\u00e9sz\u00edt\u0151 kit\u00f6r\u00e9sv\u00e9delemre van sz\u00fcks\u00e9g.<\/p>\n<p><strong>Megjegyz\u00e9sek a gazdas\u00e1gr\u00f3l<\/strong><br \/>\nA t\u00f6ml\u0151k csatlakoztat\u00e1sakor vagy elt\u00e1vol\u00edt\u00e1sakor vegye figyelembe a k\u00f6vetkez\u0151ket:<br \/>\nHa a cs\u0151 nagyon nehezen illeszkedik a csatlakoz\u00f3aljzatra, az aljzatot enyh\u00e9n be kell d\u00f6rzs\u00f6lni egy csepp kit\u00f6r\u00e9sv\u00e9d\u0151 olajjal vagy porral. A t\u00f6ml\u0151t ezut\u00e1n csavar\u00f3 vagy csavar\u00f3 mozdulatokkal kell a csatlakoz\u00f3aljzatra tolni an\u00e9lk\u00fcl, hogy a csatlakoz\u00f3aljzatot fel-le mozdulatokkal meger\u0151ltetn\u00e9nk. Ugyanez vonatkozik a t\u00f6ml\u0151k mez\u0151gazdas\u00e1gi csatlakoz\u00f3aljzatb\u00f3l t\u00f6rt\u00e9n\u0151 elt\u00e1vol\u00edt\u00e1s\u00e1ra is. K\u00e9rj\u00fck, ne h\u00fazza le egyszer\u0171en!<\/p>\n<p><strong>Utas\u00edt\u00e1sok:<\/strong> (2023-as verzi\u00f3, a 2024-es friss\u00edtett verzi\u00f3 legk\u00e9s\u0151bb 2024. 04. 04-ig lesz el\u00e9rhet\u0151)<\/p>\n<p>- DE <a href=\"https:\/\/www.antstore.net\/shop\/images\/info\/de\/Gebrauchsanweisung%20Starter%20Set%20Habitat.pdf\">Gebrauchsanweisung Starter Set Habitat<\/a> (PDF 3,21 MB)<\/p>\n<p>- HU <a href=\"https:\/\/www.antstore.net\/shop\/images\/info\/en\/Instructions%20for%20use%20-%20Starter%20Set%20Habitat.pdf\">Haszn\u00e1lati utas\u00edt\u00e1s - Starter Set Habitat<\/a> (PDF 3,21 MB)<\/p>\n<p>- ES <a href=\"https:\/\/www.antstore.net\/shop\/images\/info\/es\/Manual%20de%20instrucciones%20-%20Set%20de%20inicio%20H%C3%A1bitat.pdf\">Manual de instrucciones - Set de inicio H\u00e1bitat<\/a> (PDF 3,21 MB)<\/p>\n<p>- FR <a href=\"https:\/\/www.antstore.net\/shop\/images\/info\/fr\/Manuel%20d'instruction%20-%20Kit%20de%20d%C3%A9marrage%20Habitat.pdf\">Manuel d'instruction - Kit de d\u00e9marrage Habitat<\/a> (PDF 3,21 MB)<\/p>\n<p><strong>Megjegyz\u00e9s a m\u00e9zharmattal kapcsolatban:<\/strong><br \/>\nTartalom: 10 ml<br \/>\nEz egy term\u00e9szetes term\u00e9k, amelyet laborat\u00f3riumunkban v\u00e9gzett kiterjedt tesztek ut\u00e1n finom\u00edtottunk, \u00e9s a hangy\u00e1k \u00e1ltal nagyon j\u00f3l elfogadott t\u00e1pl\u00e1l\u00e9kk\u00e1 fejlesztett\u00fcnk. Ennek oka, hogy a feldolgozatlan m\u00e9zharmatm\u00e9zet koncentr\u00e1lt eredeti form\u00e1j\u00e1ban a hangy\u00e1k \u00e9s anyagcser\u00e9j\u00fck nem fogadj\u00e1k el j\u00f3l.<br \/>\nM\u00e9zharmatunkat Bulg\u00e1ria szennyezetlen, vad hegyi erdeiben gy\u0171jt\u00f6tt\u00fck. A m\u00e9zharmat csak nagyon korl\u00e1tozott ideig, ny\u00e1ron k\u00f6r\u00fclbel\u00fcl k\u00e9t h\u00f3napig terem. Ez\u00e9rt nagyon ritka. Az erd\u0151k saj\u00e1tos talajtulajdons\u00e1gai \u00e9s az \u00e9ghajlat miatt a f\u00e1k leveleiben alapvet\u0151 t\u00e1panyagok rakt\u00e1roz\u00f3dnak el, amelyeket a lev\u00e9ltetvek vesznek fel. Ez teszi ezt a m\u00e9zharmatkever\u00e9ket olyan k\u00edv\u00e1natoss\u00e1 a hangy\u00e1k sz\u00e1m\u00e1ra.<\/p>\n<p><strong>Alkalmaz\u00e1s:<\/strong><br \/>\nAz \u00e9lelmiszer mennyis\u00e9g\u00e9t k\u00f6r\u00fclbel\u00fcl 3 napon bel\u00fcl kell elfogyasztani.<\/p>\n<p><strong>Le\u00edr\u00e1s:<\/strong><br \/>\nA m\u00e9zharmatot, a vir\u00e1gm\u00e9zzel ellent\u00e9tben, a n\u00f6v\u00e9nyeket sz\u00edvogat\u00f3 rovarok, p\u00e9ld\u00e1ul a lev\u00e9ltetvek v\u00e1lad\u00e9k\u00e1b\u00f3l nyerik. A m\u00e9zharmat sz\u00e1mos rovar, p\u00e9ld\u00e1ul hangy\u00e1k, m\u00e9hek \u00e9s dong\u00f3k kedvelt t\u00e1pl\u00e1l\u00e9kforr\u00e1sa. A m\u00e9hek \u00e9s a poszm\u00e9hek a k\u00fcl\u00f6nb\u00f6z\u0151 f\u00e1k leveleir\u0151l vagy t\u0171ir\u0151l nyalj\u00e1k le. A hangy\u00e1k, p\u00e9ld\u00e1ul a Lasius niger sz\u00f3 szerint megtartj\u00e1k a lev\u00e9ltetveket. Meg is v\u00e9dik \u0151ket a ragadoz\u00f3kt\u00f3l, \u00e9s friss hajt\u00e1sokhoz viszik \u0151ket.<\/p>\n<p>A m\u00e9zharmat k\u00fcl\u00f6n\u00f6sen n\u00e9pszer\u0171 a hangy\u00e1k k\u00f6r\u00e9ben, mivel n\u00e9mileg elt\u00e9r\u0151 \u00f6sszet\u00e9tel\u0171. A m\u00e9zharmatban a f\u0151 cukrok a szachar\u00f3z \u00e9s a frukt\u00f3z, de kisebb mennyis\u00e9gben megtal\u00e1lhat\u00f3 benne a malt\u00f3z, a trehal\u00f3z, a melezit\u00f3z, a raffin\u00f3z \u00e9s m\u00e1s oligoszacharidok is. A cukor \u00e9s a v\u00edz mellett a m\u00e9zharmat esszenci\u00e1lis aminosavakat, \u00e1sv\u00e1nyi anyagokat, nyomelemeket, adenozinokat, foszf\u00e1tokat \u00e9s egy\u00e9b \u00f6sszetev\u0151ket, p\u00e9ld\u00e1ul vitaminokat is tartalmaz.<\/p>\n<p><strong>Haszn\u00e1lja:<\/strong><br \/>\nM\u00e9zev\u0151 hangyafajok (Meliphagidae) eset\u00e9ben<br \/>\nEz egy kieg\u00e9sz\u00edt\u0151 takarm\u00e1ny<br \/>\nAz \u00e1llatoknak felk\u00edn\u00e1lhat\u00f3, ahogyan az ell\u00e1t\u00e1st kapj\u00e1k. Mivel a nedvess\u00e9g hat\u00e1s\u00e1ra a cukorkoncentr\u00e1ci\u00f3 cs\u00f6kken, \u00e9s erjed\u00e9si folyamat indul be, a takarm\u00e1nyt 3 naponta ki kell cser\u00e9lni. \u00dajb\u00f3li felhaszn\u00e1l\u00e1s el\u0151tt alaposan tiszt\u00edtsa meg az etet\u0151t\u00e1lat\/cs\u00f6vet.<br \/>\nFelbont\u00e1s ut\u00e1n a csomagot a lej\u00e1rati id\u0151 lej\u00e1rt\u00e1ig szorosan z\u00e1rva kell tartani.<\/p>\n<p><strong>T\u00e1pl\u00e1lkoz\u00e1si inform\u00e1ci\u00f3 100 g-ra vet\u00edtve:<\/strong><br \/>\nkb. 2,7 % zs\u00edrok<br \/>\namelyb\u0151l tel\u00edtett kb. 0,45 %<br \/>\nkb. 95 % sz\u00e9nhidr\u00e1tok<br \/>\nebb\u0151l kb. 71 % cukor<br \/>\nkb. 2,85% feh\u00e9rje<br \/>\n\u00c1sv\u00e1nyi anyagok (k\u00e1lium, kalcium, r\u00e9z, vas, n\u00e1trium, magn\u00e9zium, foszfor, cink \u00e9s egy\u00e9b nyomelemek). Aminosavak (prolin, leucin, fenilalanin, alanin, hisztidin, izoleucin, glutaminsav, arginin, aszparaginsav stb.) Szerves savak Enzimek (fermentumok)Arom\u00e1k Inhibinek (antibakteri\u00e1lis anyagok) Vir\u00e1gok Vir\u00e1gpor.<\/p>\n<p><strong>T\u00e1rol\u00e1s:<\/strong><br \/>\nA takarm\u00e1ny min\u0151s\u00e9g\u00e9nek biztos\u00edt\u00e1sa \u00e9rdek\u00e9ben a takarm\u00e1nyt s\u00f6t\u00e9t \u00e9s sz\u00e1raz helyen kell t\u00e1rolni.<\/p>\n<p><strong>Megjegyz\u00e9s:<\/strong><br \/>\nA t\u00e1pcs\u00f6vek haszn\u00e1lat\u00e1ra vonatkoz\u00f3 inform\u00e1ci\u00f3k itt tal\u00e1lhat\u00f3k: Link<br \/>\nKieg\u00e9sz\u00edt\u0151 takarm\u00e1ny m\u00e9zev\u0151 hangy\u00e1k sz\u00e1m\u00e1ra.<br \/>\nAz \u00f6sszet\u00e9telt, az analitikai \u00f6sszetev\u0151ket, a min\u0151s\u00e9gmeg\u0151rz\u00e9si id\u0151t \u00e9s a t\u00e9telsz\u00e1mot l\u00e1sd a betegt\u00e1j\u00e9koztat\u00f3ban.<\/p>\n<p>Inform\u00e1ci\u00f3s forr\u00f3dr\u00f3t +49 30 439703870<\/p>\n<p>Felel\u0151s \u00e1llateg\u00e9szs\u00e9g\u00fcgyi \u00e9s \u00e9lelmiszer-fel\u00fcgyeleti hat\u00f3s\u00e1g:<br \/>\nSteglitz \u00e1llatorvosi rendel\u0151<br \/>\nK\u00f6nigin-Luise-Str. 92<br \/>\n14195 Berlin<\/p>\n<p><strong>Megjegyz\u00e9s a blans\u00edrozott t\u00fccsk\u00f6kr\u0151l:<\/strong><br \/>\nA feh\u00e9r\u00edtett t\u00fccsk\u00f6kkel k\u00f6nnyen biztos\u00edthatja hangy\u00e1i sz\u00e1m\u00e1ra a frissen tart\u00f3s\u00edtott feh\u00e9rjet\u00e1pl\u00e1l\u00e9kot an\u00e9lk\u00fcl, hogy \u00e9l\u0151 rovarokat kellene etetnie. A benne l\u00e9v\u0151 t\u00fccsk\u00f6ket (Acheta domesticus) k\u00edm\u00e9letesen blans\u00edroztuk, hogy a t\u00e1p\u00e9rt\u00e9kek, az \u00edz \u00e9s az aroma megmaradjon. Ezen k\u00edv\u00fcl a rovarok kitinh\u00e9ja is megpuhult \u00edgy, hogy k\u00f6nnyebben em\u00e9szthet\u0151 legyen. A kollag\u00e9nfeh\u00e9rj\u00e9k k\u00f6t\u00e9seit felbontj\u00e1k, hogy a hangy\u00e1k jobban hasznos\u00edthass\u00e1k azokat. A konzerv Acheta domesticus ugyanolyan t\u00e1p\u00e9rt\u00e9k\u0171, mint az \u00e9l\u0151 t\u00fccs\u00f6k, de k\u00f6nnyebben em\u00e9szthet\u0151.<\/p>\n<p>A feh\u00e9r\u00edtett t\u00fccsk\u00f6k nem alkalmasak olyan hangyafajok vad\u00e1szat\u00e1ra, amelyek \u00e9l\u0151 t\u00e1pl\u00e1l\u00e9kot ig\u00e9nyelnek (pl. ponerines (nagy hangy\u00e1k), mint a Harpegnathos vagy Odontomachus).<\/p>\n<p><strong>Tov\u00e1bbi el\u0151ny\u00f6k:<\/strong><br \/>\nGarant\u00e1ltan atkamentes<br \/>\nAdagolhat\u00f3<br \/>\nSteriliz\u00e1lt \u00e9s v\u00e1kuumozott<br \/>\nAdal\u00e9kanyagok n\u00e9lk\u00fcl<br \/>\nT\u00fccsk\u00f6k fenntarthat\u00f3, tiszt\u00e1n \u00f6kol\u00f3giai teny\u00e9szt\u00e9sb\u0151l sz\u00e1rmaz\u00f3, szerves hullad\u00e9kkal t\u00e1pl\u00e1lt t\u00fccsk\u00f6k.<\/p>\n<p><strong>K\u00e9rj\u00fck, vegye figyelembe:<\/strong><br \/>\nFelbont\u00e1s ut\u00e1n a h\u0171t\u0151szekr\u00e9nyben k\u00f6r\u00fclbel\u00fcl n\u00e9gy napig eltarthat\u00f3. Fagyasztva hosszabb ideig eltarthat\u00f3.<\/p>","protected":false},"excerpt":{"rendered":"<p>A k\u00e9szlet 34 r\u00e9szb\u0151l \u00e1ll<\/p>\n<p>M\u00e9ret: <span style=\"color: #0000ff;\"><strong>L<\/strong><\/span><\/p>","protected":false},"featured_media":7132,"comment_status":"open","ping_status":"closed","template":"","meta":{"_acf_changed":false,"content-type":"","_monsterinsights_skip_tracking":false,"_monsterinsights_sitenote_active":false,"_monsterinsights_sitenote_note":"","_monsterinsights_sitenote_category":0},"product_brand":[],"product_cat":[355,73,74],"product_tag":[],"class_list":{"0":"post-6561","1":"product","2":"type-product","3":"status-publish","4":"has-post-thumbnail","6":"product_cat-bundle-offers","7":"product_cat-starter-sets","8":"product_cat-starter-sets-habitat","10":"first","11":"instock","12":"taxable","13":"shipping-taxable","14":"purchasable","15":"product-type-simple"},"acf":[],"aioseo_notices":[],"jetpack_sharing_enabled":true,"_links":{"self":[{"href":"https:\/\/antcube.shop\/hu\/wp-json\/wp\/v2\/product\/6561","targetHints":{"allow":["GET"]}}],"collection":[{"href":"https:\/\/antcube.shop\/hu\/wp-json\/wp\/v2\/product"}],"about":[{"href":"https:\/\/antcube.shop\/hu\/wp-json\/wp\/v2\/types\/product"}],"replies":[{"embeddable":true,"href":"https:\/\/antcube.shop\/hu\/wp-json\/wp\/v2\/comments?post=6561"}],"wp:featuredmedia":[{"embeddable":true,"href":"https:\/\/antcube.shop\/hu\/wp-json\/wp\/v2\/media\/7132"}],"wp:attachment":[{"href":"https:\/\/antcube.shop\/hu\/wp-json\/wp\/v2\/media?parent=6561"}],"wp:term":[{"taxonomy":"product_brand","embeddable":true,"href":"https:\/\/antcube.shop\/hu\/wp-json\/wp\/v2\/product_brand?post=6561"},{"taxonomy":"product_cat","embeddable":true,"href":"https:\/\/antcube.shop\/hu\/wp-json\/wp\/v2\/product_cat?post=6561"},{"taxonomy":"product_tag","embeddable":true,"href":"https:\/\/antcube.shop\/hu\/wp-json\/wp\/v2\/product_tag?post=6561"}],"curies":[{"name":"wp","href":"https:\/\/api.w.org\/{rel}","templated":true}]}}