{"id":6559,"date":"2023-12-04T11:33:22","date_gmt":"2023-12-04T10:33:22","guid":{"rendered":"https:\/\/antcube.shop\/product\/heizmatte-26x28cm-14w\/"},"modified":"2026-03-30T10:31:01","modified_gmt":"2026-03-30T08:31:01","slug":"futoszonyeg-26x28cm-14w","status":"publish","type":"product","link":"https:\/\/antcube.shop\/hu\/termek\/futoszonyeg-26x28cm-14w\/","title":{"rendered":"F\u0171t\u0151sz\u0151nyeg 26x28cm - 14W"},"content":{"rendered":"<p><strong>M\u00e9retek:<\/strong> 26 x 28 cm<\/p>\n<p><strong>Teljes\u00edtm\u00e9ny:<\/strong> 14 watt<\/p>\n<p><strong>Felsz\u00edni h\u0151m\u00e9rs\u00e9klet:<\/strong> 28-32 \u00b0C<\/p>\n<p><strong>Le\u00edr\u00e1s:<\/strong> F\u0171t\u0151sz\u0151nyeg a formik\u00e1riumba - k\u00fcl\u00f6n\u00f6sen alkalmas a melegebb orsz\u00e1gokb\u00f3l sz\u00e1rmaz\u00f3 fajok sz\u00e1m\u00e1ra. A f\u0171t\u0151sz\u0151nyegek infrav\u00f6r\u00f6s sug\u00e1rz\u00f3 h\u0151t bocs\u00e1tanak ki, hasonl\u00f3an a ker\u00e1mia sug\u00e1rz\u00f3 f\u0171t\u0151testekhez. A sugarak an\u00e9lk\u00fcl meleg\u00edtik a t\u00e1rgyakat \u00e9s az \u00e1llatokat, hogy a leveg\u0151 h\u0151m\u00e9rs\u00e9klet\u00e9t jelent\u0151sen megemeln\u00e9k. Ez\u00e9rt ide\u00e1lisak a \"napf\u00fcrd\u0151z\u00e9sre\" alkalmas helyek biztos\u00edt\u00e1s\u00e1hoz. \u00cdgy a formik\u00e1riumban a sz\u00fcks\u00e9ges h\u0151m\u00e9rs\u00e9kleti gradiens jobban el\u00e9rhet\u0151 \u00e9s szab\u00e1lyozhat\u00f3. Ezek a f\u0171t\u0151sz\u0151nyegek \u00f6ntapad\u00f3sak, ez\u00e9rt k\u00f6nnyen r\u00f6gz\u00edthet\u0151k a formik\u00e1riumhoz.<\/p>\n<p><strong>Megjegyz\u00e9s:<\/strong> Soha ne helyezzen f\u0171t\u0151elemeket k\u00f6zvetlen\u00fcl a formik\u00e1rium al\u00e1, mindig biztos\u00edtani kell, hogy a h\u0151 elvezethet\u0151 legyen, hogy elker\u00fclhet\u0151 legyen a h\u0151felhalmoz\u00f3d\u00e1s vagy a formik\u00e1rium k\u00e1rosod\u00e1sa.<\/p>","protected":false},"excerpt":{"rendered":"<p><strong>M\u00e9retek:<\/strong> 26 x 28 cm \/ Euro dug\u00f3 230 voltos fesz\u00fclts\u00e9ghez<\/p>","protected":false},"featured_media":6619,"comment_status":"open","ping_status":"closed","template":"","meta":{"_acf_changed":false,"content-type":"","_monsterinsights_skip_tracking":false,"_monsterinsights_sitenote_active":false,"_monsterinsights_sitenote_note":"","_monsterinsights_sitenote_category":0},"product_brand":[],"product_cat":[359,119],"product_tag":[],"class_list":{"0":"post-6559","1":"product","2":"type-product","3":"status-publish","4":"has-post-thumbnail","6":"product_cat-light-heat-humidity","7":"product_cat-formicarium-components","9":"first","10":"instock","11":"taxable","12":"shipping-taxable","13":"purchasable","14":"product-type-simple"},"acf":[],"aioseo_notices":[],"jetpack_sharing_enabled":true,"_links":{"self":[{"href":"https:\/\/antcube.shop\/hu\/wp-json\/wp\/v2\/product\/6559","targetHints":{"allow":["GET"]}}],"collection":[{"href":"https:\/\/antcube.shop\/hu\/wp-json\/wp\/v2\/product"}],"about":[{"href":"https:\/\/antcube.shop\/hu\/wp-json\/wp\/v2\/types\/product"}],"replies":[{"embeddable":true,"href":"https:\/\/antcube.shop\/hu\/wp-json\/wp\/v2\/comments?post=6559"}],"wp:featuredmedia":[{"embeddable":true,"href":"https:\/\/antcube.shop\/hu\/wp-json\/wp\/v2\/media\/6619"}],"wp:attachment":[{"href":"https:\/\/antcube.shop\/hu\/wp-json\/wp\/v2\/media?parent=6559"}],"wp:term":[{"taxonomy":"product_brand","embeddable":true,"href":"https:\/\/antcube.shop\/hu\/wp-json\/wp\/v2\/product_brand?post=6559"},{"taxonomy":"product_cat","embeddable":true,"href":"https:\/\/antcube.shop\/hu\/wp-json\/wp\/v2\/product_cat?post=6559"},{"taxonomy":"product_tag","embeddable":true,"href":"https:\/\/antcube.shop\/hu\/wp-json\/wp\/v2\/product_tag?post=6559"}],"curies":[{"name":"wp","href":"https:\/\/api.w.org\/{rel}","templated":true}]}}