{"id":6555,"date":"2023-12-04T11:27:26","date_gmt":"2023-12-04T10:27:26","guid":{"rendered":"https:\/\/antcube.shop\/product\/ameisenarena-lampenfassung-e27\/"},"modified":"2026-04-16T09:54:56","modified_gmt":"2026-04-16T07:54:56","slug":"ant-arena-lampa-foglalat-e27","status":"publish","type":"product","link":"https:\/\/antcube.shop\/hu\/termek\/ant-arena-lampa-foglalat-e27\/","title":{"rendered":"Ant Arena - l\u00e1mpafoglalat - E27"},"content":{"rendered":"<p><strong>Tartalom:<\/strong><br \/>\n- E27 m\u0171anyag l\u00e1mpatart\u00f3 h\u00e1l\u00f3zati k\u00e1bellel \u00e9s kapcsol\u00f3val<br \/>\n- \u00e1tl\u00e1tsz\u00f3 akrilgy\u0171r\u0171 50 mm-es furatokba t\u00f6rt\u00e9n\u0151 r\u00f6gz\u00edt\u00e9shez<\/p>\n<p><strong>Anyag:<\/strong> aljzat (m\u0171anyag); tart\u00f3 (m\u0171anyag); k\u00e1bel (r\u00e9z m\u0171anyag k\u00f6pennyel); PMMA gy\u0171r\u0171 (50 mm-es lyukakba t\u00f6rt\u00e9n\u0151 r\u00f6gz\u00edt\u00e9shez)<\/p>\n<p><strong>Sz\u00edn:<\/strong> vil\u00e1gossz\u00fcrke<\/p>\n<p><strong>M\u0171szaki adatok:<\/strong><br \/>\nAljzatm\u00e9retek: 4,5\u00d74,5\u00d76 cm<br \/>\nK\u00e1bel hossza: 3,5 m<br \/>\nTeljes\u00edtm\u00e9ny: max 60W<br \/>\nAljzat: E27<\/p>\n<p><strong>FIGYELEM: <\/strong>a Hybrid Covers \u00e9s az 5 cm sz\u00e9les Arena keretekkel egy\u00fctt haszn\u00e1lva ez a l\u00e1mpatart\u00f3 nem fog illeszkedni. Hibrid burkolathoz 3 cm sz\u00e9les keretre lesz sz\u00fcks\u00e9ge.<\/p>\n<p><strong>Le\u00edr\u00e1s:<\/strong><br \/>\nA hangyaar\u00e9na megvil\u00e1g\u00edt\u00e1s\u00e1hoz ez az aljzat k\u00f6zvetlen\u00fcl a hangyaar\u00e9na fedel\u00e9be csatlakoztathat\u00f3.<\/p>\n<p>&nbsp;<\/p>","protected":false},"excerpt":{"rendered":"<p>Tartalom: - Anyag: foglalat (m\u0171anyag); foglalat (m\u0171anyag); k\u00e1bel (r\u00e9z m\u0171anyag k\u00f6pennyel); PMMA gy\u0171r\u0171 (50 mm-es lyukakba val\u00f3 r\u00f6gz\u00edt\u00e9shez) Sz\u00edn: vil\u00e1gossz\u00fcrke Technikai adatok: M\u00e9retek: aljzat: K\u00e1belhossz: 3,5 m Teljes\u00edtm\u00e9ny: max. 60W [...]","protected":false},"featured_media":7574,"comment_status":"open","ping_status":"closed","template":"","meta":{"_acf_changed":false,"content-type":"","_monsterinsights_skip_tracking":false,"_monsterinsights_sitenote_active":false,"_monsterinsights_sitenote_note":"","_monsterinsights_sitenote_category":0},"product_brand":[],"product_cat":[359,119],"product_tag":[],"class_list":{"0":"post-6555","1":"product","2":"type-product","3":"status-publish","4":"has-post-thumbnail","6":"product_cat-light-heat-humidity","7":"product_cat-formicarium-components","9":"first","10":"outofstock","11":"taxable","12":"shipping-taxable","13":"purchasable","14":"product-type-simple"},"acf":[],"aioseo_notices":[],"jetpack_sharing_enabled":true,"_links":{"self":[{"href":"https:\/\/antcube.shop\/hu\/wp-json\/wp\/v2\/product\/6555","targetHints":{"allow":["GET"]}}],"collection":[{"href":"https:\/\/antcube.shop\/hu\/wp-json\/wp\/v2\/product"}],"about":[{"href":"https:\/\/antcube.shop\/hu\/wp-json\/wp\/v2\/types\/product"}],"replies":[{"embeddable":true,"href":"https:\/\/antcube.shop\/hu\/wp-json\/wp\/v2\/comments?post=6555"}],"wp:featuredmedia":[{"embeddable":true,"href":"https:\/\/antcube.shop\/hu\/wp-json\/wp\/v2\/media\/7574"}],"wp:attachment":[{"href":"https:\/\/antcube.shop\/hu\/wp-json\/wp\/v2\/media?parent=6555"}],"wp:term":[{"taxonomy":"product_brand","embeddable":true,"href":"https:\/\/antcube.shop\/hu\/wp-json\/wp\/v2\/product_brand?post=6555"},{"taxonomy":"product_cat","embeddable":true,"href":"https:\/\/antcube.shop\/hu\/wp-json\/wp\/v2\/product_cat?post=6555"},{"taxonomy":"product_tag","embeddable":true,"href":"https:\/\/antcube.shop\/hu\/wp-json\/wp\/v2\/product_tag?post=6555"}],"curies":[{"name":"wp","href":"https:\/\/api.w.org\/{rel}","templated":true}]}}