{"id":5936,"date":"2023-06-24T12:30:54","date_gmt":"2023-06-24T10:30:54","guid":{"rendered":"https:\/\/antcube.shop\/product\/antcube-starter-set-fur-ernteameisen-l-popcorn\/"},"modified":"2026-04-25T18:24:13","modified_gmt":"2026-04-25T16:24:13","slug":"hangyacso-indito-keszlet-arato-hangya-l-popcornhoz","status":"publish","type":"product","link":"https:\/\/antcube.shop\/hu\/termek\/hangyacso-indito-keszlet-arato-hangya-l-popcornhoz\/","title":{"rendered":"ANTCUBE Starter Set for Harvester Ants &#8211; L"},"content":{"rendered":"<div class=\"tab-body active\">\n<p><strong>Tartalom:<\/strong><br \/>\n1x ANTCUBE - Ar\u00e9na 20x20x10 - lapos<br \/>\n1x hangya ar\u00e9na keret 20\u00d720<br \/>\n1x hangya ar\u00e9na bor\u00edt\u00e1s 20\u00d720<br \/>\n1x r\u00f6gz\u00edt\u00e9si pontok az ar\u00e9na burkolat\u00e1hoz 4 db.<br \/>\n2x ANTCUBE - Hangyafarm - L - 20\u00d720 - f\u00fcgg\u0151legesen \u00e1ll\u00edtva<\/p>\n<p>2x ANTCUBE - Digfix Terra nidum 20\u00d720 - L - b\u00e9zs - b\u00e9zs<\/p>\n<p>1x 1m cs\u0151 \u00e1tl\u00e1tsz\u00f3 20\/16 mm<br \/>\n2x ANTCUBE - V\u00f6r\u00f6s f\u00f3lia 20\u00d720 - sz\u0171r\u0151<br \/>\n2x \u00f6ntapad\u00f3s klipsz - \u00e1tl\u00e1tsz\u00f3 2 db.<br \/>\n1x aljzat - sivatag - 1 kg<\/p>\n<p>2x Grid insert acrylic &#8211; 50 mm with sealing ring<br \/>\n1x Grid insert acrylic &#8211; 27 mm with sealing ring<br \/>\n1x Grid cap &#8211; 10mm &#8211; stainless steel<\/p>\n<p>1x drinking clear 5ml &#8211; sponge<br \/>\n1x Feeding dish white rectangle &#8211; 3 compartments<\/p>\n<p>2x Foil thermometer &#8211; farm<br \/>\n1x Foil thermometer display<\/p>\n<p>1x tart\u00e1ly t\u00f6ml\u0151csatlakoz\u00f3 27-14,16,20 mm - \u00e1tl\u00e1tsz\u00f3<br \/>\n1x Hangya menek\u00fcl\u00e9s elleni v\u00e9d\u0151olaj 10ml<br \/>\n1x Csipesz rug\u00f3ac\u00e9l - sz\u00e9les - puha<br \/>\n1x Csipesz m\u0171anyag \u00e1tl\u00e1tsz\u00f3<br \/>\n1x m\u0171anyag pipetta 3ml<br \/>\n1x k\u00e9zi nagy\u00edt\u00f3 - 2x - 30mm<br \/>\n1x habszivacs ablakt\u00f6rl\u0151 150x18x2,5mm<br \/>\n1x fot\u00f3 h\u00e1tlap - sivatag - 20\u00d710<\/p>\n<p><strong>Le\u00edr\u00e1s:<\/strong><br \/>\nThis starter set is especially suitable for grain-collecting ant species of the genus Messor or Pogonomyrmex. One of these farms is intended for storing grains\/seeds and ant bread. To prevent the stored grains\/seeds from germinating or molding, it should be kept completely dry.<br \/>\nThe second farm is intended as a nest and breeding area for the ant colony. It should always be kept slightly moist.<\/p>\n<p><strong>A Terra nidum lemez le\u00edr\u00e1sa:<\/strong> Az \u00e1shat\u00f3 anyagb\u00f3l k\u00e9sz\u00fclt Terra nidum (latinul f\u00f6ldf\u00e9szek) lemez t\u00f6k\u00e9letesen illeszkedik az ANTCUBE hangyafarmjainkhoz. Sz\u00e1razon \u00e9s nedvesen is haszn\u00e1lhat\u00f3. Sz\u00e1mos hangyafaj sz\u00e1m\u00e1ra is alkalmas, k\u00fcl\u00f6n\u00f6sen a homokban \u00e9s (holt) f\u00e1ban f\u00e9szkel\u0151 fajok sz\u00e1m\u00e1ra. Haszn\u00e1lhat\u00f3 homok\/agyag kever\u00e9kek vagy parafa f\u00e9szekbet\u00e9tek helyett. Ennek a f\u00e9szeknek az az el\u0151nye, hogy a lemez nedvesed\u00e9se k\u00f6nnyebben ellen\u0151rizhet\u0151 a j\u00f3l l\u00e1that\u00f3 elsz\u00ednez\u0151d\u00e9s miatt, \u00e9s a lemez sz\u00ednez\u00e9se szuper kontrasztot ny\u00fajt az \u00e1ltal\u00e1ban s\u00f6t\u00e9tebb hangyafajok sz\u00e1m\u00e1ra. Ezenk\u00edv\u00fcl a hangyafarm bels\u0151 t\u00e1ny\u00e9rjait nem lehet elszennyezni szubsztr\u00e1tummal, mint p\u00e9ld\u00e1ul a homok\/agyag kever\u00e9kek eset\u00e9ben, ami t\u00f6k\u00e9letes r\u00e1l\u00e1t\u00e1st biztos\u00edt a f\u00e9szekre. A mi f\u00e9szekanyagunk emellett sokkal szil\u00e1rdabb szerkezet\u0171, \u00edgy a hangy\u00e1k \u00e1ltal \u00e1sott alagutak \u00e9s kamr\u00e1k nem omlanak \u00f6ssze.<\/p>\n<p><strong>Fontos: <\/strong>Haszn\u00e1lat el\u0151tt nedves\u00edtse meg az aljzatot, hogy a kever\u00e9k meg tudjon k\u00f6t\u0151dni \u00e9s szil\u00e1rdan meg tudjon \u00e1llni a hangyafarmon. Ezenk\u00edv\u00fcl a sz\u00e1raz \u00e9s poros szubsztr\u00e1t elz\u00e1rhatja a hangy\u00e1k l\u00e9gutakat, \u00e9s legrosszabb esetben az \u00e1llatok megfulladhatnak.<\/p>\n<p><strong>Aj\u00e1nl\u00e1s:<\/strong> Javasoljuk a 2 mm magas aljzatr\u00e9teget, hogy az \u00e1llatok ne tudj\u00e1k be\u00e1sni magukat az ar\u00e9n\u00e1ba, hanem ink\u00e1bb az erre a c\u00e9lra biztos\u00edtott tany\u00e1t haszn\u00e1lj\u00e1k. Javasoljuk tov\u00e1bb\u00e1, hogy a farmon l\u00e9v\u0151 f\u00e9szkel\u0151anyagot (homok\/agyag, Digfix stb.) egy helyen enyh\u00e9n sz\u00farjuk ki, hogy az \u00e1llatok sz\u00e1m\u00e1ra megk\u00f6nny\u00edts\u00fck az \u00e1s\u00e1st.<\/p>\n<p><strong>Megjegyz\u00e9sek a gy\u00e1rt\u00e1shoz<\/strong><br \/>\nAz \u00fcveg v\u00e1g\u00e1sa a DIN 1249 szabv\u00e1ny szerint t\u00f6rt\u00e9nik, +\/;- 1 mm t\u0171r\u00e9ssel. A rendk\u00edv\u00fcl kis hangyafajok eset\u00e9ben tov\u00e1bbi hangyakijut\u00e1s elleni v\u00e9delem elengedhetetlen.<\/p>\n<p><strong>Megjegyz\u00e9sek a gazdas\u00e1gr\u00f3l<\/strong><br \/>\nA t\u00f6ml\u0151k csatlakoztat\u00e1sakor vagy elt\u00e1vol\u00edt\u00e1sakor vegye figyelembe a k\u00f6vetkez\u0151ket:<br \/>\nHa a cs\u0151 nagyon nehezen illeszkedik a csatlakoz\u00f3aljzatra, az aljzatot enyh\u00e9n be kell d\u00f6rzs\u00f6lni egy csepp kit\u00f6r\u00e9sv\u00e9d\u0151 olajjal vagy porral. A t\u00f6ml\u0151t ezut\u00e1n csavar\u00f3 vagy csavar\u00f3 mozdulatokkal kell a csatlakoz\u00f3aljzatra tolni an\u00e9lk\u00fcl, hogy a csatlakoz\u00f3aljzatot fel-le mozdulatokkal meger\u0151ltetn\u00e9nk. Ugyanez vonatkozik a t\u00f6ml\u0151k mez\u0151gazdas\u00e1gi csatlakoz\u00f3aljzatb\u00f3l t\u00f6rt\u00e9n\u0151 elt\u00e1vol\u00edt\u00e1s\u00e1ra is. K\u00e9rj\u00fck, ne h\u00fazza le egyszer\u0171en!<\/p>\n<p><strong>Megjegyz\u00e9s a Terra nidumr\u00f3l:<\/strong> A term\u00e9szetes sz\u00edn\u00e1rnyalat a b\u00e9zs \/ homoksz\u00edn\u0171 \u00e9s a vil\u00e1gosbarna k\u00f6z\u00f6tt v\u00e1ltozhat. A sz\u00edn\u00e1rnyalat nincs hat\u00e1ssal a min\u0151s\u00e9gre.<br \/>\nA gy\u00e1rt\u00e1si folyamat miatt a m\u00e9retek +\/- 1 mm-es elt\u00e9r\u00e9st mutathatnak.<\/p>\n<\/div>","protected":false},"excerpt":{"rendered":"<p>This set consists of 30 parts and is ideal for all grain-collecting ants species.<br \/>\nM\u00e9ret: <span style=\"color: #0000ff;\"><strong>L<\/strong><\/span><\/p>","protected":false},"featured_media":5926,"comment_status":"open","ping_status":"closed","template":"","meta":{"_acf_changed":false,"content-type":"","_monsterinsights_skip_tracking":false,"_monsterinsights_sitenote_active":false,"_monsterinsights_sitenote_note":"","_monsterinsights_sitenote_category":0},"product_brand":[],"product_cat":[344,353,73,75],"product_tag":[],"class_list":{"0":"post-5936","1":"product","2":"type-product","3":"status-publish","4":"has-post-thumbnail","6":"product_cat-popcorn","7":"product_cat-starter-sets-for-harvester-ants","8":"product_cat-starter-sets","9":"product_cat-starter-sets-digfix","11":"first","12":"outofstock","13":"taxable","14":"shipping-taxable","15":"purchasable","16":"product-type-simple"},"acf":[],"aioseo_notices":[],"jetpack_sharing_enabled":true,"_links":{"self":[{"href":"https:\/\/antcube.shop\/hu\/wp-json\/wp\/v2\/product\/5936","targetHints":{"allow":["GET"]}}],"collection":[{"href":"https:\/\/antcube.shop\/hu\/wp-json\/wp\/v2\/product"}],"about":[{"href":"https:\/\/antcube.shop\/hu\/wp-json\/wp\/v2\/types\/product"}],"replies":[{"embeddable":true,"href":"https:\/\/antcube.shop\/hu\/wp-json\/wp\/v2\/comments?post=5936"}],"wp:featuredmedia":[{"embeddable":true,"href":"https:\/\/antcube.shop\/hu\/wp-json\/wp\/v2\/media\/5926"}],"wp:attachment":[{"href":"https:\/\/antcube.shop\/hu\/wp-json\/wp\/v2\/media?parent=5936"}],"wp:term":[{"taxonomy":"product_brand","embeddable":true,"href":"https:\/\/antcube.shop\/hu\/wp-json\/wp\/v2\/product_brand?post=5936"},{"taxonomy":"product_cat","embeddable":true,"href":"https:\/\/antcube.shop\/hu\/wp-json\/wp\/v2\/product_cat?post=5936"},{"taxonomy":"product_tag","embeddable":true,"href":"https:\/\/antcube.shop\/hu\/wp-json\/wp\/v2\/product_tag?post=5936"}],"curies":[{"name":"wp","href":"https:\/\/api.w.org\/{rel}","templated":true}]}}