{"id":5935,"date":"2023-06-24T12:30:33","date_gmt":"2023-06-24T10:30:33","guid":{"rendered":"https:\/\/antcube.shop\/product\/bundle-offer-messor-angularis\/"},"modified":"2025-10-19T06:01:04","modified_gmt":"2025-10-19T04:01:04","slug":"bundle-offer-messor-angularis","status":"publish","type":"product","link":"https:\/\/antcube.shop\/hu\/termek\/bundle-offer-messor-angularis\/","title":{"rendered":"Aj\u00e1nlatcsomag - Messor arenarius"},"content":{"rendered":"<div class=\"tab-body active\">\n<p><span data-text-color=\"secondary\"><strong>Csomagaj\u00e1nlat, amely tartalmaz egy Messor arenarius hangyakol\u00f3ni\u00e1t (kir\u00e1lyn\u0151 + 5-10 dolgoz\u00f3 + k\u00f6lt\u00e9s), egy indul\u00f3 k\u00e9szletet arat\u00f3hangy\u00e1knak L Popcorn 3x formicarium p\u00e1rn\u00e1val \u00e9s egy \u00fcveg speci\u00e1lis feh\u00e9r\u00edtett t\u00fccsk\u00f6t (nedves feh\u00e9rje).<\/strong><\/span><\/p>\n<p><span data-text-color=\"alert\"><strong>Csak a k\u00e9szlet erej\u00e9ig.<\/strong><\/span><\/p>\n<p><strong>Minden, amire a Messor arenarius sikeres tart\u00e1s\u00e1hoz sz\u00fcks\u00e9ge van<\/strong><br \/>\nEz a csomag tartalmaz mindent, amire sz\u00fcks\u00e9ge van ahhoz, hogy sikeresen tartsa a Messor arenarius kol\u00f3ni\u00e1t az els\u0151 n\u00e9h\u00e1ny h\u00f3napban. Rugalmasan b\u0151v\u00edthet\u0151, \u00e9s ide\u00e1lis a hangyatart\u00e1s megkezd\u00e9s\u00e9hez.<\/p>\n<p><strong>A hangyafajok: Messor arenarius<\/strong><br \/>\nA Messor arenarius, m\u00e1s n\u00e9ven \"d\u0171nearat\u00f3 hangya\", a t\u00f6bbi Messor-fajhoz k\u00e9pest igen nagy termet\u0171, gabonafogyaszt\u00f3 hangyafaj, amely f\u0151k\u00e9nt \u00c9szak-Afrika sz\u00e1raz \u00e9s meleg ter\u00fcletein fordul el\u0151. Nagy dolgoz\u00f3ik el\u00e9rhetik a megh\u00f6kkent\u0151 18 mm-es m\u00e9retet is. A sz\u00e1raz \u00e9l\u0151helyekhez val\u00f3 alkalmazkod\u00f3k\u00e9pess\u00e9g\u00e9r\u0151l ismert, \u00e9s az \u00fagynevezett arat\u00f3hangy\u00e1k k\u00f6z\u00e9 tartozik, amelyek \u00e9rdekes \u00e9letm\u00f3djukr\u00f3l \u00e9s leny\u0171g\u00f6z\u0151 f\u00e9szek\u00e9p\u00edtm\u00e9nyeikr\u0151l ismertek.<\/p>\n<p>Vizu\u00e1lisan a Messor arenarius f\u00e9nyes fekete test\u00e9vel \u00e9s er\u0151teljes testfel\u00e9p\u00edt\u00e9s\u0171 nagyobb munk\u00e1shangy\u00e1ival t\u0171nik ki, amelyek k\u00fcl\u00f6n\u00f6sen leny\u0171g\u00f6z\u0151ek. Robusztus term\u00e9szete \u00e9s egyszer\u0171 tart\u00e1si ig\u00e9nyei miatt ide\u00e1lis faj a kezd\u0151k sz\u00e1m\u00e1ra, de leny\u0171g\u00f6z\u0151 m\u00e9rete miatt a halad\u00f3 hangyatart\u00f3k sz\u00e1m\u00e1ra is \u00e9rdekes.<\/p>\n<p><strong>\u00c9lelmiszer a Messor arenarius sz\u00e1m\u00e1ra<\/strong><br \/>\nA Messor arenarius f\u0151k\u00e9nt gabon\u00e1val t\u00e1pl\u00e1lkozik, amelyb\u0151l \u00fagynevezett \"hangyakenyeret\" k\u00e9sz\u00edt. Ezen k\u00edv\u00fcl a kol\u00f3nia \u00e9des gy\u00fcm\u00f6lcs\u00f6ket, apr\u00f3 rovarokat \u00e9s feh\u00e9rjetartalm\u00fa t\u00e1pl\u00e1l\u00e9kot is elfogad. Nedvess\u00e9gig\u00e9ny\u00fck nagy r\u00e9sz\u00e9t a gabon\u00e1kb\u00f3l fedezik, a t\u00f6bbit a rovarok \u00e9s a felk\u00edn\u00e1lt folyad\u00e9kok, p\u00e9ld\u00e1ul a m\u00e9zes v\u00edz.<\/p>\n<p><strong>A formik\u00e1riumban a k\u00f6vetkez\u0151 takarm\u00e1nyt kell biztos\u00edtani:<\/strong><br \/>\nGabonakever\u00e9kek<br \/>\nKis rovarok (pl. gy\u00fcm\u00f6lcslegyek)<br \/>\nMindig biztos\u00edtson friss vizet<br \/>\nSz\u00fcks\u00e9g eset\u00e9n m\u00e9zes v\u00edz (megjegyz\u00e9s: mindig fedj\u00fck le a nyitott folyad\u00e9kokat, hogy a hangy\u00e1k ne essenek bele).<\/p>\n<p><strong>A megfelel\u0151 formicarium a Messor arenarius sz\u00e1m\u00e1ra<\/strong><br \/>\nMint minden arat\u00f3hangy\u00e1nak, a Messor arenariusnak is olyan f\u00e9szekre van sz\u00fcks\u00e9ge, amelyek sz\u00e1raz \u00e9s enyh\u00e9n nedves ter\u00fcleteket is k\u00edn\u00e1lnak. A nedves ter\u00fclet a k\u00f6lt\u00e9sgondoz\u00e1sra szolg\u00e1l, m\u00edg a sz\u00e1raz r\u00e9sz ide\u00e1lis a szemek t\u00e1rol\u00e1s\u00e1ra a pen\u00e9szesed\u00e9s megel\u0151z\u00e9se \u00e9rdek\u00e9ben. Indul\u00f3 k\u00e9szlet\u00fcnk ez\u00e9rt k\u00e9t hangyafarmot (f\u00e9szket) tartalmaz, amelyek elegend\u0151ek az els\u0151 1-2 \u00e9vre. Ezt k\u00f6vet\u0151en a formik\u00e1riumot ki kell b\u0151v\u00edteni, hogy helyet teremtsen a kol\u00f3nia n\u00f6veked\u00e9s\u00e9hez.<\/p>\n<p><strong>A Messor arenarius sz\u00e1m\u00e1ra optim\u00e1lis \u00e9ghajlati felt\u00e9telek:<\/strong><br \/>\n<strong>P\u00e1ratartalom:<\/strong><br \/>\nAr\u00e9na: %<br \/>\nF\u00e9szkel\u0151ter\u00fclet: 50-70 %<\/p>\n<p><strong>H\u0151m\u00e9rs\u00e9klet:<\/strong><br \/>\nAr\u00e9na: 25-30 \u00b0C<br \/>\nF\u00e9szkel\u0151ter\u00fclet: 22-28 \u00b0C<\/p>\n<p><strong>Messor arenarius f\u00e9szkel\u0151anyag<\/strong><br \/>\nA Digfix k\u00fcl\u00f6n\u00f6sen alkalmas a Messor arenarius tart\u00e1s\u00e1ra. Ellen\u00e1ll a nedvess\u00e9gnek, \u00e9s lehet\u0151v\u00e9 teszi a f\u00e9szekszerkezetek szabad r\u00e1l\u00e1t\u00e1s\u00e1t an\u00e9lk\u00fcl, hogy a homok\/agyag kever\u00e9kekkel ellent\u00e9tben az aljzatmaradv\u00e1nyok akad\u00e1lyozn\u00e1k a kil\u00e1t\u00e1st.<\/p>\n<p>Mivel a nagyobb munk\u00e1sok id\u0151vel a kem\u00e9nyebb anyagokat, p\u00e9ld\u00e1ul az Ytongot is megr\u00e1gcs\u00e1lhatj\u00e1k, ez\u00e9rt a Digfix bet\u00e9ttel ell\u00e1tott \u00fcvegf\u00e9szkeket aj\u00e1nljuk. Ez a kombin\u00e1ci\u00f3 nemcsak hossz\u00fa \u00e9lettartamot, hanem optim\u00e1lis k\u00f6r\u00fclm\u00e9nyeket is biztos\u00edt a kol\u00f3nia megfigyel\u00e9s\u00e9hez \u00e9s gondoz\u00e1s\u00e1hoz.<\/p>\n<p>Ezzel a be\u00e1ll\u00edt\u00e1ssal ide\u00e1lis alapot teremt a Messor arenarius tart\u00e1s\u00e1hoz, \u00e9s hossz\u00fa \u00e9veken \u00e1t megfigyelheti \u00e9s gondozhatja ezeket a leny\u0171g\u00f6z\u0151 hangy\u00e1kat.<\/p>\n<p><strong>Tartalom:<\/strong><br \/>\n1x Messor arenarius (kir\u00e1lyn\u0151 + 1-4 dolgoz\u00f3 + k\u00f6lt\u00e9s)<br \/>\n1x feh\u00e9r\u00edtett t\u00fccs\u00f6k 10g<br \/>\n1x gabonat\u00e1p minor 100g<br \/>\n1x formicarium p\u00e1rna - 20x20cm<br \/>\n2x formicarium p\u00e1rna - 20x6cm<\/p>\n<p>1x ANTCUBE - ar\u00e9na 20x20x10 - lapos<br \/>\n1x hangya ar\u00e9na keret 20\u00d720<br \/>\n1x hangya ar\u00e9na bor\u00edt\u00e1s 20\u00d720<br \/>\n1x r\u00f6gz\u00edt\u00e9si pontok az ar\u00e9na burkolat\u00e1hoz 4db.<br \/>\n2x ANTCUBE - Hangyafarm - L - 20\u00d720 - f\u00fcgg\u0151legesen \u00e1ll\u00edtva<\/p>\n<p>2x ANTCUBE - Digfix Terra nidum 20\u00d720 - L - b\u00e9zs - b\u00e9zs<br \/>\n1x Pattogatott kukorica f\u00e9szek 20\u00d720 - L<br \/>\n1x 1m cs\u0151 \u00e1tl\u00e1tsz\u00f3 20\/16 mm<br \/>\n2x ANTCUBE - V\u00f6r\u00f6s f\u00f3lia 20\u00d720 - sz\u0171r\u0151<br \/>\n2x \u00f6ntapad\u00f3s klipsz - \u00e1tl\u00e1tsz\u00f3 2 db.<br \/>\n1x aljzat - sivatag - 1 kg<\/p>\n<p>2x r\u00e1csbet\u00e9t - 50mm - rozsdamentes ac\u00e9l<br \/>\n1x r\u00e1csbet\u00e9t - 27mm - rozsdamentes ac\u00e9l<br \/>\n1x r\u00e1csos sapka - 16mm - rozsdamentes ac\u00e9l<\/p>\n<p>1x tart\u00e1ly t\u00f6ml\u0151csatlakoz\u00f3 27-14,16,20 mm - \u00e1tl\u00e1tsz\u00f3<br \/>\n1x adagol\u00f3 adagol\u00f3 2ml - adagolhat\u00f3<br \/>\n1x iv\u00f3v\u00e1ly\u00fa \u00e1tl\u00e1tsz\u00f3 20ml - szivacs<br \/>\n1x t\u00e1l \u00e1tl\u00e1tsz\u00f3 1\u00d720 - szivacs<br \/>\nMini termo higrom\u00e9ter anal\u00f3g - kijelz\u0151 - akaszt\u00e1s<br \/>\n1x Hangya menek\u00fcl\u00e9s elleni v\u00e9d\u0151olaj 10ml<br \/>\n1x Csipesz rug\u00f3ac\u00e9l - sz\u00e9les - puha<br \/>\n1x Csipesz m\u0171anyag \u00e1tl\u00e1tsz\u00f3<br \/>\n1x m\u0171anyag pipetta 3ml<br \/>\n1x k\u00e9zi nagy\u00edt\u00f3 - 2x - 30mm<br \/>\n1x habszivacs ablakt\u00f6rl\u0151 150x18x2,5mm<br \/>\n1x fot\u00f3 h\u00e1tlap - sivatag - 20\u00d710<\/p>\n<p><strong>Le\u00edr\u00e1s Starter Set:<\/strong><br \/>\nEz az indul\u00f3 k\u00e9szlet k\u00fcl\u00f6n\u00f6sen alkalmas a Messor vagy Pogonomyrmex nemzets\u00e9gbe tartoz\u00f3 gabonagy\u0171jt\u0151 hangyafajok sz\u00e1m\u00e1ra. A pattogatott kukoric\u00e1s t\u00e1ny\u00e9rral ell\u00e1tott tanya a magok \u00e9s a hangyakeny\u00e9r t\u00e1rol\u00e1s\u00e1ra szolg\u00e1l, ez\u00e9rt teljesen sz\u00e1razon kell maradnia, hogy a hangy\u00e1k \u00e1ltal ott t\u00e1rolt magok\/szemek ne cs\u00edr\u00e1zzanak vagy ne pen\u00e9szedjenek meg.<br \/>\nA m\u00e1sodik farm a \"Terra nidum\" t\u00e1bl\u00e1val a hangyakol\u00f3nia f\u00e9szkel\u0151- \u00e9s szaporod\u00f3hely\u00e9\u00fcl szolg\u00e1l. Ezt mindig enyh\u00e9n nedvesen kell tartani.<br \/>\nHogy nagyobb rugalmass\u00e1got biztos\u00edtsunk \u00d6nnek a formik\u00e1rium fel\u00e1ll\u00edt\u00e1sakor, mell\u00e9kelt\u00fcnk egy m\u00e1sodik \"Terra nidum\" lemezt, amelyet a popcornf\u00e9szek helyett haszn\u00e1lhat.<\/p>\n<p><strong>A Terra nidum lemez le\u00edr\u00e1sa:<\/strong> Az \u00e1shat\u00f3 anyagb\u00f3l k\u00e9sz\u00fclt Terra nidum (latinul f\u00f6ldf\u00e9szek) lemez t\u00f6k\u00e9letesen illeszkedik az ANTCUBE hangyafarmjainkhoz. Sz\u00e1razon \u00e9s nedvesen is haszn\u00e1lhat\u00f3. Sz\u00e1mos hangyafaj sz\u00e1m\u00e1ra is alkalmas, k\u00fcl\u00f6n\u00f6sen a homokban \u00e9s (holt) f\u00e1ban f\u00e9szkel\u0151 fajok sz\u00e1m\u00e1ra. Haszn\u00e1lhat\u00f3 homok\/agyag kever\u00e9kek vagy parafa f\u00e9szekbet\u00e9tek helyett. Ennek a f\u00e9szeknek az az el\u0151nye, hogy a lemez nedvesed\u00e9se k\u00f6nnyebben ellen\u0151rizhet\u0151 a j\u00f3l l\u00e1that\u00f3 elsz\u00ednez\u0151d\u00e9s miatt, \u00e9s a lemez sz\u00ednez\u00e9se szuper kontrasztot ny\u00fajt az \u00e1ltal\u00e1ban s\u00f6t\u00e9tebb hangyafajok sz\u00e1m\u00e1ra. Ezenk\u00edv\u00fcl a hangyafarm bels\u0151 t\u00e1ny\u00e9rjait nem lehet elszennyezni szubsztr\u00e1tummal, mint p\u00e9ld\u00e1ul a homok\/agyag kever\u00e9kek eset\u00e9ben, ami t\u00f6k\u00e9letes r\u00e1l\u00e1t\u00e1st biztos\u00edt a f\u00e9szekre. A mi f\u00e9szekanyagunk emellett sokkal szil\u00e1rdabb szerkezet\u0171, \u00edgy a hangy\u00e1k \u00e1ltal \u00e1sott alagutak \u00e9s kamr\u00e1k nem omlanak \u00f6ssze.<\/p>\n<p><strong>A pattogatott kukorica f\u00e9szek le\u00edr\u00e1sa:<\/strong> Ez az el\u0151re elk\u00e9sz\u00edtett j\u00e1ratokkal \u00e9s kamr\u00e1kkal ell\u00e1tott pattogatott kukoricaf\u00e9szek t\u00f6k\u00e9letesen alkalmas magt\u00e1rnak p\u00e9ld\u00e1ul a Messor hangy\u00e1k, de m\u00e1s gabonagy\u0171jt\u0151 hangyafajok sz\u00e1m\u00e1ra is. A f\u00e9szekbe val\u00f3 bejut\u00e1shoz lyukkal rendelkezik. A pattogatott kukoricaf\u00e9szek mag\u00e1ba sz\u00edvja a nedvess\u00e9get, \u00e9s ennek k\u00f6vetkezt\u00e9ben kit\u00e1gulhat, ez\u00e9rt mindig sz\u00e1razon kell tartani. A Messor barbarus nagyon j\u00f3l elfogadja ANTCUBE popcornf\u00e9szk\u00fcnket magt\u00e1rk\u00e9nt. Id\u0151vel a hangy\u00e1k elkezdik b\u0151v\u00edteni a popcornf\u00e9szket, \u00e9s \u00e1tr\u00e1gj\u00e1k magukat a f\u00e9szekanyagon. Karamelliz\u00e1lt m\u00e9z illata van, ez\u00e9rt nagyon vonz\u00f3.<\/p>\n<p>A pattogatott kukoricaf\u00e9szket csak olyan hangyafajok eset\u00e9ben szabad haszn\u00e1lni, amelyeknek a f\u00e9szek ter\u00fclet\u00e9n nagyon kev\u00e9s nedvess\u00e9gre van sz\u00fcks\u00e9g\u00fck.<\/p>\n<p><strong>Fontos:<\/strong> Haszn\u00e1lat el\u0151tt nedves\u00edtse meg az aljzatot, hogy a kever\u00e9k meg tudjon k\u00f6t\u0151dni \u00e9s szil\u00e1rdan meg tudjon \u00e1llni a hangyafarmon. Ezenk\u00edv\u00fcl a sz\u00e1raz \u00e9s poros szubsztr\u00e1t elz\u00e1rhatja a hangy\u00e1k l\u00e9gutakat, \u00e9s legrosszabb esetben az \u00e1llatok megfulladhatnak.<\/p>\n<p><strong>Aj\u00e1nl\u00e1s:<\/strong> Javasoljuk a 2 mm magas aljzatr\u00e9teget, hogy az \u00e1llatok ne tudj\u00e1k be\u00e1sni magukat az ar\u00e9n\u00e1ba, hanem ink\u00e1bb az erre a c\u00e9lra biztos\u00edtott tany\u00e1t haszn\u00e1lj\u00e1k. Javasoljuk tov\u00e1bb\u00e1, hogy a farmon l\u00e9v\u0151 f\u00e9szkel\u0151anyagot (homok\/agyag, Digfix stb.) egy helyen enyh\u00e9n sz\u00farjuk ki, hogy az \u00e1llatok sz\u00e1m\u00e1ra megk\u00f6nny\u00edts\u00fck az \u00e1s\u00e1st.<\/p>\n<p><strong>Megjegyz\u00e9sek a gy\u00e1rt\u00e1shoz<\/strong><br \/>\nAz \u00fcveg v\u00e1g\u00e1sa a DIN 1249 szabv\u00e1ny szerint t\u00f6rt\u00e9nik, +\/;- 1 mm t\u0171r\u00e9ssel. A rendk\u00edv\u00fcl kis hangyafajok eset\u00e9ben tov\u00e1bbi hangyakijut\u00e1s elleni v\u00e9delem elengedhetetlen.<\/p>\n<p><strong>Megjegyz\u00e9sek a gazdas\u00e1gr\u00f3l<\/strong><br \/>\nA t\u00f6ml\u0151k csatlakoztat\u00e1sakor vagy elt\u00e1vol\u00edt\u00e1sakor vegye figyelembe a k\u00f6vetkez\u0151ket:<br \/>\nHa a cs\u0151 nagyon nehezen illeszkedik a csatlakoz\u00f3aljzatra, az aljzatot enyh\u00e9n be kell d\u00f6rzs\u00f6lni egy csepp kit\u00f6r\u00e9sv\u00e9d\u0151 olajjal vagy porral. A t\u00f6ml\u0151t ezut\u00e1n csavar\u00f3 vagy csavar\u00f3 mozdulatokkal kell a csatlakoz\u00f3aljzatra tolni an\u00e9lk\u00fcl, hogy a csatlakoz\u00f3aljzatot fel-le mozdulatokkal meger\u0151ltetn\u00e9nk. Ugyanez vonatkozik a t\u00f6ml\u0151k mez\u0151gazdas\u00e1gi csatlakoz\u00f3aljzatb\u00f3l t\u00f6rt\u00e9n\u0151 elt\u00e1vol\u00edt\u00e1s\u00e1ra is. K\u00e9rj\u00fck, ne h\u00fazza le egyszer\u0171en!<\/p>\n<p><strong>Megjegyz\u00e9s a Terra nidumr\u00f3l:<\/strong> A term\u00e9szetes sz\u00edn a b\u00e9zs\/homoksz\u00edn\u0171 \u00e9s a vil\u00e1gosbarna k\u00f6z\u00f6tt v\u00e1ltozhat. A sz\u00edn nincs hat\u00e1ssal a min\u0151s\u00e9gre.<br \/>\nA gy\u00e1rt\u00e1si folyamat miatt a m\u00e9retek +\/- 1 mm-es elt\u00e9r\u00e9st mutathatnak.<\/p>\n<p><strong>Megjegyz\u00e9s a blans\u00edrozott t\u00fccsk\u00f6kr\u0151l:<\/strong><br \/>\nA feh\u00e9r\u00edtett t\u00fccsk\u00f6kkel k\u00f6nnyen biztos\u00edthatja hangy\u00e1i sz\u00e1m\u00e1ra a frissen tart\u00f3s\u00edtott feh\u00e9rjet\u00e1pl\u00e1l\u00e9kot an\u00e9lk\u00fcl, hogy \u00e9l\u0151 rovarokat kellene etetnie. A benne l\u00e9v\u0151 t\u00fccsk\u00f6ket (Acheta domesticus) k\u00edm\u00e9letesen blans\u00edroztuk, hogy a t\u00e1p\u00e9rt\u00e9kek, az \u00edz \u00e9s az aroma megmaradjon. Ezen k\u00edv\u00fcl a rovarok kitinh\u00e9ja is megpuhult \u00edgy, hogy k\u00f6nnyebben em\u00e9szthet\u0151 legyen. A kollag\u00e9nfeh\u00e9rj\u00e9k k\u00f6t\u00e9seit felbontj\u00e1k, hogy a hangy\u00e1k jobban hasznos\u00edthass\u00e1k azokat. A konzerv Acheta domesticus ugyanolyan t\u00e1p\u00e9rt\u00e9k\u0171, mint az \u00e9l\u0151 t\u00fccs\u00f6k, de k\u00f6nnyebben em\u00e9szthet\u0151.<\/p>\n<p>A feh\u00e9r\u00edtett t\u00fccsk\u00f6k nem alkalmasak olyan hangyafajok vad\u00e1szat\u00e1ra, amelyek \u00e9l\u0151 t\u00e1pl\u00e1l\u00e9kot ig\u00e9nyelnek (pl. ponerines (nagy hangy\u00e1k), mint a Harpegnathos vagy Odontomachus).<\/p>\n<p><strong>Tov\u00e1bbi el\u0151ny\u00f6k:<\/strong><br \/>\nGarant\u00e1ltan atkamentes<br \/>\nAdagolhat\u00f3<br \/>\nSteriliz\u00e1lt \u00e9s v\u00e1kuumozott<br \/>\nAdal\u00e9kanyagok n\u00e9lk\u00fcl<br \/>\nT\u00fccsk\u00f6k fenntarthat\u00f3, tiszt\u00e1n \u00f6kol\u00f3giai teny\u00e9szt\u00e9sb\u0151l sz\u00e1rmaz\u00f3, szerves hullad\u00e9kkal t\u00e1pl\u00e1lt t\u00fccsk\u00f6k.<\/p>\n<p><strong>K\u00e9rj\u00fck, vegye figyelembe:<\/strong><br \/>\nFelbont\u00e1s ut\u00e1n a h\u0171t\u0151szekr\u00e9nyben k\u00f6r\u00fclbel\u00fcl n\u00e9gy napig eltarthat\u00f3. Fagyasztva hosszabb ideig eltarthat\u00f3.<\/p>\n<\/div>","protected":false},"excerpt":{"rendered":"<p>Csomagaj\u00e1nlat, amely tartalmaz egy Messor arenarius hangyakol\u00f3ni\u00e1t (kir\u00e1lyn\u0151 + 5-10 dolgoz\u00f3 + k\u00f6lt\u00e9s), egy indul\u00f3 k\u00e9szletet arat\u00f3hangy\u00e1knak L Popcorn 3x formicarium p\u00e1rn\u00e1val \u00e9s egy \u00fcveg speci\u00e1lis feh\u00e9r\u00edtett t\u00fccsk\u00f6t (nedves feh\u00e9rje). Csak a k\u00e9szlet erej\u00e9ig. Minden, ami a Messor arenarius sikeres tart\u00e1s\u00e1hoz sz\u00fcks\u00e9ges Ez a csomag tartalmaz mindent, amire sz\u00fcks\u00e9ge van ahhoz, hogy","protected":false},"featured_media":10873,"comment_status":"open","ping_status":"closed","template":"","meta":{"_acf_changed":false,"content-type":"","_monsterinsights_skip_tracking":false,"_monsterinsights_sitenote_active":false,"_monsterinsights_sitenote_note":"","_monsterinsights_sitenote_category":0},"product_brand":[],"product_cat":[355,344,353,73],"product_tag":[],"class_list":{"0":"post-5935","1":"product","2":"type-product","3":"status-publish","4":"has-post-thumbnail","6":"product_cat-bundle-offers","7":"product_cat-popcorn","8":"product_cat-starter-sets-for-harvester-ants","9":"product_cat-starter-sets","11":"first","12":"outofstock","13":"taxable","14":"shipping-taxable","15":"purchasable","16":"product-type-simple"},"acf":[],"aioseo_notices":[],"jetpack_sharing_enabled":true,"_links":{"self":[{"href":"https:\/\/antcube.shop\/hu\/wp-json\/wp\/v2\/product\/5935","targetHints":{"allow":["GET"]}}],"collection":[{"href":"https:\/\/antcube.shop\/hu\/wp-json\/wp\/v2\/product"}],"about":[{"href":"https:\/\/antcube.shop\/hu\/wp-json\/wp\/v2\/types\/product"}],"replies":[{"embeddable":true,"href":"https:\/\/antcube.shop\/hu\/wp-json\/wp\/v2\/comments?post=5935"}],"wp:featuredmedia":[{"embeddable":true,"href":"https:\/\/antcube.shop\/hu\/wp-json\/wp\/v2\/media\/10873"}],"wp:attachment":[{"href":"https:\/\/antcube.shop\/hu\/wp-json\/wp\/v2\/media?parent=5935"}],"wp:term":[{"taxonomy":"product_brand","embeddable":true,"href":"https:\/\/antcube.shop\/hu\/wp-json\/wp\/v2\/product_brand?post=5935"},{"taxonomy":"product_cat","embeddable":true,"href":"https:\/\/antcube.shop\/hu\/wp-json\/wp\/v2\/product_cat?post=5935"},{"taxonomy":"product_tag","embeddable":true,"href":"https:\/\/antcube.shop\/hu\/wp-json\/wp\/v2\/product_tag?post=5935"}],"curies":[{"name":"wp","href":"https:\/\/api.w.org\/{rel}","templated":true}]}}