{"id":5475,"date":"2023-02-10T13:18:16","date_gmt":"2023-02-10T12:18:16","guid":{"rendered":"https:\/\/antcube.shop\/produkt\/popcorn-nest-20x20-l\/"},"modified":"2026-03-09T17:50:04","modified_gmt":"2026-03-09T16:50:04","slug":"popcorn-feszek-20x20-l","status":"publish","type":"product","link":"https:\/\/antcube.shop\/hu\/termek\/popcorn-feszek-20x20-l\/","title":{"rendered":"Popcorn F\u00e9szek 20\u00d720 - L"},"content":{"rendered":"<p><strong>M\u00e9retek:<\/strong> 184 x 160 x 18 mm<\/p>\n<p><strong>Anyag:<\/strong> szachar\u00f3zzal \u00e9s feh\u00e9rj\u00e9vel sajtolt pattogatott kukorica<\/p>\n<p><strong>Csak a k\u00f6vetkez\u0151kre illik<\/strong> a hangyafarmjainkban m\u00e9ret <strong>L<\/strong><\/p>\n<p><strong>Le\u00edr\u00e1s:<\/strong> Ez az el\u0151re elk\u00e9sz\u00edtett j\u00e1ratokkal \u00e9s kamr\u00e1kkal rendelkez\u0151 pattogatott kukoricaf\u00e9szek t\u00f6k\u00e9letes gabonakamr\u00e1nak p\u00e9ld\u00e1ul a Messor hangy\u00e1k, de m\u00e1s gabonagy\u0171jt\u0151 hangyafajok sz\u00e1m\u00e1ra is. A f\u00e9szekbe val\u00f3 bejut\u00e1sk\u00e9nt egy lyukkal rendelkezik. A pattogatott kukoricaf\u00e9szek nedvess\u00e9get sz\u00edv mag\u00e1ba, \u00e9s ennek k\u00f6vetkezt\u00e9ben kit\u00e1gulhat, \u00edgy<strong> mindenk\u00e9ppen sz\u00e1razon kell tartani<\/strong>. A Messor barbarus nagyon j\u00f3l elfogadja az ANTCUBE popcorn f\u00e9szket szemkamrak\u00e9nt. Id\u0151vel a hangy\u00e1k elkezdik b\u0151v\u00edteni a popcornf\u00e9szket \u00e9s \u00e1tr\u00e1gj\u00e1k magukat a f\u00e9szekanyagon.<\/p>\n<p>A popcornf\u00e9szket csak olyan hangyafajok eset\u00e9ben szabad haszn\u00e1lni, amelyeknek nagyon kev\u00e9s vagy egy\u00e1ltal\u00e1n nincs sz\u00fcks\u00e9g\u00fck nedvess\u00e9gre a f\u00e9szek ter\u00fclet\u00e9n.<\/p>","protected":false},"excerpt":{"rendered":"<p>M\u00e9retek: M\u00e9ret: 184 x 160 x 18 mm Anyag: szachar\u00f3zzal \u00e9s feh\u00e9rj\u00e9vel sajtolt pattogatott kukorica Csak hangyafarmjainkba illeszkedik L m\u00e9ret Le\u00edr\u00e1s: Ez az el\u0151re gy\u00e1rtott j\u00e1ratokkal \u00e9s kamr\u00e1kkal ell\u00e1tott pattogatott kukoricaf\u00e9szek t\u00f6k\u00e9letes gabonakamr\u00e1nak p\u00e9ld\u00e1ul Messor hangy\u00e1k, de m\u00e1s gabonagy\u0171jt\u0151 hangyafajok sz\u00e1m\u00e1ra is. F\u00e9szekk\u00e9nt egy lyukkal rendelkezik","protected":false},"featured_media":5459,"comment_status":"open","ping_status":"closed","template":"","meta":{"_acf_changed":false,"content-type":"","_monsterinsights_skip_tracking":false,"_monsterinsights_sitenote_active":false,"_monsterinsights_sitenote_note":"","_monsterinsights_sitenote_category":0},"product_brand":[],"product_cat":[257,344,87],"product_tag":[],"class_list":{"0":"post-5475","1":"product","2":"type-product","3":"status-publish","4":"has-post-thumbnail","6":"product_cat-new-innovatve-products","7":"product_cat-popcorn","8":"product_cat-nest-insets","10":"first","11":"instock","12":"taxable","13":"shipping-taxable","14":"purchasable","15":"product-type-simple"},"acf":[],"aioseo_notices":[],"jetpack_sharing_enabled":true,"_links":{"self":[{"href":"https:\/\/antcube.shop\/hu\/wp-json\/wp\/v2\/product\/5475","targetHints":{"allow":["GET"]}}],"collection":[{"href":"https:\/\/antcube.shop\/hu\/wp-json\/wp\/v2\/product"}],"about":[{"href":"https:\/\/antcube.shop\/hu\/wp-json\/wp\/v2\/types\/product"}],"replies":[{"embeddable":true,"href":"https:\/\/antcube.shop\/hu\/wp-json\/wp\/v2\/comments?post=5475"}],"wp:featuredmedia":[{"embeddable":true,"href":"https:\/\/antcube.shop\/hu\/wp-json\/wp\/v2\/media\/5459"}],"wp:attachment":[{"href":"https:\/\/antcube.shop\/hu\/wp-json\/wp\/v2\/media?parent=5475"}],"wp:term":[{"taxonomy":"product_brand","embeddable":true,"href":"https:\/\/antcube.shop\/hu\/wp-json\/wp\/v2\/product_brand?post=5475"},{"taxonomy":"product_cat","embeddable":true,"href":"https:\/\/antcube.shop\/hu\/wp-json\/wp\/v2\/product_cat?post=5475"},{"taxonomy":"product_tag","embeddable":true,"href":"https:\/\/antcube.shop\/hu\/wp-json\/wp\/v2\/product_tag?post=5475"}],"curies":[{"name":"wp","href":"https:\/\/api.w.org\/{rel}","templated":true}]}}