{"id":5380,"date":"2023-02-01T17:57:19","date_gmt":"2023-02-01T16:57:19","guid":{"rendered":"https:\/\/antcube.shop\/produkt\/bundle-offer-lasius-niger\/"},"modified":"2026-04-16T19:23:50","modified_gmt":"2026-04-16T17:23:50","slug":"bundle-offer-lasius-niger","status":"publish","type":"product","link":"https:\/\/antcube.shop\/hu\/termek\/bundle-offer-lasius-niger\/","title":{"rendered":"Aj\u00e1nlatcsomag - Lasius niger"},"content":{"rendered":"<p><span data-text-color=\"secondary\"><strong>Csomagaj\u00e1nlat, amely tartalmaz egy Lasius niger hangyakol\u00f3ni\u00e1t (kir\u00e1lyn\u0151 + 26-50 dolgoz\u00f3 + k\u00f6lt\u00e9s), egy Combi M indul\u00f3 k\u00e9szletet menek\u00fcl\u00e9sv\u00e9delmi kerettel, 50mm-es r\u00e1csbet\u00e9tet, 20x20cm-es formicarium alapot, 20ml-es tiszta itat\u00f3t\u00e1lc\u00e1t - szivacs, egy \u00fcveg k\u00fcl\u00f6nleges eg\u00e9sz feh\u00e9r\u00edtett t\u00fccsk\u00f6t 10g (nedves feh\u00e9rje) \u00e9s egy 10ml-es m\u00e9zharmat kever\u00e9k ut\u00e1nt\u00f6lt\u0151 csomagot.<\/strong><\/span><\/p>\n<p><span data-text-color=\"alert\"><strong>Csak a k\u00e9szlet erej\u00e9ig.<\/strong><\/span><\/p>\n<p><strong>Minden, amire egy Lasius niger hangyakol\u00f3ni\u00e1hoz sz\u00fcks\u00e9ge van<\/strong><br \/>\nEz a csomag tartalmaz mindent, amire sz\u00fcks\u00e9ge van ahhoz, hogy egy Lasius niger kol\u00f3nia sikeresen \u00e1tv\u00e9szelje az els\u0151 n\u00e9h\u00e1ny h\u00f3napot. Rugalmasan b\u0151v\u00edthet\u0151, \u00e9s kifejezetten alkalmas a hangyatart\u00e1s kezd\u0151k sz\u00e1m\u00e1ra.<\/p>\n<p>Hangyafajok Lasius niger A Lasius niger, m\u00e1s n\u00e9ven a \"fekete \u00f6sv\u00e9nyes hangya\" az egyik legn\u00e9pszer\u0171bb faj a kezd\u0151 hangyatart\u00f3k k\u00f6r\u00e9ben. A kis \u00e9s k\u00f6zepes m\u00e9ret\u0171 hangy\u00e1k k\u00f6z\u00e9 tartozik, \u00e9s nagyon takar\u00e9kos. Eg\u00e9sz Eur\u00f3p\u00e1ban elterjedt, de \u00c1zsi\u00e1ban, Afrik\u00e1ban \u00e9s \u00c9szak-Amerik\u00e1ban is megtal\u00e1lhat\u00f3.<\/p>\n<p><strong>\u00c9lelmiszer a Lasius niger sz\u00e1m\u00e1ra<\/strong><br \/>\nA vadonban a Lasius niger gyakran tart lev\u00e9ltetveket, hogy \u00f6sszegy\u0171jtse a n\u00f6v\u00e9nyi nedvb\u0151l el\u0151\u00e1ll\u00edtott m\u00e9zharmatot. Ez\u00e1ltal v\u00e9di \u0151ket, \u00e9s m\u00e9g a fiatal hajt\u00e1sokhoz is sz\u00e1ll\u00edtja \u0151ket.<br \/>\nA formik\u00e1riumban egyszer\u0171en csak n\u00e9h\u00e1ny fert\u0151z\u00f6tt gallyat (pl. r\u00f3zs\u00e1t, bodz\u00e1t, ribizlit) helyezhet egy v\u00e1z\u00e1ba, \u00e9s megfigyelheti, ahogy az \u00e1llatok megfejik \u0151ket. A formik\u00e1riumban a legjobb, ha m\u00e9zoldatot \u00e9s feh\u00e9rjet\u00e1pot (vagy \u00e9l\u0151 kis rovarokat, vagy sz\u00e1r\u00edtott feh\u00e9rjet\u00e1pot) adunk.<\/p>\n<p><strong>Hibern\u00e1ci\u00f3 a Lasius nigerben<\/strong><br \/>\nA Lasius niger k\u00f6r\u00fclbel\u00fcl okt\u00f3ber v\u00e9ge \u00e9s m\u00e1rcius v\u00e9ge k\u00f6z\u00f6tt 5-8 fokos h\u0151m\u00e9rs\u00e9kleten telel \u00e1t. A formik\u00e1riumban egyszer\u0171en az eg\u00e9sz formik\u00e1riumot h\u0171v\u00f6s helyis\u00e9gbe helyezheti, vagy (ha a formik\u00e1riumnak van kivehet\u0151 f\u00e9szekbet\u00e9tje) a f\u00e9szekbet\u00e9tet p\u00e9ld\u00e1ul a h\u0171t\u0151szekr\u00e9nybe helyezheti. Vigy\u00e1zni kell azonban arra, hogy a hangy\u00e1k ne legyenek kit\u00e9ve 0 fok alatti h\u0151m\u00e9rs\u00e9kletnek, mivel a formik\u00e1riumban sosem olyan j\u00f3l v\u00e9dettek a hidegt\u0151l, mint a vadonban. Vannak olyan \u00e1llattart\u00f3k besz\u00e1mol\u00f3i is, akik a Lasius niger-t t\u00e9li \u00e1lom n\u00e9lk\u00fcl tartj\u00e1k. Ez azonban a kol\u00f3nia \u00e9lettartam\u00e1nak ler\u00f6vid\u00fcl\u00e9s\u00e9hez vagy a k\u00f6lt\u00e9s fejl\u0151d\u00e9s\u00e9nek lelassul\u00e1s\u00e1hoz vezethet. A t\u00e9li \u00e1lom alatt az \u00e1llatokat nem kell etetni, vagy csak nagyon keveset, ha sz\u00fcks\u00e9ges. Ellen\u0151rizz\u00fck azonban rendszeresen a p\u00e1ratartalmat, \u00e9s figyelj\u00fcnk a pen\u00e9szre!<\/p>\n<p><strong>Tartalom:<\/strong><\/p>\n<p>1x Lasius niger (kir\u00e1lyn\u0151 + 26-50 dolgoz\u00f3 + k\u00f6lt\u00e9s)<br \/>\n1x T\u00fccs\u00f6klekv\u00e1r 25g<br \/>\n1x Honeydew honey 10ml refill pack<\/p>\n<p>1x ANTCUBE - Arena 20x20x20 - Combi M<br \/>\n1x Hangya ar\u00e9na bor\u00edt\u00e1s 20\u00d720<br \/>\n4x r\u00f6gz\u00edt\u00e9si pont az ar\u00e9na fedel\u00e9hez<br \/>\n1x Hangya ar\u00e9na keret 20\u00d720<br \/>\n1x pad for formicariums &#8211; 20x20cm<\/p>\n<p>2x grid insert &#8211; 50mm<br \/>\n2x grid insert &#8211; 27mm<br \/>\n1x ANTCUBE - Digfix lemez 20\u00d720 - M<br \/>\n1x soil &#8211; Sand-loam red &#8211; 200g<\/p>\n<p>1x Foil thermometer display<br \/>\n1x drinking clear 5ml &#8211; sponge<br \/>\n1x iv\u00f3v\u00e1ly\u00fa 2ml - 360 fokos<br \/>\n1x Feeding dish white rectangle &#8211; 3 compartments<br \/>\n1x K\u00e9zi nagy\u00edt\u00f3 - 2x - 30mm<br \/>\n1x Transparent plastic tweezers<br \/>\n1x csipesz rug\u00f3ac\u00e9l - sz\u00e9les - puha<br \/>\n1x m\u0171anyag pipetta 3ml<br \/>\n1x hangyasz\u00f6k\u00e9s elleni v\u00e9d\u0151olaj 10ml<br \/>\n1x Foam wiper 150x18x2.5mm<\/p>\n<p><strong>Le\u00edr\u00e1s:<\/strong><br \/>\nEz a Starter Set - Combi a legt\u00f6bb, f\u00f6ldben f\u00e9szkel\u0151 hangyafaj sz\u00e1m\u00e1ra alkalmas.<br \/>\nA k\u00e9szlet nagyon kompakt, \u00e9s a benne l\u00e9v\u0151 tartoz\u00e9kok a legsz\u00fcks\u00e9gesebbekre lettek reduk\u00e1lva.<br \/>\nEz teh\u00e1t egy kiv\u00e1l\u00f3 min\u0151s\u00e9g\u0171 anyagokb\u00f3l k\u00e9sz\u00fclt, olcs\u00f3 k\u00e9szlet, amely ide\u00e1lis a hangyatart\u00e1s megkezd\u00e9s\u00e9hez.<br \/>\nA mell\u00e9kelt homok - agyag b\u00e9zs sz\u00edn\u0171 szubsztr\u00e1tumot a legt\u00f6bb f\u00f6ldf\u00e9szek \u00e1s\u00f3 hangyafaj j\u00f3l elfogadja.<\/p>\n<p>Az ar\u00e9na f\u00e9szkel\u0151hely\u00e9re azonban m\u00e1s talajszubsztr\u00e1tumok vagy f\u00e9szekbet\u00e9tek is elhelyezhet\u0151k.<br \/>\nTov\u00e1bbi hasznos tartoz\u00e9kok a javaslatok k\u00f6z\u00f6tt tal\u00e1lhat\u00f3k (l\u00e1sd al\u00e1bb).<\/p>\n<p><strong>Aj\u00e1nl\u00e1s:<\/strong> Javasoljuk a 2 mm magas aljzatr\u00e9teget, hogy az \u00e1llatok ne tudj\u00e1k be\u00e1sni magukat az ar\u00e9n\u00e1ba, hanem ink\u00e1bb az erre a c\u00e9lra biztos\u00edtott tany\u00e1t haszn\u00e1lj\u00e1k. Javasoljuk tov\u00e1bb\u00e1, hogy a farmon l\u00e9v\u0151 f\u00e9szkel\u0151anyagot (homok\/agyag, Digfix stb.) egy helyen enyh\u00e9n sz\u00farjuk ki, hogy az \u00e1llatok sz\u00e1m\u00e1ra megk\u00f6nny\u00edts\u00fck az \u00e1s\u00e1st.<\/p>\n<p><strong>Fontos:<\/strong> Haszn\u00e1lat el\u0151tt nedves\u00edtse meg az aljzatot, hogy a kever\u00e9k meg tudjon k\u00f6t\u0151dni \u00e9s szil\u00e1rdan meg tudjon \u00e1llni a hangyafarmon. Ezenk\u00edv\u00fcl a sz\u00e1raz \u00e9s poros szubsztr\u00e1t elz\u00e1rhatja a hangy\u00e1k l\u00e9gutakat, \u00e9s legrosszabb esetben az \u00e1llatok megfulladhatnak.<\/p>\n<p><strong>Megjegyz\u00e9s:<\/strong><br \/>\nHa a f\u00e9szekbet\u00e9tjeinket haszn\u00e1lja, k\u00e9rj\u00fck, vegye figyelembe, hogy ezek 8 mm-rel keskenyebbek, mivel eredetileg a keskenyebb hangyafarmok \u00e9s ar\u00e9na bet\u00e9tekhez tervezt\u00fck \u0151ket! Ebben az esetben a k\u00f6zbees\u0151 teret ki kell t\u00f6lteni t\u00f6lt\u0151anyaggal, p\u00e9ld\u00e1ul gipsszel vagy agyaggal.<\/p>\n<p><strong>Megjegyz\u00e9sek a gy\u00e1rt\u00e1shoz<\/strong><br \/>\nAz \u00fcveg v\u00e1g\u00e1sa a DIN 1249 szabv\u00e1ny szerint t\u00f6rt\u00e9nik, +\/;- 1 mm t\u0171r\u00e9ssel. A rendk\u00edv\u00fcl kis hangyafajok eset\u00e9ben tov\u00e1bbi hangyakijut\u00e1s elleni v\u00e9delem elengedhetetlen.<\/p>\n<p><strong>Utas\u00edt\u00e1sok: <\/strong>(2023-as verzi\u00f3, a 2024-es friss\u00edtett verzi\u00f3 legk\u00e9s\u0151bb 2024. 04. 04-ig lesz el\u00e9rhet\u0151)<strong><br \/>\n<\/strong><\/p>\n<p>- DE<a href=\"https:\/\/www.antstore.net\/shop\/images\/info\/de\/Gebrauchsanweisung%20Starter%20Set%20Combi.pdf\"> Gebrauchsanweisung Starter Set Combi<\/a> (PDF 7,98 MB)<\/p>\n<p>- HU<a href=\"https:\/\/www.antstore.net\/shop\/images\/info\/en\/Instructions%20for%20use%20-%20Starter%20Set%20Combi.pdf\"> Haszn\u00e1lati utas\u00edt\u00e1s - Starter Set Combi<\/a> (PDF 7,94 MB)<\/p>\n<p>- ES<a href=\"https:\/\/www.antstore.net\/shop\/images\/info\/es\/Manual%20de%20instrucciones%20-%20Set%20de%20inicio%20Combi.pdf\"> Manual de instrucciones - Kezd\u0151k\u00e9szlet Combi<\/a> (PDF 7,94 MB)<\/p>\n<p>- FR<a href=\"https:\/\/www.antstore.net\/shop\/images\/info\/fr\/Manuel%20d'instruction%20-%20Kit%20de%20d%C3%A9marrage%20Combi.pdf\"> Manuel d'instruction - Kit de d\u00e9marrage Combi<\/a> (PDF 7,95 MB)<\/p>\n<p><strong>Jegyzetek a krikettdzsemborir\u00f3l:<\/strong><br \/>\nA feh\u00e9r\u00edtett t\u00fccsk\u00f6kkel k\u00f6nnyen biztos\u00edthatja hangy\u00e1i sz\u00e1m\u00e1ra a frissen tart\u00f3s\u00edtott feh\u00e9rjet\u00e1pl\u00e1l\u00e9kot an\u00e9lk\u00fcl, hogy \u00e9l\u0151 rovarokat kellene etetnie. A benne l\u00e9v\u0151 t\u00fccsk\u00f6ket (Acheta domesticus) k\u00edm\u00e9letesen blans\u00edroztuk, hogy a t\u00e1p\u00e9rt\u00e9kek, az \u00edz \u00e9s az aroma megmaradjon. Ezen k\u00edv\u00fcl a rovarok kitinh\u00e9ja is megpuhult \u00edgy, hogy k\u00f6nnyebben em\u00e9szthet\u0151 legyen. A kollag\u00e9nfeh\u00e9rj\u00e9k k\u00f6t\u00e9seit felbontj\u00e1k, hogy a hangy\u00e1k jobban hasznos\u00edthass\u00e1k azokat. A konzerv Acheta domesticus ugyanolyan t\u00e1p\u00e9rt\u00e9k\u0171, mint az \u00e9l\u0151 t\u00fccs\u00f6k, de k\u00f6nnyebben em\u00e9szthet\u0151.<\/p>\n<p>A Cricket Jam nem alkalmas olyan hangyafajok vad\u00e1szat\u00e1ra, amelyek \u00e9l\u0151 t\u00e1pl\u00e1l\u00e9kot ig\u00e9nyelnek (pl. ponerines (nagy hangy\u00e1k), mint a Harpegnathos vagy Odontomachus).<\/p>\n<p><strong>Tov\u00e1bbi el\u0151ny\u00f6k:<\/strong><br \/>\nGarant\u00e1ltan atkamentes<br \/>\nAdagolhat\u00f3 \u00e9s v\u00edzzel h\u00edg\u00edthat\u00f3<br \/>\nSteriliz\u00e1lt \u00e9s v\u00e1kuumcsomagolt<br \/>\nAdal\u00e9kanyagok n\u00e9lk\u00fcl<br \/>\nT\u00fccsk\u00f6k fenntarthat\u00f3, tiszt\u00e1n \u00f6kol\u00f3giai teny\u00e9szt\u00e9sb\u0151l sz\u00e1rmaz\u00f3, szerves hullad\u00e9kkal t\u00e1pl\u00e1lt t\u00fccsk\u00f6k.<\/p>\n<p><strong>Megjegyz\u00e9s:<\/strong><br \/>\nFelbont\u00e1s ut\u00e1n a h\u0171t\u0151szekr\u00e9nyben k\u00f6r\u00fclbel\u00fcl n\u00e9gy napig eltarthat\u00f3. Fagyasztva hosszabb ideig eltarthat\u00f3.<br \/>\nFigyelem! El\u0151sz\u00f6r adagoljon, majd fagyassza be.<\/p>\n<p><strong>Megjegyz\u00e9s a m\u00e9zharmattal kapcsolatban:<\/strong><br \/>\nTartalom: 10 ml<br \/>\nEz egy term\u00e9szetes term\u00e9k, amelyet laborat\u00f3riumunkban v\u00e9gzett kiterjedt tesztek ut\u00e1n finom\u00edtottunk, \u00e9s olyan t\u00e1pl\u00e1l\u00e9kk\u00e1 fejlesztett\u00fcnk, amelyet a hangy\u00e1k nagyon j\u00f3l elfogadnak. Ennek oka, hogy a feldolgozatlan m\u00e9zharmatm\u00e9zet a koncentr\u00e1lt eredeti form\u00e1j\u00e1ban nem fogadj\u00e1k el j\u00f3l a hangy\u00e1k \u00e9s az anyagcser\u00e9j\u00fck.<br \/>\nM\u00e9zharmatunkat Bulg\u00e1ria szennyezetlen, vad hegyi erdeiben gy\u0171jt\u00f6tt\u00fck. A m\u00e9zharmat csak nagyon korl\u00e1tozott ideig, ny\u00e1ron k\u00f6r\u00fclbel\u00fcl k\u00e9t h\u00f3napig terem. Ez\u00e9rt nagyon ritka. Az erd\u0151k saj\u00e1tos talajtulajdons\u00e1gai \u00e9s az \u00e9ghajlat miatt a f\u00e1k leveleiben alapvet\u0151 t\u00e1panyagok rakt\u00e1roz\u00f3dnak el, amelyeket a lev\u00e9ltetvek vesznek fel. Ez teszi ezt a m\u00e9zharmatkever\u00e9ket olyan k\u00edv\u00e1natoss\u00e1 a hangy\u00e1k sz\u00e1m\u00e1ra.<\/p>\n<p><strong>Alkalmaz\u00e1s:<\/strong><br \/>\nAz \u00e9lelmiszer mennyis\u00e9g\u00e9t k\u00f6r\u00fclbel\u00fcl 3 napon bel\u00fcl kell elfogyasztani.<\/p>\n<p><strong>Le\u00edr\u00e1s:<\/strong><br \/>\nA m\u00e9zharmatot, a vir\u00e1gm\u00e9zzel ellent\u00e9tben, a n\u00f6v\u00e9nyeket sz\u00edvogat\u00f3 rovarok, p\u00e9ld\u00e1ul a lev\u00e9ltetvek v\u00e1lad\u00e9k\u00e1b\u00f3l nyerik. A m\u00e9zharmat sz\u00e1mos rovar, p\u00e9ld\u00e1ul hangy\u00e1k, m\u00e9hek \u00e9s dong\u00f3k kedvelt t\u00e1pl\u00e1l\u00e9kforr\u00e1sa. A m\u00e9hek \u00e9s a poszm\u00e9hek a k\u00fcl\u00f6nb\u00f6z\u0151 f\u00e1k leveleir\u0151l vagy t\u0171ir\u0151l nyalj\u00e1k le. A hangy\u00e1k, p\u00e9ld\u00e1ul a Lasius niger sz\u00f3 szerint megtartj\u00e1k a lev\u00e9ltetveket. Meg is v\u00e9dik \u0151ket a ragadoz\u00f3kt\u00f3l, \u00e9s friss hajt\u00e1sokhoz viszik \u0151ket.<\/p>\n<p>A m\u00e9zharmat k\u00fcl\u00f6n\u00f6sen n\u00e9pszer\u0171 a hangy\u00e1k k\u00f6r\u00e9ben, mivel n\u00e9mileg elt\u00e9r\u0151 \u00f6sszet\u00e9tel\u0171. A m\u00e9zharmatban a f\u0151 cukrok a szachar\u00f3z \u00e9s a frukt\u00f3z, de kisebb mennyis\u00e9gben megtal\u00e1lhat\u00f3 benne a malt\u00f3z, a trehal\u00f3z, a melezit\u00f3z, a raffin\u00f3z \u00e9s m\u00e1s oligoszacharidok is. A cukor \u00e9s a v\u00edz mellett a m\u00e9zharmat esszenci\u00e1lis aminosavakat, \u00e1sv\u00e1nyi anyagokat, nyomelemeket, adenozinokat, foszf\u00e1tokat \u00e9s egy\u00e9b \u00f6sszetev\u0151ket, p\u00e9ld\u00e1ul vitaminokat is tartalmaz.<\/p>\n<p><strong>Haszn\u00e1lja:<\/strong><br \/>\nM\u00e9zev\u0151 hangyafajok (Meliphagidae) eset\u00e9ben<br \/>\nEz egy kieg\u00e9sz\u00edt\u0151 takarm\u00e1ny<br \/>\nAz \u00e1llatoknak felk\u00edn\u00e1lhat\u00f3, ahogyan az ell\u00e1t\u00e1st kapj\u00e1k. Mivel a nedvess\u00e9g hat\u00e1s\u00e1ra a cukorkoncentr\u00e1ci\u00f3 cs\u00f6kken, \u00e9s erjed\u00e9si folyamat indul be, a takarm\u00e1nyt 3 naponta ki kell cser\u00e9lni. \u00dajb\u00f3li felhaszn\u00e1l\u00e1s el\u0151tt alaposan tiszt\u00edtsa meg az etet\u0151t\u00e1lat\/cs\u00f6vet.<br \/>\nFelbont\u00e1s ut\u00e1n a csomagot a lej\u00e1rati id\u0151 lej\u00e1rt\u00e1ig szorosan z\u00e1rva kell tartani.<\/p>\n<p><strong>T\u00e1pl\u00e1lkoz\u00e1si inform\u00e1ci\u00f3 100 g-ra vet\u00edtve:<\/strong><br \/>\nkb. 2,7 % zs\u00edrok<br \/>\namelyb\u0151l tel\u00edtett kb. 0,45 %<br \/>\nkb. 95 % sz\u00e9nhidr\u00e1tok<br \/>\nebb\u0151l kb. 71 % cukor<br \/>\nkb. 2,85% feh\u00e9rje<br \/>\n\u00c1sv\u00e1nyi anyagok (k\u00e1lium, kalcium, r\u00e9z, vas, n\u00e1trium, magn\u00e9zium, foszfor, cink \u00e9s egy\u00e9b nyomelemek). Aminosavak (prolin, leucin, fenilalanin, alanin, hisztidin, izoleucin, glutaminsav, arginin, aszparaginsav stb.) Szerves savak Enzimek (fermentumok)Arom\u00e1k Inhibinek (antibakteri\u00e1lis anyagok) Vir\u00e1gok Vir\u00e1gpor.<\/p>\n<p><strong>T\u00e1rol\u00e1s:<\/strong><br \/>\nA takarm\u00e1ny min\u0151s\u00e9g\u00e9nek biztos\u00edt\u00e1sa \u00e9rdek\u00e9ben a takarm\u00e1nyt s\u00f6t\u00e9t \u00e9s sz\u00e1raz helyen kell t\u00e1rolni.<\/p>\n<p><strong>Megjegyz\u00e9s:<\/strong><br \/>\nKieg\u00e9sz\u00edt\u0151 takarm\u00e1ny m\u00e9zev\u0151 hangy\u00e1k sz\u00e1m\u00e1ra.<br \/>\nAz \u00f6sszet\u00e9telt, az analitikai \u00f6sszetev\u0151ket, a min\u0151s\u00e9gmeg\u0151rz\u00e9si id\u0151t \u00e9s a t\u00e9telsz\u00e1mot l\u00e1sd a betegt\u00e1j\u00e9koztat\u00f3ban.<\/p>\n<p>Inform\u00e1ci\u00f3s forr\u00f3dr\u00f3t +49 30 439703870<\/p>\n<p>Felel\u0151s \u00e1llateg\u00e9szs\u00e9g\u00fcgyi \u00e9s \u00e9lelmiszer-fel\u00fcgyeleti hat\u00f3s\u00e1g:<br \/>\nSteglitz \u00e1llatorvosi rendel\u0151<br \/>\nK\u00f6nigin-Luise-Str. 92<br \/>\n14195 Berlin<\/p>","protected":false},"excerpt":{"rendered":"<p>M\u00e9ret: M<\/p>","protected":false},"featured_media":7115,"comment_status":"open","ping_status":"closed","template":"","meta":{"_acf_changed":false,"content-type":"","_monsterinsights_skip_tracking":false,"_monsterinsights_sitenote_active":false,"_monsterinsights_sitenote_note":"","_monsterinsights_sitenote_category":0},"product_brand":[],"product_cat":[355,73,78],"product_tag":[],"class_list":{"0":"post-5380","1":"product","2":"type-product","3":"status-publish","4":"has-post-thumbnail","6":"product_cat-bundle-offers","7":"product_cat-starter-sets","8":"product_cat-starter-sets-combi","10":"first","11":"instock","12":"taxable","13":"shipping-taxable","14":"purchasable","15":"product-type-simple"},"acf":[],"aioseo_notices":[],"jetpack_sharing_enabled":true,"_links":{"self":[{"href":"https:\/\/antcube.shop\/hu\/wp-json\/wp\/v2\/product\/5380","targetHints":{"allow":["GET"]}}],"collection":[{"href":"https:\/\/antcube.shop\/hu\/wp-json\/wp\/v2\/product"}],"about":[{"href":"https:\/\/antcube.shop\/hu\/wp-json\/wp\/v2\/types\/product"}],"replies":[{"embeddable":true,"href":"https:\/\/antcube.shop\/hu\/wp-json\/wp\/v2\/comments?post=5380"}],"wp:featuredmedia":[{"embeddable":true,"href":"https:\/\/antcube.shop\/hu\/wp-json\/wp\/v2\/media\/7115"}],"wp:attachment":[{"href":"https:\/\/antcube.shop\/hu\/wp-json\/wp\/v2\/media?parent=5380"}],"wp:term":[{"taxonomy":"product_brand","embeddable":true,"href":"https:\/\/antcube.shop\/hu\/wp-json\/wp\/v2\/product_brand?post=5380"},{"taxonomy":"product_cat","embeddable":true,"href":"https:\/\/antcube.shop\/hu\/wp-json\/wp\/v2\/product_cat?post=5380"},{"taxonomy":"product_tag","embeddable":true,"href":"https:\/\/antcube.shop\/hu\/wp-json\/wp\/v2\/product_tag?post=5380"}],"curies":[{"name":"wp","href":"https:\/\/api.w.org\/{rel}","templated":true}]}}