{"id":5379,"date":"2023-02-01T17:48:39","date_gmt":"2023-02-01T16:48:39","guid":{"rendered":"https:\/\/antcube.shop\/produkt\/honigtau-mix-ht-nachfullpack-10ml\/"},"modified":"2026-04-06T15:55:36","modified_gmt":"2026-04-06T13:55:36","slug":"honigtau-mix-ht-nachfullpack-10ml","status":"publish","type":"product","link":"https:\/\/antcube.shop\/hu\/termek\/honigtau-mix-ht-nachfullpack-10ml\/","title":{"rendered":"Honeydew - mix (HT) - ut\u00e1nt\u00f6lt\u0151 csomag 10ml"},"content":{"rendered":"<p><strong>Tartalom:<\/strong> 10 ml<\/p>\n<p>Ez egy term\u00e9szetes term\u00e9k, amelyet laborat\u00f3riumunkban v\u00e9gzett kiterjedt tesztek ut\u00e1n finom\u00edtottunk, \u00e9s a hangy\u00e1k \u00e1ltal nagyon j\u00f3l elfogadott t\u00e1pl\u00e1l\u00e9kk\u00e1 fejlesztett\u00fcnk. Ennek oka, hogy a feldolgozatlan m\u00e9zharmatm\u00e9zet koncentr\u00e1lt eredeti form\u00e1j\u00e1ban a hangy\u00e1k \u00e9s anyagcser\u00e9j\u00fck nem fogadj\u00e1k el j\u00f3l.<\/p>\n<p>M\u00e9zharmatunkat Bulg\u00e1ria szennyezetlen, vad hegyi erdeiben gy\u0171jt\u00f6tt\u00fck. A m\u00e9zharmat csak nagyon korl\u00e1tozott ideig, ny\u00e1ron k\u00f6r\u00fclbel\u00fcl k\u00e9t h\u00f3napig terem. Ez\u00e9rt nagyon ritka. Az erd\u0151k saj\u00e1tos talajtani \u00e9s \u00e9ghajlati jellemz\u0151i miatt a f\u00e1k leveleiben egzisztenci\u00e1lisan fontos t\u00e1panyagok rakt\u00e1roz\u00f3dtak el, amelyeket a lev\u00e9ltetvek vesznek fel. Ez teszi ezt a m\u00e9zharmatkever\u00e9ket olyan k\u00edv\u00e1natoss\u00e1 a hangy\u00e1k sz\u00e1m\u00e1ra.<\/p>\n<p><strong>Alkalmaz\u00e1s:<\/strong><br \/>\nAz \u00e9lelmiszer mennyis\u00e9g\u00e9t k\u00f6r\u00fclbel\u00fcl 3 napon bel\u00fcl kell elfogyasztani.<\/p>\n<p><strong>Le\u00edr\u00e1s:<\/strong><br \/>\nA m\u00e9zharmat a vir\u00e1gm\u00e9zzel ellent\u00e9tben a n\u00f6v\u00e9nyeket sz\u00edv\u00f3 rovarok, p\u00e9ld\u00e1ul a lev\u00e9ltetvek v\u00e1lad\u00e9k\u00e1b\u00f3l sz\u00e1rmazik. A m\u00e9zharmat sz\u00e1mos rovar, p\u00e9ld\u00e1ul a hangy\u00e1k, m\u00e9hek, s\u0151t a dong\u00f3k kedvenc t\u00e1pl\u00e1l\u00e9kforr\u00e1sa. A m\u00e9hek \u00e9s a poszm\u00e9hek a k\u00fcl\u00f6nb\u00f6z\u0151 f\u00e1k leveleir\u0151l vagy t\u0171ir\u0151l nyalj\u00e1k le. A hangy\u00e1k, mint p\u00e9ld\u00e1ul a Lasius niger, rendszeresen tartj\u00e1k a lev\u00e9ltetveket. Meg is v\u00e9dik \u0151ket a ragadoz\u00f3kt\u00f3l, \u00e9s friss hajt\u00e1sokhoz viszik \u0151ket.<\/p>\n<p>A m\u00e9zharmat els\u0151sorban a hangy\u00e1k k\u00f6r\u00e9ben n\u00e9pszer\u0171, els\u0151sorban a kiss\u00e9 elt\u00e9r\u0151 \u00f6sszetev\u0151i miatt. A m\u00e9zharmat f\u0151 cukorfajt\u00e1i a szachar\u00f3z \u00e9s a frukt\u00f3z, de kisebb mennyis\u00e9gben megtal\u00e1lhat\u00f3 benne a malt\u00f3z, a trehal\u00f3z, a melezit\u00f3z, a raffin\u00f3z \u00e9s m\u00e1s oligoszacharidok is. A cukrok \u00e9s a v\u00edz mellett a m\u00e9zharmat egzisztenci\u00e1lisan fontos aminosavakat, \u00e1sv\u00e1nyi anyagokat, nyomelemeket, adenozin-foszf\u00e1tokat \u00e9s egy\u00e9b \u00f6sszetev\u0151ket, p\u00e9ld\u00e1ul vitaminokat is tartalmaz.<\/p>\n<p><strong>Felhaszn\u00e1l\u00e1s:<\/strong><br \/>\nM\u00e9zev\u0151 hangyafajok (Meliphagidae) eset\u00e9ben.<br \/>\nKieg\u00e9sz\u00edt\u0151 takarm\u00e1ny (egyszeri takarm\u00e1ny).<br \/>\nAz \u00e1llatoknak \u00e1tadott \u00e1llapotban is fel lehet aj\u00e1nlani. Mivel a nedvess\u00e9g cs\u00f6kkenti a cukorkoncentr\u00e1ci\u00f3t, \u00e9s erjed\u00e9si folyamat indul be, a takarm\u00e1nyt 3 naponta ki kell cser\u00e9lni. \u00dajb\u00f3li felhaszn\u00e1l\u00e1s el\u0151tt alaposan tiszt\u00edtsa meg az etet\u0151t\u00e1lat\/cs\u00f6vet.<br \/>\nA felbontott csomagot szorosan lez\u00e1rva kell felhaszn\u00e1lni a felt\u00fcntetett (min\u0151s\u00e9gmeg\u0151rz\u00e9si) d\u00e1tumig.<\/p>\n<p><strong>T\u00e1p\u00e9rt\u00e9kek 100 grammonk\u00e9nt:<\/strong><br \/>\nkb. 2,7 % zs\u00edrok<br \/>\nebb\u0151l tel\u00edtett kb. 0,45 %<br \/>\nkb. 95 % sz\u00e9nhidr\u00e1tok<br \/>\nebb\u0151l cukor kb. 71%<br \/>\nkb. 2,85% feh\u00e9rje<\/p>\n<p>\u00c1sv\u00e1nyi anyagok (k\u00e1lium, kalcium, r\u00e9z, vas, n\u00e1trium, magn\u00e9zium, foszfor, cink \u00e9s egy\u00e9b nyomelemek). Aminosavak (prolin, leucin, fenilalanin, alanin, hisztidin, izoleucin, glutaminsav, arginin, aszparaginsav stb.) Szerves savak Enzimek (fermentumok)Arom\u00e1k Inhibinek (antibakteri\u00e1lis anyagok) Vir\u00e1gok Vir\u00e1gpor.<\/p>\n<p><strong>T\u00e1rol\u00e1s:<\/strong> a takarm\u00e1ny min\u0151s\u00e9g\u00e9nek biztos\u00edt\u00e1sa \u00e9rdek\u00e9ben s\u00f6t\u00e9t \u00e9s sz\u00e1raz helyen kell t\u00e1rolni.<\/p>\n<p><strong>\u00c9rtes\u00edt\u00e9s:<\/strong><br \/>\nA t\u00e1pcs\u00f6vek haszn\u00e1lat\u00e1ra vonatkoz\u00f3 inform\u00e1ci\u00f3k itt tal\u00e1lhat\u00f3k: Link<br \/>\nKieg\u00e9sz\u00edt\u0151 takarm\u00e1ny m\u00e9zev\u0151 hangy\u00e1k sz\u00e1m\u00e1ra.<br \/>\nAz \u00f6sszet\u00e9telt, az analitikai \u00f6sszetev\u0151ket, a min\u0151s\u00e9gmeg\u0151rz\u00e9si id\u0151t \u00e9s a t\u00e9telsz\u00e1mot l\u00e1sd a betegt\u00e1j\u00e9koztat\u00f3ban.<\/p>\n<p>Inform\u00e1ci\u00f3s forr\u00f3dr\u00f3t +49 30 439703870<\/p>\n<p>Felel\u0151s \u00e1llat-eg\u00e9szs\u00e9g\u00fcgyi \u00e9s \u00e9lelmiszer-fel\u00fcgyeleti hat\u00f3s\u00e1g:<\/p>\n<p>Steglitz \u00e1llatorvosi rendel\u0151<br \/>\nK\u00f6nigin-Luise-Str. 92<br \/>\n14195 Berlin<\/p>\n<p>&nbsp;<\/p>\n<div style=\"width: 1020px;\" class=\"wp-video\"><video class=\"wp-video-shortcode\" id=\"video-5379-1\" width=\"1020\" height=\"1813\" preload=\"metadata\" controls=\"controls\"><source type=\"video\/mp4\" src=\"https:\/\/antcube.shop\/wp-content\/uploads\/2024\/04\/black-ant_ein-shot_aphids-.mp4?_=1\" \/><a href=\"https:\/\/antcube.shop\/wp-content\/uploads\/2024\/04\/black-ant_ein-shot_aphids-.mp4\">https:\/\/antcube.shop\/wp-content\/uploads\/2024\/04\/black-ant_ein-shot_aphids-.mp4<\/a><\/video><\/div>","protected":false},"excerpt":{"rendered":"<p>kieg\u00e9sz\u00edt\u0151 \u00e9lelmiszer<\/p>","protected":false},"featured_media":5382,"comment_status":"open","ping_status":"closed","template":"","meta":{"_acf_changed":false,"content-type":"","_monsterinsights_skip_tracking":false,"_monsterinsights_sitenote_active":false,"_monsterinsights_sitenote_note":"","_monsterinsights_sitenote_category":0},"product_brand":[],"product_cat":[257,115,116],"product_tag":[],"class_list":{"0":"post-5379","1":"product","2":"type-product","3":"status-publish","4":"has-post-thumbnail","6":"product_cat-new-innovatve-products","7":"product_cat-food-and-feeding","8":"product_cat-food","10":"first","11":"instock","12":"taxable","13":"shipping-taxable","14":"purchasable","15":"product-type-simple"},"acf":[],"aioseo_notices":[],"jetpack_sharing_enabled":true,"_links":{"self":[{"href":"https:\/\/antcube.shop\/hu\/wp-json\/wp\/v2\/product\/5379","targetHints":{"allow":["GET"]}}],"collection":[{"href":"https:\/\/antcube.shop\/hu\/wp-json\/wp\/v2\/product"}],"about":[{"href":"https:\/\/antcube.shop\/hu\/wp-json\/wp\/v2\/types\/product"}],"replies":[{"embeddable":true,"href":"https:\/\/antcube.shop\/hu\/wp-json\/wp\/v2\/comments?post=5379"}],"wp:featuredmedia":[{"embeddable":true,"href":"https:\/\/antcube.shop\/hu\/wp-json\/wp\/v2\/media\/5382"}],"wp:attachment":[{"href":"https:\/\/antcube.shop\/hu\/wp-json\/wp\/v2\/media?parent=5379"}],"wp:term":[{"taxonomy":"product_brand","embeddable":true,"href":"https:\/\/antcube.shop\/hu\/wp-json\/wp\/v2\/product_brand?post=5379"},{"taxonomy":"product_cat","embeddable":true,"href":"https:\/\/antcube.shop\/hu\/wp-json\/wp\/v2\/product_cat?post=5379"},{"taxonomy":"product_tag","embeddable":true,"href":"https:\/\/antcube.shop\/hu\/wp-json\/wp\/v2\/product_tag?post=5379"}],"curies":[{"name":"wp","href":"https:\/\/api.w.org\/{rel}","templated":true}]}}