{"id":5347,"date":"2023-01-17T17:36:25","date_gmt":"2023-01-17T16:36:25","guid":{"rendered":"https:\/\/antcube.shop\/produkt\/bundle-offer-messor-barbarus\/"},"modified":"2026-04-08T13:29:09","modified_gmt":"2026-04-08T11:29:09","slug":"bundle-offer-messor-barbarus","status":"publish","type":"product","link":"https:\/\/antcube.shop\/hu\/termek\/bundle-offer-messor-barbarus\/","title":{"rendered":"Aj\u00e1nlatcsomag - Messor barbarus"},"content":{"rendered":"<p><span data-text-color=\"secondary\"><strong>Csomagaj\u00e1nlat, amely tartalmaz egy Messor barbarus hangyakol\u00f3ni\u00e1t (kir\u00e1lyn\u0151 + 11-25 dolgoz\u00f3 + k\u00f6lt\u00e9s), egy indul\u00f3 k\u00e9szletet Messor spec. sz\u00e1m\u00e1ra 3x formicarium sz\u0151nyeggel \u00e9s egy \u00fcveggel a k\u00fcl\u00f6nleges eg\u00e9sz feh\u00e9r\u00edtett t\u00fccsk\u00f6kb\u0151l 10g (nedves feh\u00e9rje).<\/strong><\/span><\/p>\n<p><span data-text-color=\"alert\"><strong>Csak a k\u00e9szlet erej\u00e9ig.<\/strong><\/span><\/p>\n<p><strong>Minden, amire egy Messor barbarus hangyakol\u00f3ni\u00e1hoz sz\u00fcks\u00e9ge van<\/strong><br \/>\nEz a csomag tartalmaz mindent, amire sz\u00fcks\u00e9ge van ahhoz, hogy a Messor barbarus kol\u00f3nia sikeresen \u00e1tv\u00e9szelje az els\u0151 n\u00e9h\u00e1ny h\u00f3napot. Rugalmasan b\u0151v\u00edthet\u0151, \u00e9s kifejezetten alkalmas a hangyatart\u00e1sban kezd\u0151k sz\u00e1m\u00e1ra.<\/p>\n<p><strong>Messor barbarus hangyafajok:<\/strong><br \/>\nA Messor barbarus egy kifejezetten granivore (gabonafogyaszt\u00f3) hangyafaj a F\u00f6ldk\u00f6zi-tenger t\u00e9rs\u00e9g\u00e9b\u0151l. Az \u00fagynevezett arat\u00f3hangy\u00e1k k\u00f6z\u00e9 tartozik, \u00e9s az \u00e9ghajlat \u00e9s a t\u00e1pl\u00e1l\u00e9k tekintet\u00e9ben viszonylag egyszer\u0171 ig\u00e9nyei miatt a hangyatart\u00f3k egyik bel\u00e9p\u0151 faja. Sz\u00edn\u00e9nek \u00e9s a minor, media \u00e9s major (kisebb \u00e9s nagyobb) dolgoz\u00f3k kialakul\u00e1s\u00e1nak k\u00f6sz\u00f6nhet\u0151en nagyon izgalmas megfigyelni.<\/p>\n<p><strong>\u00c9lelmiszer a Messor barbarus sz\u00e1m\u00e1ra<\/strong><br \/>\nA vadonban a Messor barbarus f\u0151k\u00e9nt gabon\u00e1t eszik, \u00e9s abb\u00f3l \"hangyakenyeret\" k\u00e9sz\u00edt, de az \u00e9des gy\u00fcm\u00f6lcs\u00f6ket \u00e9s az elpusztult rovarokat is sz\u00edvesen elfogadja. A Messor barbarus nedvess\u00e9gig\u00e9ny\u00e9nek nagy r\u00e9sz\u00e9t gabonaf\u00e9l\u00e9kb\u0151l, a t\u00f6bbit pedig rovarokb\u00f3l fedezi. A formik\u00e1riumban szemeket \u00e9s sz\u00fcks\u00e9g eset\u00e9n m\u00e9zet, feh\u00e9rjet\u00e1pot, nagyon apr\u00f3 rovarokat vagy zsel\u00e9t lehet adni. A m\u00e9zes vizet csak folyad\u00e9khi\u00e1ny eset\u00e9n fogadjuk el. Mivel a Messor fajok hajlamosak ny\u00edlt v\u00edzforr\u00e1sokba mer\u00fclni, ezeket mindig k\u00f6vekkel vagy nedvsz\u00edv\u00f3 pamuttal kell letakarni.<\/p>\n<p>A Messor barbarus k\u00f6r\u00fclbel\u00fcl november v\u00e9g\u00e9t\u0151l febru\u00e1r v\u00e9g\u00e9ig telel t\u00e9li \u00e1lmot. A Lasius nigerrel ellent\u00e9tben azonban ez az id\u0151szak jelent\u0151sen cs\u00f6kkentett aktivit\u00e1s\u00fa. A t\u00e9li \u00e1lmot 15 \u00b0C k\u00f6r\u00fcli h\u0151m\u00e9rs\u00e9kleten kell t\u00f6lteni, mivel a Messor barbarus sz\u00e1rmaz\u00e1si ter\u00fcletein a h\u0151m\u00e9rs\u00e9klet nagyon ritk\u00e1n alacsonyabb, m\u00e9g t\u00e9len is. A hangy\u00e1kat e c\u00e9lb\u00f3l egyszer\u0171en elhelyezhetj\u00fck egy f\u0171tetlen helyis\u00e9gben. Vannak olyan tart\u00f3k besz\u00e1mol\u00f3i is, akik t\u00e9li \u00e1lom n\u00e9lk\u00fcl tartj\u00e1k a Messor barbarus-t. Ez azonban a kol\u00f3nia \u00e9lettartam\u00e1nak megr\u00f6vid\u00fcl\u00e9s\u00e9hez vagy a k\u00f6lt\u00e9s fejl\u0151d\u00e9s\u00e9nek lelassul\u00e1s\u00e1hoz vezethet. A t\u00e9li \u00e1lom alatt az \u00e1llatokat csak keveset kell etetni. Azonban rendszeresen ellen\u0151rizz\u00fck a p\u00e1ratartalmat, \u00e9s figyelj\u00fcnk a pen\u00e9szre!<\/p>\n<p><strong>Formicarium a Messor barbarus sz\u00e1m\u00e1ra<\/strong><br \/>\nAz arat\u00f3hangy\u00e1knak enyh\u00e9n nedves f\u00e9szkel\u0151helyre van sz\u00fcks\u00e9g\u00fck a k\u00f6lt\u00e9shez, \u00e9s sz\u00e1raz f\u00e9szkel\u0151helyre az \u00f6sszegy\u0171jt\u00f6tt szemek t\u00e1rol\u00e1s\u00e1hoz (sz\u00e1razra a pen\u00e9szesed\u00e9s megel\u0151z\u00e9se \u00e9rdek\u00e9ben). Ez k\u00e9t k\u00fcl\u00f6n\u00e1ll\u00f3 f\u00e9szekkel m\u0171k\u00f6dik a legjobban, amelyeket a kezd\u0151 k\u00e9szlet\u00fcnk tartalmaz. Ez legal\u00e1bb 1-2 \u00e9vig kitart. Ezt k\u00f6vet\u0151en mind a f\u00e9szek-, mind az ar\u00e9na ter\u00fclet\u00e9t ki kell b\u0151v\u00edteni.<\/p>\n<p><strong>A Messor barbarus sz\u00e1m\u00e1ra az optim\u00e1lis \u00e9ghajlati felt\u00e9telek a k\u00f6vetkez\u0151k:<\/strong><br \/>\nP\u00e1ratartalom:<br \/>\nAr\u00e9na: F\u00e9szek ter\u00fclete: 30 - 50%: 50 - 70%<br \/>\nH\u0151m\u00e9rs\u00e9klet:<br \/>\nAr\u00e9na: 25 - 30\u00b0C F\u00e9szkel\u0151hely: 21 - 26\u00b0C<\/p>\n<p>A Digfix a legmegfelel\u0151bb f\u00e9szkel\u0151anyag. Nagyon ellen\u00e1ll\u00f3 a nedvess\u00e9ggel szemben, \u00e9s biztos\u00edtja, hogy a f\u00e9szekbe \u00e9s a benne l\u00e9v\u0151 kamr\u00e1kba \u00e9s j\u00e1ratokba val\u00f3 betekint\u00e9st nem zavarj\u00e1k az aljzatmaradv\u00e1nyok, mint a homokos v\u00e1lyogkever\u00e9kek eset\u00e9ben. Er\u0151s \u00e1llkapcsuknak k\u00f6sz\u00f6nhet\u0151en a Major dolgoz\u00f3k az Ytongot is gond n\u00e9lk\u00fcl \u00e1tr\u00e1ghatj\u00e1k magukat id\u0151vel. A Digfix bet\u00e9tekkel ell\u00e1tott \u00fcvegf\u00e9szkek ez\u00e9rt a legjobb \u00e9s legbiztons\u00e1gosabb m\u00f3dja a Messor angularis tart\u00e1s\u00e1nak.<\/p>\n<p><strong>Tartalom:<\/strong><\/p>\n<p>1x Messor barbarus (kir\u00e1lyn\u0151 + 11-25 dolgoz\u00f3 + k\u00f6lt\u00e9s)<br \/>\n1x T\u00fccs\u00f6klekv\u00e1r 25g<br \/>\n1x Gabonat\u00e1p minor 100g<br \/>\n1x pad for formicariums &#8211; 20x20cm<br \/>\n2x pad for formicariums &#8211; 20x6cm<\/p>\n<p>1x ANTCUBE - ar\u00e9na 20x20x10 - lapos<br \/>\n1x hangya ar\u00e9na keret 20\u00d720<br \/>\n1x hangya ar\u00e9na bor\u00edt\u00e1s 20\u00d720<br \/>\n4x r\u00f6gz\u00edt\u00e9si pont az ar\u00e9na fedel\u00e9hez<br \/>\n2x ANTCUBE - Hangyafarm - L - 20\u00d720 - f\u00fcgg\u0151legesen \u00e1ll\u00edtva<\/p>\n<p>2x ANTCUBE - Digfix lemez 20\u00d720 - M<br \/>\n1x 1m cs\u0151 \u00e1tl\u00e1tsz\u00f3 14\/10 mm<br \/>\n2x ANTCUBE - V\u00f6r\u00f6s f\u00f3lia 20\u00d720 - sz\u0171r\u0151<br \/>\n2x \u00f6ntapad\u00f3s bilincsek - \u00e1tl\u00e1tsz\u00f3 2 db.<br \/>\n1x aljzat - sivatag - 1 kg<\/p>\n<p>2x grid insert &#8211; 50mm<br \/>\n1x grid insert &#8211; 27mm<br \/>\n1x r\u00e1csos sapka - 10mm - rozsdamentes ac\u00e9l<\/p>\n<p>1x tart\u00e1ly t\u00f6ml\u0151csatlakoz\u00f3 27-14,16,20 mm - \u00e1tl\u00e1tsz\u00f3<br \/>\n1x drinking clear 5ml &#8211; sponge<br \/>\n1x Feeding dish white rectangle &#8211; 3 compartments<br \/>\n1x Foil thermometer display<br \/>\n2x Foil thermometer farm<br \/>\n1x Hangya menek\u00fcl\u00e9s elleni v\u00e9d\u0151olaj 10ml<br \/>\n1x Csipesz rug\u00f3ac\u00e9l - sz\u00e9les - puha<br \/>\n1x Csipesz m\u0171anyag \u00e1tl\u00e1tsz\u00f3<br \/>\n1x m\u0171anyag pipetta 3ml<br \/>\n1x k\u00e9zi nagy\u00edt\u00f3 - 2x - 30mm<br \/>\n1x habszivacs ablakt\u00f6rl\u0151 150x18x2,5mm<br \/>\n1x fot\u00f3 h\u00e1tlap - sivatag - 20\u00d710<\/p>\n<p><strong>Le\u00edr\u00e1s Starter Set:<\/strong><br \/>\nEz az indul\u00f3 k\u00e9szlet k\u00fcl\u00f6n\u00f6sen alkalmas a Messor nemzets\u00e9g k\u00fcl\u00f6nb\u00f6z\u0151 fajaihoz. A k\u00e9t farm egyike a magok \u00e9s a hangyakeny\u00e9r t\u00e1rol\u00e1s\u00e1ra szolg\u00e1l, ez\u00e9rt teljesen sz\u00e1razon kell tartani, hogy a hangy\u00e1k \u00e1ltal ott t\u00e1rolt magok\/szemek ne cs\u00edr\u00e1zzanak ki, illetve ne pen\u00e9szedjenek meg.<br \/>\nA \"Digfix lemezeket\" be lehet helyezni a teljesen \u00e1tl\u00e1tsz\u00f3 gazdas\u00e1gokba. Alternat\u00edvak\u00e9nt azonban a \"Talaj - sivatag\" is haszn\u00e1lhat\u00f3 a farmok felt\u00f6lt\u00e9s\u00e9hez. Sz\u00fcks\u00e9g eset\u00e9n tov\u00e1bbi modulok csatlakoztathat\u00f3k a burkolaton l\u00e9v\u0151 50 mm-es lyukakon kereszt\u00fcl, pl. a k\u00fcl\u00f6n kaphat\u00f3 k\u00f6dk\u00e9pz\u0151k, ventil\u00e1torok vagy l\u00e1mp\u00e1k. Alternat\u00edvak\u00e9nt a ny\u00edl\u00e1sok lez\u00e1r\u00e1s\u00e1ra alkalmas r\u00e1csbet\u00e9teket is tartalmaz a sz\u00e1ll\u00edt\u00e1si terjedelem. K\u00edv\u00e1ns\u00e1gra a formicarium nyitottan is m\u0171k\u00f6dtethet\u0151, egyszer\u0171en a levehet\u0151 keret felhelyez\u00e9s\u00e9vel \u00e9s hangyasz\u00f6k\u00e9s elleni olajjal val\u00f3 beken\u00e9s\u00e9vel a peremre.<\/p>\n<p><strong>Fontos:<\/strong> Haszn\u00e1lat el\u0151tt nedves\u00edtse meg az aljzatot, hogy a kever\u00e9k meg tudjon k\u00f6t\u0151dni \u00e9s szil\u00e1rdan meg tudjon \u00e1llni a hangyafarmon. Ezenk\u00edv\u00fcl, ha az aljzat t\u00fal sz\u00e1raz \u00e9s poros, a hangy\u00e1k l\u00e9g\u00fatjai elz\u00e1r\u00f3dhatnak, \u00e9s legrosszabb esetben az \u00e1llatok megfulladhatnak.<\/p>\n<p><strong>Aj\u00e1nl\u00e1s:<\/strong> Javasoljuk a 2 mm magas aljzatr\u00e9teget, hogy az \u00e1llatok ne tudj\u00e1k be\u00e1sni magukat az ar\u00e9n\u00e1ba, hanem ink\u00e1bb az erre a c\u00e9lra biztos\u00edtott tany\u00e1t haszn\u00e1lj\u00e1k. Javasoljuk tov\u00e1bb\u00e1, hogy a farmon l\u00e9v\u0151 f\u00e9szkel\u0151anyagot (homok\/agyag, Digfix stb.) egy helyen enyh\u00e9n sz\u00farjuk ki, hogy az \u00e1llatok sz\u00e1m\u00e1ra megk\u00f6nny\u00edts\u00fck az \u00e1s\u00e1st.<\/p>\n<p><strong>Megjegyz\u00e9sek a gy\u00e1rt\u00e1shoz<\/strong><br \/>\nAz \u00fcveg v\u00e1g\u00e1sa a DIN 1249 szabv\u00e1ny szerint t\u00f6rt\u00e9nik, +\/;- 1 mm t\u0171r\u00e9ssel. A rendk\u00edv\u00fcl kis hangyafajok eset\u00e9ben tov\u00e1bbi hangyakijut\u00e1s elleni v\u00e9delem elengedhetetlen.<\/p>\n<p><strong>Megjegyz\u00e9sek a gazdas\u00e1gr\u00f3l<\/strong><br \/>\nA t\u00f6ml\u0151k csatlakoztat\u00e1sakor vagy elt\u00e1vol\u00edt\u00e1sakor vegye figyelembe a k\u00f6vetkez\u0151ket:<br \/>\nHa a cs\u0151 nagyon nehezen illeszkedik a csatlakoz\u00f3aljzatra, az aljzatot enyh\u00e9n be kell d\u00f6rzs\u00f6lni egy csepp kit\u00f6r\u00e9sv\u00e9d\u0151 olajjal vagy porral. A t\u00f6ml\u0151t ezut\u00e1n csavar\u00f3 vagy csavar\u00f3 mozdulatokkal kell a csatlakoz\u00f3aljzatra tolni an\u00e9lk\u00fcl, hogy a csatlakoz\u00f3aljzatot fel-le mozdulatokkal meger\u0151ltetn\u00e9nk. Ugyanez vonatkozik a t\u00f6ml\u0151k mez\u0151gazdas\u00e1gi csatlakoz\u00f3aljzatb\u00f3l t\u00f6rt\u00e9n\u0151 elt\u00e1vol\u00edt\u00e1s\u00e1ra is. K\u00e9rj\u00fck, ne h\u00fazza le egyszer\u0171en!<\/p>\n<p><strong>Megjegyz\u00e9s a Digfixr\u0151l:<\/strong> A term\u00e9szetes sz\u00edn a z\u00f6ld\/sz\u00fcrk\u00e9sbarna \u00e9s a f\u00f6ldbarna k\u00f6z\u00f6tt v\u00e1ltozhat. A sz\u00ednt\u00f3nus nincs hat\u00e1ssal a min\u0151s\u00e9gre.<\/p>\n<p><strong>Utas\u00edt\u00e1sok: <\/strong>(2023-as verzi\u00f3, a 2024-es friss\u00edtett verzi\u00f3 legk\u00e9s\u0151bb 2024. 04. 04-ig lesz el\u00e9rhet\u0151)<br \/>\n<span data-sheets-root=\"1\" data-sheets-value=\"{&quot;1&quot;:2,&quot;2&quot;:&quot;DE Gebrauchsanweisung Starter Set Ernteameisen (PDF 2,50 MB)&quot;}\" data-sheets-userformat=\"{&quot;2&quot;:513,&quot;3&quot;:{&quot;1&quot;:0},&quot;12&quot;:0}\" data-sheets-hyperlink=\"https:\/\/www.antstore.net\/shop\/images\/info\/de\/Gebrauchsanweisung Starter Set Ernteameisen.pdf\" data-sheets-hyperlinkruns=\"{&quot;1&quot;:3,&quot;2&quot;:&quot;https:\/\/www.antstore.net\/shop\/images\/info\/de\/Gebrauchsanweisung Starter Set Ernteameisen.pdf&quot;}\uee10{&quot;1&quot;:46}\"><a class=\"in-cell-link\" href=\"https:\/\/www.antstore.net\/shop\/images\/info\/de\/Gebrauchsanweisung Starter Set Ernteameisen.pdf\" target=\"_blank\" rel=\"noopener\">- DE <\/a><a class=\"in-cell-link\" href=\"https:\/\/www.antstore.net\/shop\/images\/info\/de\/Gebrauchsanweisung Starter Set Ernteameisen.pdf\" target=\"_blank\" rel=\"noopener\">Gebrauchsanweisung Starter Set Ernteameisen<\/a><a class=\"in-cell-link\" href=\"https:\/\/www.antstore.net\/shop\/images\/info\/de\/Gebrauchsanweisung Starter Set Ernteameisen.pdf\" target=\"_blank\" rel=\"noopener\"> (PDF 2,50 MB)<\/a><\/span><br \/>\n<a href=\"https:\/\/www.antstore.net\/shop\/images\/info\/en\/Instructions%20for%20use%20-%20Starter%20Set%20for%20Harvester%20Ants.pdf\">- HU Haszn\u00e1lati utas\u00edt\u00e1s - Starter Set arat\u00f3hangy\u00e1khoz (PDF 2,50 MB)<\/a><br \/>\n<a href=\"https:\/\/www.antstore.net\/shop\/images\/info\/es\/Manual%20de%20instrucciones%20-%20Set%20de%20inicio%20para%20las%20hormigas%20de%20la%20cosecha%20_%20messor.pdf\">- ES Manual de instrucciones - Set de inicio para las hormigas de la cosecha _ messor (PDF 2,50 MB)<\/a><br \/>\n<a href=\"https:\/\/www.antstore.net\/shop\/images\/info\/fr\/Manuel%20d'instruction%20-%20Kit%20de%20d%C3%A9marrage%20pour%20les%20fourmis%20moissonneuses_%20Messor.pdf\">- FR Manuel d'instruction - Kit de d\u00e9marrage pour les fourmis moissonneuses_ Messor (PDF 2,50 MB)<\/a><\/p>\n<p><strong>Jegyzetek a krikettdzsemborir\u00f3l:<\/strong><br \/>\nA feh\u00e9r\u00edtett t\u00fccsk\u00f6kkel k\u00f6nnyen biztos\u00edthatja hangy\u00e1i sz\u00e1m\u00e1ra a frissen tart\u00f3s\u00edtott feh\u00e9rjet\u00e1pl\u00e1l\u00e9kot an\u00e9lk\u00fcl, hogy \u00e9l\u0151 rovarokat kellene etetnie. A benne l\u00e9v\u0151 t\u00fccsk\u00f6ket (Acheta domesticus) k\u00edm\u00e9letesen blans\u00edroztuk, hogy a t\u00e1p\u00e9rt\u00e9kek, az \u00edz \u00e9s az aroma megmaradjon. Ezen k\u00edv\u00fcl a rovarok kitinh\u00e9ja is megpuhult \u00edgy, hogy k\u00f6nnyebben em\u00e9szthet\u0151 legyen. A kollag\u00e9nfeh\u00e9rj\u00e9k k\u00f6t\u00e9seit felbontj\u00e1k, hogy a hangy\u00e1k jobban hasznos\u00edthass\u00e1k azokat. A konzerv Acheta domesticus ugyanolyan t\u00e1p\u00e9rt\u00e9k\u0171, mint az \u00e9l\u0151 t\u00fccs\u00f6k, de k\u00f6nnyebben em\u00e9szthet\u0151.<\/p>\n<p>A Cricket Jam nem alkalmas olyan hangyafajok vad\u00e1szat\u00e1ra, amelyek \u00e9l\u0151 t\u00e1pl\u00e1l\u00e9kot ig\u00e9nyelnek (pl. ponerines (nagy hangy\u00e1k), mint a Harpegnathos vagy Odontomachus).<\/p>\n<p><strong>Tov\u00e1bbi el\u0151ny\u00f6k:<\/strong><br \/>\nGarant\u00e1ltan atkamentes<br \/>\nAdagolhat\u00f3 \u00e9s v\u00edzzel h\u00edg\u00edthat\u00f3<br \/>\nSteriliz\u00e1lt \u00e9s v\u00e1kuumcsomagolt<br \/>\nAdal\u00e9kanyagok n\u00e9lk\u00fcl<br \/>\nT\u00fccsk\u00f6k fenntarthat\u00f3, tiszt\u00e1n \u00f6kol\u00f3giai teny\u00e9szt\u00e9sb\u0151l sz\u00e1rmaz\u00f3, szerves hullad\u00e9kkal t\u00e1pl\u00e1lt t\u00fccsk\u00f6k.<\/p>\n<p><strong>Megjegyz\u00e9s:<\/strong><br \/>\nFelbont\u00e1s ut\u00e1n a h\u0171t\u0151szekr\u00e9nyben k\u00f6r\u00fclbel\u00fcl n\u00e9gy napig eltarthat\u00f3. Fagyasztva hosszabb ideig eltarthat\u00f3.<br \/>\n<strong>Figyelem!<\/strong> El\u0151sz\u00f6r adagolja, majd fagyassza le.<\/p>","protected":false},"excerpt":{"rendered":"<p>A k\u00e9szlet 39 r\u00e9szb\u0151l \u00e1ll<br \/>\nM\u00e9ret: M<\/p>","protected":false},"featured_media":7113,"comment_status":"open","ping_status":"closed","template":"","meta":{"_acf_changed":false,"content-type":"","_monsterinsights_skip_tracking":false,"_monsterinsights_sitenote_active":false,"_monsterinsights_sitenote_note":"","_monsterinsights_sitenote_category":0},"product_brand":[],"product_cat":[355,353,73],"product_tag":[],"class_list":{"0":"post-5347","1":"product","2":"type-product","3":"status-publish","4":"has-post-thumbnail","6":"product_cat-bundle-offers","7":"product_cat-starter-sets-for-harvester-ants","8":"product_cat-starter-sets","10":"first","11":"instock","12":"taxable","13":"shipping-taxable","14":"purchasable","15":"product-type-simple"},"acf":[],"aioseo_notices":[],"jetpack_sharing_enabled":true,"_links":{"self":[{"href":"https:\/\/antcube.shop\/hu\/wp-json\/wp\/v2\/product\/5347","targetHints":{"allow":["GET"]}}],"collection":[{"href":"https:\/\/antcube.shop\/hu\/wp-json\/wp\/v2\/product"}],"about":[{"href":"https:\/\/antcube.shop\/hu\/wp-json\/wp\/v2\/types\/product"}],"replies":[{"embeddable":true,"href":"https:\/\/antcube.shop\/hu\/wp-json\/wp\/v2\/comments?post=5347"}],"wp:featuredmedia":[{"embeddable":true,"href":"https:\/\/antcube.shop\/hu\/wp-json\/wp\/v2\/media\/7113"}],"wp:attachment":[{"href":"https:\/\/antcube.shop\/hu\/wp-json\/wp\/v2\/media?parent=5347"}],"wp:term":[{"taxonomy":"product_brand","embeddable":true,"href":"https:\/\/antcube.shop\/hu\/wp-json\/wp\/v2\/product_brand?post=5347"},{"taxonomy":"product_cat","embeddable":true,"href":"https:\/\/antcube.shop\/hu\/wp-json\/wp\/v2\/product_cat?post=5347"},{"taxonomy":"product_tag","embeddable":true,"href":"https:\/\/antcube.shop\/hu\/wp-json\/wp\/v2\/product_tag?post=5347"}],"curies":[{"name":"wp","href":"https:\/\/api.w.org\/{rel}","templated":true}]}}