{"id":4873,"date":"2022-12-07T14:03:10","date_gmt":"2022-12-07T13:03:10","guid":{"rendered":"https:\/\/antcube.shop\/produkt\/combi-balkon\/"},"modified":"2026-04-13T10:48:35","modified_gmt":"2026-04-13T08:48:35","slug":"kombi-balkon","status":"publish","type":"product","link":"https:\/\/antcube.shop\/hu\/termek\/kombi-balkon\/","title":{"rendered":"Combi - erk\u00e9ly"},"content":{"rendered":"<p style=\"margin-bottom: 0cm;\"><strong>M\u00e9retek:<\/strong> 19x6x8 cm<\/p>\n<p><strong>Anyag:<\/strong> PMMA<\/p>\n<p><strong>Sz\u00edn:<\/strong> krist\u00e1lytiszta, \u00e1tl\u00e1tsz\u00f3, \u00e1ttetsz\u0151<\/p>\n<p><strong>Tartalom:<\/strong><br \/>\n1x alaplap<br \/>\n2x tart\u00f3 konzol<br \/>\n1x keskeny r\u00e1mpa (kis hangy\u00e1knak)<br \/>\n1x sz\u00e9les r\u00e1mpa (nagy hangy\u00e1k sz\u00e1m\u00e1ra)<\/p>\n<p><strong>Megjegyz\u00e9s:<\/strong> Az alkatr\u00e9szeket k\u00e9szletk\u00e9nt vagy plug-in rendszerk\u00e9nt sz\u00e1ll\u00edtjuk. Ragaszt\u00e1s nem sz\u00fcks\u00e9ges.<\/p>\n<p><strong>Csatlakoz\u00e1s:<\/strong><br \/>\nMinden 20x20x20 cm-es Combi ar\u00e9n\u00e1ba beakaszthat\u00f3 S, M, L m\u00e9retben.<\/p>\n<p><strong>Le\u00edr\u00e1s:<\/strong> A Combi-Balcony egyszer\u0171en csatlakoztathat\u00f3 a megl\u00e9v\u0151 Arena Combi rendszerhez. Az erk\u00e9ly az ar\u00e9na meghosszabb\u00edt\u00e1sak\u00e9nt szolg\u00e1l, \u00e9s megk\u00f6nny\u00edti a hangy\u00e1k sz\u00e1m\u00e1ra a fel- \u00e9s lem\u00e1sz\u00e1st az ar\u00e9na fels\u0151 f\u00e9szkel\u0151hely\u00e9r\u0151l. Van egy keskeny m\u00e1sz\u00e1si seg\u00e9deszk\u00f6z a kisebb hangyafajok, p\u00e9ld\u00e1ul a Lasius niger sz\u00e1m\u00e1ra, \u00e9s egy sz\u00e9lesebb az olyan fajok sz\u00e1m\u00e1ra, mint a Camponotus. A megemelt emelv\u00e9ny etet\u00e9si ter\u00fcletk\u00e9nt haszn\u00e1lhat\u00f3 t\u00e1lak vagy itat\u00f3k elhelyez\u00e9s\u00e9re. A fels\u0151 ny\u00edl\u00e1s k\u00f6zels\u00e9ge miatt leegyszer\u0171s\u00edti a gondoz\u00e1si \u00e9s karbantart\u00e1si munk\u00e1latokat, \u00e9s az als\u00f3 aljzatot szabadon tartja az \u00e9telmarad\u00e9kokt\u00f3l. Az \u00e1tl\u00e1tsz\u00f3 anyagnak k\u00f6sz\u00f6nhet\u0151en a Combi Balcony t\u00f6k\u00e9letesen illeszkedik a Combi Arena rendszerbe an\u00e9lk\u00fcl, hogy eltakarn\u00e1 a f\u00e9szekter\u00fcletre val\u00f3 kil\u00e1t\u00e1st, \u00e9s k\u00f6nnyen tiszt\u00edthat\u00f3 is.<\/p>\n<p style=\"margin-bottom: 0cm;\">","protected":false},"excerpt":{"rendered":"<p>M\u00e9retek: Anyag: 19x6x8 cm: Anyag: PMMA Sz\u00edn: krist\u00e1lytiszta, \u00e1tl\u00e1tsz\u00f3, \u00e1ttetsz\u0151: 1x alaplemez 2x tart\u00f3konzol 1x r\u00e1mpa keskeny (kis hangy\u00e1knak) 1x r\u00e1mpa sz\u00e9les (nagy hangy\u00e1knak) Megjegyz\u00e9s: Az alkatr\u00e9szeket k\u00e9szletk\u00e9nt vagy dugaszolhat\u00f3 rendszerk\u00e9nt sz\u00e1ll\u00edtjuk. Ragaszt\u00e1sra nincs sz\u00fcks\u00e9g. Csatlakoztat\u00e1s: Minden 20x20x20 cm-es Combi ar\u00e9n\u00e1ba beakaszthat\u00f3.","protected":false},"featured_media":4875,"comment_status":"open","ping_status":"closed","template":"","meta":{"_acf_changed":false,"content-type":"","_monsterinsights_skip_tracking":false,"_monsterinsights_sitenote_active":false,"_monsterinsights_sitenote_note":"","_monsterinsights_sitenote_category":0},"product_brand":[],"product_cat":[239],"product_tag":[],"class_list":{"0":"post-4873","1":"product","2":"type-product","3":"status-publish","4":"has-post-thumbnail","6":"product_cat-useful-additions","8":"first","9":"instock","10":"taxable","11":"shipping-taxable","12":"purchasable","13":"product-type-simple"},"acf":[],"aioseo_notices":[],"jetpack_sharing_enabled":true,"_links":{"self":[{"href":"https:\/\/antcube.shop\/hu\/wp-json\/wp\/v2\/product\/4873","targetHints":{"allow":["GET"]}}],"collection":[{"href":"https:\/\/antcube.shop\/hu\/wp-json\/wp\/v2\/product"}],"about":[{"href":"https:\/\/antcube.shop\/hu\/wp-json\/wp\/v2\/types\/product"}],"replies":[{"embeddable":true,"href":"https:\/\/antcube.shop\/hu\/wp-json\/wp\/v2\/comments?post=4873"}],"wp:featuredmedia":[{"embeddable":true,"href":"https:\/\/antcube.shop\/hu\/wp-json\/wp\/v2\/media\/4875"}],"wp:attachment":[{"href":"https:\/\/antcube.shop\/hu\/wp-json\/wp\/v2\/media?parent=4873"}],"wp:term":[{"taxonomy":"product_brand","embeddable":true,"href":"https:\/\/antcube.shop\/hu\/wp-json\/wp\/v2\/product_brand?post=4873"},{"taxonomy":"product_cat","embeddable":true,"href":"https:\/\/antcube.shop\/hu\/wp-json\/wp\/v2\/product_cat?post=4873"},{"taxonomy":"product_tag","embeddable":true,"href":"https:\/\/antcube.shop\/hu\/wp-json\/wp\/v2\/product_tag?post=4873"}],"curies":[{"name":"wp","href":"https:\/\/api.w.org\/{rel}","templated":true}]}}