{"id":4747,"date":"2022-11-14T15:08:27","date_gmt":"2022-11-14T14:08:27","guid":{"rendered":"https:\/\/antcube.shop\/produkt\/beckenverbinder-3-4-beidseitig-fur-bohrung-27-mm\/"},"modified":"2026-04-15T15:04:19","modified_gmt":"2026-04-15T13:04:19","slug":"beckenverbinder-3-4-beidseitig-fur-bohrung-27-mm","status":"publish","type":"product","link":"https:\/\/antcube.shop\/hu\/termek\/beckenverbinder-3-4-beidseitig-fur-bohrung-27-mm\/","title":{"rendered":"Medencecsatlakoz\u00f3 3\/4\u2033 - mindk\u00e9t oldalon 27 mm-es furathoz"},"content":{"rendered":"<p><strong>M\u00e9retek:<\/strong> 27 mm-es furathoz<\/p>\n<p><strong>Tartalom:<\/strong> 1x csavaros adapter (<strong>FIGYELEM<\/strong>: Nem tartalmazza a menetes any\u00e1kat, l\u00e1sd a \"Kapcsol\u00f3d\u00f3 term\u00e9kek\" alatt).<\/p>\n<p><strong>Le\u00edr\u00e1s:<\/strong> Ezzel a medencek\u00f6t\u0151vel k\u00e9t XL m\u00e9ret\u0171 medence vagy k\u00e9t XL m\u00e9ret\u0171 farm is \u00f6sszekapcsolhat\u00f3 egym\u00e1ssal. A lyukaknak azonos magass\u00e1gban kell lenni\u00fck az \u00f6sszek\u00f6tni k\u00edv\u00e1nt medenc\u00e9kben. A csatlakoz\u00f3t mindegyik lyukon kereszt\u00fcl kell behelyezni, \u00e9s egy k\u00fcl\u00f6n kaphat\u00f3 r\u00f6gz\u00edt\u0151any\u00e1val kell becsavarni. Ez biztos\u00edtja, hogy a csatlakoz\u00e1s kit\u00f6r\u00e9sbiztos legyen, \u00e9s a medenc\u00e9k mozgat\u00e1sakor is biztons\u00e1gosan tart.<\/p>\n<p>&nbsp;<\/p>","protected":false},"excerpt":{"rendered":"<p>M\u00e9retek: 27 mm-es furathoz Tartalom: (FIGYELEM: a menetes any\u00e1k nem tartoz\u00e9k, l\u00e1sd a \"Kapcsol\u00f3d\u00f3 term\u00e9kek\" alatt). Le\u00edr\u00e1s: A term\u00e9khez tartozik egy csavarh\u00faz\u00f3, amely a k\u00f6vetkez\u0151 m\u00f3don ker\u00fcl forgalomba: 1: Ezzel a medencek\u00f6t\u0151vel k\u00e9t medence vagy ak\u00e1r k\u00e9t XL m\u00e9ret\u0171 tanya is \u00f6sszek\u00f6thet\u0151 egym\u00e1ssal. A lyukaknak azonos magass\u00e1gban kell lenni\u00fck az \u00f6sszek\u00f6tni k\u00edv\u00e1nt medenc\u00e9kben. A","protected":false},"featured_media":4755,"comment_status":"open","ping_status":"closed","template":"","meta":{"_acf_changed":false,"content-type":"","_monsterinsights_skip_tracking":false,"_monsterinsights_sitenote_active":false,"_monsterinsights_sitenote_note":"","_monsterinsights_sitenote_category":0},"product_brand":[],"product_cat":[121],"product_tag":[],"class_list":{"0":"post-4747","1":"product","2":"type-product","3":"status-publish","4":"has-post-thumbnail","6":"product_cat-connectors","8":"first","9":"instock","10":"taxable","11":"shipping-taxable","12":"purchasable","13":"product-type-simple"},"acf":[],"aioseo_notices":[],"jetpack_sharing_enabled":true,"_links":{"self":[{"href":"https:\/\/antcube.shop\/hu\/wp-json\/wp\/v2\/product\/4747","targetHints":{"allow":["GET"]}}],"collection":[{"href":"https:\/\/antcube.shop\/hu\/wp-json\/wp\/v2\/product"}],"about":[{"href":"https:\/\/antcube.shop\/hu\/wp-json\/wp\/v2\/types\/product"}],"replies":[{"embeddable":true,"href":"https:\/\/antcube.shop\/hu\/wp-json\/wp\/v2\/comments?post=4747"}],"wp:featuredmedia":[{"embeddable":true,"href":"https:\/\/antcube.shop\/hu\/wp-json\/wp\/v2\/media\/4755"}],"wp:attachment":[{"href":"https:\/\/antcube.shop\/hu\/wp-json\/wp\/v2\/media?parent=4747"}],"wp:term":[{"taxonomy":"product_brand","embeddable":true,"href":"https:\/\/antcube.shop\/hu\/wp-json\/wp\/v2\/product_brand?post=4747"},{"taxonomy":"product_cat","embeddable":true,"href":"https:\/\/antcube.shop\/hu\/wp-json\/wp\/v2\/product_cat?post=4747"},{"taxonomy":"product_tag","embeddable":true,"href":"https:\/\/antcube.shop\/hu\/wp-json\/wp\/v2\/product_tag?post=4747"}],"curies":[{"name":"wp","href":"https:\/\/api.w.org\/{rel}","templated":true}]}}