{"id":4746,"date":"2022-11-14T15:07:53","date_gmt":"2022-11-14T14:07:53","guid":{"rendered":"https:\/\/antcube.shop\/produkt\/acrylglas-xt-rohr-20-16mm-1m\/"},"modified":"2026-04-05T21:18:08","modified_gmt":"2026-04-05T19:18:08","slug":"acrylglas-xt-rohr-20-16mm-1m","status":"publish","type":"product","link":"https:\/\/antcube.shop\/hu\/termek\/acrylglas-xt-rohr-20-16mm-1m\/","title":{"rendered":"Hangyacs\u0151 - krist\u00e1lytiszta - 20mm - 1m"},"content":{"rendered":"<p><strong>M\u00e9retek:<\/strong> k\u00fcls\u0151 \u00e1tm\u00e9r\u0151 20 mm, hossza 1 m <span data-text-color=\"alert\"><strong>(2\u00d750 cm)<\/strong><\/span><\/p>\n<p><strong>Anyag:<\/strong> akril\u00fcveg<\/p>\n<p><strong>Sz\u00edn:<\/strong> \u00e1tl\u00e1tsz\u00f3, tiszta<\/p>\n<p><strong>Le\u00edr\u00e1s:<\/strong> Adapterek seg\u00edts\u00e9g\u00e9vel csatlakoztathat\u00f3 a formik\u00e1riumhoz, vagy t\u00f6bb formik\u00e1riumot is \u00f6sszekapcsolhat.<\/p>","protected":false},"excerpt":{"rendered":"<p>M\u00e9retek: k\u00fcls\u0151 \u00e1tm\u00e9r\u0151 20 mm, hossz 1m (2x50 cm) Anyag: akril\u00fcveg Sz\u00edn: \u00e1tl\u00e1tsz\u00f3, \u00e1tl\u00e1tsz\u00f3 Le\u00edr\u00e1s: A formik\u00e1riumhoz adapterek seg\u00edts\u00e9g\u00e9vel csatlakoztathat\u00f3, vagy t\u00f6bb formik\u00e1riumot \u00f6sszekapcsolhat.<\/p>","protected":false},"featured_media":4763,"comment_status":"open","ping_status":"closed","template":"","meta":{"_acf_changed":false,"content-type":"","_monsterinsights_skip_tracking":false,"_monsterinsights_sitenote_active":false,"_monsterinsights_sitenote_note":"","_monsterinsights_sitenote_category":0},"product_brand":[],"product_cat":[120],"product_tag":[],"class_list":{"0":"post-4746","1":"product","2":"type-product","3":"status-publish","4":"has-post-thumbnail","6":"product_cat-hoses","8":"first","9":"instock","10":"taxable","11":"shipping-taxable","12":"purchasable","13":"product-type-simple"},"acf":[],"aioseo_notices":[],"jetpack_sharing_enabled":true,"_links":{"self":[{"href":"https:\/\/antcube.shop\/hu\/wp-json\/wp\/v2\/product\/4746","targetHints":{"allow":["GET"]}}],"collection":[{"href":"https:\/\/antcube.shop\/hu\/wp-json\/wp\/v2\/product"}],"about":[{"href":"https:\/\/antcube.shop\/hu\/wp-json\/wp\/v2\/types\/product"}],"replies":[{"embeddable":true,"href":"https:\/\/antcube.shop\/hu\/wp-json\/wp\/v2\/comments?post=4746"}],"wp:featuredmedia":[{"embeddable":true,"href":"https:\/\/antcube.shop\/hu\/wp-json\/wp\/v2\/media\/4763"}],"wp:attachment":[{"href":"https:\/\/antcube.shop\/hu\/wp-json\/wp\/v2\/media?parent=4746"}],"wp:term":[{"taxonomy":"product_brand","embeddable":true,"href":"https:\/\/antcube.shop\/hu\/wp-json\/wp\/v2\/product_brand?post=4746"},{"taxonomy":"product_cat","embeddable":true,"href":"https:\/\/antcube.shop\/hu\/wp-json\/wp\/v2\/product_cat?post=4746"},{"taxonomy":"product_tag","embeddable":true,"href":"https:\/\/antcube.shop\/hu\/wp-json\/wp\/v2\/product_tag?post=4746"}],"curies":[{"name":"wp","href":"https:\/\/api.w.org\/{rel}","templated":true}]}}